{"id":42157,"date":"2025-05-12T17:41:40","date_gmt":"2025-05-12T14:41:40","guid":{"rendered":"https:\/\/test.micasa.lv\/?post_type=product&#038;p=42157"},"modified":"2025-06-13T10:31:05","modified_gmt":"2025-06-13T07:31:05","slug":"rezerves-suknis-modeliem-104609172-131567147-138109161-138709041","status":"publish","type":"product","link":"https:\/\/micasa.lv\/lv\/rezerves-suknis-modeliem-104609172-131567147-138109161-138709041\/","title":{"rendered":"Rezerves s\u016bknis mode\u013ciem 104609172, 131567147, 138109161, 138709041"},"content":{"rendered":"<p>OMEGA produktu l\u012bnija ir vispla\u0161\u0101k\u0101 produktu skaita zi\u0146\u0101. T\u0101 elegant\u0101 meistar\u012bba un dizains ne tikai izskat\u0101s moderni un svaigi, bet ar\u012b iederas jebkur\u0101 stil\u012bg\u0101 vannas istab\u0101, kas balst\u0101s uz vienk\u0101r\u0161\u012bbu un minim\u0101lismu. Vienlaikus t\u0101 meistar\u012bba veicina vienk\u0101r\u0161u apkopi. T\u0101tad, ja nev\u0113laties past\u0101v\u012bgi berzt vannas istabu, esat atradis savu vietu.<\/p>\n","protected":false},"excerpt":{"rendered":"<p>OMEGA produktu l\u012bnija ir vispla\u0161\u0101k\u0101 produktu skaita zi\u0146\u0101. T\u0101 elegant\u0101 meistar\u012bba un dizains ne tikai izskat\u0101s moderni un svaigi, bet<\/p>\n","protected":false},"featured_media":41680,"template":"","meta":[],"product_brand":[],"product_cat":[1891,1528],"product_tag":[],"class_list":{"0":"post-42157","1":"product","2":"type-product","3":"status-publish","4":"has-post-thumbnail","6":"product_cat-rezerves-dalas","7":"product_cat-vannas-istabas-aksesuari","8":"pa_brand-bemeta-lv","10":"first","11":"instock","12":"taxable","13":"shipping-taxable","14":"purchasable","15":"product-type-simple"},"yoast_head":"<!-- This site is optimized with the Yoast SEO plugin v27.4 - https:\/\/yoast.com\/product\/yoast-seo-wordpress\/ -->\n<title>Rezerves s\u016bknis mode\u013ciem 104609172, 131567147, 138109161, 138709041 - Micasa<\/title>\n<meta name=\"robots\" content=\"index, follow, max-snippet:-1, max-image-preview:large, max-video-preview:-1\" \/>\n<link rel=\"canonical\" href=\"https:\/\/micasa.lv\/lv\/rezerves-suknis-modeliem-104609172-131567147-138109161-138709041\/\" \/>\n<meta property=\"og:locale\" content=\"lv_LV\" \/>\n<meta property=\"og:type\" content=\"article\" \/>\n<meta property=\"og:title\" content=\"Rezerves s\u016bknis mode\u013ciem 104609172, 131567147, 138109161, 138709041 - Micasa\" \/>\n<meta property=\"og:description\" content=\"OMEGA produktu l\u012bnija ir vispla\u0161\u0101k\u0101 produktu skaita zi\u0146\u0101. T\u0101 elegant\u0101 meistar\u012bba un dizains ne tikai izskat\u0101s moderni un svaigi, bet\" \/>\n<meta property=\"og:url\" content=\"https:\/\/micasa.lv\/lv\/rezerves-suknis-modeliem-104609172-131567147-138109161-138709041\/\" \/>\n<meta property=\"og:site_name\" content=\"Micasa\" \/>\n<meta property=\"article:modified_time\" content=\"2025-06-13T07:31:05+00:00\" \/>\n<meta property=\"og:image\" content=\"https:\/\/micasa.lv\/wp-content\/uploads\/2025\/05\/9e8172c955acc42580a1a15e034a7df2_131567007a-velky.jpg\" \/>\n\t<meta property=\"og:image:width\" content=\"400\" \/>\n\t<meta property=\"og:image:height\" content=\"600\" \/>\n\t<meta property=\"og:image:type\" content=\"image\/jpeg\" \/>\n<meta name=\"twitter:card\" content=\"summary_large_image\" \/>\n<script type=\"application\/ld+json\" class=\"yoast-schema-graph\">{\"@context\":\"https:\\\/\\\/schema.org\",\"@graph\":[{\"@type\":\"WebPage\",\"@id\":\"https:\\\/\\\/micasa.lv\\\/lv\\\/rezerves-suknis-modeliem-104609172-131567147-138109161-138709041\\\/\",\"url\":\"https:\\\/\\\/micasa.lv\\\/lv\\\/rezerves-suknis-modeliem-104609172-131567147-138109161-138709041\\\/\",\"name\":\"Rezerves s\u016bknis mode\u013ciem 104609172, 131567147, 138109161, 138709041 - Micasa\",\"isPartOf\":{\"@id\":\"https:\\\/\\\/micasa.lv\\\/lv\\\/#website\"},\"primaryImageOfPage\":{\"@id\":\"https:\\\/\\\/micasa.lv\\\/lv\\\/rezerves-suknis-modeliem-104609172-131567147-138109161-138709041\\\/#primaryimage\"},\"image\":{\"@id\":\"https:\\\/\\\/micasa.lv\\\/lv\\\/rezerves-suknis-modeliem-104609172-131567147-138109161-138709041\\\/#primaryimage\"},\"thumbnailUrl\":\"https:\\\/\\\/micasa.lv\\\/wp-content\\\/uploads\\\/2025\\\/05\\\/9e8172c955acc42580a1a15e034a7df2_131567007a-velky.jpg\",\"datePublished\":\"2025-05-12T14:41:40+00:00\",\"dateModified\":\"2025-06-13T07:31:05+00:00\",\"breadcrumb\":{\"@id\":\"https:\\\/\\\/micasa.lv\\\/lv\\\/rezerves-suknis-modeliem-104609172-131567147-138109161-138709041\\\/#breadcrumb\"},\"inLanguage\":\"lv-LV\",\"potentialAction\":[{\"@type\":\"ReadAction\",\"target\":[\"https:\\\/\\\/micasa.lv\\\/lv\\\/rezerves-suknis-modeliem-104609172-131567147-138109161-138709041\\\/\"]}]},{\"@type\":\"ImageObject\",\"inLanguage\":\"lv-LV\",\"@id\":\"https:\\\/\\\/micasa.lv\\\/lv\\\/rezerves-suknis-modeliem-104609172-131567147-138109161-138709041\\\/#primaryimage\",\"url\":\"https:\\\/\\\/micasa.lv\\\/wp-content\\\/uploads\\\/2025\\\/05\\\/9e8172c955acc42580a1a15e034a7df2_131567007a-velky.jpg\",\"contentUrl\":\"https:\\\/\\\/micasa.lv\\\/wp-content\\\/uploads\\\/2025\\\/05\\\/9e8172c955acc42580a1a15e034a7df2_131567007a-velky.jpg\",\"width\":400,\"height\":600},{\"@type\":\"BreadcrumbList\",\"@id\":\"https:\\\/\\\/micasa.lv\\\/lv\\\/rezerves-suknis-modeliem-104609172-131567147-138109161-138709041\\\/#breadcrumb\",\"itemListElement\":[{\"@type\":\"ListItem\",\"position\":1,\"name\":\"S\u0101kums\",\"item\":\"https:\\\/\\\/micasa.lv\\\/lv\\\/micasa\\\/\"},{\"@type\":\"ListItem\",\"position\":2,\"name\":\"Shop\",\"item\":\"https:\\\/\\\/micasa.lv\\\/lv\\\/shop\\\/\"},{\"@type\":\"ListItem\",\"position\":3,\"name\":\"Rezerves s\u016bknis mode\u013ciem 104609172, 131567147, 138109161, 138709041\"}]},{\"@type\":\"WebSite\",\"@id\":\"https:\\\/\\\/micasa.lv\\\/lv\\\/#website\",\"url\":\"https:\\\/\\\/micasa.lv\\\/lv\\\/\",\"name\":\"Micasa\",\"description\":\"\",\"potentialAction\":[{\"@type\":\"SearchAction\",\"target\":{\"@type\":\"EntryPoint\",\"urlTemplate\":\"https:\\\/\\\/micasa.lv\\\/lv\\\/?s={search_term_string}\"},\"query-input\":{\"@type\":\"PropertyValueSpecification\",\"valueRequired\":true,\"valueName\":\"search_term_string\"}}],\"inLanguage\":\"lv-LV\"}]}<\/script>\n<!-- \/ Yoast SEO plugin. -->","yoast_head_json":{"title":"Rezerves s\u016bknis mode\u013ciem 104609172, 131567147, 138109161, 138709041 - Micasa","robots":{"index":"index","follow":"follow","max-snippet":"max-snippet:-1","max-image-preview":"max-image-preview:large","max-video-preview":"max-video-preview:-1"},"canonical":"https:\/\/micasa.lv\/lv\/rezerves-suknis-modeliem-104609172-131567147-138109161-138709041\/","og_locale":"lv_LV","og_type":"article","og_title":"Rezerves s\u016bknis mode\u013ciem 104609172, 131567147, 138109161, 138709041 - Micasa","og_description":"OMEGA produktu l\u012bnija ir vispla\u0161\u0101k\u0101 produktu skaita zi\u0146\u0101. T\u0101 elegant\u0101 meistar\u012bba un dizains ne tikai izskat\u0101s moderni un svaigi, bet","og_url":"https:\/\/micasa.lv\/lv\/rezerves-suknis-modeliem-104609172-131567147-138109161-138709041\/","og_site_name":"Micasa","article_modified_time":"2025-06-13T07:31:05+00:00","og_image":[{"width":400,"height":600,"url":"https:\/\/micasa.lv\/wp-content\/uploads\/2025\/05\/9e8172c955acc42580a1a15e034a7df2_131567007a-velky.jpg","type":"image\/jpeg"}],"twitter_card":"summary_large_image","schema":{"@context":"https:\/\/schema.org","@graph":[{"@type":"WebPage","@id":"https:\/\/micasa.lv\/lv\/rezerves-suknis-modeliem-104609172-131567147-138109161-138709041\/","url":"https:\/\/micasa.lv\/lv\/rezerves-suknis-modeliem-104609172-131567147-138109161-138709041\/","name":"Rezerves s\u016bknis mode\u013ciem 104609172, 131567147, 138109161, 138709041 - Micasa","isPartOf":{"@id":"https:\/\/micasa.lv\/lv\/#website"},"primaryImageOfPage":{"@id":"https:\/\/micasa.lv\/lv\/rezerves-suknis-modeliem-104609172-131567147-138109161-138709041\/#primaryimage"},"image":{"@id":"https:\/\/micasa.lv\/lv\/rezerves-suknis-modeliem-104609172-131567147-138109161-138709041\/#primaryimage"},"thumbnailUrl":"https:\/\/micasa.lv\/wp-content\/uploads\/2025\/05\/9e8172c955acc42580a1a15e034a7df2_131567007a-velky.jpg","datePublished":"2025-05-12T14:41:40+00:00","dateModified":"2025-06-13T07:31:05+00:00","breadcrumb":{"@id":"https:\/\/micasa.lv\/lv\/rezerves-suknis-modeliem-104609172-131567147-138109161-138709041\/#breadcrumb"},"inLanguage":"lv-LV","potentialAction":[{"@type":"ReadAction","target":["https:\/\/micasa.lv\/lv\/rezerves-suknis-modeliem-104609172-131567147-138109161-138709041\/"]}]},{"@type":"ImageObject","inLanguage":"lv-LV","@id":"https:\/\/micasa.lv\/lv\/rezerves-suknis-modeliem-104609172-131567147-138109161-138709041\/#primaryimage","url":"https:\/\/micasa.lv\/wp-content\/uploads\/2025\/05\/9e8172c955acc42580a1a15e034a7df2_131567007a-velky.jpg","contentUrl":"https:\/\/micasa.lv\/wp-content\/uploads\/2025\/05\/9e8172c955acc42580a1a15e034a7df2_131567007a-velky.jpg","width":400,"height":600},{"@type":"BreadcrumbList","@id":"https:\/\/micasa.lv\/lv\/rezerves-suknis-modeliem-104609172-131567147-138109161-138709041\/#breadcrumb","itemListElement":[{"@type":"ListItem","position":1,"name":"S\u0101kums","item":"https:\/\/micasa.lv\/lv\/micasa\/"},{"@type":"ListItem","position":2,"name":"Shop","item":"https:\/\/micasa.lv\/lv\/shop\/"},{"@type":"ListItem","position":3,"name":"Rezerves s\u016bknis mode\u013ciem 104609172, 131567147, 138109161, 138709041"}]},{"@type":"WebSite","@id":"https:\/\/micasa.lv\/lv\/#website","url":"https:\/\/micasa.lv\/lv\/","name":"Micasa","description":"","potentialAction":[{"@type":"SearchAction","target":{"@type":"EntryPoint","urlTemplate":"https:\/\/micasa.lv\/lv\/?s={search_term_string}"},"query-input":{"@type":"PropertyValueSpecification","valueRequired":true,"valueName":"search_term_string"}}],"inLanguage":"lv-LV"}]}},"wcpa_form_fields":null,"_links":{"self":[{"href":"https:\/\/micasa.lv\/lv\/wp-json\/wp\/v2\/product\/42157","targetHints":{"allow":["GET"]}}],"collection":[{"href":"https:\/\/micasa.lv\/lv\/wp-json\/wp\/v2\/product"}],"about":[{"href":"https:\/\/micasa.lv\/lv\/wp-json\/wp\/v2\/types\/product"}],"version-history":[{"count":1,"href":"https:\/\/micasa.lv\/lv\/wp-json\/wp\/v2\/product\/42157\/revisions"}],"predecessor-version":[{"id":42187,"href":"https:\/\/micasa.lv\/lv\/wp-json\/wp\/v2\/product\/42157\/revisions\/42187"}],"wp:featuredmedia":[{"embeddable":true,"href":"https:\/\/micasa.lv\/lv\/wp-json\/wp\/v2\/media\/41680"}],"wp:attachment":[{"href":"https:\/\/micasa.lv\/lv\/wp-json\/wp\/v2\/media?parent=42157"}],"wp:term":[{"taxonomy":"product_brand","embeddable":true,"href":"https:\/\/micasa.lv\/lv\/wp-json\/wp\/v2\/product_brand?post=42157"},{"taxonomy":"product_cat","embeddable":true,"href":"https:\/\/micasa.lv\/lv\/wp-json\/wp\/v2\/product_cat?post=42157"},{"taxonomy":"product_tag","embeddable":true,"href":"https:\/\/micasa.lv\/lv\/wp-json\/wp\/v2\/product_tag?post=42157"}],"curies":[{"name":"wp","href":"https:\/\/api.w.org\/{rel}","templated":true}]}}