{"id":42162,"date":"2025-05-12T17:41:51","date_gmt":"2025-05-12T14:41:51","guid":{"rendered":"https:\/\/test.micasa.lv\/?post_type=product&#038;p=42162"},"modified":"2025-06-13T10:31:07","modified_gmt":"2025-06-13T07:31:07","slug":"rezerves-tualetes-birste-ar-rokturi-modelim-131567487-108113010-melna","status":"publish","type":"product","link":"https:\/\/micasa.lv\/lv\/rezerves-tualetes-birste-ar-rokturi-modelim-131567487-108113010-melna\/","title":{"rendered":"Rezerves tualetes birste ar rokturi modelim 131567487, 108113010, melna"},"content":{"rendered":"<p>K\u0101 jau nosaukums nor\u0101da, TUM\u0160AIS diapazons m\u016bs aizved uz kr\u0101su spektra tum\u0161o galu. Galvenaj\u0101 lom\u0101 ir Bleks. Apvienojum\u0101 ar lakotu apdari tas pie\u0161\u0137ir izstr\u0101d\u0101jumiem patiesi m\u016bsdien\u012bgu dizainu un izteiktu dinamiku. Kolekcij\u0101 ir pieejami da\u017e\u0101di tur\u0113t\u0101ji un pakaramie, tualetes birstes, ziepju trauki un dozatori, salve\u0161u dozatori un kosm\u0113tikas spogu\u013ci.<\/p>\n","protected":false},"excerpt":{"rendered":"<p>K\u0101 jau nosaukums nor\u0101da, TUM\u0160AIS diapazons m\u016bs aizved uz kr\u0101su spektra tum\u0161o galu. Galvenaj\u0101 lom\u0101 ir Bleks. Apvienojum\u0101 ar lakotu<\/p>\n","protected":false},"featured_media":41833,"template":"","meta":[],"product_brand":[],"product_cat":[1891,1528],"product_tag":[],"class_list":{"0":"post-42162","1":"product","2":"type-product","3":"status-publish","4":"has-post-thumbnail","6":"product_cat-rezerves-dalas","7":"product_cat-vannas-istabas-aksesuari","8":"pa_brand-bemeta-lv","10":"first","11":"instock","12":"taxable","13":"shipping-taxable","14":"purchasable","15":"product-type-simple"},"yoast_head":"<!-- This site is optimized with the Yoast SEO plugin v27.4 - https:\/\/yoast.com\/product\/yoast-seo-wordpress\/ -->\n<title>Rezerves tualetes birste ar rokturi modelim 131567487, 108113010, melna - Micasa<\/title>\n<meta name=\"robots\" content=\"index, follow, max-snippet:-1, max-image-preview:large, max-video-preview:-1\" \/>\n<link rel=\"canonical\" href=\"https:\/\/micasa.lv\/lv\/rezerves-tualetes-birste-ar-rokturi-modelim-131567487-108113010-melna\/\" \/>\n<meta property=\"og:locale\" content=\"lv_LV\" \/>\n<meta property=\"og:type\" content=\"article\" \/>\n<meta property=\"og:title\" content=\"Rezerves tualetes birste ar rokturi modelim 131567487, 108113010, melna - Micasa\" \/>\n<meta property=\"og:description\" content=\"K\u0101 jau nosaukums nor\u0101da, TUM\u0160AIS diapazons m\u016bs aizved uz kr\u0101su spektra tum\u0161o galu. Galvenaj\u0101 lom\u0101 ir Bleks. Apvienojum\u0101 ar lakotu\" \/>\n<meta property=\"og:url\" content=\"https:\/\/micasa.lv\/lv\/rezerves-tualetes-birste-ar-rokturi-modelim-131567487-108113010-melna\/\" \/>\n<meta property=\"og:site_name\" content=\"Micasa\" \/>\n<meta property=\"article:modified_time\" content=\"2025-06-13T07:31:07+00:00\" \/>\n<meta property=\"og:image\" content=\"https:\/\/micasa.lv\/wp-content\/uploads\/2025\/05\/b9ae563c2a9eb20d26f1c10e7871101c_131567446-velky.jpg\" \/>\n\t<meta property=\"og:image:width\" content=\"500\" \/>\n\t<meta property=\"og:image:height\" content=\"500\" \/>\n\t<meta property=\"og:image:type\" content=\"image\/jpeg\" \/>\n<meta name=\"twitter:card\" content=\"summary_large_image\" \/>\n<script type=\"application\/ld+json\" class=\"yoast-schema-graph\">{\"@context\":\"https:\\\/\\\/schema.org\",\"@graph\":[{\"@type\":\"WebPage\",\"@id\":\"https:\\\/\\\/micasa.lv\\\/lv\\\/rezerves-tualetes-birste-ar-rokturi-modelim-131567487-108113010-melna\\\/\",\"url\":\"https:\\\/\\\/micasa.lv\\\/lv\\\/rezerves-tualetes-birste-ar-rokturi-modelim-131567487-108113010-melna\\\/\",\"name\":\"Rezerves tualetes birste ar rokturi modelim 131567487, 108113010, melna - Micasa\",\"isPartOf\":{\"@id\":\"https:\\\/\\\/micasa.lv\\\/lv\\\/#website\"},\"primaryImageOfPage\":{\"@id\":\"https:\\\/\\\/micasa.lv\\\/lv\\\/rezerves-tualetes-birste-ar-rokturi-modelim-131567487-108113010-melna\\\/#primaryimage\"},\"image\":{\"@id\":\"https:\\\/\\\/micasa.lv\\\/lv\\\/rezerves-tualetes-birste-ar-rokturi-modelim-131567487-108113010-melna\\\/#primaryimage\"},\"thumbnailUrl\":\"https:\\\/\\\/micasa.lv\\\/wp-content\\\/uploads\\\/2025\\\/05\\\/b9ae563c2a9eb20d26f1c10e7871101c_131567446-velky.jpg\",\"datePublished\":\"2025-05-12T14:41:51+00:00\",\"dateModified\":\"2025-06-13T07:31:07+00:00\",\"breadcrumb\":{\"@id\":\"https:\\\/\\\/micasa.lv\\\/lv\\\/rezerves-tualetes-birste-ar-rokturi-modelim-131567487-108113010-melna\\\/#breadcrumb\"},\"inLanguage\":\"lv-LV\",\"potentialAction\":[{\"@type\":\"ReadAction\",\"target\":[\"https:\\\/\\\/micasa.lv\\\/lv\\\/rezerves-tualetes-birste-ar-rokturi-modelim-131567487-108113010-melna\\\/\"]}]},{\"@type\":\"ImageObject\",\"inLanguage\":\"lv-LV\",\"@id\":\"https:\\\/\\\/micasa.lv\\\/lv\\\/rezerves-tualetes-birste-ar-rokturi-modelim-131567487-108113010-melna\\\/#primaryimage\",\"url\":\"https:\\\/\\\/micasa.lv\\\/wp-content\\\/uploads\\\/2025\\\/05\\\/b9ae563c2a9eb20d26f1c10e7871101c_131567446-velky.jpg\",\"contentUrl\":\"https:\\\/\\\/micasa.lv\\\/wp-content\\\/uploads\\\/2025\\\/05\\\/b9ae563c2a9eb20d26f1c10e7871101c_131567446-velky.jpg\",\"width\":500,\"height\":500},{\"@type\":\"BreadcrumbList\",\"@id\":\"https:\\\/\\\/micasa.lv\\\/lv\\\/rezerves-tualetes-birste-ar-rokturi-modelim-131567487-108113010-melna\\\/#breadcrumb\",\"itemListElement\":[{\"@type\":\"ListItem\",\"position\":1,\"name\":\"S\u0101kums\",\"item\":\"https:\\\/\\\/micasa.lv\\\/lv\\\/micasa\\\/\"},{\"@type\":\"ListItem\",\"position\":2,\"name\":\"Shop\",\"item\":\"https:\\\/\\\/micasa.lv\\\/lv\\\/shop\\\/\"},{\"@type\":\"ListItem\",\"position\":3,\"name\":\"Rezerves tualetes birste ar rokturi modelim 131567487, 108113010, melna\"}]},{\"@type\":\"WebSite\",\"@id\":\"https:\\\/\\\/micasa.lv\\\/lv\\\/#website\",\"url\":\"https:\\\/\\\/micasa.lv\\\/lv\\\/\",\"name\":\"Micasa\",\"description\":\"\",\"potentialAction\":[{\"@type\":\"SearchAction\",\"target\":{\"@type\":\"EntryPoint\",\"urlTemplate\":\"https:\\\/\\\/micasa.lv\\\/lv\\\/?s={search_term_string}\"},\"query-input\":{\"@type\":\"PropertyValueSpecification\",\"valueRequired\":true,\"valueName\":\"search_term_string\"}}],\"inLanguage\":\"lv-LV\"}]}<\/script>\n<!-- \/ Yoast SEO plugin. -->","yoast_head_json":{"title":"Rezerves tualetes birste ar rokturi modelim 131567487, 108113010, melna - Micasa","robots":{"index":"index","follow":"follow","max-snippet":"max-snippet:-1","max-image-preview":"max-image-preview:large","max-video-preview":"max-video-preview:-1"},"canonical":"https:\/\/micasa.lv\/lv\/rezerves-tualetes-birste-ar-rokturi-modelim-131567487-108113010-melna\/","og_locale":"lv_LV","og_type":"article","og_title":"Rezerves tualetes birste ar rokturi modelim 131567487, 108113010, melna - Micasa","og_description":"K\u0101 jau nosaukums nor\u0101da, TUM\u0160AIS diapazons m\u016bs aizved uz kr\u0101su spektra tum\u0161o galu. Galvenaj\u0101 lom\u0101 ir Bleks. Apvienojum\u0101 ar lakotu","og_url":"https:\/\/micasa.lv\/lv\/rezerves-tualetes-birste-ar-rokturi-modelim-131567487-108113010-melna\/","og_site_name":"Micasa","article_modified_time":"2025-06-13T07:31:07+00:00","og_image":[{"width":500,"height":500,"url":"https:\/\/micasa.lv\/wp-content\/uploads\/2025\/05\/b9ae563c2a9eb20d26f1c10e7871101c_131567446-velky.jpg","type":"image\/jpeg"}],"twitter_card":"summary_large_image","schema":{"@context":"https:\/\/schema.org","@graph":[{"@type":"WebPage","@id":"https:\/\/micasa.lv\/lv\/rezerves-tualetes-birste-ar-rokturi-modelim-131567487-108113010-melna\/","url":"https:\/\/micasa.lv\/lv\/rezerves-tualetes-birste-ar-rokturi-modelim-131567487-108113010-melna\/","name":"Rezerves tualetes birste ar rokturi modelim 131567487, 108113010, melna - Micasa","isPartOf":{"@id":"https:\/\/micasa.lv\/lv\/#website"},"primaryImageOfPage":{"@id":"https:\/\/micasa.lv\/lv\/rezerves-tualetes-birste-ar-rokturi-modelim-131567487-108113010-melna\/#primaryimage"},"image":{"@id":"https:\/\/micasa.lv\/lv\/rezerves-tualetes-birste-ar-rokturi-modelim-131567487-108113010-melna\/#primaryimage"},"thumbnailUrl":"https:\/\/micasa.lv\/wp-content\/uploads\/2025\/05\/b9ae563c2a9eb20d26f1c10e7871101c_131567446-velky.jpg","datePublished":"2025-05-12T14:41:51+00:00","dateModified":"2025-06-13T07:31:07+00:00","breadcrumb":{"@id":"https:\/\/micasa.lv\/lv\/rezerves-tualetes-birste-ar-rokturi-modelim-131567487-108113010-melna\/#breadcrumb"},"inLanguage":"lv-LV","potentialAction":[{"@type":"ReadAction","target":["https:\/\/micasa.lv\/lv\/rezerves-tualetes-birste-ar-rokturi-modelim-131567487-108113010-melna\/"]}]},{"@type":"ImageObject","inLanguage":"lv-LV","@id":"https:\/\/micasa.lv\/lv\/rezerves-tualetes-birste-ar-rokturi-modelim-131567487-108113010-melna\/#primaryimage","url":"https:\/\/micasa.lv\/wp-content\/uploads\/2025\/05\/b9ae563c2a9eb20d26f1c10e7871101c_131567446-velky.jpg","contentUrl":"https:\/\/micasa.lv\/wp-content\/uploads\/2025\/05\/b9ae563c2a9eb20d26f1c10e7871101c_131567446-velky.jpg","width":500,"height":500},{"@type":"BreadcrumbList","@id":"https:\/\/micasa.lv\/lv\/rezerves-tualetes-birste-ar-rokturi-modelim-131567487-108113010-melna\/#breadcrumb","itemListElement":[{"@type":"ListItem","position":1,"name":"S\u0101kums","item":"https:\/\/micasa.lv\/lv\/micasa\/"},{"@type":"ListItem","position":2,"name":"Shop","item":"https:\/\/micasa.lv\/lv\/shop\/"},{"@type":"ListItem","position":3,"name":"Rezerves tualetes birste ar rokturi modelim 131567487, 108113010, melna"}]},{"@type":"WebSite","@id":"https:\/\/micasa.lv\/lv\/#website","url":"https:\/\/micasa.lv\/lv\/","name":"Micasa","description":"","potentialAction":[{"@type":"SearchAction","target":{"@type":"EntryPoint","urlTemplate":"https:\/\/micasa.lv\/lv\/?s={search_term_string}"},"query-input":{"@type":"PropertyValueSpecification","valueRequired":true,"valueName":"search_term_string"}}],"inLanguage":"lv-LV"}]}},"wcpa_form_fields":null,"_links":{"self":[{"href":"https:\/\/micasa.lv\/lv\/wp-json\/wp\/v2\/product\/42162","targetHints":{"allow":["GET"]}}],"collection":[{"href":"https:\/\/micasa.lv\/lv\/wp-json\/wp\/v2\/product"}],"about":[{"href":"https:\/\/micasa.lv\/lv\/wp-json\/wp\/v2\/types\/product"}],"version-history":[{"count":1,"href":"https:\/\/micasa.lv\/lv\/wp-json\/wp\/v2\/product\/42162\/revisions"}],"predecessor-version":[{"id":42192,"href":"https:\/\/micasa.lv\/lv\/wp-json\/wp\/v2\/product\/42162\/revisions\/42192"}],"wp:featuredmedia":[{"embeddable":true,"href":"https:\/\/micasa.lv\/lv\/wp-json\/wp\/v2\/media\/41833"}],"wp:attachment":[{"href":"https:\/\/micasa.lv\/lv\/wp-json\/wp\/v2\/media?parent=42162"}],"wp:term":[{"taxonomy":"product_brand","embeddable":true,"href":"https:\/\/micasa.lv\/lv\/wp-json\/wp\/v2\/product_brand?post=42162"},{"taxonomy":"product_cat","embeddable":true,"href":"https:\/\/micasa.lv\/lv\/wp-json\/wp\/v2\/product_cat?post=42162"},{"taxonomy":"product_tag","embeddable":true,"href":"https:\/\/micasa.lv\/lv\/wp-json\/wp\/v2\/product_tag?post=42162"}],"curies":[{"name":"wp","href":"https:\/\/api.w.org\/{rel}","templated":true}]}}