{"id":42170,"date":"2025-05-12T17:41:53","date_gmt":"2025-05-12T14:41:53","guid":{"rendered":"https:\/\/test.micasa.lv\/?post_type=product&#038;p=42170"},"modified":"2025-06-13T10:31:09","modified_gmt":"2025-06-13T07:31:09","slug":"cytro-dusas-plaukts-ar-gumijas-slotinu","status":"publish","type":"product","link":"https:\/\/micasa.lv\/lv\/cytro-dusas-plaukts-ar-gumijas-slotinu\/","title":{"rendered":"CYTRO: Du\u0161as plaukts ar gumijas sloti\u0146u"},"content":{"rendered":"<p>Kvalitat\u012bva stiep\u013cu programma katrai vannas istabai. Pateicoties hrom\u0113tajai virsmai, produkti ir iztur\u012bgi pret nodilumu. CYTRO ir piem\u0113rots jebkurai du\u0161as kab\u012bnei, vannai vai izlietnei. Interesants produkts ir piekaramais plaukts, kas ir p\u0101rn\u0113s\u0101jams un viegli no\u0146emams.<\/p>\n","protected":false},"excerpt":{"rendered":"<p>Kvalitat\u012bva stiep\u013cu programma katrai vannas istabai. Pateicoties hrom\u0113tajai virsmai, produkti ir iztur\u012bgi pret nodilumu. CYTRO ir piem\u0113rots jebkurai du\u0161as kab\u012bnei,<\/p>\n","protected":false},"featured_media":41605,"template":"","meta":[],"product_brand":[],"product_cat":[1841,1528],"product_tag":[],"class_list":{"0":"post-42170","1":"product","2":"type-product","3":"status-publish","4":"has-post-thumbnail","6":"product_cat-plaukti","7":"product_cat-vannas-istabas-aksesuari","8":"pa_brand-bemeta-lv","10":"first","11":"instock","12":"taxable","13":"shipping-taxable","14":"purchasable","15":"product-type-simple"},"yoast_head":"<!-- This site is optimized with the Yoast SEO plugin v27.4 - https:\/\/yoast.com\/product\/yoast-seo-wordpress\/ -->\n<title>CYTRO: Du\u0161as plaukts ar gumijas sloti\u0146u - Micasa<\/title>\n<meta name=\"robots\" content=\"index, follow, max-snippet:-1, max-image-preview:large, max-video-preview:-1\" \/>\n<link rel=\"canonical\" href=\"https:\/\/micasa.lv\/lv\/cytro-dusas-plaukts-ar-gumijas-slotinu\/\" \/>\n<meta property=\"og:locale\" content=\"lv_LV\" \/>\n<meta property=\"og:type\" content=\"article\" \/>\n<meta property=\"og:title\" content=\"CYTRO: Du\u0161as plaukts ar gumijas sloti\u0146u - Micasa\" \/>\n<meta property=\"og:description\" content=\"Kvalitat\u012bva stiep\u013cu programma katrai vannas istabai. Pateicoties hrom\u0113tajai virsmai, produkti ir iztur\u012bgi pret nodilumu. CYTRO ir piem\u0113rots jebkurai du\u0161as kab\u012bnei,\" \/>\n<meta property=\"og:url\" content=\"https:\/\/micasa.lv\/lv\/cytro-dusas-plaukts-ar-gumijas-slotinu\/\" \/>\n<meta property=\"og:site_name\" content=\"Micasa\" \/>\n<meta property=\"article:modified_time\" content=\"2025-06-13T07:31:09+00:00\" \/>\n<meta property=\"og:image\" content=\"https:\/\/micasa.lv\/wp-content\/uploads\/2025\/05\/fe58a9fead60034c305c58bfd026337b_102208292-velky.jpg\" \/>\n\t<meta property=\"og:image:width\" content=\"500\" \/>\n\t<meta property=\"og:image:height\" content=\"500\" \/>\n\t<meta property=\"og:image:type\" content=\"image\/jpeg\" \/>\n<meta name=\"twitter:card\" content=\"summary_large_image\" \/>\n<script type=\"application\/ld+json\" class=\"yoast-schema-graph\">{\"@context\":\"https:\\\/\\\/schema.org\",\"@graph\":[{\"@type\":\"WebPage\",\"@id\":\"https:\\\/\\\/micasa.lv\\\/lv\\\/cytro-dusas-plaukts-ar-gumijas-slotinu\\\/\",\"url\":\"https:\\\/\\\/micasa.lv\\\/lv\\\/cytro-dusas-plaukts-ar-gumijas-slotinu\\\/\",\"name\":\"CYTRO: Du\u0161as plaukts ar gumijas sloti\u0146u - Micasa\",\"isPartOf\":{\"@id\":\"https:\\\/\\\/micasa.lv\\\/lv\\\/#website\"},\"primaryImageOfPage\":{\"@id\":\"https:\\\/\\\/micasa.lv\\\/lv\\\/cytro-dusas-plaukts-ar-gumijas-slotinu\\\/#primaryimage\"},\"image\":{\"@id\":\"https:\\\/\\\/micasa.lv\\\/lv\\\/cytro-dusas-plaukts-ar-gumijas-slotinu\\\/#primaryimage\"},\"thumbnailUrl\":\"https:\\\/\\\/micasa.lv\\\/wp-content\\\/uploads\\\/2025\\\/05\\\/fe58a9fead60034c305c58bfd026337b_102208292-velky.jpg\",\"datePublished\":\"2025-05-12T14:41:53+00:00\",\"dateModified\":\"2025-06-13T07:31:09+00:00\",\"breadcrumb\":{\"@id\":\"https:\\\/\\\/micasa.lv\\\/lv\\\/cytro-dusas-plaukts-ar-gumijas-slotinu\\\/#breadcrumb\"},\"inLanguage\":\"lv-LV\",\"potentialAction\":[{\"@type\":\"ReadAction\",\"target\":[\"https:\\\/\\\/micasa.lv\\\/lv\\\/cytro-dusas-plaukts-ar-gumijas-slotinu\\\/\"]}]},{\"@type\":\"ImageObject\",\"inLanguage\":\"lv-LV\",\"@id\":\"https:\\\/\\\/micasa.lv\\\/lv\\\/cytro-dusas-plaukts-ar-gumijas-slotinu\\\/#primaryimage\",\"url\":\"https:\\\/\\\/micasa.lv\\\/wp-content\\\/uploads\\\/2025\\\/05\\\/fe58a9fead60034c305c58bfd026337b_102208292-velky.jpg\",\"contentUrl\":\"https:\\\/\\\/micasa.lv\\\/wp-content\\\/uploads\\\/2025\\\/05\\\/fe58a9fead60034c305c58bfd026337b_102208292-velky.jpg\",\"width\":500,\"height\":500},{\"@type\":\"BreadcrumbList\",\"@id\":\"https:\\\/\\\/micasa.lv\\\/lv\\\/cytro-dusas-plaukts-ar-gumijas-slotinu\\\/#breadcrumb\",\"itemListElement\":[{\"@type\":\"ListItem\",\"position\":1,\"name\":\"S\u0101kums\",\"item\":\"https:\\\/\\\/micasa.lv\\\/lv\\\/micasa\\\/\"},{\"@type\":\"ListItem\",\"position\":2,\"name\":\"Shop\",\"item\":\"https:\\\/\\\/micasa.lv\\\/lv\\\/shop\\\/\"},{\"@type\":\"ListItem\",\"position\":3,\"name\":\"CYTRO: Du\u0161as plaukts ar gumijas sloti\u0146u\"}]},{\"@type\":\"WebSite\",\"@id\":\"https:\\\/\\\/micasa.lv\\\/lv\\\/#website\",\"url\":\"https:\\\/\\\/micasa.lv\\\/lv\\\/\",\"name\":\"Micasa\",\"description\":\"\",\"potentialAction\":[{\"@type\":\"SearchAction\",\"target\":{\"@type\":\"EntryPoint\",\"urlTemplate\":\"https:\\\/\\\/micasa.lv\\\/lv\\\/?s={search_term_string}\"},\"query-input\":{\"@type\":\"PropertyValueSpecification\",\"valueRequired\":true,\"valueName\":\"search_term_string\"}}],\"inLanguage\":\"lv-LV\"}]}<\/script>\n<!-- \/ Yoast SEO plugin. -->","yoast_head_json":{"title":"CYTRO: Du\u0161as plaukts ar gumijas sloti\u0146u - Micasa","robots":{"index":"index","follow":"follow","max-snippet":"max-snippet:-1","max-image-preview":"max-image-preview:large","max-video-preview":"max-video-preview:-1"},"canonical":"https:\/\/micasa.lv\/lv\/cytro-dusas-plaukts-ar-gumijas-slotinu\/","og_locale":"lv_LV","og_type":"article","og_title":"CYTRO: Du\u0161as plaukts ar gumijas sloti\u0146u - Micasa","og_description":"Kvalitat\u012bva stiep\u013cu programma katrai vannas istabai. Pateicoties hrom\u0113tajai virsmai, produkti ir iztur\u012bgi pret nodilumu. CYTRO ir piem\u0113rots jebkurai du\u0161as kab\u012bnei,","og_url":"https:\/\/micasa.lv\/lv\/cytro-dusas-plaukts-ar-gumijas-slotinu\/","og_site_name":"Micasa","article_modified_time":"2025-06-13T07:31:09+00:00","og_image":[{"width":500,"height":500,"url":"https:\/\/micasa.lv\/wp-content\/uploads\/2025\/05\/fe58a9fead60034c305c58bfd026337b_102208292-velky.jpg","type":"image\/jpeg"}],"twitter_card":"summary_large_image","schema":{"@context":"https:\/\/schema.org","@graph":[{"@type":"WebPage","@id":"https:\/\/micasa.lv\/lv\/cytro-dusas-plaukts-ar-gumijas-slotinu\/","url":"https:\/\/micasa.lv\/lv\/cytro-dusas-plaukts-ar-gumijas-slotinu\/","name":"CYTRO: Du\u0161as plaukts ar gumijas sloti\u0146u - Micasa","isPartOf":{"@id":"https:\/\/micasa.lv\/lv\/#website"},"primaryImageOfPage":{"@id":"https:\/\/micasa.lv\/lv\/cytro-dusas-plaukts-ar-gumijas-slotinu\/#primaryimage"},"image":{"@id":"https:\/\/micasa.lv\/lv\/cytro-dusas-plaukts-ar-gumijas-slotinu\/#primaryimage"},"thumbnailUrl":"https:\/\/micasa.lv\/wp-content\/uploads\/2025\/05\/fe58a9fead60034c305c58bfd026337b_102208292-velky.jpg","datePublished":"2025-05-12T14:41:53+00:00","dateModified":"2025-06-13T07:31:09+00:00","breadcrumb":{"@id":"https:\/\/micasa.lv\/lv\/cytro-dusas-plaukts-ar-gumijas-slotinu\/#breadcrumb"},"inLanguage":"lv-LV","potentialAction":[{"@type":"ReadAction","target":["https:\/\/micasa.lv\/lv\/cytro-dusas-plaukts-ar-gumijas-slotinu\/"]}]},{"@type":"ImageObject","inLanguage":"lv-LV","@id":"https:\/\/micasa.lv\/lv\/cytro-dusas-plaukts-ar-gumijas-slotinu\/#primaryimage","url":"https:\/\/micasa.lv\/wp-content\/uploads\/2025\/05\/fe58a9fead60034c305c58bfd026337b_102208292-velky.jpg","contentUrl":"https:\/\/micasa.lv\/wp-content\/uploads\/2025\/05\/fe58a9fead60034c305c58bfd026337b_102208292-velky.jpg","width":500,"height":500},{"@type":"BreadcrumbList","@id":"https:\/\/micasa.lv\/lv\/cytro-dusas-plaukts-ar-gumijas-slotinu\/#breadcrumb","itemListElement":[{"@type":"ListItem","position":1,"name":"S\u0101kums","item":"https:\/\/micasa.lv\/lv\/micasa\/"},{"@type":"ListItem","position":2,"name":"Shop","item":"https:\/\/micasa.lv\/lv\/shop\/"},{"@type":"ListItem","position":3,"name":"CYTRO: Du\u0161as plaukts ar gumijas sloti\u0146u"}]},{"@type":"WebSite","@id":"https:\/\/micasa.lv\/lv\/#website","url":"https:\/\/micasa.lv\/lv\/","name":"Micasa","description":"","potentialAction":[{"@type":"SearchAction","target":{"@type":"EntryPoint","urlTemplate":"https:\/\/micasa.lv\/lv\/?s={search_term_string}"},"query-input":{"@type":"PropertyValueSpecification","valueRequired":true,"valueName":"search_term_string"}}],"inLanguage":"lv-LV"}]}},"wcpa_form_fields":null,"_links":{"self":[{"href":"https:\/\/micasa.lv\/lv\/wp-json\/wp\/v2\/product\/42170","targetHints":{"allow":["GET"]}}],"collection":[{"href":"https:\/\/micasa.lv\/lv\/wp-json\/wp\/v2\/product"}],"about":[{"href":"https:\/\/micasa.lv\/lv\/wp-json\/wp\/v2\/types\/product"}],"version-history":[{"count":1,"href":"https:\/\/micasa.lv\/lv\/wp-json\/wp\/v2\/product\/42170\/revisions"}],"predecessor-version":[{"id":42200,"href":"https:\/\/micasa.lv\/lv\/wp-json\/wp\/v2\/product\/42170\/revisions\/42200"}],"wp:featuredmedia":[{"embeddable":true,"href":"https:\/\/micasa.lv\/lv\/wp-json\/wp\/v2\/media\/41605"}],"wp:attachment":[{"href":"https:\/\/micasa.lv\/lv\/wp-json\/wp\/v2\/media?parent=42170"}],"wp:term":[{"taxonomy":"product_brand","embeddable":true,"href":"https:\/\/micasa.lv\/lv\/wp-json\/wp\/v2\/product_brand?post=42170"},{"taxonomy":"product_cat","embeddable":true,"href":"https:\/\/micasa.lv\/lv\/wp-json\/wp\/v2\/product_cat?post=42170"},{"taxonomy":"product_tag","embeddable":true,"href":"https:\/\/micasa.lv\/lv\/wp-json\/wp\/v2\/product_tag?post=42170"}],"curies":[{"name":"wp","href":"https:\/\/api.w.org\/{rel}","templated":true}]}}