{"id":42173,"date":"2025-05-12T17:41:53","date_gmt":"2025-05-12T14:41:53","guid":{"rendered":"https:\/\/test.micasa.lv\/?post_type=product&#038;p=42173"},"modified":"2025-06-13T10:31:10","modified_gmt":"2025-06-13T07:31:10","slug":"omega-ziepju-dozators-200-ml-2","status":"publish","type":"product","link":"https:\/\/micasa.lv\/lv\/omega-ziepju-dozators-200-ml-2\/","title":{"rendered":"OMEGA: Ziepju dozators 200 ml"},"content":{"rendered":"<p>M\u016bsu \u010dempions skaitlisk\u0101 zi\u0146\u0101. OMEGA ir m\u016bsu liel\u0101k\u0101 kolekcija, kas aptver pla\u0161u pre\u010du kl\u0101stu, s\u0101kot no mini somu pakaramajiem, le\u0146\u0137iskiem rokturiem un \u0161\u0137idro ziepju dozatoriem ar magn\u0113tisku ziepju trauku l\u012bdz spir\u0101lveida matu \u017e\u0101v\u0113t\u0101ju tur\u0113t\u0101jiem un stikla st\u016bra plauktiem. Tie visi izce\u013cas ar minim\u0101listisku est\u0113tiku, kas veidota uz hroma sp\u012bduma un mat\u0113ta stikla. \u0100tra un vienk\u0101r\u0161a apkope ir v\u0113l viens b\u016btisks pluss.<\/p>\n","protected":false},"excerpt":{"rendered":"<p>M\u016bsu \u010dempions skaitlisk\u0101 zi\u0146\u0101. OMEGA ir m\u016bsu liel\u0101k\u0101 kolekcija, kas aptver pla\u0161u pre\u010du kl\u0101stu, s\u0101kot no mini somu pakaramajiem, le\u0146\u0137iskiem<\/p>\n","protected":false},"featured_media":41587,"template":"","meta":[],"product_brand":[],"product_cat":[1851,1528],"product_tag":[],"class_list":{"0":"post-42173","1":"product","2":"type-product","3":"status-publish","4":"has-post-thumbnail","6":"product_cat-skidro-ziepju-dozatori","7":"product_cat-vannas-istabas-aksesuari","8":"pa_brand-bemeta-lv","10":"first","11":"instock","12":"taxable","13":"shipping-taxable","14":"purchasable","15":"product-type-simple"},"yoast_head":"<!-- This site is optimized with the Yoast SEO plugin v27.4 - https:\/\/yoast.com\/product\/yoast-seo-wordpress\/ -->\n<title>OMEGA: Ziepju dozators 200 ml - Micasa<\/title>\n<meta name=\"robots\" content=\"index, follow, max-snippet:-1, max-image-preview:large, max-video-preview:-1\" \/>\n<link rel=\"canonical\" href=\"https:\/\/micasa.lv\/lv\/omega-ziepju-dozators-200-ml-2\/\" \/>\n<meta property=\"og:locale\" content=\"lv_LV\" \/>\n<meta property=\"og:type\" content=\"article\" \/>\n<meta property=\"og:title\" content=\"OMEGA: Ziepju dozators 200 ml - Micasa\" \/>\n<meta property=\"og:description\" content=\"M\u016bsu \u010dempions skaitlisk\u0101 zi\u0146\u0101. OMEGA ir m\u016bsu liel\u0101k\u0101 kolekcija, kas aptver pla\u0161u pre\u010du kl\u0101stu, s\u0101kot no mini somu pakaramajiem, le\u0146\u0137iskiem\" \/>\n<meta property=\"og:url\" content=\"https:\/\/micasa.lv\/lv\/omega-ziepju-dozators-200-ml-2\/\" \/>\n<meta property=\"og:site_name\" content=\"Micasa\" \/>\n<meta property=\"article:modified_time\" content=\"2025-06-13T07:31:10+00:00\" \/>\n<meta property=\"og:image\" content=\"https:\/\/micasa.lv\/wp-content\/uploads\/2025\/05\/f0f517d90bbecb6bb6adb7b37308c1f4_104309322-velky.jpg\" \/>\n\t<meta property=\"og:image:width\" content=\"500\" \/>\n\t<meta property=\"og:image:height\" content=\"500\" \/>\n\t<meta property=\"og:image:type\" content=\"image\/jpeg\" \/>\n<meta name=\"twitter:card\" content=\"summary_large_image\" \/>\n<script type=\"application\/ld+json\" class=\"yoast-schema-graph\">{\"@context\":\"https:\\\/\\\/schema.org\",\"@graph\":[{\"@type\":\"WebPage\",\"@id\":\"https:\\\/\\\/micasa.lv\\\/lv\\\/omega-ziepju-dozators-200-ml-2\\\/\",\"url\":\"https:\\\/\\\/micasa.lv\\\/lv\\\/omega-ziepju-dozators-200-ml-2\\\/\",\"name\":\"OMEGA: Ziepju dozators 200 ml - Micasa\",\"isPartOf\":{\"@id\":\"https:\\\/\\\/micasa.lv\\\/lv\\\/#website\"},\"primaryImageOfPage\":{\"@id\":\"https:\\\/\\\/micasa.lv\\\/lv\\\/omega-ziepju-dozators-200-ml-2\\\/#primaryimage\"},\"image\":{\"@id\":\"https:\\\/\\\/micasa.lv\\\/lv\\\/omega-ziepju-dozators-200-ml-2\\\/#primaryimage\"},\"thumbnailUrl\":\"https:\\\/\\\/micasa.lv\\\/wp-content\\\/uploads\\\/2025\\\/05\\\/f0f517d90bbecb6bb6adb7b37308c1f4_104309322-velky.jpg\",\"datePublished\":\"2025-05-12T14:41:53+00:00\",\"dateModified\":\"2025-06-13T07:31:10+00:00\",\"breadcrumb\":{\"@id\":\"https:\\\/\\\/micasa.lv\\\/lv\\\/omega-ziepju-dozators-200-ml-2\\\/#breadcrumb\"},\"inLanguage\":\"lv-LV\",\"potentialAction\":[{\"@type\":\"ReadAction\",\"target\":[\"https:\\\/\\\/micasa.lv\\\/lv\\\/omega-ziepju-dozators-200-ml-2\\\/\"]}]},{\"@type\":\"ImageObject\",\"inLanguage\":\"lv-LV\",\"@id\":\"https:\\\/\\\/micasa.lv\\\/lv\\\/omega-ziepju-dozators-200-ml-2\\\/#primaryimage\",\"url\":\"https:\\\/\\\/micasa.lv\\\/wp-content\\\/uploads\\\/2025\\\/05\\\/f0f517d90bbecb6bb6adb7b37308c1f4_104309322-velky.jpg\",\"contentUrl\":\"https:\\\/\\\/micasa.lv\\\/wp-content\\\/uploads\\\/2025\\\/05\\\/f0f517d90bbecb6bb6adb7b37308c1f4_104309322-velky.jpg\",\"width\":500,\"height\":500},{\"@type\":\"BreadcrumbList\",\"@id\":\"https:\\\/\\\/micasa.lv\\\/lv\\\/omega-ziepju-dozators-200-ml-2\\\/#breadcrumb\",\"itemListElement\":[{\"@type\":\"ListItem\",\"position\":1,\"name\":\"S\u0101kums\",\"item\":\"https:\\\/\\\/micasa.lv\\\/lv\\\/micasa\\\/\"},{\"@type\":\"ListItem\",\"position\":2,\"name\":\"Shop\",\"item\":\"https:\\\/\\\/micasa.lv\\\/lv\\\/shop\\\/\"},{\"@type\":\"ListItem\",\"position\":3,\"name\":\"OMEGA: Ziepju dozators 200 ml\"}]},{\"@type\":\"WebSite\",\"@id\":\"https:\\\/\\\/micasa.lv\\\/lv\\\/#website\",\"url\":\"https:\\\/\\\/micasa.lv\\\/lv\\\/\",\"name\":\"Micasa\",\"description\":\"\",\"potentialAction\":[{\"@type\":\"SearchAction\",\"target\":{\"@type\":\"EntryPoint\",\"urlTemplate\":\"https:\\\/\\\/micasa.lv\\\/lv\\\/?s={search_term_string}\"},\"query-input\":{\"@type\":\"PropertyValueSpecification\",\"valueRequired\":true,\"valueName\":\"search_term_string\"}}],\"inLanguage\":\"lv-LV\"}]}<\/script>\n<!-- \/ Yoast SEO plugin. -->","yoast_head_json":{"title":"OMEGA: Ziepju dozators 200 ml - Micasa","robots":{"index":"index","follow":"follow","max-snippet":"max-snippet:-1","max-image-preview":"max-image-preview:large","max-video-preview":"max-video-preview:-1"},"canonical":"https:\/\/micasa.lv\/lv\/omega-ziepju-dozators-200-ml-2\/","og_locale":"lv_LV","og_type":"article","og_title":"OMEGA: Ziepju dozators 200 ml - Micasa","og_description":"M\u016bsu \u010dempions skaitlisk\u0101 zi\u0146\u0101. OMEGA ir m\u016bsu liel\u0101k\u0101 kolekcija, kas aptver pla\u0161u pre\u010du kl\u0101stu, s\u0101kot no mini somu pakaramajiem, le\u0146\u0137iskiem","og_url":"https:\/\/micasa.lv\/lv\/omega-ziepju-dozators-200-ml-2\/","og_site_name":"Micasa","article_modified_time":"2025-06-13T07:31:10+00:00","og_image":[{"width":500,"height":500,"url":"https:\/\/micasa.lv\/wp-content\/uploads\/2025\/05\/f0f517d90bbecb6bb6adb7b37308c1f4_104309322-velky.jpg","type":"image\/jpeg"}],"twitter_card":"summary_large_image","schema":{"@context":"https:\/\/schema.org","@graph":[{"@type":"WebPage","@id":"https:\/\/micasa.lv\/lv\/omega-ziepju-dozators-200-ml-2\/","url":"https:\/\/micasa.lv\/lv\/omega-ziepju-dozators-200-ml-2\/","name":"OMEGA: Ziepju dozators 200 ml - Micasa","isPartOf":{"@id":"https:\/\/micasa.lv\/lv\/#website"},"primaryImageOfPage":{"@id":"https:\/\/micasa.lv\/lv\/omega-ziepju-dozators-200-ml-2\/#primaryimage"},"image":{"@id":"https:\/\/micasa.lv\/lv\/omega-ziepju-dozators-200-ml-2\/#primaryimage"},"thumbnailUrl":"https:\/\/micasa.lv\/wp-content\/uploads\/2025\/05\/f0f517d90bbecb6bb6adb7b37308c1f4_104309322-velky.jpg","datePublished":"2025-05-12T14:41:53+00:00","dateModified":"2025-06-13T07:31:10+00:00","breadcrumb":{"@id":"https:\/\/micasa.lv\/lv\/omega-ziepju-dozators-200-ml-2\/#breadcrumb"},"inLanguage":"lv-LV","potentialAction":[{"@type":"ReadAction","target":["https:\/\/micasa.lv\/lv\/omega-ziepju-dozators-200-ml-2\/"]}]},{"@type":"ImageObject","inLanguage":"lv-LV","@id":"https:\/\/micasa.lv\/lv\/omega-ziepju-dozators-200-ml-2\/#primaryimage","url":"https:\/\/micasa.lv\/wp-content\/uploads\/2025\/05\/f0f517d90bbecb6bb6adb7b37308c1f4_104309322-velky.jpg","contentUrl":"https:\/\/micasa.lv\/wp-content\/uploads\/2025\/05\/f0f517d90bbecb6bb6adb7b37308c1f4_104309322-velky.jpg","width":500,"height":500},{"@type":"BreadcrumbList","@id":"https:\/\/micasa.lv\/lv\/omega-ziepju-dozators-200-ml-2\/#breadcrumb","itemListElement":[{"@type":"ListItem","position":1,"name":"S\u0101kums","item":"https:\/\/micasa.lv\/lv\/micasa\/"},{"@type":"ListItem","position":2,"name":"Shop","item":"https:\/\/micasa.lv\/lv\/shop\/"},{"@type":"ListItem","position":3,"name":"OMEGA: Ziepju dozators 200 ml"}]},{"@type":"WebSite","@id":"https:\/\/micasa.lv\/lv\/#website","url":"https:\/\/micasa.lv\/lv\/","name":"Micasa","description":"","potentialAction":[{"@type":"SearchAction","target":{"@type":"EntryPoint","urlTemplate":"https:\/\/micasa.lv\/lv\/?s={search_term_string}"},"query-input":{"@type":"PropertyValueSpecification","valueRequired":true,"valueName":"search_term_string"}}],"inLanguage":"lv-LV"}]}},"wcpa_form_fields":null,"_links":{"self":[{"href":"https:\/\/micasa.lv\/lv\/wp-json\/wp\/v2\/product\/42173","targetHints":{"allow":["GET"]}}],"collection":[{"href":"https:\/\/micasa.lv\/lv\/wp-json\/wp\/v2\/product"}],"about":[{"href":"https:\/\/micasa.lv\/lv\/wp-json\/wp\/v2\/types\/product"}],"version-history":[{"count":1,"href":"https:\/\/micasa.lv\/lv\/wp-json\/wp\/v2\/product\/42173\/revisions"}],"predecessor-version":[{"id":42203,"href":"https:\/\/micasa.lv\/lv\/wp-json\/wp\/v2\/product\/42173\/revisions\/42203"}],"wp:featuredmedia":[{"embeddable":true,"href":"https:\/\/micasa.lv\/lv\/wp-json\/wp\/v2\/media\/41587"}],"wp:attachment":[{"href":"https:\/\/micasa.lv\/lv\/wp-json\/wp\/v2\/media?parent=42173"}],"wp:term":[{"taxonomy":"product_brand","embeddable":true,"href":"https:\/\/micasa.lv\/lv\/wp-json\/wp\/v2\/product_brand?post=42173"},{"taxonomy":"product_cat","embeddable":true,"href":"https:\/\/micasa.lv\/lv\/wp-json\/wp\/v2\/product_cat?post=42173"},{"taxonomy":"product_tag","embeddable":true,"href":"https:\/\/micasa.lv\/lv\/wp-json\/wp\/v2\/product_tag?post=42173"}],"curies":[{"name":"wp","href":"https:\/\/api.w.org\/{rel}","templated":true}]}}