{"id":42175,"date":"2025-05-12T17:41:53","date_gmt":"2025-05-12T14:41:53","guid":{"rendered":"https:\/\/test.micasa.lv\/?post_type=product&#038;p=42175"},"modified":"2025-06-13T10:31:11","modified_gmt":"2025-06-13T07:31:11","slug":"nero-pakaramais-ar-4-akiem","status":"publish","type":"product","link":"https:\/\/micasa.lv\/lv\/nero-pakaramais-ar-4-akiem\/","title":{"rendered":"NERO: Pakaramais ar 4 \u0101\u0137iem"},"content":{"rendered":"<p>Melns k\u0101 formalit\u0101tes, izsmalcin\u0101t\u012bbas un elegances simbols. Tie\u0161i to pied\u0101v\u0101 produkti zem NERO z\u012bmola. Plaukti un tur\u0113t\u0101ji dvie\u013ciem, pakaramajiem un rokturiem, ziepju trauki un ziepju dozatori vai tur\u0113t\u0101ji ot\u0101m un tualetes pap\u012bram. Viss augstas kvalit\u0101tes un iztur\u012bgu produktu veid\u0101. Tie ir apstr\u0101d\u0101ti ar speci\u0101li r\u016bd\u012btu melnu kr\u0101su, daudzi no tiem ir papildus kombin\u0113ti ar stikla deta\u013c\u0101m mat\u0113t\u0101 dekor\u0101.<\/p>\n","protected":false},"excerpt":{"rendered":"<p>Melns k\u0101 formalit\u0101tes, izsmalcin\u0101t\u012bbas un elegances simbols. Tie\u0161i to pied\u0101v\u0101 produkti zem NERO z\u012bmola. Plaukti un tur\u0113t\u0101ji dvie\u013ciem, pakaramajiem un<\/p>\n","protected":false},"featured_media":41647,"template":"","meta":[],"product_brand":[],"product_cat":[1835,1528],"product_tag":[],"class_list":{"0":"post-42175","1":"product","2":"type-product","3":"status-publish","4":"has-post-thumbnail","6":"product_cat-aki-un-pakaramie","7":"product_cat-vannas-istabas-aksesuari","8":"pa_brand-bemeta-lv","10":"first","11":"instock","12":"taxable","13":"shipping-taxable","14":"purchasable","15":"product-type-simple"},"yoast_head":"<!-- This site is optimized with the Yoast SEO plugin v27.4 - https:\/\/yoast.com\/product\/yoast-seo-wordpress\/ -->\n<title>NERO: Pakaramais ar 4 \u0101\u0137iem - Micasa<\/title>\n<meta name=\"robots\" content=\"index, follow, max-snippet:-1, max-image-preview:large, max-video-preview:-1\" \/>\n<link rel=\"canonical\" href=\"https:\/\/micasa.lv\/lv\/nero-pakaramais-ar-4-akiem\/\" \/>\n<meta property=\"og:locale\" content=\"lv_LV\" \/>\n<meta property=\"og:type\" content=\"article\" \/>\n<meta property=\"og:title\" content=\"NERO: Pakaramais ar 4 \u0101\u0137iem - Micasa\" \/>\n<meta property=\"og:description\" content=\"Melns k\u0101 formalit\u0101tes, izsmalcin\u0101t\u012bbas un elegances simbols. Tie\u0161i to pied\u0101v\u0101 produkti zem NERO z\u012bmola. Plaukti un tur\u0113t\u0101ji dvie\u013ciem, pakaramajiem un\" \/>\n<meta property=\"og:url\" content=\"https:\/\/micasa.lv\/lv\/nero-pakaramais-ar-4-akiem\/\" \/>\n<meta property=\"og:site_name\" content=\"Micasa\" \/>\n<meta property=\"article:modified_time\" content=\"2025-06-13T07:31:11+00:00\" \/>\n<meta property=\"og:image\" content=\"https:\/\/micasa.lv\/wp-content\/uploads\/2025\/05\/4b51eb2f04dcbe7eeba39a0ad411f10e_135105210-velky.jpg\" \/>\n\t<meta property=\"og:image:width\" content=\"500\" \/>\n\t<meta property=\"og:image:height\" content=\"500\" \/>\n\t<meta property=\"og:image:type\" content=\"image\/jpeg\" \/>\n<meta name=\"twitter:card\" content=\"summary_large_image\" \/>\n<script type=\"application\/ld+json\" class=\"yoast-schema-graph\">{\"@context\":\"https:\\\/\\\/schema.org\",\"@graph\":[{\"@type\":\"WebPage\",\"@id\":\"https:\\\/\\\/micasa.lv\\\/lv\\\/nero-pakaramais-ar-4-akiem\\\/\",\"url\":\"https:\\\/\\\/micasa.lv\\\/lv\\\/nero-pakaramais-ar-4-akiem\\\/\",\"name\":\"NERO: Pakaramais ar 4 \u0101\u0137iem - Micasa\",\"isPartOf\":{\"@id\":\"https:\\\/\\\/micasa.lv\\\/lv\\\/#website\"},\"primaryImageOfPage\":{\"@id\":\"https:\\\/\\\/micasa.lv\\\/lv\\\/nero-pakaramais-ar-4-akiem\\\/#primaryimage\"},\"image\":{\"@id\":\"https:\\\/\\\/micasa.lv\\\/lv\\\/nero-pakaramais-ar-4-akiem\\\/#primaryimage\"},\"thumbnailUrl\":\"https:\\\/\\\/micasa.lv\\\/wp-content\\\/uploads\\\/2025\\\/05\\\/4b51eb2f04dcbe7eeba39a0ad411f10e_135105210-velky.jpg\",\"datePublished\":\"2025-05-12T14:41:53+00:00\",\"dateModified\":\"2025-06-13T07:31:11+00:00\",\"breadcrumb\":{\"@id\":\"https:\\\/\\\/micasa.lv\\\/lv\\\/nero-pakaramais-ar-4-akiem\\\/#breadcrumb\"},\"inLanguage\":\"lv-LV\",\"potentialAction\":[{\"@type\":\"ReadAction\",\"target\":[\"https:\\\/\\\/micasa.lv\\\/lv\\\/nero-pakaramais-ar-4-akiem\\\/\"]}]},{\"@type\":\"ImageObject\",\"inLanguage\":\"lv-LV\",\"@id\":\"https:\\\/\\\/micasa.lv\\\/lv\\\/nero-pakaramais-ar-4-akiem\\\/#primaryimage\",\"url\":\"https:\\\/\\\/micasa.lv\\\/wp-content\\\/uploads\\\/2025\\\/05\\\/4b51eb2f04dcbe7eeba39a0ad411f10e_135105210-velky.jpg\",\"contentUrl\":\"https:\\\/\\\/micasa.lv\\\/wp-content\\\/uploads\\\/2025\\\/05\\\/4b51eb2f04dcbe7eeba39a0ad411f10e_135105210-velky.jpg\",\"width\":500,\"height\":500},{\"@type\":\"BreadcrumbList\",\"@id\":\"https:\\\/\\\/micasa.lv\\\/lv\\\/nero-pakaramais-ar-4-akiem\\\/#breadcrumb\",\"itemListElement\":[{\"@type\":\"ListItem\",\"position\":1,\"name\":\"S\u0101kums\",\"item\":\"https:\\\/\\\/micasa.lv\\\/lv\\\/micasa\\\/\"},{\"@type\":\"ListItem\",\"position\":2,\"name\":\"Shop\",\"item\":\"https:\\\/\\\/micasa.lv\\\/lv\\\/shop\\\/\"},{\"@type\":\"ListItem\",\"position\":3,\"name\":\"NERO: Pakaramais ar 4 \u0101\u0137iem\"}]},{\"@type\":\"WebSite\",\"@id\":\"https:\\\/\\\/micasa.lv\\\/lv\\\/#website\",\"url\":\"https:\\\/\\\/micasa.lv\\\/lv\\\/\",\"name\":\"Micasa\",\"description\":\"\",\"potentialAction\":[{\"@type\":\"SearchAction\",\"target\":{\"@type\":\"EntryPoint\",\"urlTemplate\":\"https:\\\/\\\/micasa.lv\\\/lv\\\/?s={search_term_string}\"},\"query-input\":{\"@type\":\"PropertyValueSpecification\",\"valueRequired\":true,\"valueName\":\"search_term_string\"}}],\"inLanguage\":\"lv-LV\"}]}<\/script>\n<!-- \/ Yoast SEO plugin. -->","yoast_head_json":{"title":"NERO: Pakaramais ar 4 \u0101\u0137iem - Micasa","robots":{"index":"index","follow":"follow","max-snippet":"max-snippet:-1","max-image-preview":"max-image-preview:large","max-video-preview":"max-video-preview:-1"},"canonical":"https:\/\/micasa.lv\/lv\/nero-pakaramais-ar-4-akiem\/","og_locale":"lv_LV","og_type":"article","og_title":"NERO: Pakaramais ar 4 \u0101\u0137iem - Micasa","og_description":"Melns k\u0101 formalit\u0101tes, izsmalcin\u0101t\u012bbas un elegances simbols. Tie\u0161i to pied\u0101v\u0101 produkti zem NERO z\u012bmola. Plaukti un tur\u0113t\u0101ji dvie\u013ciem, pakaramajiem un","og_url":"https:\/\/micasa.lv\/lv\/nero-pakaramais-ar-4-akiem\/","og_site_name":"Micasa","article_modified_time":"2025-06-13T07:31:11+00:00","og_image":[{"width":500,"height":500,"url":"https:\/\/micasa.lv\/wp-content\/uploads\/2025\/05\/4b51eb2f04dcbe7eeba39a0ad411f10e_135105210-velky.jpg","type":"image\/jpeg"}],"twitter_card":"summary_large_image","schema":{"@context":"https:\/\/schema.org","@graph":[{"@type":"WebPage","@id":"https:\/\/micasa.lv\/lv\/nero-pakaramais-ar-4-akiem\/","url":"https:\/\/micasa.lv\/lv\/nero-pakaramais-ar-4-akiem\/","name":"NERO: Pakaramais ar 4 \u0101\u0137iem - Micasa","isPartOf":{"@id":"https:\/\/micasa.lv\/lv\/#website"},"primaryImageOfPage":{"@id":"https:\/\/micasa.lv\/lv\/nero-pakaramais-ar-4-akiem\/#primaryimage"},"image":{"@id":"https:\/\/micasa.lv\/lv\/nero-pakaramais-ar-4-akiem\/#primaryimage"},"thumbnailUrl":"https:\/\/micasa.lv\/wp-content\/uploads\/2025\/05\/4b51eb2f04dcbe7eeba39a0ad411f10e_135105210-velky.jpg","datePublished":"2025-05-12T14:41:53+00:00","dateModified":"2025-06-13T07:31:11+00:00","breadcrumb":{"@id":"https:\/\/micasa.lv\/lv\/nero-pakaramais-ar-4-akiem\/#breadcrumb"},"inLanguage":"lv-LV","potentialAction":[{"@type":"ReadAction","target":["https:\/\/micasa.lv\/lv\/nero-pakaramais-ar-4-akiem\/"]}]},{"@type":"ImageObject","inLanguage":"lv-LV","@id":"https:\/\/micasa.lv\/lv\/nero-pakaramais-ar-4-akiem\/#primaryimage","url":"https:\/\/micasa.lv\/wp-content\/uploads\/2025\/05\/4b51eb2f04dcbe7eeba39a0ad411f10e_135105210-velky.jpg","contentUrl":"https:\/\/micasa.lv\/wp-content\/uploads\/2025\/05\/4b51eb2f04dcbe7eeba39a0ad411f10e_135105210-velky.jpg","width":500,"height":500},{"@type":"BreadcrumbList","@id":"https:\/\/micasa.lv\/lv\/nero-pakaramais-ar-4-akiem\/#breadcrumb","itemListElement":[{"@type":"ListItem","position":1,"name":"S\u0101kums","item":"https:\/\/micasa.lv\/lv\/micasa\/"},{"@type":"ListItem","position":2,"name":"Shop","item":"https:\/\/micasa.lv\/lv\/shop\/"},{"@type":"ListItem","position":3,"name":"NERO: Pakaramais ar 4 \u0101\u0137iem"}]},{"@type":"WebSite","@id":"https:\/\/micasa.lv\/lv\/#website","url":"https:\/\/micasa.lv\/lv\/","name":"Micasa","description":"","potentialAction":[{"@type":"SearchAction","target":{"@type":"EntryPoint","urlTemplate":"https:\/\/micasa.lv\/lv\/?s={search_term_string}"},"query-input":{"@type":"PropertyValueSpecification","valueRequired":true,"valueName":"search_term_string"}}],"inLanguage":"lv-LV"}]}},"wcpa_form_fields":null,"_links":{"self":[{"href":"https:\/\/micasa.lv\/lv\/wp-json\/wp\/v2\/product\/42175","targetHints":{"allow":["GET"]}}],"collection":[{"href":"https:\/\/micasa.lv\/lv\/wp-json\/wp\/v2\/product"}],"about":[{"href":"https:\/\/micasa.lv\/lv\/wp-json\/wp\/v2\/types\/product"}],"version-history":[{"count":1,"href":"https:\/\/micasa.lv\/lv\/wp-json\/wp\/v2\/product\/42175\/revisions"}],"predecessor-version":[{"id":42205,"href":"https:\/\/micasa.lv\/lv\/wp-json\/wp\/v2\/product\/42175\/revisions\/42205"}],"wp:featuredmedia":[{"embeddable":true,"href":"https:\/\/micasa.lv\/lv\/wp-json\/wp\/v2\/media\/41647"}],"wp:attachment":[{"href":"https:\/\/micasa.lv\/lv\/wp-json\/wp\/v2\/media?parent=42175"}],"wp:term":[{"taxonomy":"product_brand","embeddable":true,"href":"https:\/\/micasa.lv\/lv\/wp-json\/wp\/v2\/product_brand?post=42175"},{"taxonomy":"product_cat","embeddable":true,"href":"https:\/\/micasa.lv\/lv\/wp-json\/wp\/v2\/product_cat?post=42175"},{"taxonomy":"product_tag","embeddable":true,"href":"https:\/\/micasa.lv\/lv\/wp-json\/wp\/v2\/product_tag?post=42175"}],"curies":[{"name":"wp","href":"https:\/\/api.w.org\/{rel}","templated":true}]}}