{"id":42178,"date":"2025-05-12T17:41:54","date_gmt":"2025-05-12T14:41:54","guid":{"rendered":"https:\/\/test.micasa.lv\/?post_type=product&#038;p=42178"},"modified":"2025-06-13T10:31:12","modified_gmt":"2025-06-13T07:31:12","slug":"white-brivi-stavoss-piekarinams-tualetes-birstes-turetajs-2","status":"publish","type":"product","link":"https:\/\/micasa.lv\/lv\/white-brivi-stavoss-piekarinams-tualetes-birstes-turetajs-2\/","title":{"rendered":"WHITE: Br\u012bvi st\u0101vo\u0161s\/piekarin\u0101ms tualetes birstes tur\u0113t\u0101js"},"content":{"rendered":"<p>\u0160\u012b WHITE kolekcija izskat\u0101s t\u012bra un svaiga, pie\u0161\u0137ir vieglumu, nomierina un var b\u016bt gan grezna, gan neuzkr\u012bto\u0161a. K\u0101 jau liecina nosaukums, kolekcij\u0101 domin\u0113 balt\u0101 kr\u0101sa. Galvenok\u0101rt no misi\u0146a izgatavotie aksesu\u0101ri saglab\u0101 minim\u0101listisku pieeju un ir viegli kopjami. Produktu l\u012bnij\u0101 ietilpst dvie\u013cu, birstu un tualetes pap\u012bra rull\u012b\u0161u tur\u0113t\u0101ji, tualetes birstes, pakaramie, plaukti, dozatori, ziepju trauki un pat atkritumu tvertnes. Katr\u0101 vannas istab\u0101 ir kaut kas piem\u0113rots.<\/p>\n","protected":false},"excerpt":{"rendered":"<p>\u0160\u012b WHITE kolekcija izskat\u0101s t\u012bra un svaiga, pie\u0161\u0137ir vieglumu, nomierina un var b\u016bt gan grezna, gan neuzkr\u012bto\u0161a. K\u0101 jau liecina<\/p>\n","protected":false},"featured_media":41644,"template":"","meta":[],"product_brand":[],"product_cat":[1853,1528],"product_tag":[],"class_list":{"0":"post-42178","1":"product","2":"type-product","3":"status-publish","4":"has-post-thumbnail","6":"product_cat-tualetes-birstes","7":"product_cat-vannas-istabas-aksesuari","8":"pa_brand-bemeta-lv","10":"first","11":"instock","12":"taxable","13":"shipping-taxable","14":"purchasable","15":"product-type-simple"},"yoast_head":"<!-- This site is optimized with the Yoast SEO plugin v27.4 - https:\/\/yoast.com\/product\/yoast-seo-wordpress\/ -->\n<title>WHITE: Br\u012bvi st\u0101vo\u0161s\/piekarin\u0101ms tualetes birstes tur\u0113t\u0101js - Micasa<\/title>\n<meta name=\"robots\" content=\"index, follow, max-snippet:-1, max-image-preview:large, max-video-preview:-1\" \/>\n<link rel=\"canonical\" href=\"https:\/\/micasa.lv\/lv\/white-brivi-stavoss-piekarinams-tualetes-birstes-turetajs-2\/\" \/>\n<meta property=\"og:locale\" content=\"lv_LV\" \/>\n<meta property=\"og:type\" content=\"article\" \/>\n<meta property=\"og:title\" content=\"WHITE: Br\u012bvi st\u0101vo\u0161s\/piekarin\u0101ms tualetes birstes tur\u0113t\u0101js - Micasa\" \/>\n<meta property=\"og:description\" content=\"\u0160\u012b WHITE kolekcija izskat\u0101s t\u012bra un svaiga, pie\u0161\u0137ir vieglumu, nomierina un var b\u016bt gan grezna, gan neuzkr\u012bto\u0161a. K\u0101 jau liecina\" \/>\n<meta property=\"og:url\" content=\"https:\/\/micasa.lv\/lv\/white-brivi-stavoss-piekarinams-tualetes-birstes-turetajs-2\/\" \/>\n<meta property=\"og:site_name\" content=\"Micasa\" \/>\n<meta property=\"article:modified_time\" content=\"2025-06-13T07:31:12+00:00\" \/>\n<meta property=\"og:image\" content=\"https:\/\/micasa.lv\/wp-content\/uploads\/2025\/05\/4a98a6155de62a5d744eb016fb7f2805_102913094-velky.jpg\" \/>\n\t<meta property=\"og:image:width\" content=\"500\" \/>\n\t<meta property=\"og:image:height\" content=\"500\" \/>\n\t<meta property=\"og:image:type\" content=\"image\/jpeg\" \/>\n<meta name=\"twitter:card\" content=\"summary_large_image\" \/>\n<script type=\"application\/ld+json\" class=\"yoast-schema-graph\">{\"@context\":\"https:\\\/\\\/schema.org\",\"@graph\":[{\"@type\":\"WebPage\",\"@id\":\"https:\\\/\\\/micasa.lv\\\/lv\\\/white-brivi-stavoss-piekarinams-tualetes-birstes-turetajs-2\\\/\",\"url\":\"https:\\\/\\\/micasa.lv\\\/lv\\\/white-brivi-stavoss-piekarinams-tualetes-birstes-turetajs-2\\\/\",\"name\":\"WHITE: Br\u012bvi st\u0101vo\u0161s\\\/piekarin\u0101ms tualetes birstes tur\u0113t\u0101js - Micasa\",\"isPartOf\":{\"@id\":\"https:\\\/\\\/micasa.lv\\\/lv\\\/#website\"},\"primaryImageOfPage\":{\"@id\":\"https:\\\/\\\/micasa.lv\\\/lv\\\/white-brivi-stavoss-piekarinams-tualetes-birstes-turetajs-2\\\/#primaryimage\"},\"image\":{\"@id\":\"https:\\\/\\\/micasa.lv\\\/lv\\\/white-brivi-stavoss-piekarinams-tualetes-birstes-turetajs-2\\\/#primaryimage\"},\"thumbnailUrl\":\"https:\\\/\\\/micasa.lv\\\/wp-content\\\/uploads\\\/2025\\\/05\\\/4a98a6155de62a5d744eb016fb7f2805_102913094-velky.jpg\",\"datePublished\":\"2025-05-12T14:41:54+00:00\",\"dateModified\":\"2025-06-13T07:31:12+00:00\",\"breadcrumb\":{\"@id\":\"https:\\\/\\\/micasa.lv\\\/lv\\\/white-brivi-stavoss-piekarinams-tualetes-birstes-turetajs-2\\\/#breadcrumb\"},\"inLanguage\":\"lv-LV\",\"potentialAction\":[{\"@type\":\"ReadAction\",\"target\":[\"https:\\\/\\\/micasa.lv\\\/lv\\\/white-brivi-stavoss-piekarinams-tualetes-birstes-turetajs-2\\\/\"]}]},{\"@type\":\"ImageObject\",\"inLanguage\":\"lv-LV\",\"@id\":\"https:\\\/\\\/micasa.lv\\\/lv\\\/white-brivi-stavoss-piekarinams-tualetes-birstes-turetajs-2\\\/#primaryimage\",\"url\":\"https:\\\/\\\/micasa.lv\\\/wp-content\\\/uploads\\\/2025\\\/05\\\/4a98a6155de62a5d744eb016fb7f2805_102913094-velky.jpg\",\"contentUrl\":\"https:\\\/\\\/micasa.lv\\\/wp-content\\\/uploads\\\/2025\\\/05\\\/4a98a6155de62a5d744eb016fb7f2805_102913094-velky.jpg\",\"width\":500,\"height\":500},{\"@type\":\"BreadcrumbList\",\"@id\":\"https:\\\/\\\/micasa.lv\\\/lv\\\/white-brivi-stavoss-piekarinams-tualetes-birstes-turetajs-2\\\/#breadcrumb\",\"itemListElement\":[{\"@type\":\"ListItem\",\"position\":1,\"name\":\"S\u0101kums\",\"item\":\"https:\\\/\\\/micasa.lv\\\/lv\\\/micasa\\\/\"},{\"@type\":\"ListItem\",\"position\":2,\"name\":\"Shop\",\"item\":\"https:\\\/\\\/micasa.lv\\\/lv\\\/shop\\\/\"},{\"@type\":\"ListItem\",\"position\":3,\"name\":\"WHITE: Br\u012bvi st\u0101vo\u0161s\\\/piekarin\u0101ms tualetes birstes tur\u0113t\u0101js\"}]},{\"@type\":\"WebSite\",\"@id\":\"https:\\\/\\\/micasa.lv\\\/lv\\\/#website\",\"url\":\"https:\\\/\\\/micasa.lv\\\/lv\\\/\",\"name\":\"Micasa\",\"description\":\"\",\"potentialAction\":[{\"@type\":\"SearchAction\",\"target\":{\"@type\":\"EntryPoint\",\"urlTemplate\":\"https:\\\/\\\/micasa.lv\\\/lv\\\/?s={search_term_string}\"},\"query-input\":{\"@type\":\"PropertyValueSpecification\",\"valueRequired\":true,\"valueName\":\"search_term_string\"}}],\"inLanguage\":\"lv-LV\"}]}<\/script>\n<!-- \/ Yoast SEO plugin. -->","yoast_head_json":{"title":"WHITE: Br\u012bvi st\u0101vo\u0161s\/piekarin\u0101ms tualetes birstes tur\u0113t\u0101js - Micasa","robots":{"index":"index","follow":"follow","max-snippet":"max-snippet:-1","max-image-preview":"max-image-preview:large","max-video-preview":"max-video-preview:-1"},"canonical":"https:\/\/micasa.lv\/lv\/white-brivi-stavoss-piekarinams-tualetes-birstes-turetajs-2\/","og_locale":"lv_LV","og_type":"article","og_title":"WHITE: Br\u012bvi st\u0101vo\u0161s\/piekarin\u0101ms tualetes birstes tur\u0113t\u0101js - Micasa","og_description":"\u0160\u012b WHITE kolekcija izskat\u0101s t\u012bra un svaiga, pie\u0161\u0137ir vieglumu, nomierina un var b\u016bt gan grezna, gan neuzkr\u012bto\u0161a. K\u0101 jau liecina","og_url":"https:\/\/micasa.lv\/lv\/white-brivi-stavoss-piekarinams-tualetes-birstes-turetajs-2\/","og_site_name":"Micasa","article_modified_time":"2025-06-13T07:31:12+00:00","og_image":[{"width":500,"height":500,"url":"https:\/\/micasa.lv\/wp-content\/uploads\/2025\/05\/4a98a6155de62a5d744eb016fb7f2805_102913094-velky.jpg","type":"image\/jpeg"}],"twitter_card":"summary_large_image","schema":{"@context":"https:\/\/schema.org","@graph":[{"@type":"WebPage","@id":"https:\/\/micasa.lv\/lv\/white-brivi-stavoss-piekarinams-tualetes-birstes-turetajs-2\/","url":"https:\/\/micasa.lv\/lv\/white-brivi-stavoss-piekarinams-tualetes-birstes-turetajs-2\/","name":"WHITE: Br\u012bvi st\u0101vo\u0161s\/piekarin\u0101ms tualetes birstes tur\u0113t\u0101js - Micasa","isPartOf":{"@id":"https:\/\/micasa.lv\/lv\/#website"},"primaryImageOfPage":{"@id":"https:\/\/micasa.lv\/lv\/white-brivi-stavoss-piekarinams-tualetes-birstes-turetajs-2\/#primaryimage"},"image":{"@id":"https:\/\/micasa.lv\/lv\/white-brivi-stavoss-piekarinams-tualetes-birstes-turetajs-2\/#primaryimage"},"thumbnailUrl":"https:\/\/micasa.lv\/wp-content\/uploads\/2025\/05\/4a98a6155de62a5d744eb016fb7f2805_102913094-velky.jpg","datePublished":"2025-05-12T14:41:54+00:00","dateModified":"2025-06-13T07:31:12+00:00","breadcrumb":{"@id":"https:\/\/micasa.lv\/lv\/white-brivi-stavoss-piekarinams-tualetes-birstes-turetajs-2\/#breadcrumb"},"inLanguage":"lv-LV","potentialAction":[{"@type":"ReadAction","target":["https:\/\/micasa.lv\/lv\/white-brivi-stavoss-piekarinams-tualetes-birstes-turetajs-2\/"]}]},{"@type":"ImageObject","inLanguage":"lv-LV","@id":"https:\/\/micasa.lv\/lv\/white-brivi-stavoss-piekarinams-tualetes-birstes-turetajs-2\/#primaryimage","url":"https:\/\/micasa.lv\/wp-content\/uploads\/2025\/05\/4a98a6155de62a5d744eb016fb7f2805_102913094-velky.jpg","contentUrl":"https:\/\/micasa.lv\/wp-content\/uploads\/2025\/05\/4a98a6155de62a5d744eb016fb7f2805_102913094-velky.jpg","width":500,"height":500},{"@type":"BreadcrumbList","@id":"https:\/\/micasa.lv\/lv\/white-brivi-stavoss-piekarinams-tualetes-birstes-turetajs-2\/#breadcrumb","itemListElement":[{"@type":"ListItem","position":1,"name":"S\u0101kums","item":"https:\/\/micasa.lv\/lv\/micasa\/"},{"@type":"ListItem","position":2,"name":"Shop","item":"https:\/\/micasa.lv\/lv\/shop\/"},{"@type":"ListItem","position":3,"name":"WHITE: Br\u012bvi st\u0101vo\u0161s\/piekarin\u0101ms tualetes birstes tur\u0113t\u0101js"}]},{"@type":"WebSite","@id":"https:\/\/micasa.lv\/lv\/#website","url":"https:\/\/micasa.lv\/lv\/","name":"Micasa","description":"","potentialAction":[{"@type":"SearchAction","target":{"@type":"EntryPoint","urlTemplate":"https:\/\/micasa.lv\/lv\/?s={search_term_string}"},"query-input":{"@type":"PropertyValueSpecification","valueRequired":true,"valueName":"search_term_string"}}],"inLanguage":"lv-LV"}]}},"wcpa_form_fields":null,"_links":{"self":[{"href":"https:\/\/micasa.lv\/lv\/wp-json\/wp\/v2\/product\/42178","targetHints":{"allow":["GET"]}}],"collection":[{"href":"https:\/\/micasa.lv\/lv\/wp-json\/wp\/v2\/product"}],"about":[{"href":"https:\/\/micasa.lv\/lv\/wp-json\/wp\/v2\/types\/product"}],"version-history":[{"count":1,"href":"https:\/\/micasa.lv\/lv\/wp-json\/wp\/v2\/product\/42178\/revisions"}],"predecessor-version":[{"id":42208,"href":"https:\/\/micasa.lv\/lv\/wp-json\/wp\/v2\/product\/42178\/revisions\/42208"}],"wp:featuredmedia":[{"embeddable":true,"href":"https:\/\/micasa.lv\/lv\/wp-json\/wp\/v2\/media\/41644"}],"wp:attachment":[{"href":"https:\/\/micasa.lv\/lv\/wp-json\/wp\/v2\/media?parent=42178"}],"wp:term":[{"taxonomy":"product_brand","embeddable":true,"href":"https:\/\/micasa.lv\/lv\/wp-json\/wp\/v2\/product_brand?post=42178"},{"taxonomy":"product_cat","embeddable":true,"href":"https:\/\/micasa.lv\/lv\/wp-json\/wp\/v2\/product_cat?post=42178"},{"taxonomy":"product_tag","embeddable":true,"href":"https:\/\/micasa.lv\/lv\/wp-json\/wp\/v2\/product_tag?post=42178"}],"curies":[{"name":"wp","href":"https:\/\/api.w.org\/{rel}","templated":true}]}}