{"id":42223,"date":"2025-05-12T17:42:08","date_gmt":"2025-05-12T14:42:08","guid":{"rendered":"https:\/\/test.micasa.lv\/?post_type=product&#038;p=42223"},"modified":"2025-06-13T10:31:17","modified_gmt":"2025-06-13T07:31:17","slug":"gamma-zobu-birstes-turetajs-melns","status":"publish","type":"product","link":"https:\/\/micasa.lv\/lv\/gamma-zobu-birstes-turetajs-melns\/","title":{"rendered":"GAMMA: Zobu birstes tur\u0113t\u0101js, melns"},"content":{"rendered":"<p>Elegantas proporcijas un skaidras kont\u016bras apvienojas dizain\u0101, kas ir perfekts prec\u012bza un izteiksm\u012bga darba piem\u0113rs. Tas bie\u017ei sp\u0113l\u0113jas ar kontrastiem un atmodina v\u0113l as\u0101ku dinamiku. J\u016bs varat ieg\u0101d\u0101ties dvie\u013cu un zobu birstu tur\u0113t\u0101jus, plauktus un pakaramos, tualetes birstes un ori\u0123in\u0101los ziepju dozatorus un traukus. Visi \u0161ie ir pieejami meln\u0101 vai balt\u0101 kr\u0101s\u0101 vai pat abu kombin\u0101cij\u0101.<\/p>\n","protected":false},"excerpt":{"rendered":"<p>Elegantas proporcijas un skaidras kont\u016bras apvienojas dizain\u0101, kas ir perfekts prec\u012bza un izteiksm\u012bga darba piem\u0113rs. Tas bie\u017ei sp\u0113l\u0113jas ar kontrastiem<\/p>\n","protected":false},"featured_media":41827,"template":"","meta":[],"product_brand":[],"product_cat":[1528,1857],"product_tag":[],"class_list":{"0":"post-42223","1":"product","2":"type-product","3":"status-publish","4":"has-post-thumbnail","6":"product_cat-vannas-istabas-aksesuari","7":"product_cat-zobu-birstes-turetaji","8":"pa_brand-bemeta-lv","10":"first","11":"instock","12":"taxable","13":"shipping-taxable","14":"purchasable","15":"product-type-simple"},"yoast_head":"<!-- This site is optimized with the Yoast SEO plugin v27.4 - https:\/\/yoast.com\/product\/yoast-seo-wordpress\/ -->\n<title>GAMMA: Zobu birstes tur\u0113t\u0101js, melns - Micasa<\/title>\n<meta name=\"robots\" content=\"index, follow, max-snippet:-1, max-image-preview:large, max-video-preview:-1\" \/>\n<link rel=\"canonical\" href=\"https:\/\/micasa.lv\/lv\/gamma-zobu-birstes-turetajs-melns\/\" \/>\n<meta property=\"og:locale\" content=\"lv_LV\" \/>\n<meta property=\"og:type\" content=\"article\" \/>\n<meta property=\"og:title\" content=\"GAMMA: Zobu birstes tur\u0113t\u0101js, melns - Micasa\" \/>\n<meta property=\"og:description\" content=\"Elegantas proporcijas un skaidras kont\u016bras apvienojas dizain\u0101, kas ir perfekts prec\u012bza un izteiksm\u012bga darba piem\u0113rs. Tas bie\u017ei sp\u0113l\u0113jas ar kontrastiem\" \/>\n<meta property=\"og:url\" content=\"https:\/\/micasa.lv\/lv\/gamma-zobu-birstes-turetajs-melns\/\" \/>\n<meta property=\"og:site_name\" content=\"Micasa\" \/>\n<meta property=\"article:modified_time\" content=\"2025-06-13T07:31:17+00:00\" \/>\n<meta property=\"og:image\" content=\"https:\/\/micasa.lv\/wp-content\/uploads\/2025\/05\/ae98a7d42c111ea35a3a52d40f75444e_145411012-velky.jpg\" \/>\n\t<meta property=\"og:image:width\" content=\"500\" \/>\n\t<meta property=\"og:image:height\" content=\"500\" \/>\n\t<meta property=\"og:image:type\" content=\"image\/jpeg\" \/>\n<meta name=\"twitter:card\" content=\"summary_large_image\" \/>\n<script type=\"application\/ld+json\" class=\"yoast-schema-graph\">{\"@context\":\"https:\\\/\\\/schema.org\",\"@graph\":[{\"@type\":\"WebPage\",\"@id\":\"https:\\\/\\\/micasa.lv\\\/lv\\\/gamma-zobu-birstes-turetajs-melns\\\/\",\"url\":\"https:\\\/\\\/micasa.lv\\\/lv\\\/gamma-zobu-birstes-turetajs-melns\\\/\",\"name\":\"GAMMA: Zobu birstes tur\u0113t\u0101js, melns - Micasa\",\"isPartOf\":{\"@id\":\"https:\\\/\\\/micasa.lv\\\/lv\\\/#website\"},\"primaryImageOfPage\":{\"@id\":\"https:\\\/\\\/micasa.lv\\\/lv\\\/gamma-zobu-birstes-turetajs-melns\\\/#primaryimage\"},\"image\":{\"@id\":\"https:\\\/\\\/micasa.lv\\\/lv\\\/gamma-zobu-birstes-turetajs-melns\\\/#primaryimage\"},\"thumbnailUrl\":\"https:\\\/\\\/micasa.lv\\\/wp-content\\\/uploads\\\/2025\\\/05\\\/ae98a7d42c111ea35a3a52d40f75444e_145411012-velky.jpg\",\"datePublished\":\"2025-05-12T14:42:08+00:00\",\"dateModified\":\"2025-06-13T07:31:17+00:00\",\"breadcrumb\":{\"@id\":\"https:\\\/\\\/micasa.lv\\\/lv\\\/gamma-zobu-birstes-turetajs-melns\\\/#breadcrumb\"},\"inLanguage\":\"lv-LV\",\"potentialAction\":[{\"@type\":\"ReadAction\",\"target\":[\"https:\\\/\\\/micasa.lv\\\/lv\\\/gamma-zobu-birstes-turetajs-melns\\\/\"]}]},{\"@type\":\"ImageObject\",\"inLanguage\":\"lv-LV\",\"@id\":\"https:\\\/\\\/micasa.lv\\\/lv\\\/gamma-zobu-birstes-turetajs-melns\\\/#primaryimage\",\"url\":\"https:\\\/\\\/micasa.lv\\\/wp-content\\\/uploads\\\/2025\\\/05\\\/ae98a7d42c111ea35a3a52d40f75444e_145411012-velky.jpg\",\"contentUrl\":\"https:\\\/\\\/micasa.lv\\\/wp-content\\\/uploads\\\/2025\\\/05\\\/ae98a7d42c111ea35a3a52d40f75444e_145411012-velky.jpg\",\"width\":500,\"height\":500},{\"@type\":\"BreadcrumbList\",\"@id\":\"https:\\\/\\\/micasa.lv\\\/lv\\\/gamma-zobu-birstes-turetajs-melns\\\/#breadcrumb\",\"itemListElement\":[{\"@type\":\"ListItem\",\"position\":1,\"name\":\"S\u0101kums\",\"item\":\"https:\\\/\\\/micasa.lv\\\/lv\\\/micasa\\\/\"},{\"@type\":\"ListItem\",\"position\":2,\"name\":\"Shop\",\"item\":\"https:\\\/\\\/micasa.lv\\\/lv\\\/shop\\\/\"},{\"@type\":\"ListItem\",\"position\":3,\"name\":\"GAMMA: Zobu birstes tur\u0113t\u0101js, melns\"}]},{\"@type\":\"WebSite\",\"@id\":\"https:\\\/\\\/micasa.lv\\\/lv\\\/#website\",\"url\":\"https:\\\/\\\/micasa.lv\\\/lv\\\/\",\"name\":\"Micasa\",\"description\":\"\",\"potentialAction\":[{\"@type\":\"SearchAction\",\"target\":{\"@type\":\"EntryPoint\",\"urlTemplate\":\"https:\\\/\\\/micasa.lv\\\/lv\\\/?s={search_term_string}\"},\"query-input\":{\"@type\":\"PropertyValueSpecification\",\"valueRequired\":true,\"valueName\":\"search_term_string\"}}],\"inLanguage\":\"lv-LV\"}]}<\/script>\n<!-- \/ Yoast SEO plugin. -->","yoast_head_json":{"title":"GAMMA: Zobu birstes tur\u0113t\u0101js, melns - Micasa","robots":{"index":"index","follow":"follow","max-snippet":"max-snippet:-1","max-image-preview":"max-image-preview:large","max-video-preview":"max-video-preview:-1"},"canonical":"https:\/\/micasa.lv\/lv\/gamma-zobu-birstes-turetajs-melns\/","og_locale":"lv_LV","og_type":"article","og_title":"GAMMA: Zobu birstes tur\u0113t\u0101js, melns - Micasa","og_description":"Elegantas proporcijas un skaidras kont\u016bras apvienojas dizain\u0101, kas ir perfekts prec\u012bza un izteiksm\u012bga darba piem\u0113rs. Tas bie\u017ei sp\u0113l\u0113jas ar kontrastiem","og_url":"https:\/\/micasa.lv\/lv\/gamma-zobu-birstes-turetajs-melns\/","og_site_name":"Micasa","article_modified_time":"2025-06-13T07:31:17+00:00","og_image":[{"width":500,"height":500,"url":"https:\/\/micasa.lv\/wp-content\/uploads\/2025\/05\/ae98a7d42c111ea35a3a52d40f75444e_145411012-velky.jpg","type":"image\/jpeg"}],"twitter_card":"summary_large_image","schema":{"@context":"https:\/\/schema.org","@graph":[{"@type":"WebPage","@id":"https:\/\/micasa.lv\/lv\/gamma-zobu-birstes-turetajs-melns\/","url":"https:\/\/micasa.lv\/lv\/gamma-zobu-birstes-turetajs-melns\/","name":"GAMMA: Zobu birstes tur\u0113t\u0101js, melns - Micasa","isPartOf":{"@id":"https:\/\/micasa.lv\/lv\/#website"},"primaryImageOfPage":{"@id":"https:\/\/micasa.lv\/lv\/gamma-zobu-birstes-turetajs-melns\/#primaryimage"},"image":{"@id":"https:\/\/micasa.lv\/lv\/gamma-zobu-birstes-turetajs-melns\/#primaryimage"},"thumbnailUrl":"https:\/\/micasa.lv\/wp-content\/uploads\/2025\/05\/ae98a7d42c111ea35a3a52d40f75444e_145411012-velky.jpg","datePublished":"2025-05-12T14:42:08+00:00","dateModified":"2025-06-13T07:31:17+00:00","breadcrumb":{"@id":"https:\/\/micasa.lv\/lv\/gamma-zobu-birstes-turetajs-melns\/#breadcrumb"},"inLanguage":"lv-LV","potentialAction":[{"@type":"ReadAction","target":["https:\/\/micasa.lv\/lv\/gamma-zobu-birstes-turetajs-melns\/"]}]},{"@type":"ImageObject","inLanguage":"lv-LV","@id":"https:\/\/micasa.lv\/lv\/gamma-zobu-birstes-turetajs-melns\/#primaryimage","url":"https:\/\/micasa.lv\/wp-content\/uploads\/2025\/05\/ae98a7d42c111ea35a3a52d40f75444e_145411012-velky.jpg","contentUrl":"https:\/\/micasa.lv\/wp-content\/uploads\/2025\/05\/ae98a7d42c111ea35a3a52d40f75444e_145411012-velky.jpg","width":500,"height":500},{"@type":"BreadcrumbList","@id":"https:\/\/micasa.lv\/lv\/gamma-zobu-birstes-turetajs-melns\/#breadcrumb","itemListElement":[{"@type":"ListItem","position":1,"name":"S\u0101kums","item":"https:\/\/micasa.lv\/lv\/micasa\/"},{"@type":"ListItem","position":2,"name":"Shop","item":"https:\/\/micasa.lv\/lv\/shop\/"},{"@type":"ListItem","position":3,"name":"GAMMA: Zobu birstes tur\u0113t\u0101js, melns"}]},{"@type":"WebSite","@id":"https:\/\/micasa.lv\/lv\/#website","url":"https:\/\/micasa.lv\/lv\/","name":"Micasa","description":"","potentialAction":[{"@type":"SearchAction","target":{"@type":"EntryPoint","urlTemplate":"https:\/\/micasa.lv\/lv\/?s={search_term_string}"},"query-input":{"@type":"PropertyValueSpecification","valueRequired":true,"valueName":"search_term_string"}}],"inLanguage":"lv-LV"}]}},"wcpa_form_fields":null,"_links":{"self":[{"href":"https:\/\/micasa.lv\/lv\/wp-json\/wp\/v2\/product\/42223","targetHints":{"allow":["GET"]}}],"collection":[{"href":"https:\/\/micasa.lv\/lv\/wp-json\/wp\/v2\/product"}],"about":[{"href":"https:\/\/micasa.lv\/lv\/wp-json\/wp\/v2\/types\/product"}],"version-history":[{"count":1,"href":"https:\/\/micasa.lv\/lv\/wp-json\/wp\/v2\/product\/42223\/revisions"}],"predecessor-version":[{"id":42253,"href":"https:\/\/micasa.lv\/lv\/wp-json\/wp\/v2\/product\/42223\/revisions\/42253"}],"wp:featuredmedia":[{"embeddable":true,"href":"https:\/\/micasa.lv\/lv\/wp-json\/wp\/v2\/media\/41827"}],"wp:attachment":[{"href":"https:\/\/micasa.lv\/lv\/wp-json\/wp\/v2\/media?parent=42223"}],"wp:term":[{"taxonomy":"product_brand","embeddable":true,"href":"https:\/\/micasa.lv\/lv\/wp-json\/wp\/v2\/product_brand?post=42223"},{"taxonomy":"product_cat","embeddable":true,"href":"https:\/\/micasa.lv\/lv\/wp-json\/wp\/v2\/product_cat?post=42223"},{"taxonomy":"product_tag","embeddable":true,"href":"https:\/\/micasa.lv\/lv\/wp-json\/wp\/v2\/product_tag?post=42223"}],"curies":[{"name":"wp","href":"https:\/\/api.w.org\/{rel}","templated":true}]}}