{"id":43259,"date":"2025-05-14T12:11:57","date_gmt":"2025-05-14T09:11:57","guid":{"rendered":"https:\/\/test.micasa.lv\/?post_type=product&#038;p=43259"},"modified":"2025-06-13T10:32:27","modified_gmt":"2025-06-13T07:32:27","slug":"niva-dusas-plaukts-300-mm","status":"publish","type":"product","link":"https:\/\/micasa.lv\/lv\/niva-dusas-plaukts-300-mm\/","title":{"rendered":"NIVA: Du\u0161as plaukts, 300 mm"},"content":{"rendered":"<p>NIVA kolekcija. Jaunums, ko rad\u012bjis slavenais produktu dizaineris Ren\u0113 \u0160ulcs. Asas l\u012bnijas, dinamisms, industri\u0101l\u0101 dizaina gars. Tas viss ner\u016bs\u0113jo\u0161\u0101 t\u0113rauda un smil\u0161u str\u016bklas apstr\u0101des kombin\u0101cij\u0101, kas ir perfekt\u0101 harmonij\u0101. Kolekcija lieliski iederas jebkur\u0101 vannas istab\u0101, kas v\u0113las ieg\u016bt svaigu un izcilu izskatu. Taj\u0101 var ieg\u0101d\u0101ties dvie\u013cu tur\u0113t\u0101jus, tualetes birstes pakarin\u0101\u0161anai, k\u0101 ar\u012b da\u017e\u0101du izm\u0113ru plauktus un pakaramos.<\/p>\n","protected":false},"excerpt":{"rendered":"<p>NIVA kolekcija. Jaunums, ko rad\u012bjis slavenais produktu dizaineris Ren\u0113 \u0160ulcs. Asas l\u012bnijas, dinamisms, industri\u0101l\u0101 dizaina gars. Tas viss ner\u016bs\u0113jo\u0161\u0101 t\u0113rauda<\/p>\n","protected":false},"featured_media":42550,"template":"","meta":[],"product_brand":[],"product_cat":[1841,1528],"product_tag":[],"class_list":{"0":"post-43259","1":"product","2":"type-product","3":"status-publish","4":"has-post-thumbnail","6":"product_cat-plaukti","7":"product_cat-vannas-istabas-aksesuari","8":"pa_brand-bemeta-lv","10":"first","11":"instock","12":"taxable","13":"shipping-taxable","14":"purchasable","15":"product-type-simple"},"yoast_head":"<!-- This site is optimized with the Yoast SEO plugin v27.4 - https:\/\/yoast.com\/product\/yoast-seo-wordpress\/ -->\n<title>NIVA: Du\u0161as plaukts, 300 mm - Micasa<\/title>\n<meta name=\"robots\" content=\"index, follow, max-snippet:-1, max-image-preview:large, max-video-preview:-1\" \/>\n<link rel=\"canonical\" href=\"https:\/\/micasa.lv\/lv\/niva-dusas-plaukts-300-mm\/\" \/>\n<meta property=\"og:locale\" content=\"lv_LV\" \/>\n<meta property=\"og:type\" content=\"article\" \/>\n<meta property=\"og:title\" content=\"NIVA: Du\u0161as plaukts, 300 mm - Micasa\" \/>\n<meta property=\"og:description\" content=\"NIVA kolekcija. Jaunums, ko rad\u012bjis slavenais produktu dizaineris Ren\u0113 \u0160ulcs. Asas l\u012bnijas, dinamisms, industri\u0101l\u0101 dizaina gars. Tas viss ner\u016bs\u0113jo\u0161\u0101 t\u0113rauda\" \/>\n<meta property=\"og:url\" content=\"https:\/\/micasa.lv\/lv\/niva-dusas-plaukts-300-mm\/\" \/>\n<meta property=\"og:site_name\" content=\"Micasa\" \/>\n<meta property=\"article:modified_time\" content=\"2025-06-13T07:32:27+00:00\" \/>\n<meta property=\"og:image\" content=\"https:\/\/micasa.lv\/wp-content\/uploads\/2025\/05\/4c38ce17cf0df69bbd279c5eb7fa940a_101102225-velky.jpg\" \/>\n\t<meta property=\"og:image:width\" content=\"500\" \/>\n\t<meta property=\"og:image:height\" content=\"500\" \/>\n\t<meta property=\"og:image:type\" content=\"image\/jpeg\" \/>\n<meta name=\"twitter:card\" content=\"summary_large_image\" \/>\n<script type=\"application\/ld+json\" class=\"yoast-schema-graph\">{\"@context\":\"https:\\\/\\\/schema.org\",\"@graph\":[{\"@type\":\"WebPage\",\"@id\":\"https:\\\/\\\/micasa.lv\\\/lv\\\/niva-dusas-plaukts-300-mm\\\/\",\"url\":\"https:\\\/\\\/micasa.lv\\\/lv\\\/niva-dusas-plaukts-300-mm\\\/\",\"name\":\"NIVA: Du\u0161as plaukts, 300 mm - Micasa\",\"isPartOf\":{\"@id\":\"https:\\\/\\\/micasa.lv\\\/lv\\\/#website\"},\"primaryImageOfPage\":{\"@id\":\"https:\\\/\\\/micasa.lv\\\/lv\\\/niva-dusas-plaukts-300-mm\\\/#primaryimage\"},\"image\":{\"@id\":\"https:\\\/\\\/micasa.lv\\\/lv\\\/niva-dusas-plaukts-300-mm\\\/#primaryimage\"},\"thumbnailUrl\":\"https:\\\/\\\/micasa.lv\\\/wp-content\\\/uploads\\\/2025\\\/05\\\/4c38ce17cf0df69bbd279c5eb7fa940a_101102225-velky.jpg\",\"datePublished\":\"2025-05-14T09:11:57+00:00\",\"dateModified\":\"2025-06-13T07:32:27+00:00\",\"breadcrumb\":{\"@id\":\"https:\\\/\\\/micasa.lv\\\/lv\\\/niva-dusas-plaukts-300-mm\\\/#breadcrumb\"},\"inLanguage\":\"lv-LV\",\"potentialAction\":[{\"@type\":\"ReadAction\",\"target\":[\"https:\\\/\\\/micasa.lv\\\/lv\\\/niva-dusas-plaukts-300-mm\\\/\"]}]},{\"@type\":\"ImageObject\",\"inLanguage\":\"lv-LV\",\"@id\":\"https:\\\/\\\/micasa.lv\\\/lv\\\/niva-dusas-plaukts-300-mm\\\/#primaryimage\",\"url\":\"https:\\\/\\\/micasa.lv\\\/wp-content\\\/uploads\\\/2025\\\/05\\\/4c38ce17cf0df69bbd279c5eb7fa940a_101102225-velky.jpg\",\"contentUrl\":\"https:\\\/\\\/micasa.lv\\\/wp-content\\\/uploads\\\/2025\\\/05\\\/4c38ce17cf0df69bbd279c5eb7fa940a_101102225-velky.jpg\",\"width\":500,\"height\":500},{\"@type\":\"BreadcrumbList\",\"@id\":\"https:\\\/\\\/micasa.lv\\\/lv\\\/niva-dusas-plaukts-300-mm\\\/#breadcrumb\",\"itemListElement\":[{\"@type\":\"ListItem\",\"position\":1,\"name\":\"S\u0101kums\",\"item\":\"https:\\\/\\\/micasa.lv\\\/lv\\\/micasa\\\/\"},{\"@type\":\"ListItem\",\"position\":2,\"name\":\"Shop\",\"item\":\"https:\\\/\\\/micasa.lv\\\/lv\\\/shop\\\/\"},{\"@type\":\"ListItem\",\"position\":3,\"name\":\"NIVA: Du\u0161as plaukts, 300 mm\"}]},{\"@type\":\"WebSite\",\"@id\":\"https:\\\/\\\/micasa.lv\\\/lv\\\/#website\",\"url\":\"https:\\\/\\\/micasa.lv\\\/lv\\\/\",\"name\":\"Micasa\",\"description\":\"\",\"potentialAction\":[{\"@type\":\"SearchAction\",\"target\":{\"@type\":\"EntryPoint\",\"urlTemplate\":\"https:\\\/\\\/micasa.lv\\\/lv\\\/?s={search_term_string}\"},\"query-input\":{\"@type\":\"PropertyValueSpecification\",\"valueRequired\":true,\"valueName\":\"search_term_string\"}}],\"inLanguage\":\"lv-LV\"}]}<\/script>\n<!-- \/ Yoast SEO plugin. -->","yoast_head_json":{"title":"NIVA: Du\u0161as plaukts, 300 mm - Micasa","robots":{"index":"index","follow":"follow","max-snippet":"max-snippet:-1","max-image-preview":"max-image-preview:large","max-video-preview":"max-video-preview:-1"},"canonical":"https:\/\/micasa.lv\/lv\/niva-dusas-plaukts-300-mm\/","og_locale":"lv_LV","og_type":"article","og_title":"NIVA: Du\u0161as plaukts, 300 mm - Micasa","og_description":"NIVA kolekcija. Jaunums, ko rad\u012bjis slavenais produktu dizaineris Ren\u0113 \u0160ulcs. Asas l\u012bnijas, dinamisms, industri\u0101l\u0101 dizaina gars. Tas viss ner\u016bs\u0113jo\u0161\u0101 t\u0113rauda","og_url":"https:\/\/micasa.lv\/lv\/niva-dusas-plaukts-300-mm\/","og_site_name":"Micasa","article_modified_time":"2025-06-13T07:32:27+00:00","og_image":[{"width":500,"height":500,"url":"https:\/\/micasa.lv\/wp-content\/uploads\/2025\/05\/4c38ce17cf0df69bbd279c5eb7fa940a_101102225-velky.jpg","type":"image\/jpeg"}],"twitter_card":"summary_large_image","schema":{"@context":"https:\/\/schema.org","@graph":[{"@type":"WebPage","@id":"https:\/\/micasa.lv\/lv\/niva-dusas-plaukts-300-mm\/","url":"https:\/\/micasa.lv\/lv\/niva-dusas-plaukts-300-mm\/","name":"NIVA: Du\u0161as plaukts, 300 mm - Micasa","isPartOf":{"@id":"https:\/\/micasa.lv\/lv\/#website"},"primaryImageOfPage":{"@id":"https:\/\/micasa.lv\/lv\/niva-dusas-plaukts-300-mm\/#primaryimage"},"image":{"@id":"https:\/\/micasa.lv\/lv\/niva-dusas-plaukts-300-mm\/#primaryimage"},"thumbnailUrl":"https:\/\/micasa.lv\/wp-content\/uploads\/2025\/05\/4c38ce17cf0df69bbd279c5eb7fa940a_101102225-velky.jpg","datePublished":"2025-05-14T09:11:57+00:00","dateModified":"2025-06-13T07:32:27+00:00","breadcrumb":{"@id":"https:\/\/micasa.lv\/lv\/niva-dusas-plaukts-300-mm\/#breadcrumb"},"inLanguage":"lv-LV","potentialAction":[{"@type":"ReadAction","target":["https:\/\/micasa.lv\/lv\/niva-dusas-plaukts-300-mm\/"]}]},{"@type":"ImageObject","inLanguage":"lv-LV","@id":"https:\/\/micasa.lv\/lv\/niva-dusas-plaukts-300-mm\/#primaryimage","url":"https:\/\/micasa.lv\/wp-content\/uploads\/2025\/05\/4c38ce17cf0df69bbd279c5eb7fa940a_101102225-velky.jpg","contentUrl":"https:\/\/micasa.lv\/wp-content\/uploads\/2025\/05\/4c38ce17cf0df69bbd279c5eb7fa940a_101102225-velky.jpg","width":500,"height":500},{"@type":"BreadcrumbList","@id":"https:\/\/micasa.lv\/lv\/niva-dusas-plaukts-300-mm\/#breadcrumb","itemListElement":[{"@type":"ListItem","position":1,"name":"S\u0101kums","item":"https:\/\/micasa.lv\/lv\/micasa\/"},{"@type":"ListItem","position":2,"name":"Shop","item":"https:\/\/micasa.lv\/lv\/shop\/"},{"@type":"ListItem","position":3,"name":"NIVA: Du\u0161as plaukts, 300 mm"}]},{"@type":"WebSite","@id":"https:\/\/micasa.lv\/lv\/#website","url":"https:\/\/micasa.lv\/lv\/","name":"Micasa","description":"","potentialAction":[{"@type":"SearchAction","target":{"@type":"EntryPoint","urlTemplate":"https:\/\/micasa.lv\/lv\/?s={search_term_string}"},"query-input":{"@type":"PropertyValueSpecification","valueRequired":true,"valueName":"search_term_string"}}],"inLanguage":"lv-LV"}]}},"wcpa_form_fields":null,"_links":{"self":[{"href":"https:\/\/micasa.lv\/lv\/wp-json\/wp\/v2\/product\/43259","targetHints":{"allow":["GET"]}}],"collection":[{"href":"https:\/\/micasa.lv\/lv\/wp-json\/wp\/v2\/product"}],"about":[{"href":"https:\/\/micasa.lv\/lv\/wp-json\/wp\/v2\/types\/product"}],"version-history":[{"count":1,"href":"https:\/\/micasa.lv\/lv\/wp-json\/wp\/v2\/product\/43259\/revisions"}],"predecessor-version":[{"id":43289,"href":"https:\/\/micasa.lv\/lv\/wp-json\/wp\/v2\/product\/43259\/revisions\/43289"}],"wp:featuredmedia":[{"embeddable":true,"href":"https:\/\/micasa.lv\/lv\/wp-json\/wp\/v2\/media\/42550"}],"wp:attachment":[{"href":"https:\/\/micasa.lv\/lv\/wp-json\/wp\/v2\/media?parent=43259"}],"wp:term":[{"taxonomy":"product_brand","embeddable":true,"href":"https:\/\/micasa.lv\/lv\/wp-json\/wp\/v2\/product_brand?post=43259"},{"taxonomy":"product_cat","embeddable":true,"href":"https:\/\/micasa.lv\/lv\/wp-json\/wp\/v2\/product_cat?post=43259"},{"taxonomy":"product_tag","embeddable":true,"href":"https:\/\/micasa.lv\/lv\/wp-json\/wp\/v2\/product_tag?post=43259"}],"curies":[{"name":"wp","href":"https:\/\/api.w.org\/{rel}","templated":true}]}}