{"id":43271,"date":"2025-05-14T12:11:59","date_gmt":"2025-05-14T09:11:59","guid":{"rendered":"https:\/\/test.micasa.lv\/?post_type=product&#038;p=43271"},"modified":"2025-06-13T10:32:31","modified_gmt":"2025-06-13T07:32:31","slug":"dark-kosmetiskais-spogulis-ar-led-apgaismojumu-o-200-mm","status":"publish","type":"product","link":"https:\/\/micasa.lv\/lv\/dark-kosmetiskais-spogulis-ar-led-apgaismojumu-o-200-mm\/","title":{"rendered":"DARK: Kosm\u0113tiskais spogulis ar LED apgaismojumu, \u00f8 200 mm"},"content":{"rendered":"<p>K\u0101 jau nosaukums liecina, ar DARK s\u0113riju m\u0113s p\u0101rejam uz kr\u0101su spektra tum\u0161o pusi. Meln\u0101 kr\u0101sa ie\u0146em vado\u0161o poz\u012bciju. Kop\u0101 ar lakoto apdari t\u0101 pie\u0161\u0137ir izstr\u0101d\u0101jumiem patiesi m\u016bsdien\u012bgu dizainu un at\u0161\u0137ir\u012bgu dinamiku. Kolekcij\u0101 mekl\u0113jiet main\u0101mus tur\u0113t\u0101jus un pakaramos, tualetes birstes, ziepju dozatorus, salve\u0161u dozatorus un kosm\u0113tikas spogu\u013cus.<\/p>\n","protected":false},"excerpt":{"rendered":"<p>K\u0101 jau nosaukums liecina, ar DARK s\u0113riju m\u0113s p\u0101rejam uz kr\u0101su spektra tum\u0161o pusi. Meln\u0101 kr\u0101sa ie\u0146em vado\u0161o poz\u012bciju. Kop\u0101<\/p>\n","protected":false},"featured_media":42577,"template":"","meta":[],"product_brand":[],"product_cat":[1827,1528],"product_tag":[],"class_list":{"0":"post-43271","1":"product","2":"type-product","3":"status-publish","4":"has-post-thumbnail","6":"product_cat-kosmetiskie-spoguli","7":"product_cat-vannas-istabas-aksesuari","8":"pa_brand-bemeta-lv","10":"first","11":"instock","12":"taxable","13":"shipping-taxable","14":"purchasable","15":"product-type-simple"},"yoast_head":"<!-- This site is optimized with the Yoast SEO plugin v27.4 - https:\/\/yoast.com\/product\/yoast-seo-wordpress\/ -->\n<title>DARK: Kosm\u0113tiskais spogulis ar LED apgaismojumu, \u00f8 200 mm - Micasa<\/title>\n<meta name=\"robots\" content=\"index, follow, max-snippet:-1, max-image-preview:large, max-video-preview:-1\" \/>\n<link rel=\"canonical\" href=\"https:\/\/micasa.lv\/lv\/dark-kosmetiskais-spogulis-ar-led-apgaismojumu-o-200-mm\/\" \/>\n<meta property=\"og:locale\" content=\"lv_LV\" \/>\n<meta property=\"og:type\" content=\"article\" \/>\n<meta property=\"og:title\" content=\"DARK: Kosm\u0113tiskais spogulis ar LED apgaismojumu, \u00f8 200 mm - Micasa\" \/>\n<meta property=\"og:description\" content=\"K\u0101 jau nosaukums liecina, ar DARK s\u0113riju m\u0113s p\u0101rejam uz kr\u0101su spektra tum\u0161o pusi. Meln\u0101 kr\u0101sa ie\u0146em vado\u0161o poz\u012bciju. Kop\u0101\" \/>\n<meta property=\"og:url\" content=\"https:\/\/micasa.lv\/lv\/dark-kosmetiskais-spogulis-ar-led-apgaismojumu-o-200-mm\/\" \/>\n<meta property=\"og:site_name\" content=\"Micasa\" \/>\n<meta property=\"article:modified_time\" content=\"2025-06-13T07:32:31+00:00\" \/>\n<meta property=\"og:image\" content=\"https:\/\/micasa.lv\/wp-content\/uploads\/2025\/05\/7fadc786d23a17cdf77440730274cdf9_112101140w-velky.jpg\" \/>\n\t<meta property=\"og:image:width\" content=\"500\" \/>\n\t<meta property=\"og:image:height\" content=\"500\" \/>\n\t<meta property=\"og:image:type\" content=\"image\/jpeg\" \/>\n<meta name=\"twitter:card\" content=\"summary_large_image\" \/>\n<script type=\"application\/ld+json\" class=\"yoast-schema-graph\">{\"@context\":\"https:\\\/\\\/schema.org\",\"@graph\":[{\"@type\":\"WebPage\",\"@id\":\"https:\\\/\\\/micasa.lv\\\/lv\\\/dark-kosmetiskais-spogulis-ar-led-apgaismojumu-o-200-mm\\\/\",\"url\":\"https:\\\/\\\/micasa.lv\\\/lv\\\/dark-kosmetiskais-spogulis-ar-led-apgaismojumu-o-200-mm\\\/\",\"name\":\"DARK: Kosm\u0113tiskais spogulis ar LED apgaismojumu, \u00f8 200 mm - Micasa\",\"isPartOf\":{\"@id\":\"https:\\\/\\\/micasa.lv\\\/lv\\\/#website\"},\"primaryImageOfPage\":{\"@id\":\"https:\\\/\\\/micasa.lv\\\/lv\\\/dark-kosmetiskais-spogulis-ar-led-apgaismojumu-o-200-mm\\\/#primaryimage\"},\"image\":{\"@id\":\"https:\\\/\\\/micasa.lv\\\/lv\\\/dark-kosmetiskais-spogulis-ar-led-apgaismojumu-o-200-mm\\\/#primaryimage\"},\"thumbnailUrl\":\"https:\\\/\\\/micasa.lv\\\/wp-content\\\/uploads\\\/2025\\\/05\\\/7fadc786d23a17cdf77440730274cdf9_112101140w-velky.jpg\",\"datePublished\":\"2025-05-14T09:11:59+00:00\",\"dateModified\":\"2025-06-13T07:32:31+00:00\",\"breadcrumb\":{\"@id\":\"https:\\\/\\\/micasa.lv\\\/lv\\\/dark-kosmetiskais-spogulis-ar-led-apgaismojumu-o-200-mm\\\/#breadcrumb\"},\"inLanguage\":\"lv-LV\",\"potentialAction\":[{\"@type\":\"ReadAction\",\"target\":[\"https:\\\/\\\/micasa.lv\\\/lv\\\/dark-kosmetiskais-spogulis-ar-led-apgaismojumu-o-200-mm\\\/\"]}]},{\"@type\":\"ImageObject\",\"inLanguage\":\"lv-LV\",\"@id\":\"https:\\\/\\\/micasa.lv\\\/lv\\\/dark-kosmetiskais-spogulis-ar-led-apgaismojumu-o-200-mm\\\/#primaryimage\",\"url\":\"https:\\\/\\\/micasa.lv\\\/wp-content\\\/uploads\\\/2025\\\/05\\\/7fadc786d23a17cdf77440730274cdf9_112101140w-velky.jpg\",\"contentUrl\":\"https:\\\/\\\/micasa.lv\\\/wp-content\\\/uploads\\\/2025\\\/05\\\/7fadc786d23a17cdf77440730274cdf9_112101140w-velky.jpg\",\"width\":500,\"height\":500},{\"@type\":\"BreadcrumbList\",\"@id\":\"https:\\\/\\\/micasa.lv\\\/lv\\\/dark-kosmetiskais-spogulis-ar-led-apgaismojumu-o-200-mm\\\/#breadcrumb\",\"itemListElement\":[{\"@type\":\"ListItem\",\"position\":1,\"name\":\"S\u0101kums\",\"item\":\"https:\\\/\\\/micasa.lv\\\/lv\\\/micasa\\\/\"},{\"@type\":\"ListItem\",\"position\":2,\"name\":\"Shop\",\"item\":\"https:\\\/\\\/micasa.lv\\\/lv\\\/shop\\\/\"},{\"@type\":\"ListItem\",\"position\":3,\"name\":\"DARK: Kosm\u0113tiskais spogulis ar LED apgaismojumu, \u00f8 200 mm\"}]},{\"@type\":\"WebSite\",\"@id\":\"https:\\\/\\\/micasa.lv\\\/lv\\\/#website\",\"url\":\"https:\\\/\\\/micasa.lv\\\/lv\\\/\",\"name\":\"Micasa\",\"description\":\"\",\"potentialAction\":[{\"@type\":\"SearchAction\",\"target\":{\"@type\":\"EntryPoint\",\"urlTemplate\":\"https:\\\/\\\/micasa.lv\\\/lv\\\/?s={search_term_string}\"},\"query-input\":{\"@type\":\"PropertyValueSpecification\",\"valueRequired\":true,\"valueName\":\"search_term_string\"}}],\"inLanguage\":\"lv-LV\"}]}<\/script>\n<!-- \/ Yoast SEO plugin. -->","yoast_head_json":{"title":"DARK: Kosm\u0113tiskais spogulis ar LED apgaismojumu, \u00f8 200 mm - Micasa","robots":{"index":"index","follow":"follow","max-snippet":"max-snippet:-1","max-image-preview":"max-image-preview:large","max-video-preview":"max-video-preview:-1"},"canonical":"https:\/\/micasa.lv\/lv\/dark-kosmetiskais-spogulis-ar-led-apgaismojumu-o-200-mm\/","og_locale":"lv_LV","og_type":"article","og_title":"DARK: Kosm\u0113tiskais spogulis ar LED apgaismojumu, \u00f8 200 mm - Micasa","og_description":"K\u0101 jau nosaukums liecina, ar DARK s\u0113riju m\u0113s p\u0101rejam uz kr\u0101su spektra tum\u0161o pusi. Meln\u0101 kr\u0101sa ie\u0146em vado\u0161o poz\u012bciju. Kop\u0101","og_url":"https:\/\/micasa.lv\/lv\/dark-kosmetiskais-spogulis-ar-led-apgaismojumu-o-200-mm\/","og_site_name":"Micasa","article_modified_time":"2025-06-13T07:32:31+00:00","og_image":[{"width":500,"height":500,"url":"https:\/\/micasa.lv\/wp-content\/uploads\/2025\/05\/7fadc786d23a17cdf77440730274cdf9_112101140w-velky.jpg","type":"image\/jpeg"}],"twitter_card":"summary_large_image","schema":{"@context":"https:\/\/schema.org","@graph":[{"@type":"WebPage","@id":"https:\/\/micasa.lv\/lv\/dark-kosmetiskais-spogulis-ar-led-apgaismojumu-o-200-mm\/","url":"https:\/\/micasa.lv\/lv\/dark-kosmetiskais-spogulis-ar-led-apgaismojumu-o-200-mm\/","name":"DARK: Kosm\u0113tiskais spogulis ar LED apgaismojumu, \u00f8 200 mm - Micasa","isPartOf":{"@id":"https:\/\/micasa.lv\/lv\/#website"},"primaryImageOfPage":{"@id":"https:\/\/micasa.lv\/lv\/dark-kosmetiskais-spogulis-ar-led-apgaismojumu-o-200-mm\/#primaryimage"},"image":{"@id":"https:\/\/micasa.lv\/lv\/dark-kosmetiskais-spogulis-ar-led-apgaismojumu-o-200-mm\/#primaryimage"},"thumbnailUrl":"https:\/\/micasa.lv\/wp-content\/uploads\/2025\/05\/7fadc786d23a17cdf77440730274cdf9_112101140w-velky.jpg","datePublished":"2025-05-14T09:11:59+00:00","dateModified":"2025-06-13T07:32:31+00:00","breadcrumb":{"@id":"https:\/\/micasa.lv\/lv\/dark-kosmetiskais-spogulis-ar-led-apgaismojumu-o-200-mm\/#breadcrumb"},"inLanguage":"lv-LV","potentialAction":[{"@type":"ReadAction","target":["https:\/\/micasa.lv\/lv\/dark-kosmetiskais-spogulis-ar-led-apgaismojumu-o-200-mm\/"]}]},{"@type":"ImageObject","inLanguage":"lv-LV","@id":"https:\/\/micasa.lv\/lv\/dark-kosmetiskais-spogulis-ar-led-apgaismojumu-o-200-mm\/#primaryimage","url":"https:\/\/micasa.lv\/wp-content\/uploads\/2025\/05\/7fadc786d23a17cdf77440730274cdf9_112101140w-velky.jpg","contentUrl":"https:\/\/micasa.lv\/wp-content\/uploads\/2025\/05\/7fadc786d23a17cdf77440730274cdf9_112101140w-velky.jpg","width":500,"height":500},{"@type":"BreadcrumbList","@id":"https:\/\/micasa.lv\/lv\/dark-kosmetiskais-spogulis-ar-led-apgaismojumu-o-200-mm\/#breadcrumb","itemListElement":[{"@type":"ListItem","position":1,"name":"S\u0101kums","item":"https:\/\/micasa.lv\/lv\/micasa\/"},{"@type":"ListItem","position":2,"name":"Shop","item":"https:\/\/micasa.lv\/lv\/shop\/"},{"@type":"ListItem","position":3,"name":"DARK: Kosm\u0113tiskais spogulis ar LED apgaismojumu, \u00f8 200 mm"}]},{"@type":"WebSite","@id":"https:\/\/micasa.lv\/lv\/#website","url":"https:\/\/micasa.lv\/lv\/","name":"Micasa","description":"","potentialAction":[{"@type":"SearchAction","target":{"@type":"EntryPoint","urlTemplate":"https:\/\/micasa.lv\/lv\/?s={search_term_string}"},"query-input":{"@type":"PropertyValueSpecification","valueRequired":true,"valueName":"search_term_string"}}],"inLanguage":"lv-LV"}]}},"wcpa_form_fields":null,"_links":{"self":[{"href":"https:\/\/micasa.lv\/lv\/wp-json\/wp\/v2\/product\/43271","targetHints":{"allow":["GET"]}}],"collection":[{"href":"https:\/\/micasa.lv\/lv\/wp-json\/wp\/v2\/product"}],"about":[{"href":"https:\/\/micasa.lv\/lv\/wp-json\/wp\/v2\/types\/product"}],"version-history":[{"count":1,"href":"https:\/\/micasa.lv\/lv\/wp-json\/wp\/v2\/product\/43271\/revisions"}],"predecessor-version":[{"id":43301,"href":"https:\/\/micasa.lv\/lv\/wp-json\/wp\/v2\/product\/43271\/revisions\/43301"}],"wp:featuredmedia":[{"embeddable":true,"href":"https:\/\/micasa.lv\/lv\/wp-json\/wp\/v2\/media\/42577"}],"wp:attachment":[{"href":"https:\/\/micasa.lv\/lv\/wp-json\/wp\/v2\/media?parent=43271"}],"wp:term":[{"taxonomy":"product_brand","embeddable":true,"href":"https:\/\/micasa.lv\/lv\/wp-json\/wp\/v2\/product_brand?post=43271"},{"taxonomy":"product_cat","embeddable":true,"href":"https:\/\/micasa.lv\/lv\/wp-json\/wp\/v2\/product_cat?post=43271"},{"taxonomy":"product_tag","embeddable":true,"href":"https:\/\/micasa.lv\/lv\/wp-json\/wp\/v2\/product_tag?post=43271"}],"curies":[{"name":"wp","href":"https:\/\/api.w.org\/{rel}","templated":true}]}}