{"id":43308,"date":"2025-05-14T12:12:01","date_gmt":"2025-05-14T09:12:01","guid":{"rendered":"https:\/\/test.micasa.lv\/?post_type=product&#038;p=43308"},"modified":"2025-06-13T10:32:34","modified_gmt":"2025-06-13T07:32:34","slug":"spogulis-ar-led-apgaismojumu-800-x-600-mm-skarienjutigs-sensors","status":"publish","type":"product","link":"https:\/\/micasa.lv\/lv\/spogulis-ar-led-apgaismojumu-800-x-600-mm-skarienjutigs-sensors\/","title":{"rendered":"Spogulis ar LED apgaismojumu 800 x 600 mm, sk\u0101rienjut\u012bgs sensors"},"content":{"rendered":"<p>Vannas istabai bez barjer\u0101m pied\u0101v\u0101jam ar\u012b augstas kvalit\u0101tes salok\u0101mos spogu\u013cus. Spogu\u013ci ir pieejami da\u017e\u0101dos izm\u0113ros un no ner\u016bs\u0113jo\u0161\u0101 t\u0113rauda ar sp\u012bdumu, ner\u016bs\u0113jo\u0161\u0101 t\u0113rauda ar pul\u0113tu p\u0101rkl\u0101jumu un baltas lakas. P\u0113c piepras\u012bjuma varam izgatavot ar\u012b spogu\u013cus atbilsto\u0161i klienta vajadz\u012bb\u0101m.<\/p>\n","protected":false},"excerpt":{"rendered":"<p>Vannas istabai bez barjer\u0101m pied\u0101v\u0101jam ar\u012b augstas kvalit\u0101tes salok\u0101mos spogu\u013cus. Spogu\u013ci ir pieejami da\u017e\u0101dos izm\u0113ros un no ner\u016bs\u0113jo\u0161\u0101 t\u0113rauda ar<\/p>\n","protected":false},"featured_media":42514,"template":"","meta":[],"product_brand":[],"product_cat":[1837,1528],"product_tag":[],"class_list":{"0":"post-43308","1":"product","2":"type-product","3":"status-publish","4":"has-post-thumbnail","6":"product_cat-spoguli","7":"product_cat-vannas-istabas-aksesuari","8":"pa_brand-bemeta-lv","10":"first","11":"instock","12":"taxable","13":"shipping-taxable","14":"purchasable","15":"product-type-simple"},"yoast_head":"<!-- This site is optimized with the Yoast SEO plugin v27.4 - https:\/\/yoast.com\/product\/yoast-seo-wordpress\/ -->\n<title>Spogulis ar LED apgaismojumu 800 x 600 mm, sk\u0101rienjut\u012bgs sensors - Micasa<\/title>\n<meta name=\"robots\" content=\"index, follow, max-snippet:-1, max-image-preview:large, max-video-preview:-1\" \/>\n<link rel=\"canonical\" href=\"https:\/\/micasa.lv\/lv\/spogulis-ar-led-apgaismojumu-800-x-600-mm-skarienjutigs-sensors\/\" \/>\n<meta property=\"og:locale\" content=\"lv_LV\" \/>\n<meta property=\"og:type\" content=\"article\" \/>\n<meta property=\"og:title\" content=\"Spogulis ar LED apgaismojumu 800 x 600 mm, sk\u0101rienjut\u012bgs sensors - Micasa\" \/>\n<meta property=\"og:description\" content=\"Vannas istabai bez barjer\u0101m pied\u0101v\u0101jam ar\u012b augstas kvalit\u0101tes salok\u0101mos spogu\u013cus. Spogu\u013ci ir pieejami da\u017e\u0101dos izm\u0113ros un no ner\u016bs\u0113jo\u0161\u0101 t\u0113rauda ar\" \/>\n<meta property=\"og:url\" content=\"https:\/\/micasa.lv\/lv\/spogulis-ar-led-apgaismojumu-800-x-600-mm-skarienjutigs-sensors\/\" \/>\n<meta property=\"og:site_name\" content=\"Micasa\" \/>\n<meta property=\"article:modified_time\" content=\"2025-06-13T07:32:34+00:00\" \/>\n<meta property=\"og:image\" content=\"https:\/\/micasa.lv\/wp-content\/uploads\/2025\/05\/f69f3943c8f5317559501bb48a7ca934_101201117-velky.jpg\" \/>\n\t<meta property=\"og:image:width\" content=\"500\" \/>\n\t<meta property=\"og:image:height\" content=\"500\" \/>\n\t<meta property=\"og:image:type\" content=\"image\/jpeg\" \/>\n<meta name=\"twitter:card\" content=\"summary_large_image\" \/>\n<script type=\"application\/ld+json\" class=\"yoast-schema-graph\">{\"@context\":\"https:\\\/\\\/schema.org\",\"@graph\":[{\"@type\":\"WebPage\",\"@id\":\"https:\\\/\\\/micasa.lv\\\/lv\\\/spogulis-ar-led-apgaismojumu-800-x-600-mm-skarienjutigs-sensors\\\/\",\"url\":\"https:\\\/\\\/micasa.lv\\\/lv\\\/spogulis-ar-led-apgaismojumu-800-x-600-mm-skarienjutigs-sensors\\\/\",\"name\":\"Spogulis ar LED apgaismojumu 800 x 600 mm, sk\u0101rienjut\u012bgs sensors - Micasa\",\"isPartOf\":{\"@id\":\"https:\\\/\\\/micasa.lv\\\/lv\\\/#website\"},\"primaryImageOfPage\":{\"@id\":\"https:\\\/\\\/micasa.lv\\\/lv\\\/spogulis-ar-led-apgaismojumu-800-x-600-mm-skarienjutigs-sensors\\\/#primaryimage\"},\"image\":{\"@id\":\"https:\\\/\\\/micasa.lv\\\/lv\\\/spogulis-ar-led-apgaismojumu-800-x-600-mm-skarienjutigs-sensors\\\/#primaryimage\"},\"thumbnailUrl\":\"https:\\\/\\\/micasa.lv\\\/wp-content\\\/uploads\\\/2025\\\/05\\\/f69f3943c8f5317559501bb48a7ca934_101201117-velky.jpg\",\"datePublished\":\"2025-05-14T09:12:01+00:00\",\"dateModified\":\"2025-06-13T07:32:34+00:00\",\"breadcrumb\":{\"@id\":\"https:\\\/\\\/micasa.lv\\\/lv\\\/spogulis-ar-led-apgaismojumu-800-x-600-mm-skarienjutigs-sensors\\\/#breadcrumb\"},\"inLanguage\":\"lv-LV\",\"potentialAction\":[{\"@type\":\"ReadAction\",\"target\":[\"https:\\\/\\\/micasa.lv\\\/lv\\\/spogulis-ar-led-apgaismojumu-800-x-600-mm-skarienjutigs-sensors\\\/\"]}]},{\"@type\":\"ImageObject\",\"inLanguage\":\"lv-LV\",\"@id\":\"https:\\\/\\\/micasa.lv\\\/lv\\\/spogulis-ar-led-apgaismojumu-800-x-600-mm-skarienjutigs-sensors\\\/#primaryimage\",\"url\":\"https:\\\/\\\/micasa.lv\\\/wp-content\\\/uploads\\\/2025\\\/05\\\/f69f3943c8f5317559501bb48a7ca934_101201117-velky.jpg\",\"contentUrl\":\"https:\\\/\\\/micasa.lv\\\/wp-content\\\/uploads\\\/2025\\\/05\\\/f69f3943c8f5317559501bb48a7ca934_101201117-velky.jpg\",\"width\":500,\"height\":500},{\"@type\":\"BreadcrumbList\",\"@id\":\"https:\\\/\\\/micasa.lv\\\/lv\\\/spogulis-ar-led-apgaismojumu-800-x-600-mm-skarienjutigs-sensors\\\/#breadcrumb\",\"itemListElement\":[{\"@type\":\"ListItem\",\"position\":1,\"name\":\"S\u0101kums\",\"item\":\"https:\\\/\\\/micasa.lv\\\/lv\\\/micasa\\\/\"},{\"@type\":\"ListItem\",\"position\":2,\"name\":\"Shop\",\"item\":\"https:\\\/\\\/micasa.lv\\\/lv\\\/shop\\\/\"},{\"@type\":\"ListItem\",\"position\":3,\"name\":\"Spogulis ar LED apgaismojumu 800 x 600 mm, sk\u0101rienjut\u012bgs sensors\"}]},{\"@type\":\"WebSite\",\"@id\":\"https:\\\/\\\/micasa.lv\\\/lv\\\/#website\",\"url\":\"https:\\\/\\\/micasa.lv\\\/lv\\\/\",\"name\":\"Micasa\",\"description\":\"\",\"potentialAction\":[{\"@type\":\"SearchAction\",\"target\":{\"@type\":\"EntryPoint\",\"urlTemplate\":\"https:\\\/\\\/micasa.lv\\\/lv\\\/?s={search_term_string}\"},\"query-input\":{\"@type\":\"PropertyValueSpecification\",\"valueRequired\":true,\"valueName\":\"search_term_string\"}}],\"inLanguage\":\"lv-LV\"}]}<\/script>\n<!-- \/ Yoast SEO plugin. -->","yoast_head_json":{"title":"Spogulis ar LED apgaismojumu 800 x 600 mm, sk\u0101rienjut\u012bgs sensors - Micasa","robots":{"index":"index","follow":"follow","max-snippet":"max-snippet:-1","max-image-preview":"max-image-preview:large","max-video-preview":"max-video-preview:-1"},"canonical":"https:\/\/micasa.lv\/lv\/spogulis-ar-led-apgaismojumu-800-x-600-mm-skarienjutigs-sensors\/","og_locale":"lv_LV","og_type":"article","og_title":"Spogulis ar LED apgaismojumu 800 x 600 mm, sk\u0101rienjut\u012bgs sensors - Micasa","og_description":"Vannas istabai bez barjer\u0101m pied\u0101v\u0101jam ar\u012b augstas kvalit\u0101tes salok\u0101mos spogu\u013cus. Spogu\u013ci ir pieejami da\u017e\u0101dos izm\u0113ros un no ner\u016bs\u0113jo\u0161\u0101 t\u0113rauda ar","og_url":"https:\/\/micasa.lv\/lv\/spogulis-ar-led-apgaismojumu-800-x-600-mm-skarienjutigs-sensors\/","og_site_name":"Micasa","article_modified_time":"2025-06-13T07:32:34+00:00","og_image":[{"width":500,"height":500,"url":"https:\/\/micasa.lv\/wp-content\/uploads\/2025\/05\/f69f3943c8f5317559501bb48a7ca934_101201117-velky.jpg","type":"image\/jpeg"}],"twitter_card":"summary_large_image","schema":{"@context":"https:\/\/schema.org","@graph":[{"@type":"WebPage","@id":"https:\/\/micasa.lv\/lv\/spogulis-ar-led-apgaismojumu-800-x-600-mm-skarienjutigs-sensors\/","url":"https:\/\/micasa.lv\/lv\/spogulis-ar-led-apgaismojumu-800-x-600-mm-skarienjutigs-sensors\/","name":"Spogulis ar LED apgaismojumu 800 x 600 mm, sk\u0101rienjut\u012bgs sensors - Micasa","isPartOf":{"@id":"https:\/\/micasa.lv\/lv\/#website"},"primaryImageOfPage":{"@id":"https:\/\/micasa.lv\/lv\/spogulis-ar-led-apgaismojumu-800-x-600-mm-skarienjutigs-sensors\/#primaryimage"},"image":{"@id":"https:\/\/micasa.lv\/lv\/spogulis-ar-led-apgaismojumu-800-x-600-mm-skarienjutigs-sensors\/#primaryimage"},"thumbnailUrl":"https:\/\/micasa.lv\/wp-content\/uploads\/2025\/05\/f69f3943c8f5317559501bb48a7ca934_101201117-velky.jpg","datePublished":"2025-05-14T09:12:01+00:00","dateModified":"2025-06-13T07:32:34+00:00","breadcrumb":{"@id":"https:\/\/micasa.lv\/lv\/spogulis-ar-led-apgaismojumu-800-x-600-mm-skarienjutigs-sensors\/#breadcrumb"},"inLanguage":"lv-LV","potentialAction":[{"@type":"ReadAction","target":["https:\/\/micasa.lv\/lv\/spogulis-ar-led-apgaismojumu-800-x-600-mm-skarienjutigs-sensors\/"]}]},{"@type":"ImageObject","inLanguage":"lv-LV","@id":"https:\/\/micasa.lv\/lv\/spogulis-ar-led-apgaismojumu-800-x-600-mm-skarienjutigs-sensors\/#primaryimage","url":"https:\/\/micasa.lv\/wp-content\/uploads\/2025\/05\/f69f3943c8f5317559501bb48a7ca934_101201117-velky.jpg","contentUrl":"https:\/\/micasa.lv\/wp-content\/uploads\/2025\/05\/f69f3943c8f5317559501bb48a7ca934_101201117-velky.jpg","width":500,"height":500},{"@type":"BreadcrumbList","@id":"https:\/\/micasa.lv\/lv\/spogulis-ar-led-apgaismojumu-800-x-600-mm-skarienjutigs-sensors\/#breadcrumb","itemListElement":[{"@type":"ListItem","position":1,"name":"S\u0101kums","item":"https:\/\/micasa.lv\/lv\/micasa\/"},{"@type":"ListItem","position":2,"name":"Shop","item":"https:\/\/micasa.lv\/lv\/shop\/"},{"@type":"ListItem","position":3,"name":"Spogulis ar LED apgaismojumu 800 x 600 mm, sk\u0101rienjut\u012bgs sensors"}]},{"@type":"WebSite","@id":"https:\/\/micasa.lv\/lv\/#website","url":"https:\/\/micasa.lv\/lv\/","name":"Micasa","description":"","potentialAction":[{"@type":"SearchAction","target":{"@type":"EntryPoint","urlTemplate":"https:\/\/micasa.lv\/lv\/?s={search_term_string}"},"query-input":{"@type":"PropertyValueSpecification","valueRequired":true,"valueName":"search_term_string"}}],"inLanguage":"lv-LV"}]}},"wcpa_form_fields":null,"_links":{"self":[{"href":"https:\/\/micasa.lv\/lv\/wp-json\/wp\/v2\/product\/43308","targetHints":{"allow":["GET"]}}],"collection":[{"href":"https:\/\/micasa.lv\/lv\/wp-json\/wp\/v2\/product"}],"about":[{"href":"https:\/\/micasa.lv\/lv\/wp-json\/wp\/v2\/types\/product"}],"version-history":[{"count":1,"href":"https:\/\/micasa.lv\/lv\/wp-json\/wp\/v2\/product\/43308\/revisions"}],"predecessor-version":[{"id":43338,"href":"https:\/\/micasa.lv\/lv\/wp-json\/wp\/v2\/product\/43308\/revisions\/43338"}],"wp:featuredmedia":[{"embeddable":true,"href":"https:\/\/micasa.lv\/lv\/wp-json\/wp\/v2\/media\/42514"}],"wp:attachment":[{"href":"https:\/\/micasa.lv\/lv\/wp-json\/wp\/v2\/media?parent=43308"}],"wp:term":[{"taxonomy":"product_brand","embeddable":true,"href":"https:\/\/micasa.lv\/lv\/wp-json\/wp\/v2\/product_brand?post=43308"},{"taxonomy":"product_cat","embeddable":true,"href":"https:\/\/micasa.lv\/lv\/wp-json\/wp\/v2\/product_cat?post=43308"},{"taxonomy":"product_tag","embeddable":true,"href":"https:\/\/micasa.lv\/lv\/wp-json\/wp\/v2\/product_tag?post=43308"}],"curies":[{"name":"wp","href":"https:\/\/api.w.org\/{rel}","templated":true}]}}