{"id":43333,"date":"2025-05-14T12:12:21","date_gmt":"2025-05-14T09:12:21","guid":{"rendered":"https:\/\/test.micasa.lv\/?post_type=product&#038;p=43333"},"modified":"2025-06-13T10:32:42","modified_gmt":"2025-06-13T07:32:42","slug":"vista-brivi-stavoss-ziepju-dozators-250-ml-zils","status":"publish","type":"product","link":"https:\/\/micasa.lv\/lv\/vista-brivi-stavoss-ziepju-dozators-250-ml-zils\/","title":{"rendered":"VISTA: Br\u012bvi st\u0101vo\u0161s ziepju dozators, 250 ml, zils"},"content":{"rendered":"<p>Funkcionalit\u0101te VIA stil\u0101. Jo dizainam nevajadz\u0113tu tikai izskat\u012bties labi, bet galvenok\u0101rt tam vajadz\u0113tu darboties efekt\u012bvi. \u0160\u012b kolekcija ir pilna ar m\u016b\u017e\u012bgu eleganci, t\u012br\u0101m l\u012bnij\u0101m un praktiskiem risin\u0101jumiem. T\u0101di materi\u0101li k\u0101 stikls, hroma apdare un gai\u0161i to\u0146i veicina diskr\u0113tu est\u0113tiku, kas neboj\u0101s nevienas vannas istabas interjeru. Kolekcij\u0101 ir pilns produktu kl\u0101sts \u2013 pakaramie, rokturi, plaukti, tur\u0113t\u0101ji, ziepju trauki, dozatori un tualetes birstes.<\/p>\n","protected":false},"excerpt":{"rendered":"<p>Funkcionalit\u0101te VIA stil\u0101. Jo dizainam nevajadz\u0113tu tikai izskat\u012bties labi, bet galvenok\u0101rt tam vajadz\u0113tu darboties efekt\u012bvi. \u0160\u012b kolekcija ir pilna ar<\/p>\n","protected":false},"featured_media":42532,"template":"","meta":[],"product_brand":[],"product_cat":[1851,1528],"product_tag":[],"class_list":{"0":"post-43333","1":"product","2":"type-product","3":"status-publish","4":"has-post-thumbnail","6":"product_cat-skidro-ziepju-dozatori","7":"product_cat-vannas-istabas-aksesuari","8":"pa_brand-bemeta-lv","10":"first","11":"instock","12":"taxable","13":"shipping-taxable","14":"purchasable","15":"product-type-simple"},"yoast_head":"<!-- This site is optimized with the Yoast SEO plugin v27.4 - https:\/\/yoast.com\/product\/yoast-seo-wordpress\/ -->\n<title>VISTA: Br\u012bvi st\u0101vo\u0161s ziepju dozators, 250 ml, zils - Micasa<\/title>\n<meta name=\"robots\" content=\"index, follow, max-snippet:-1, max-image-preview:large, max-video-preview:-1\" \/>\n<link rel=\"canonical\" href=\"https:\/\/micasa.lv\/lv\/vista-brivi-stavoss-ziepju-dozators-250-ml-zils\/\" \/>\n<meta property=\"og:locale\" content=\"lv_LV\" \/>\n<meta property=\"og:type\" content=\"article\" \/>\n<meta property=\"og:title\" content=\"VISTA: Br\u012bvi st\u0101vo\u0161s ziepju dozators, 250 ml, zils - Micasa\" \/>\n<meta property=\"og:description\" content=\"Funkcionalit\u0101te VIA stil\u0101. Jo dizainam nevajadz\u0113tu tikai izskat\u012bties labi, bet galvenok\u0101rt tam vajadz\u0113tu darboties efekt\u012bvi. \u0160\u012b kolekcija ir pilna ar\" \/>\n<meta property=\"og:url\" content=\"https:\/\/micasa.lv\/lv\/vista-brivi-stavoss-ziepju-dozators-250-ml-zils\/\" \/>\n<meta property=\"og:site_name\" content=\"Micasa\" \/>\n<meta property=\"article:modified_time\" content=\"2025-06-13T07:32:42+00:00\" \/>\n<meta property=\"og:image\" content=\"https:\/\/micasa.lv\/wp-content\/uploads\/2025\/05\/1b2853e6d37d8fa14493b07a6547713d_120109016-102-velky.jpg\" \/>\n\t<meta property=\"og:image:width\" content=\"500\" \/>\n\t<meta property=\"og:image:height\" content=\"500\" \/>\n\t<meta property=\"og:image:type\" content=\"image\/jpeg\" \/>\n<meta name=\"twitter:card\" content=\"summary_large_image\" \/>\n<script type=\"application\/ld+json\" class=\"yoast-schema-graph\">{\"@context\":\"https:\\\/\\\/schema.org\",\"@graph\":[{\"@type\":\"WebPage\",\"@id\":\"https:\\\/\\\/micasa.lv\\\/lv\\\/vista-brivi-stavoss-ziepju-dozators-250-ml-zils\\\/\",\"url\":\"https:\\\/\\\/micasa.lv\\\/lv\\\/vista-brivi-stavoss-ziepju-dozators-250-ml-zils\\\/\",\"name\":\"VISTA: Br\u012bvi st\u0101vo\u0161s ziepju dozators, 250 ml, zils - Micasa\",\"isPartOf\":{\"@id\":\"https:\\\/\\\/micasa.lv\\\/lv\\\/#website\"},\"primaryImageOfPage\":{\"@id\":\"https:\\\/\\\/micasa.lv\\\/lv\\\/vista-brivi-stavoss-ziepju-dozators-250-ml-zils\\\/#primaryimage\"},\"image\":{\"@id\":\"https:\\\/\\\/micasa.lv\\\/lv\\\/vista-brivi-stavoss-ziepju-dozators-250-ml-zils\\\/#primaryimage\"},\"thumbnailUrl\":\"https:\\\/\\\/micasa.lv\\\/wp-content\\\/uploads\\\/2025\\\/05\\\/1b2853e6d37d8fa14493b07a6547713d_120109016-102-velky.jpg\",\"datePublished\":\"2025-05-14T09:12:21+00:00\",\"dateModified\":\"2025-06-13T07:32:42+00:00\",\"breadcrumb\":{\"@id\":\"https:\\\/\\\/micasa.lv\\\/lv\\\/vista-brivi-stavoss-ziepju-dozators-250-ml-zils\\\/#breadcrumb\"},\"inLanguage\":\"lv-LV\",\"potentialAction\":[{\"@type\":\"ReadAction\",\"target\":[\"https:\\\/\\\/micasa.lv\\\/lv\\\/vista-brivi-stavoss-ziepju-dozators-250-ml-zils\\\/\"]}]},{\"@type\":\"ImageObject\",\"inLanguage\":\"lv-LV\",\"@id\":\"https:\\\/\\\/micasa.lv\\\/lv\\\/vista-brivi-stavoss-ziepju-dozators-250-ml-zils\\\/#primaryimage\",\"url\":\"https:\\\/\\\/micasa.lv\\\/wp-content\\\/uploads\\\/2025\\\/05\\\/1b2853e6d37d8fa14493b07a6547713d_120109016-102-velky.jpg\",\"contentUrl\":\"https:\\\/\\\/micasa.lv\\\/wp-content\\\/uploads\\\/2025\\\/05\\\/1b2853e6d37d8fa14493b07a6547713d_120109016-102-velky.jpg\",\"width\":500,\"height\":500},{\"@type\":\"BreadcrumbList\",\"@id\":\"https:\\\/\\\/micasa.lv\\\/lv\\\/vista-brivi-stavoss-ziepju-dozators-250-ml-zils\\\/#breadcrumb\",\"itemListElement\":[{\"@type\":\"ListItem\",\"position\":1,\"name\":\"S\u0101kums\",\"item\":\"https:\\\/\\\/micasa.lv\\\/lv\\\/micasa\\\/\"},{\"@type\":\"ListItem\",\"position\":2,\"name\":\"Shop\",\"item\":\"https:\\\/\\\/micasa.lv\\\/lv\\\/shop\\\/\"},{\"@type\":\"ListItem\",\"position\":3,\"name\":\"VISTA: Br\u012bvi st\u0101vo\u0161s ziepju dozators, 250 ml, zils\"}]},{\"@type\":\"WebSite\",\"@id\":\"https:\\\/\\\/micasa.lv\\\/lv\\\/#website\",\"url\":\"https:\\\/\\\/micasa.lv\\\/lv\\\/\",\"name\":\"Micasa\",\"description\":\"\",\"potentialAction\":[{\"@type\":\"SearchAction\",\"target\":{\"@type\":\"EntryPoint\",\"urlTemplate\":\"https:\\\/\\\/micasa.lv\\\/lv\\\/?s={search_term_string}\"},\"query-input\":{\"@type\":\"PropertyValueSpecification\",\"valueRequired\":true,\"valueName\":\"search_term_string\"}}],\"inLanguage\":\"lv-LV\"}]}<\/script>\n<!-- \/ Yoast SEO plugin. -->","yoast_head_json":{"title":"VISTA: Br\u012bvi st\u0101vo\u0161s ziepju dozators, 250 ml, zils - Micasa","robots":{"index":"index","follow":"follow","max-snippet":"max-snippet:-1","max-image-preview":"max-image-preview:large","max-video-preview":"max-video-preview:-1"},"canonical":"https:\/\/micasa.lv\/lv\/vista-brivi-stavoss-ziepju-dozators-250-ml-zils\/","og_locale":"lv_LV","og_type":"article","og_title":"VISTA: Br\u012bvi st\u0101vo\u0161s ziepju dozators, 250 ml, zils - Micasa","og_description":"Funkcionalit\u0101te VIA stil\u0101. Jo dizainam nevajadz\u0113tu tikai izskat\u012bties labi, bet galvenok\u0101rt tam vajadz\u0113tu darboties efekt\u012bvi. \u0160\u012b kolekcija ir pilna ar","og_url":"https:\/\/micasa.lv\/lv\/vista-brivi-stavoss-ziepju-dozators-250-ml-zils\/","og_site_name":"Micasa","article_modified_time":"2025-06-13T07:32:42+00:00","og_image":[{"width":500,"height":500,"url":"https:\/\/micasa.lv\/wp-content\/uploads\/2025\/05\/1b2853e6d37d8fa14493b07a6547713d_120109016-102-velky.jpg","type":"image\/jpeg"}],"twitter_card":"summary_large_image","schema":{"@context":"https:\/\/schema.org","@graph":[{"@type":"WebPage","@id":"https:\/\/micasa.lv\/lv\/vista-brivi-stavoss-ziepju-dozators-250-ml-zils\/","url":"https:\/\/micasa.lv\/lv\/vista-brivi-stavoss-ziepju-dozators-250-ml-zils\/","name":"VISTA: Br\u012bvi st\u0101vo\u0161s ziepju dozators, 250 ml, zils - Micasa","isPartOf":{"@id":"https:\/\/micasa.lv\/lv\/#website"},"primaryImageOfPage":{"@id":"https:\/\/micasa.lv\/lv\/vista-brivi-stavoss-ziepju-dozators-250-ml-zils\/#primaryimage"},"image":{"@id":"https:\/\/micasa.lv\/lv\/vista-brivi-stavoss-ziepju-dozators-250-ml-zils\/#primaryimage"},"thumbnailUrl":"https:\/\/micasa.lv\/wp-content\/uploads\/2025\/05\/1b2853e6d37d8fa14493b07a6547713d_120109016-102-velky.jpg","datePublished":"2025-05-14T09:12:21+00:00","dateModified":"2025-06-13T07:32:42+00:00","breadcrumb":{"@id":"https:\/\/micasa.lv\/lv\/vista-brivi-stavoss-ziepju-dozators-250-ml-zils\/#breadcrumb"},"inLanguage":"lv-LV","potentialAction":[{"@type":"ReadAction","target":["https:\/\/micasa.lv\/lv\/vista-brivi-stavoss-ziepju-dozators-250-ml-zils\/"]}]},{"@type":"ImageObject","inLanguage":"lv-LV","@id":"https:\/\/micasa.lv\/lv\/vista-brivi-stavoss-ziepju-dozators-250-ml-zils\/#primaryimage","url":"https:\/\/micasa.lv\/wp-content\/uploads\/2025\/05\/1b2853e6d37d8fa14493b07a6547713d_120109016-102-velky.jpg","contentUrl":"https:\/\/micasa.lv\/wp-content\/uploads\/2025\/05\/1b2853e6d37d8fa14493b07a6547713d_120109016-102-velky.jpg","width":500,"height":500},{"@type":"BreadcrumbList","@id":"https:\/\/micasa.lv\/lv\/vista-brivi-stavoss-ziepju-dozators-250-ml-zils\/#breadcrumb","itemListElement":[{"@type":"ListItem","position":1,"name":"S\u0101kums","item":"https:\/\/micasa.lv\/lv\/micasa\/"},{"@type":"ListItem","position":2,"name":"Shop","item":"https:\/\/micasa.lv\/lv\/shop\/"},{"@type":"ListItem","position":3,"name":"VISTA: Br\u012bvi st\u0101vo\u0161s ziepju dozators, 250 ml, zils"}]},{"@type":"WebSite","@id":"https:\/\/micasa.lv\/lv\/#website","url":"https:\/\/micasa.lv\/lv\/","name":"Micasa","description":"","potentialAction":[{"@type":"SearchAction","target":{"@type":"EntryPoint","urlTemplate":"https:\/\/micasa.lv\/lv\/?s={search_term_string}"},"query-input":{"@type":"PropertyValueSpecification","valueRequired":true,"valueName":"search_term_string"}}],"inLanguage":"lv-LV"}]}},"wcpa_form_fields":null,"_links":{"self":[{"href":"https:\/\/micasa.lv\/lv\/wp-json\/wp\/v2\/product\/43333","targetHints":{"allow":["GET"]}}],"collection":[{"href":"https:\/\/micasa.lv\/lv\/wp-json\/wp\/v2\/product"}],"about":[{"href":"https:\/\/micasa.lv\/lv\/wp-json\/wp\/v2\/types\/product"}],"version-history":[{"count":1,"href":"https:\/\/micasa.lv\/lv\/wp-json\/wp\/v2\/product\/43333\/revisions"}],"predecessor-version":[{"id":43363,"href":"https:\/\/micasa.lv\/lv\/wp-json\/wp\/v2\/product\/43333\/revisions\/43363"}],"wp:featuredmedia":[{"embeddable":true,"href":"https:\/\/micasa.lv\/lv\/wp-json\/wp\/v2\/media\/42532"}],"wp:attachment":[{"href":"https:\/\/micasa.lv\/lv\/wp-json\/wp\/v2\/media?parent=43333"}],"wp:term":[{"taxonomy":"product_brand","embeddable":true,"href":"https:\/\/micasa.lv\/lv\/wp-json\/wp\/v2\/product_brand?post=43333"},{"taxonomy":"product_cat","embeddable":true,"href":"https:\/\/micasa.lv\/lv\/wp-json\/wp\/v2\/product_cat?post=43333"},{"taxonomy":"product_tag","embeddable":true,"href":"https:\/\/micasa.lv\/lv\/wp-json\/wp\/v2\/product_tag?post=43333"}],"curies":[{"name":"wp","href":"https:\/\/api.w.org\/{rel}","templated":true}]}}