{"id":43387,"date":"2025-05-14T12:12:40","date_gmt":"2025-05-14T09:12:40","guid":{"rendered":"https:\/\/test.micasa.lv\/?post_type=product&#038;p=43387"},"modified":"2025-06-13T10:32:50","modified_gmt":"2025-06-13T07:32:50","slug":"galla-tualetes-papira-turetajs","status":"publish","type":"product","link":"https:\/\/micasa.lv\/lv\/galla-tualetes-papira-turetajs\/","title":{"rendered":"GALLA: Tualetes pap\u012bra tur\u0113t\u0101js"},"content":{"rendered":"<p>Viens no ekskluz\u012bvajiem jaunpien\u0101c\u0113jiem m\u016bsu portfel\u012b kop\u0161 2020. gada. GALLA ir eleganta un burv\u012bgi provokat\u012bva kolekcija, kas galvenok\u0101rt izstaro melnus mat\u0113tus to\u0146us, da\u017ek\u0101rt sp\u0113l\u0113joties ar m\u016bsu rakstur\u012bgo kafijas zelta toni. Citiem v\u0101rdiem sakot, unik\u0101la kombin\u0101cija j\u016bsu luksusa vannas istabai. Produktu zi\u0146\u0101 t\u0101 papla\u0161ina plauktu, tur\u0113t\u0101ju un pakaramo, ziepju trauku un \u0161\u0137idro ziepju dozatoru sada\u013cu.<\/p>\n","protected":false},"excerpt":{"rendered":"<p>Viens no ekskluz\u012bvajiem jaunpien\u0101c\u0113jiem m\u016bsu portfel\u012b kop\u0161 2020. gada. GALLA ir eleganta un burv\u012bgi provokat\u012bva kolekcija, kas galvenok\u0101rt izstaro melnus<\/p>\n","protected":false},"featured_media":42553,"template":"","meta":[],"product_brand":[],"product_cat":[1855,1528],"product_tag":[],"class_list":{"0":"post-43387","1":"product","2":"type-product","3":"status-publish","4":"has-post-thumbnail","6":"product_cat-tualetes-papira-turetaji","7":"product_cat-vannas-istabas-aksesuari","8":"pa_brand-bemeta-lv","10":"first","11":"instock","12":"taxable","13":"shipping-taxable","14":"purchasable","15":"product-type-simple"},"yoast_head":"<!-- This site is optimized with the Yoast SEO plugin v27.4 - https:\/\/yoast.com\/product\/yoast-seo-wordpress\/ -->\n<title>GALLA: Tualetes pap\u012bra tur\u0113t\u0101js - Micasa<\/title>\n<meta name=\"robots\" content=\"index, follow, max-snippet:-1, max-image-preview:large, max-video-preview:-1\" \/>\n<link rel=\"canonical\" href=\"https:\/\/micasa.lv\/lv\/galla-tualetes-papira-turetajs\/\" \/>\n<meta property=\"og:locale\" content=\"lv_LV\" \/>\n<meta property=\"og:type\" content=\"article\" \/>\n<meta property=\"og:title\" content=\"GALLA: Tualetes pap\u012bra tur\u0113t\u0101js - Micasa\" \/>\n<meta property=\"og:description\" content=\"Viens no ekskluz\u012bvajiem jaunpien\u0101c\u0113jiem m\u016bsu portfel\u012b kop\u0161 2020. gada. GALLA ir eleganta un burv\u012bgi provokat\u012bva kolekcija, kas galvenok\u0101rt izstaro melnus\" \/>\n<meta property=\"og:url\" content=\"https:\/\/micasa.lv\/lv\/galla-tualetes-papira-turetajs\/\" \/>\n<meta property=\"og:site_name\" content=\"Micasa\" \/>\n<meta property=\"article:modified_time\" content=\"2025-06-13T07:32:50+00:00\" \/>\n<meta property=\"og:image\" content=\"https:\/\/micasa.lv\/wp-content\/uploads\/2025\/05\/4e2525d6bde97e5db0868188313543f7_108112030-velky.jpg\" \/>\n\t<meta property=\"og:image:width\" content=\"500\" \/>\n\t<meta property=\"og:image:height\" content=\"500\" \/>\n\t<meta property=\"og:image:type\" content=\"image\/jpeg\" \/>\n<meta name=\"twitter:card\" content=\"summary_large_image\" \/>\n<script type=\"application\/ld+json\" class=\"yoast-schema-graph\">{\"@context\":\"https:\\\/\\\/schema.org\",\"@graph\":[{\"@type\":\"WebPage\",\"@id\":\"https:\\\/\\\/micasa.lv\\\/lv\\\/galla-tualetes-papira-turetajs\\\/\",\"url\":\"https:\\\/\\\/micasa.lv\\\/lv\\\/galla-tualetes-papira-turetajs\\\/\",\"name\":\"GALLA: Tualetes pap\u012bra tur\u0113t\u0101js - Micasa\",\"isPartOf\":{\"@id\":\"https:\\\/\\\/micasa.lv\\\/lv\\\/#website\"},\"primaryImageOfPage\":{\"@id\":\"https:\\\/\\\/micasa.lv\\\/lv\\\/galla-tualetes-papira-turetajs\\\/#primaryimage\"},\"image\":{\"@id\":\"https:\\\/\\\/micasa.lv\\\/lv\\\/galla-tualetes-papira-turetajs\\\/#primaryimage\"},\"thumbnailUrl\":\"https:\\\/\\\/micasa.lv\\\/wp-content\\\/uploads\\\/2025\\\/05\\\/4e2525d6bde97e5db0868188313543f7_108112030-velky.jpg\",\"datePublished\":\"2025-05-14T09:12:40+00:00\",\"dateModified\":\"2025-06-13T07:32:50+00:00\",\"breadcrumb\":{\"@id\":\"https:\\\/\\\/micasa.lv\\\/lv\\\/galla-tualetes-papira-turetajs\\\/#breadcrumb\"},\"inLanguage\":\"lv-LV\",\"potentialAction\":[{\"@type\":\"ReadAction\",\"target\":[\"https:\\\/\\\/micasa.lv\\\/lv\\\/galla-tualetes-papira-turetajs\\\/\"]}]},{\"@type\":\"ImageObject\",\"inLanguage\":\"lv-LV\",\"@id\":\"https:\\\/\\\/micasa.lv\\\/lv\\\/galla-tualetes-papira-turetajs\\\/#primaryimage\",\"url\":\"https:\\\/\\\/micasa.lv\\\/wp-content\\\/uploads\\\/2025\\\/05\\\/4e2525d6bde97e5db0868188313543f7_108112030-velky.jpg\",\"contentUrl\":\"https:\\\/\\\/micasa.lv\\\/wp-content\\\/uploads\\\/2025\\\/05\\\/4e2525d6bde97e5db0868188313543f7_108112030-velky.jpg\",\"width\":500,\"height\":500},{\"@type\":\"BreadcrumbList\",\"@id\":\"https:\\\/\\\/micasa.lv\\\/lv\\\/galla-tualetes-papira-turetajs\\\/#breadcrumb\",\"itemListElement\":[{\"@type\":\"ListItem\",\"position\":1,\"name\":\"S\u0101kums\",\"item\":\"https:\\\/\\\/micasa.lv\\\/lv\\\/micasa\\\/\"},{\"@type\":\"ListItem\",\"position\":2,\"name\":\"Shop\",\"item\":\"https:\\\/\\\/micasa.lv\\\/lv\\\/shop\\\/\"},{\"@type\":\"ListItem\",\"position\":3,\"name\":\"GALLA: Tualetes pap\u012bra tur\u0113t\u0101js\"}]},{\"@type\":\"WebSite\",\"@id\":\"https:\\\/\\\/micasa.lv\\\/lv\\\/#website\",\"url\":\"https:\\\/\\\/micasa.lv\\\/lv\\\/\",\"name\":\"Micasa\",\"description\":\"\",\"potentialAction\":[{\"@type\":\"SearchAction\",\"target\":{\"@type\":\"EntryPoint\",\"urlTemplate\":\"https:\\\/\\\/micasa.lv\\\/lv\\\/?s={search_term_string}\"},\"query-input\":{\"@type\":\"PropertyValueSpecification\",\"valueRequired\":true,\"valueName\":\"search_term_string\"}}],\"inLanguage\":\"lv-LV\"}]}<\/script>\n<!-- \/ Yoast SEO plugin. -->","yoast_head_json":{"title":"GALLA: Tualetes pap\u012bra tur\u0113t\u0101js - Micasa","robots":{"index":"index","follow":"follow","max-snippet":"max-snippet:-1","max-image-preview":"max-image-preview:large","max-video-preview":"max-video-preview:-1"},"canonical":"https:\/\/micasa.lv\/lv\/galla-tualetes-papira-turetajs\/","og_locale":"lv_LV","og_type":"article","og_title":"GALLA: Tualetes pap\u012bra tur\u0113t\u0101js - Micasa","og_description":"Viens no ekskluz\u012bvajiem jaunpien\u0101c\u0113jiem m\u016bsu portfel\u012b kop\u0161 2020. gada. GALLA ir eleganta un burv\u012bgi provokat\u012bva kolekcija, kas galvenok\u0101rt izstaro melnus","og_url":"https:\/\/micasa.lv\/lv\/galla-tualetes-papira-turetajs\/","og_site_name":"Micasa","article_modified_time":"2025-06-13T07:32:50+00:00","og_image":[{"width":500,"height":500,"url":"https:\/\/micasa.lv\/wp-content\/uploads\/2025\/05\/4e2525d6bde97e5db0868188313543f7_108112030-velky.jpg","type":"image\/jpeg"}],"twitter_card":"summary_large_image","schema":{"@context":"https:\/\/schema.org","@graph":[{"@type":"WebPage","@id":"https:\/\/micasa.lv\/lv\/galla-tualetes-papira-turetajs\/","url":"https:\/\/micasa.lv\/lv\/galla-tualetes-papira-turetajs\/","name":"GALLA: Tualetes pap\u012bra tur\u0113t\u0101js - Micasa","isPartOf":{"@id":"https:\/\/micasa.lv\/lv\/#website"},"primaryImageOfPage":{"@id":"https:\/\/micasa.lv\/lv\/galla-tualetes-papira-turetajs\/#primaryimage"},"image":{"@id":"https:\/\/micasa.lv\/lv\/galla-tualetes-papira-turetajs\/#primaryimage"},"thumbnailUrl":"https:\/\/micasa.lv\/wp-content\/uploads\/2025\/05\/4e2525d6bde97e5db0868188313543f7_108112030-velky.jpg","datePublished":"2025-05-14T09:12:40+00:00","dateModified":"2025-06-13T07:32:50+00:00","breadcrumb":{"@id":"https:\/\/micasa.lv\/lv\/galla-tualetes-papira-turetajs\/#breadcrumb"},"inLanguage":"lv-LV","potentialAction":[{"@type":"ReadAction","target":["https:\/\/micasa.lv\/lv\/galla-tualetes-papira-turetajs\/"]}]},{"@type":"ImageObject","inLanguage":"lv-LV","@id":"https:\/\/micasa.lv\/lv\/galla-tualetes-papira-turetajs\/#primaryimage","url":"https:\/\/micasa.lv\/wp-content\/uploads\/2025\/05\/4e2525d6bde97e5db0868188313543f7_108112030-velky.jpg","contentUrl":"https:\/\/micasa.lv\/wp-content\/uploads\/2025\/05\/4e2525d6bde97e5db0868188313543f7_108112030-velky.jpg","width":500,"height":500},{"@type":"BreadcrumbList","@id":"https:\/\/micasa.lv\/lv\/galla-tualetes-papira-turetajs\/#breadcrumb","itemListElement":[{"@type":"ListItem","position":1,"name":"S\u0101kums","item":"https:\/\/micasa.lv\/lv\/micasa\/"},{"@type":"ListItem","position":2,"name":"Shop","item":"https:\/\/micasa.lv\/lv\/shop\/"},{"@type":"ListItem","position":3,"name":"GALLA: Tualetes pap\u012bra tur\u0113t\u0101js"}]},{"@type":"WebSite","@id":"https:\/\/micasa.lv\/lv\/#website","url":"https:\/\/micasa.lv\/lv\/","name":"Micasa","description":"","potentialAction":[{"@type":"SearchAction","target":{"@type":"EntryPoint","urlTemplate":"https:\/\/micasa.lv\/lv\/?s={search_term_string}"},"query-input":{"@type":"PropertyValueSpecification","valueRequired":true,"valueName":"search_term_string"}}],"inLanguage":"lv-LV"}]}},"wcpa_form_fields":null,"_links":{"self":[{"href":"https:\/\/micasa.lv\/lv\/wp-json\/wp\/v2\/product\/43387","targetHints":{"allow":["GET"]}}],"collection":[{"href":"https:\/\/micasa.lv\/lv\/wp-json\/wp\/v2\/product"}],"about":[{"href":"https:\/\/micasa.lv\/lv\/wp-json\/wp\/v2\/types\/product"}],"version-history":[{"count":1,"href":"https:\/\/micasa.lv\/lv\/wp-json\/wp\/v2\/product\/43387\/revisions"}],"predecessor-version":[{"id":43417,"href":"https:\/\/micasa.lv\/lv\/wp-json\/wp\/v2\/product\/43387\/revisions\/43417"}],"wp:featuredmedia":[{"embeddable":true,"href":"https:\/\/micasa.lv\/lv\/wp-json\/wp\/v2\/media\/42553"}],"wp:attachment":[{"href":"https:\/\/micasa.lv\/lv\/wp-json\/wp\/v2\/media?parent=43387"}],"wp:term":[{"taxonomy":"product_brand","embeddable":true,"href":"https:\/\/micasa.lv\/lv\/wp-json\/wp\/v2\/product_brand?post=43387"},{"taxonomy":"product_cat","embeddable":true,"href":"https:\/\/micasa.lv\/lv\/wp-json\/wp\/v2\/product_cat?post=43387"},{"taxonomy":"product_tag","embeddable":true,"href":"https:\/\/micasa.lv\/lv\/wp-json\/wp\/v2\/product_tag?post=43387"}],"curies":[{"name":"wp","href":"https:\/\/api.w.org\/{rel}","templated":true}]}}