{"id":43444,"date":"2025-05-14T12:12:59","date_gmt":"2025-05-14T09:12:59","guid":{"rendered":"https:\/\/test.micasa.lv\/?post_type=product&#038;p=43444"},"modified":"2025-06-13T10:32:59","modified_gmt":"2025-06-13T07:32:59","slug":"automatisks-putu-ziepju-dozators-1100-ml-nerusejosais-terauds-matets","status":"publish","type":"product","link":"https:\/\/micasa.lv\/lv\/automatisks-putu-ziepju-dozators-1100-ml-nerusejosais-terauds-matets\/","title":{"rendered":"Autom\u0101tisks putu ziepju dozators, 1100 ml, ner\u016bs\u0113jo\u0161ais t\u0113rauds, mat\u0113ts"},"content":{"rendered":"<p>Autom\u0101tisks, bezkontakta NEREZ dozators putu ziep\u0113m. Dozators ar 1100 ml ietilp\u012bbu un blo\u0137\u0113\u0161anu. Darbojas ar baterij\u0101m (4xAA). Var apstr\u0101d\u0101t aptuveni 1200 devas vien\u0101 uzpild\u0113. Akumulatora darb\u012bbas laiks ir 20 000 devas. Paredz\u0113ts mont\u0101\u017eai pie sienas.<\/p>\n","protected":false},"excerpt":{"rendered":"<p>Autom\u0101tisks, bezkontakta NEREZ dozators putu ziep\u0113m. Dozators ar 1100 ml ietilp\u012bbu un blo\u0137\u0113\u0161anu. Darbojas ar baterij\u0101m (4xAA). Var apstr\u0101d\u0101t aptuveni<\/p>\n","protected":false},"featured_media":42601,"template":"","meta":[],"product_brand":[],"product_cat":[1851,1528],"product_tag":[],"class_list":{"0":"post-43444","1":"product","2":"type-product","3":"status-publish","4":"has-post-thumbnail","6":"product_cat-skidro-ziepju-dozatori","7":"product_cat-vannas-istabas-aksesuari","8":"pa_brand-bemeta-lv","10":"first","11":"instock","12":"taxable","13":"shipping-taxable","14":"purchasable","15":"product-type-simple"},"yoast_head":"<!-- This site is optimized with the Yoast SEO plugin v27.4 - https:\/\/yoast.com\/product\/yoast-seo-wordpress\/ -->\n<title>Autom\u0101tisks putu ziepju dozators, 1100 ml, ner\u016bs\u0113jo\u0161ais t\u0113rauds, mat\u0113ts - Micasa<\/title>\n<meta name=\"robots\" content=\"index, follow, max-snippet:-1, max-image-preview:large, max-video-preview:-1\" \/>\n<link rel=\"canonical\" href=\"https:\/\/micasa.lv\/lv\/automatisks-putu-ziepju-dozators-1100-ml-nerusejosais-terauds-matets\/\" \/>\n<meta property=\"og:locale\" content=\"lv_LV\" \/>\n<meta property=\"og:type\" content=\"article\" \/>\n<meta property=\"og:title\" content=\"Autom\u0101tisks putu ziepju dozators, 1100 ml, ner\u016bs\u0113jo\u0161ais t\u0113rauds, mat\u0113ts - Micasa\" \/>\n<meta property=\"og:description\" content=\"Autom\u0101tisks, bezkontakta NEREZ dozators putu ziep\u0113m. Dozators ar 1100 ml ietilp\u012bbu un blo\u0137\u0113\u0161anu. Darbojas ar baterij\u0101m (4xAA). Var apstr\u0101d\u0101t aptuveni\" \/>\n<meta property=\"og:url\" content=\"https:\/\/micasa.lv\/lv\/automatisks-putu-ziepju-dozators-1100-ml-nerusejosais-terauds-matets\/\" \/>\n<meta property=\"og:site_name\" content=\"Micasa\" \/>\n<meta property=\"article:modified_time\" content=\"2025-06-13T07:32:59+00:00\" \/>\n<meta property=\"og:image\" content=\"https:\/\/micasa.lv\/wp-content\/uploads\/2025\/05\/39c6695229428200e9ca19a264f81fe1_105109345-velky.jpg\" \/>\n\t<meta property=\"og:image:width\" content=\"500\" \/>\n\t<meta property=\"og:image:height\" content=\"500\" \/>\n\t<meta property=\"og:image:type\" content=\"image\/jpeg\" \/>\n<meta name=\"twitter:card\" content=\"summary_large_image\" \/>\n<script type=\"application\/ld+json\" class=\"yoast-schema-graph\">{\"@context\":\"https:\\\/\\\/schema.org\",\"@graph\":[{\"@type\":\"WebPage\",\"@id\":\"https:\\\/\\\/micasa.lv\\\/lv\\\/automatisks-putu-ziepju-dozators-1100-ml-nerusejosais-terauds-matets\\\/\",\"url\":\"https:\\\/\\\/micasa.lv\\\/lv\\\/automatisks-putu-ziepju-dozators-1100-ml-nerusejosais-terauds-matets\\\/\",\"name\":\"Autom\u0101tisks putu ziepju dozators, 1100 ml, ner\u016bs\u0113jo\u0161ais t\u0113rauds, mat\u0113ts - Micasa\",\"isPartOf\":{\"@id\":\"https:\\\/\\\/micasa.lv\\\/lv\\\/#website\"},\"primaryImageOfPage\":{\"@id\":\"https:\\\/\\\/micasa.lv\\\/lv\\\/automatisks-putu-ziepju-dozators-1100-ml-nerusejosais-terauds-matets\\\/#primaryimage\"},\"image\":{\"@id\":\"https:\\\/\\\/micasa.lv\\\/lv\\\/automatisks-putu-ziepju-dozators-1100-ml-nerusejosais-terauds-matets\\\/#primaryimage\"},\"thumbnailUrl\":\"https:\\\/\\\/micasa.lv\\\/wp-content\\\/uploads\\\/2025\\\/05\\\/39c6695229428200e9ca19a264f81fe1_105109345-velky.jpg\",\"datePublished\":\"2025-05-14T09:12:59+00:00\",\"dateModified\":\"2025-06-13T07:32:59+00:00\",\"breadcrumb\":{\"@id\":\"https:\\\/\\\/micasa.lv\\\/lv\\\/automatisks-putu-ziepju-dozators-1100-ml-nerusejosais-terauds-matets\\\/#breadcrumb\"},\"inLanguage\":\"lv-LV\",\"potentialAction\":[{\"@type\":\"ReadAction\",\"target\":[\"https:\\\/\\\/micasa.lv\\\/lv\\\/automatisks-putu-ziepju-dozators-1100-ml-nerusejosais-terauds-matets\\\/\"]}]},{\"@type\":\"ImageObject\",\"inLanguage\":\"lv-LV\",\"@id\":\"https:\\\/\\\/micasa.lv\\\/lv\\\/automatisks-putu-ziepju-dozators-1100-ml-nerusejosais-terauds-matets\\\/#primaryimage\",\"url\":\"https:\\\/\\\/micasa.lv\\\/wp-content\\\/uploads\\\/2025\\\/05\\\/39c6695229428200e9ca19a264f81fe1_105109345-velky.jpg\",\"contentUrl\":\"https:\\\/\\\/micasa.lv\\\/wp-content\\\/uploads\\\/2025\\\/05\\\/39c6695229428200e9ca19a264f81fe1_105109345-velky.jpg\",\"width\":500,\"height\":500},{\"@type\":\"BreadcrumbList\",\"@id\":\"https:\\\/\\\/micasa.lv\\\/lv\\\/automatisks-putu-ziepju-dozators-1100-ml-nerusejosais-terauds-matets\\\/#breadcrumb\",\"itemListElement\":[{\"@type\":\"ListItem\",\"position\":1,\"name\":\"S\u0101kums\",\"item\":\"https:\\\/\\\/micasa.lv\\\/lv\\\/micasa\\\/\"},{\"@type\":\"ListItem\",\"position\":2,\"name\":\"Shop\",\"item\":\"https:\\\/\\\/micasa.lv\\\/lv\\\/shop\\\/\"},{\"@type\":\"ListItem\",\"position\":3,\"name\":\"Autom\u0101tisks putu ziepju dozators, 1100 ml, ner\u016bs\u0113jo\u0161ais t\u0113rauds, mat\u0113ts\"}]},{\"@type\":\"WebSite\",\"@id\":\"https:\\\/\\\/micasa.lv\\\/lv\\\/#website\",\"url\":\"https:\\\/\\\/micasa.lv\\\/lv\\\/\",\"name\":\"Micasa\",\"description\":\"\",\"potentialAction\":[{\"@type\":\"SearchAction\",\"target\":{\"@type\":\"EntryPoint\",\"urlTemplate\":\"https:\\\/\\\/micasa.lv\\\/lv\\\/?s={search_term_string}\"},\"query-input\":{\"@type\":\"PropertyValueSpecification\",\"valueRequired\":true,\"valueName\":\"search_term_string\"}}],\"inLanguage\":\"lv-LV\"}]}<\/script>\n<!-- \/ Yoast SEO plugin. -->","yoast_head_json":{"title":"Autom\u0101tisks putu ziepju dozators, 1100 ml, ner\u016bs\u0113jo\u0161ais t\u0113rauds, mat\u0113ts - Micasa","robots":{"index":"index","follow":"follow","max-snippet":"max-snippet:-1","max-image-preview":"max-image-preview:large","max-video-preview":"max-video-preview:-1"},"canonical":"https:\/\/micasa.lv\/lv\/automatisks-putu-ziepju-dozators-1100-ml-nerusejosais-terauds-matets\/","og_locale":"lv_LV","og_type":"article","og_title":"Autom\u0101tisks putu ziepju dozators, 1100 ml, ner\u016bs\u0113jo\u0161ais t\u0113rauds, mat\u0113ts - Micasa","og_description":"Autom\u0101tisks, bezkontakta NEREZ dozators putu ziep\u0113m. Dozators ar 1100 ml ietilp\u012bbu un blo\u0137\u0113\u0161anu. Darbojas ar baterij\u0101m (4xAA). Var apstr\u0101d\u0101t aptuveni","og_url":"https:\/\/micasa.lv\/lv\/automatisks-putu-ziepju-dozators-1100-ml-nerusejosais-terauds-matets\/","og_site_name":"Micasa","article_modified_time":"2025-06-13T07:32:59+00:00","og_image":[{"width":500,"height":500,"url":"https:\/\/micasa.lv\/wp-content\/uploads\/2025\/05\/39c6695229428200e9ca19a264f81fe1_105109345-velky.jpg","type":"image\/jpeg"}],"twitter_card":"summary_large_image","schema":{"@context":"https:\/\/schema.org","@graph":[{"@type":"WebPage","@id":"https:\/\/micasa.lv\/lv\/automatisks-putu-ziepju-dozators-1100-ml-nerusejosais-terauds-matets\/","url":"https:\/\/micasa.lv\/lv\/automatisks-putu-ziepju-dozators-1100-ml-nerusejosais-terauds-matets\/","name":"Autom\u0101tisks putu ziepju dozators, 1100 ml, ner\u016bs\u0113jo\u0161ais t\u0113rauds, mat\u0113ts - Micasa","isPartOf":{"@id":"https:\/\/micasa.lv\/lv\/#website"},"primaryImageOfPage":{"@id":"https:\/\/micasa.lv\/lv\/automatisks-putu-ziepju-dozators-1100-ml-nerusejosais-terauds-matets\/#primaryimage"},"image":{"@id":"https:\/\/micasa.lv\/lv\/automatisks-putu-ziepju-dozators-1100-ml-nerusejosais-terauds-matets\/#primaryimage"},"thumbnailUrl":"https:\/\/micasa.lv\/wp-content\/uploads\/2025\/05\/39c6695229428200e9ca19a264f81fe1_105109345-velky.jpg","datePublished":"2025-05-14T09:12:59+00:00","dateModified":"2025-06-13T07:32:59+00:00","breadcrumb":{"@id":"https:\/\/micasa.lv\/lv\/automatisks-putu-ziepju-dozators-1100-ml-nerusejosais-terauds-matets\/#breadcrumb"},"inLanguage":"lv-LV","potentialAction":[{"@type":"ReadAction","target":["https:\/\/micasa.lv\/lv\/automatisks-putu-ziepju-dozators-1100-ml-nerusejosais-terauds-matets\/"]}]},{"@type":"ImageObject","inLanguage":"lv-LV","@id":"https:\/\/micasa.lv\/lv\/automatisks-putu-ziepju-dozators-1100-ml-nerusejosais-terauds-matets\/#primaryimage","url":"https:\/\/micasa.lv\/wp-content\/uploads\/2025\/05\/39c6695229428200e9ca19a264f81fe1_105109345-velky.jpg","contentUrl":"https:\/\/micasa.lv\/wp-content\/uploads\/2025\/05\/39c6695229428200e9ca19a264f81fe1_105109345-velky.jpg","width":500,"height":500},{"@type":"BreadcrumbList","@id":"https:\/\/micasa.lv\/lv\/automatisks-putu-ziepju-dozators-1100-ml-nerusejosais-terauds-matets\/#breadcrumb","itemListElement":[{"@type":"ListItem","position":1,"name":"S\u0101kums","item":"https:\/\/micasa.lv\/lv\/micasa\/"},{"@type":"ListItem","position":2,"name":"Shop","item":"https:\/\/micasa.lv\/lv\/shop\/"},{"@type":"ListItem","position":3,"name":"Autom\u0101tisks putu ziepju dozators, 1100 ml, ner\u016bs\u0113jo\u0161ais t\u0113rauds, mat\u0113ts"}]},{"@type":"WebSite","@id":"https:\/\/micasa.lv\/lv\/#website","url":"https:\/\/micasa.lv\/lv\/","name":"Micasa","description":"","potentialAction":[{"@type":"SearchAction","target":{"@type":"EntryPoint","urlTemplate":"https:\/\/micasa.lv\/lv\/?s={search_term_string}"},"query-input":{"@type":"PropertyValueSpecification","valueRequired":true,"valueName":"search_term_string"}}],"inLanguage":"lv-LV"}]}},"wcpa_form_fields":null,"_links":{"self":[{"href":"https:\/\/micasa.lv\/lv\/wp-json\/wp\/v2\/product\/43444","targetHints":{"allow":["GET"]}}],"collection":[{"href":"https:\/\/micasa.lv\/lv\/wp-json\/wp\/v2\/product"}],"about":[{"href":"https:\/\/micasa.lv\/lv\/wp-json\/wp\/v2\/types\/product"}],"version-history":[{"count":1,"href":"https:\/\/micasa.lv\/lv\/wp-json\/wp\/v2\/product\/43444\/revisions"}],"predecessor-version":[{"id":43474,"href":"https:\/\/micasa.lv\/lv\/wp-json\/wp\/v2\/product\/43444\/revisions\/43474"}],"wp:featuredmedia":[{"embeddable":true,"href":"https:\/\/micasa.lv\/lv\/wp-json\/wp\/v2\/media\/42601"}],"wp:attachment":[{"href":"https:\/\/micasa.lv\/lv\/wp-json\/wp\/v2\/media?parent=43444"}],"wp:term":[{"taxonomy":"product_brand","embeddable":true,"href":"https:\/\/micasa.lv\/lv\/wp-json\/wp\/v2\/product_brand?post=43444"},{"taxonomy":"product_cat","embeddable":true,"href":"https:\/\/micasa.lv\/lv\/wp-json\/wp\/v2\/product_cat?post=43444"},{"taxonomy":"product_tag","embeddable":true,"href":"https:\/\/micasa.lv\/lv\/wp-json\/wp\/v2\/product_tag?post=43444"}],"curies":[{"name":"wp","href":"https:\/\/api.w.org\/{rel}","templated":true}]}}