{"id":43869,"date":"2025-05-14T12:50:24","date_gmt":"2025-05-14T09:50:24","guid":{"rendered":"https:\/\/test.micasa.lv\/?post_type=product&#038;p=43869"},"modified":"2026-01-05T16:13:25","modified_gmt":"2026-01-05T13:13:25","slug":"automatiskais-ziepju-dozators-250-ml-nerusejosais-terauds-plastmasa-matets-2","status":"publish","type":"product","link":"https:\/\/micasa.lv\/lv\/automatiskais-ziepju-dozators-250-ml-nerusejosais-terauds-plastmasa-matets-2\/","title":{"rendered":"Autom\u0101tiskais ziepju dozators 250 ml, ner\u016bs\u0113jo\u0161ais t\u0113rauds\/plastmasa, mat\u0113ts"},"content":{"rendered":"<p>Apturiet v\u012brusu p\u0101rraidi. Autom\u0101tisks, bezkontakta ziepju dozators. Br\u012bvi st\u0101vo\u0161s. Eleganta mat\u0113ta sudraba apdare. Vienk\u0101r\u0161a uzl\u0101d\u0113\u0161ana ar komplekt\u0101 iek\u013cauto USB-C kabeli (akumulators ir integr\u0113ts). \u012apa\u0161i \u0101tra doz\u0113\u0161ana (0,2 s). Tr\u012bs da\u017e\u0101du ziepju porciju izm\u0113ru izv\u0113le.<\/p>\n","protected":false},"excerpt":{"rendered":"<p>Apturiet v\u012brusu p\u0101rraidi. Autom\u0101tisks, bezkontakta ziepju dozators. Br\u012bvi st\u0101vo\u0161s. Eleganta mat\u0113ta sudraba apdare. Vienk\u0101r\u0161a uzl\u0101d\u0113\u0161ana ar komplekt\u0101 iek\u013cauto USB-C kabeli<\/p>\n","protected":false},"featured_media":42832,"template":"","meta":[],"product_brand":[],"product_cat":[1851,1528],"product_tag":[],"class_list":{"0":"post-43869","1":"product","2":"type-product","3":"status-publish","4":"has-post-thumbnail","6":"product_cat-skidro-ziepju-dozatori","7":"product_cat-vannas-istabas-aksesuari","8":"pa_brand-bemeta-lv","10":"first","11":"instock","12":"taxable","13":"shipping-taxable","14":"purchasable","15":"product-type-simple"},"yoast_head":"<!-- This site is optimized with the Yoast SEO plugin v27.4 - https:\/\/yoast.com\/product\/yoast-seo-wordpress\/ -->\n<title>Autom\u0101tiskais ziepju dozators 250 ml, ner\u016bs\u0113jo\u0161ais t\u0113rauds\/plastmasa, mat\u0113ts - Micasa<\/title>\n<meta name=\"robots\" content=\"index, follow, max-snippet:-1, max-image-preview:large, max-video-preview:-1\" \/>\n<link rel=\"canonical\" href=\"https:\/\/micasa.lv\/lv\/automatiskais-ziepju-dozators-250-ml-nerusejosais-terauds-plastmasa-matets-2\/\" \/>\n<meta property=\"og:locale\" content=\"lv_LV\" \/>\n<meta property=\"og:type\" content=\"article\" \/>\n<meta property=\"og:title\" content=\"Autom\u0101tiskais ziepju dozators 250 ml, ner\u016bs\u0113jo\u0161ais t\u0113rauds\/plastmasa, mat\u0113ts - Micasa\" \/>\n<meta property=\"og:description\" content=\"Apturiet v\u012brusu p\u0101rraidi. Autom\u0101tisks, bezkontakta ziepju dozators. Br\u012bvi st\u0101vo\u0161s. Eleganta mat\u0113ta sudraba apdare. Vienk\u0101r\u0161a uzl\u0101d\u0113\u0161ana ar komplekt\u0101 iek\u013cauto USB-C kabeli\" \/>\n<meta property=\"og:url\" content=\"https:\/\/micasa.lv\/lv\/automatiskais-ziepju-dozators-250-ml-nerusejosais-terauds-plastmasa-matets-2\/\" \/>\n<meta property=\"og:site_name\" content=\"Micasa\" \/>\n<meta property=\"article:modified_time\" content=\"2026-01-05T13:13:25+00:00\" \/>\n<meta property=\"og:image\" content=\"https:\/\/micasa.lv\/wp-content\/uploads\/2025\/05\/4d83d772cd8b4530deed8b9d19886412_137209155-velky.jpg\" \/>\n\t<meta property=\"og:image:width\" content=\"500\" \/>\n\t<meta property=\"og:image:height\" content=\"500\" \/>\n\t<meta property=\"og:image:type\" content=\"image\/jpeg\" \/>\n<meta name=\"twitter:card\" content=\"summary_large_image\" \/>\n<script type=\"application\/ld+json\" class=\"yoast-schema-graph\">{\"@context\":\"https:\\\/\\\/schema.org\",\"@graph\":[{\"@type\":\"WebPage\",\"@id\":\"https:\\\/\\\/micasa.lv\\\/lv\\\/automatiskais-ziepju-dozators-250-ml-nerusejosais-terauds-plastmasa-matets-2\\\/\",\"url\":\"https:\\\/\\\/micasa.lv\\\/lv\\\/automatiskais-ziepju-dozators-250-ml-nerusejosais-terauds-plastmasa-matets-2\\\/\",\"name\":\"Autom\u0101tiskais ziepju dozators 250 ml, ner\u016bs\u0113jo\u0161ais t\u0113rauds\\\/plastmasa, mat\u0113ts - Micasa\",\"isPartOf\":{\"@id\":\"https:\\\/\\\/micasa.lv\\\/lv\\\/#website\"},\"primaryImageOfPage\":{\"@id\":\"https:\\\/\\\/micasa.lv\\\/lv\\\/automatiskais-ziepju-dozators-250-ml-nerusejosais-terauds-plastmasa-matets-2\\\/#primaryimage\"},\"image\":{\"@id\":\"https:\\\/\\\/micasa.lv\\\/lv\\\/automatiskais-ziepju-dozators-250-ml-nerusejosais-terauds-plastmasa-matets-2\\\/#primaryimage\"},\"thumbnailUrl\":\"https:\\\/\\\/micasa.lv\\\/wp-content\\\/uploads\\\/2025\\\/05\\\/4d83d772cd8b4530deed8b9d19886412_137209155-velky.jpg\",\"datePublished\":\"2025-05-14T09:50:24+00:00\",\"dateModified\":\"2026-01-05T13:13:25+00:00\",\"breadcrumb\":{\"@id\":\"https:\\\/\\\/micasa.lv\\\/lv\\\/automatiskais-ziepju-dozators-250-ml-nerusejosais-terauds-plastmasa-matets-2\\\/#breadcrumb\"},\"inLanguage\":\"lv-LV\",\"potentialAction\":[{\"@type\":\"ReadAction\",\"target\":[\"https:\\\/\\\/micasa.lv\\\/lv\\\/automatiskais-ziepju-dozators-250-ml-nerusejosais-terauds-plastmasa-matets-2\\\/\"]}]},{\"@type\":\"ImageObject\",\"inLanguage\":\"lv-LV\",\"@id\":\"https:\\\/\\\/micasa.lv\\\/lv\\\/automatiskais-ziepju-dozators-250-ml-nerusejosais-terauds-plastmasa-matets-2\\\/#primaryimage\",\"url\":\"https:\\\/\\\/micasa.lv\\\/wp-content\\\/uploads\\\/2025\\\/05\\\/4d83d772cd8b4530deed8b9d19886412_137209155-velky.jpg\",\"contentUrl\":\"https:\\\/\\\/micasa.lv\\\/wp-content\\\/uploads\\\/2025\\\/05\\\/4d83d772cd8b4530deed8b9d19886412_137209155-velky.jpg\",\"width\":500,\"height\":500},{\"@type\":\"BreadcrumbList\",\"@id\":\"https:\\\/\\\/micasa.lv\\\/lv\\\/automatiskais-ziepju-dozators-250-ml-nerusejosais-terauds-plastmasa-matets-2\\\/#breadcrumb\",\"itemListElement\":[{\"@type\":\"ListItem\",\"position\":1,\"name\":\"S\u0101kums\",\"item\":\"https:\\\/\\\/micasa.lv\\\/lv\\\/micasa\\\/\"},{\"@type\":\"ListItem\",\"position\":2,\"name\":\"Shop\",\"item\":\"https:\\\/\\\/micasa.lv\\\/lv\\\/shop\\\/\"},{\"@type\":\"ListItem\",\"position\":3,\"name\":\"Autom\u0101tiskais ziepju dozators 250 ml, ner\u016bs\u0113jo\u0161ais t\u0113rauds\\\/plastmasa, mat\u0113ts\"}]},{\"@type\":\"WebSite\",\"@id\":\"https:\\\/\\\/micasa.lv\\\/lv\\\/#website\",\"url\":\"https:\\\/\\\/micasa.lv\\\/lv\\\/\",\"name\":\"Micasa\",\"description\":\"\",\"potentialAction\":[{\"@type\":\"SearchAction\",\"target\":{\"@type\":\"EntryPoint\",\"urlTemplate\":\"https:\\\/\\\/micasa.lv\\\/lv\\\/?s={search_term_string}\"},\"query-input\":{\"@type\":\"PropertyValueSpecification\",\"valueRequired\":true,\"valueName\":\"search_term_string\"}}],\"inLanguage\":\"lv-LV\"}]}<\/script>\n<!-- \/ Yoast SEO plugin. -->","yoast_head_json":{"title":"Autom\u0101tiskais ziepju dozators 250 ml, ner\u016bs\u0113jo\u0161ais t\u0113rauds\/plastmasa, mat\u0113ts - Micasa","robots":{"index":"index","follow":"follow","max-snippet":"max-snippet:-1","max-image-preview":"max-image-preview:large","max-video-preview":"max-video-preview:-1"},"canonical":"https:\/\/micasa.lv\/lv\/automatiskais-ziepju-dozators-250-ml-nerusejosais-terauds-plastmasa-matets-2\/","og_locale":"lv_LV","og_type":"article","og_title":"Autom\u0101tiskais ziepju dozators 250 ml, ner\u016bs\u0113jo\u0161ais t\u0113rauds\/plastmasa, mat\u0113ts - Micasa","og_description":"Apturiet v\u012brusu p\u0101rraidi. Autom\u0101tisks, bezkontakta ziepju dozators. Br\u012bvi st\u0101vo\u0161s. Eleganta mat\u0113ta sudraba apdare. Vienk\u0101r\u0161a uzl\u0101d\u0113\u0161ana ar komplekt\u0101 iek\u013cauto USB-C kabeli","og_url":"https:\/\/micasa.lv\/lv\/automatiskais-ziepju-dozators-250-ml-nerusejosais-terauds-plastmasa-matets-2\/","og_site_name":"Micasa","article_modified_time":"2026-01-05T13:13:25+00:00","og_image":[{"width":500,"height":500,"url":"https:\/\/micasa.lv\/wp-content\/uploads\/2025\/05\/4d83d772cd8b4530deed8b9d19886412_137209155-velky.jpg","type":"image\/jpeg"}],"twitter_card":"summary_large_image","schema":{"@context":"https:\/\/schema.org","@graph":[{"@type":"WebPage","@id":"https:\/\/micasa.lv\/lv\/automatiskais-ziepju-dozators-250-ml-nerusejosais-terauds-plastmasa-matets-2\/","url":"https:\/\/micasa.lv\/lv\/automatiskais-ziepju-dozators-250-ml-nerusejosais-terauds-plastmasa-matets-2\/","name":"Autom\u0101tiskais ziepju dozators 250 ml, ner\u016bs\u0113jo\u0161ais t\u0113rauds\/plastmasa, mat\u0113ts - Micasa","isPartOf":{"@id":"https:\/\/micasa.lv\/lv\/#website"},"primaryImageOfPage":{"@id":"https:\/\/micasa.lv\/lv\/automatiskais-ziepju-dozators-250-ml-nerusejosais-terauds-plastmasa-matets-2\/#primaryimage"},"image":{"@id":"https:\/\/micasa.lv\/lv\/automatiskais-ziepju-dozators-250-ml-nerusejosais-terauds-plastmasa-matets-2\/#primaryimage"},"thumbnailUrl":"https:\/\/micasa.lv\/wp-content\/uploads\/2025\/05\/4d83d772cd8b4530deed8b9d19886412_137209155-velky.jpg","datePublished":"2025-05-14T09:50:24+00:00","dateModified":"2026-01-05T13:13:25+00:00","breadcrumb":{"@id":"https:\/\/micasa.lv\/lv\/automatiskais-ziepju-dozators-250-ml-nerusejosais-terauds-plastmasa-matets-2\/#breadcrumb"},"inLanguage":"lv-LV","potentialAction":[{"@type":"ReadAction","target":["https:\/\/micasa.lv\/lv\/automatiskais-ziepju-dozators-250-ml-nerusejosais-terauds-plastmasa-matets-2\/"]}]},{"@type":"ImageObject","inLanguage":"lv-LV","@id":"https:\/\/micasa.lv\/lv\/automatiskais-ziepju-dozators-250-ml-nerusejosais-terauds-plastmasa-matets-2\/#primaryimage","url":"https:\/\/micasa.lv\/wp-content\/uploads\/2025\/05\/4d83d772cd8b4530deed8b9d19886412_137209155-velky.jpg","contentUrl":"https:\/\/micasa.lv\/wp-content\/uploads\/2025\/05\/4d83d772cd8b4530deed8b9d19886412_137209155-velky.jpg","width":500,"height":500},{"@type":"BreadcrumbList","@id":"https:\/\/micasa.lv\/lv\/automatiskais-ziepju-dozators-250-ml-nerusejosais-terauds-plastmasa-matets-2\/#breadcrumb","itemListElement":[{"@type":"ListItem","position":1,"name":"S\u0101kums","item":"https:\/\/micasa.lv\/lv\/micasa\/"},{"@type":"ListItem","position":2,"name":"Shop","item":"https:\/\/micasa.lv\/lv\/shop\/"},{"@type":"ListItem","position":3,"name":"Autom\u0101tiskais ziepju dozators 250 ml, ner\u016bs\u0113jo\u0161ais t\u0113rauds\/plastmasa, mat\u0113ts"}]},{"@type":"WebSite","@id":"https:\/\/micasa.lv\/lv\/#website","url":"https:\/\/micasa.lv\/lv\/","name":"Micasa","description":"","potentialAction":[{"@type":"SearchAction","target":{"@type":"EntryPoint","urlTemplate":"https:\/\/micasa.lv\/lv\/?s={search_term_string}"},"query-input":{"@type":"PropertyValueSpecification","valueRequired":true,"valueName":"search_term_string"}}],"inLanguage":"lv-LV"}]}},"wcpa_form_fields":null,"_links":{"self":[{"href":"https:\/\/micasa.lv\/lv\/wp-json\/wp\/v2\/product\/43869","targetHints":{"allow":["GET"]}}],"collection":[{"href":"https:\/\/micasa.lv\/lv\/wp-json\/wp\/v2\/product"}],"about":[{"href":"https:\/\/micasa.lv\/lv\/wp-json\/wp\/v2\/types\/product"}],"version-history":[{"count":1,"href":"https:\/\/micasa.lv\/lv\/wp-json\/wp\/v2\/product\/43869\/revisions"}],"predecessor-version":[{"id":43899,"href":"https:\/\/micasa.lv\/lv\/wp-json\/wp\/v2\/product\/43869\/revisions\/43899"}],"wp:featuredmedia":[{"embeddable":true,"href":"https:\/\/micasa.lv\/lv\/wp-json\/wp\/v2\/media\/42832"}],"wp:attachment":[{"href":"https:\/\/micasa.lv\/lv\/wp-json\/wp\/v2\/media?parent=43869"}],"wp:term":[{"taxonomy":"product_brand","embeddable":true,"href":"https:\/\/micasa.lv\/lv\/wp-json\/wp\/v2\/product_brand?post=43869"},{"taxonomy":"product_cat","embeddable":true,"href":"https:\/\/micasa.lv\/lv\/wp-json\/wp\/v2\/product_cat?post=43869"},{"taxonomy":"product_tag","embeddable":true,"href":"https:\/\/micasa.lv\/lv\/wp-json\/wp\/v2\/product_tag?post=43869"}],"curies":[{"name":"wp","href":"https:\/\/api.w.org\/{rel}","templated":true}]}}