{"id":43876,"date":"2025-05-14T12:50:25","date_gmt":"2025-05-14T09:50:25","guid":{"rendered":"https:\/\/test.micasa.lv\/?post_type=product&#038;p=43876"},"modified":"2025-06-13T10:34:15","modified_gmt":"2025-06-13T07:34:15","slug":"automatisks-dezinfekcijas-lidzekla-dozators-ar-stativu-1100-ml-plastmasa-terauds-balts","status":"publish","type":"product","link":"https:\/\/micasa.lv\/lv\/automatisks-dezinfekcijas-lidzekla-dozators-ar-stativu-1100-ml-plastmasa-terauds-balts\/","title":{"rendered":"Autom\u0101tisks dezinfekcijas l\u012bdzek\u013ca dozators ar stat\u012bvu, 1100 ml, plastmasa\/t\u0113rauds, balts"},"content":{"rendered":"<p>Augstas kvalit\u0101tes bezkontakta dezinfekcijas l\u012bdzek\u013ca dozators ar stat\u012bvu. Ide\u0101ls risin\u0101jums skol\u0101m, veikaliem, fitnesa centriem, te\u0101triem \u2013 \u012bs\u0101k sakot, vis\u0101m viet\u0101m ar lielu cilv\u0113ku pl\u016bsmu un visaugst\u0101kaj\u0101m higi\u0113nas pras\u012bb\u0101m. Darbojas ar jebkura veida \u0161\u0137idro dezinfekcijas l\u012bdzekli. Ar vienu uzpild\u012b\u0161anu var apstr\u0101d\u0101t aptuveni 1000 dezinfekcijas l\u012bdzek\u013ca devas. Autom\u0101tiski doz\u0113 dezinfekciju, izsmidzinot miglu. Darbojas ar baterij\u0101m (4x AA &#8211; nav iek\u013cautas komplekt\u0101) = l\u012bdz 20 000 dev\u0101m.<\/p>\n","protected":false},"excerpt":{"rendered":"<p>Augstas kvalit\u0101tes bezkontakta dezinfekcijas l\u012bdzek\u013ca dozators ar stat\u012bvu. Ide\u0101ls risin\u0101jums skol\u0101m, veikaliem, fitnesa centriem, te\u0101triem \u2013 \u012bs\u0101k sakot, vis\u0101m viet\u0101m<\/p>\n","protected":false},"featured_media":42916,"template":"","meta":[],"product_brand":[],"product_cat":[1851,1528],"product_tag":[],"class_list":{"0":"post-43876","1":"product","2":"type-product","3":"status-publish","4":"has-post-thumbnail","6":"product_cat-skidro-ziepju-dozatori","7":"product_cat-vannas-istabas-aksesuari","8":"pa_brand-bemeta-lv","10":"first","11":"instock","12":"taxable","13":"shipping-taxable","14":"purchasable","15":"product-type-simple"},"yoast_head":"<!-- This site is optimized with the Yoast SEO plugin v27.4 - https:\/\/yoast.com\/product\/yoast-seo-wordpress\/ -->\n<title>Autom\u0101tisks dezinfekcijas l\u012bdzek\u013ca dozators ar stat\u012bvu, 1100 ml, plastmasa\/t\u0113rauds, balts - Micasa<\/title>\n<meta name=\"robots\" content=\"index, follow, max-snippet:-1, max-image-preview:large, max-video-preview:-1\" \/>\n<link rel=\"canonical\" href=\"https:\/\/micasa.lv\/lv\/automatisks-dezinfekcijas-lidzekla-dozators-ar-stativu-1100-ml-plastmasa-terauds-balts\/\" \/>\n<meta property=\"og:locale\" content=\"lv_LV\" \/>\n<meta property=\"og:type\" content=\"article\" \/>\n<meta property=\"og:title\" content=\"Autom\u0101tisks dezinfekcijas l\u012bdzek\u013ca dozators ar stat\u012bvu, 1100 ml, plastmasa\/t\u0113rauds, balts - Micasa\" \/>\n<meta property=\"og:description\" content=\"Augstas kvalit\u0101tes bezkontakta dezinfekcijas l\u012bdzek\u013ca dozators ar stat\u012bvu. Ide\u0101ls risin\u0101jums skol\u0101m, veikaliem, fitnesa centriem, te\u0101triem \u2013 \u012bs\u0101k sakot, vis\u0101m viet\u0101m\" \/>\n<meta property=\"og:url\" content=\"https:\/\/micasa.lv\/lv\/automatisks-dezinfekcijas-lidzekla-dozators-ar-stativu-1100-ml-plastmasa-terauds-balts\/\" \/>\n<meta property=\"og:site_name\" content=\"Micasa\" \/>\n<meta property=\"article:modified_time\" content=\"2025-06-13T07:34:15+00:00\" \/>\n<meta property=\"og:image\" content=\"https:\/\/micasa.lv\/wp-content\/uploads\/2025\/05\/58e84fe2bdac5d920225787ac05e032f_124109346-velky.jpg\" \/>\n\t<meta property=\"og:image:width\" content=\"500\" \/>\n\t<meta property=\"og:image:height\" content=\"500\" \/>\n\t<meta property=\"og:image:type\" content=\"image\/jpeg\" \/>\n<meta name=\"twitter:card\" content=\"summary_large_image\" \/>\n<script type=\"application\/ld+json\" class=\"yoast-schema-graph\">{\"@context\":\"https:\\\/\\\/schema.org\",\"@graph\":[{\"@type\":\"WebPage\",\"@id\":\"https:\\\/\\\/micasa.lv\\\/lv\\\/automatisks-dezinfekcijas-lidzekla-dozators-ar-stativu-1100-ml-plastmasa-terauds-balts\\\/\",\"url\":\"https:\\\/\\\/micasa.lv\\\/lv\\\/automatisks-dezinfekcijas-lidzekla-dozators-ar-stativu-1100-ml-plastmasa-terauds-balts\\\/\",\"name\":\"Autom\u0101tisks dezinfekcijas l\u012bdzek\u013ca dozators ar stat\u012bvu, 1100 ml, plastmasa\\\/t\u0113rauds, balts - Micasa\",\"isPartOf\":{\"@id\":\"https:\\\/\\\/micasa.lv\\\/lv\\\/#website\"},\"primaryImageOfPage\":{\"@id\":\"https:\\\/\\\/micasa.lv\\\/lv\\\/automatisks-dezinfekcijas-lidzekla-dozators-ar-stativu-1100-ml-plastmasa-terauds-balts\\\/#primaryimage\"},\"image\":{\"@id\":\"https:\\\/\\\/micasa.lv\\\/lv\\\/automatisks-dezinfekcijas-lidzekla-dozators-ar-stativu-1100-ml-plastmasa-terauds-balts\\\/#primaryimage\"},\"thumbnailUrl\":\"https:\\\/\\\/micasa.lv\\\/wp-content\\\/uploads\\\/2025\\\/05\\\/58e84fe2bdac5d920225787ac05e032f_124109346-velky.jpg\",\"datePublished\":\"2025-05-14T09:50:25+00:00\",\"dateModified\":\"2025-06-13T07:34:15+00:00\",\"breadcrumb\":{\"@id\":\"https:\\\/\\\/micasa.lv\\\/lv\\\/automatisks-dezinfekcijas-lidzekla-dozators-ar-stativu-1100-ml-plastmasa-terauds-balts\\\/#breadcrumb\"},\"inLanguage\":\"lv-LV\",\"potentialAction\":[{\"@type\":\"ReadAction\",\"target\":[\"https:\\\/\\\/micasa.lv\\\/lv\\\/automatisks-dezinfekcijas-lidzekla-dozators-ar-stativu-1100-ml-plastmasa-terauds-balts\\\/\"]}]},{\"@type\":\"ImageObject\",\"inLanguage\":\"lv-LV\",\"@id\":\"https:\\\/\\\/micasa.lv\\\/lv\\\/automatisks-dezinfekcijas-lidzekla-dozators-ar-stativu-1100-ml-plastmasa-terauds-balts\\\/#primaryimage\",\"url\":\"https:\\\/\\\/micasa.lv\\\/wp-content\\\/uploads\\\/2025\\\/05\\\/58e84fe2bdac5d920225787ac05e032f_124109346-velky.jpg\",\"contentUrl\":\"https:\\\/\\\/micasa.lv\\\/wp-content\\\/uploads\\\/2025\\\/05\\\/58e84fe2bdac5d920225787ac05e032f_124109346-velky.jpg\",\"width\":500,\"height\":500},{\"@type\":\"BreadcrumbList\",\"@id\":\"https:\\\/\\\/micasa.lv\\\/lv\\\/automatisks-dezinfekcijas-lidzekla-dozators-ar-stativu-1100-ml-plastmasa-terauds-balts\\\/#breadcrumb\",\"itemListElement\":[{\"@type\":\"ListItem\",\"position\":1,\"name\":\"S\u0101kums\",\"item\":\"https:\\\/\\\/micasa.lv\\\/lv\\\/micasa\\\/\"},{\"@type\":\"ListItem\",\"position\":2,\"name\":\"Shop\",\"item\":\"https:\\\/\\\/micasa.lv\\\/lv\\\/shop\\\/\"},{\"@type\":\"ListItem\",\"position\":3,\"name\":\"Autom\u0101tisks dezinfekcijas l\u012bdzek\u013ca dozators ar stat\u012bvu, 1100 ml, plastmasa\\\/t\u0113rauds, balts\"}]},{\"@type\":\"WebSite\",\"@id\":\"https:\\\/\\\/micasa.lv\\\/lv\\\/#website\",\"url\":\"https:\\\/\\\/micasa.lv\\\/lv\\\/\",\"name\":\"Micasa\",\"description\":\"\",\"potentialAction\":[{\"@type\":\"SearchAction\",\"target\":{\"@type\":\"EntryPoint\",\"urlTemplate\":\"https:\\\/\\\/micasa.lv\\\/lv\\\/?s={search_term_string}\"},\"query-input\":{\"@type\":\"PropertyValueSpecification\",\"valueRequired\":true,\"valueName\":\"search_term_string\"}}],\"inLanguage\":\"lv-LV\"}]}<\/script>\n<!-- \/ Yoast SEO plugin. -->","yoast_head_json":{"title":"Autom\u0101tisks dezinfekcijas l\u012bdzek\u013ca dozators ar stat\u012bvu, 1100 ml, plastmasa\/t\u0113rauds, balts - Micasa","robots":{"index":"index","follow":"follow","max-snippet":"max-snippet:-1","max-image-preview":"max-image-preview:large","max-video-preview":"max-video-preview:-1"},"canonical":"https:\/\/micasa.lv\/lv\/automatisks-dezinfekcijas-lidzekla-dozators-ar-stativu-1100-ml-plastmasa-terauds-balts\/","og_locale":"lv_LV","og_type":"article","og_title":"Autom\u0101tisks dezinfekcijas l\u012bdzek\u013ca dozators ar stat\u012bvu, 1100 ml, plastmasa\/t\u0113rauds, balts - Micasa","og_description":"Augstas kvalit\u0101tes bezkontakta dezinfekcijas l\u012bdzek\u013ca dozators ar stat\u012bvu. Ide\u0101ls risin\u0101jums skol\u0101m, veikaliem, fitnesa centriem, te\u0101triem \u2013 \u012bs\u0101k sakot, vis\u0101m viet\u0101m","og_url":"https:\/\/micasa.lv\/lv\/automatisks-dezinfekcijas-lidzekla-dozators-ar-stativu-1100-ml-plastmasa-terauds-balts\/","og_site_name":"Micasa","article_modified_time":"2025-06-13T07:34:15+00:00","og_image":[{"width":500,"height":500,"url":"https:\/\/micasa.lv\/wp-content\/uploads\/2025\/05\/58e84fe2bdac5d920225787ac05e032f_124109346-velky.jpg","type":"image\/jpeg"}],"twitter_card":"summary_large_image","schema":{"@context":"https:\/\/schema.org","@graph":[{"@type":"WebPage","@id":"https:\/\/micasa.lv\/lv\/automatisks-dezinfekcijas-lidzekla-dozators-ar-stativu-1100-ml-plastmasa-terauds-balts\/","url":"https:\/\/micasa.lv\/lv\/automatisks-dezinfekcijas-lidzekla-dozators-ar-stativu-1100-ml-plastmasa-terauds-balts\/","name":"Autom\u0101tisks dezinfekcijas l\u012bdzek\u013ca dozators ar stat\u012bvu, 1100 ml, plastmasa\/t\u0113rauds, balts - Micasa","isPartOf":{"@id":"https:\/\/micasa.lv\/lv\/#website"},"primaryImageOfPage":{"@id":"https:\/\/micasa.lv\/lv\/automatisks-dezinfekcijas-lidzekla-dozators-ar-stativu-1100-ml-plastmasa-terauds-balts\/#primaryimage"},"image":{"@id":"https:\/\/micasa.lv\/lv\/automatisks-dezinfekcijas-lidzekla-dozators-ar-stativu-1100-ml-plastmasa-terauds-balts\/#primaryimage"},"thumbnailUrl":"https:\/\/micasa.lv\/wp-content\/uploads\/2025\/05\/58e84fe2bdac5d920225787ac05e032f_124109346-velky.jpg","datePublished":"2025-05-14T09:50:25+00:00","dateModified":"2025-06-13T07:34:15+00:00","breadcrumb":{"@id":"https:\/\/micasa.lv\/lv\/automatisks-dezinfekcijas-lidzekla-dozators-ar-stativu-1100-ml-plastmasa-terauds-balts\/#breadcrumb"},"inLanguage":"lv-LV","potentialAction":[{"@type":"ReadAction","target":["https:\/\/micasa.lv\/lv\/automatisks-dezinfekcijas-lidzekla-dozators-ar-stativu-1100-ml-plastmasa-terauds-balts\/"]}]},{"@type":"ImageObject","inLanguage":"lv-LV","@id":"https:\/\/micasa.lv\/lv\/automatisks-dezinfekcijas-lidzekla-dozators-ar-stativu-1100-ml-plastmasa-terauds-balts\/#primaryimage","url":"https:\/\/micasa.lv\/wp-content\/uploads\/2025\/05\/58e84fe2bdac5d920225787ac05e032f_124109346-velky.jpg","contentUrl":"https:\/\/micasa.lv\/wp-content\/uploads\/2025\/05\/58e84fe2bdac5d920225787ac05e032f_124109346-velky.jpg","width":500,"height":500},{"@type":"BreadcrumbList","@id":"https:\/\/micasa.lv\/lv\/automatisks-dezinfekcijas-lidzekla-dozators-ar-stativu-1100-ml-plastmasa-terauds-balts\/#breadcrumb","itemListElement":[{"@type":"ListItem","position":1,"name":"S\u0101kums","item":"https:\/\/micasa.lv\/lv\/micasa\/"},{"@type":"ListItem","position":2,"name":"Shop","item":"https:\/\/micasa.lv\/lv\/shop\/"},{"@type":"ListItem","position":3,"name":"Autom\u0101tisks dezinfekcijas l\u012bdzek\u013ca dozators ar stat\u012bvu, 1100 ml, plastmasa\/t\u0113rauds, balts"}]},{"@type":"WebSite","@id":"https:\/\/micasa.lv\/lv\/#website","url":"https:\/\/micasa.lv\/lv\/","name":"Micasa","description":"","potentialAction":[{"@type":"SearchAction","target":{"@type":"EntryPoint","urlTemplate":"https:\/\/micasa.lv\/lv\/?s={search_term_string}"},"query-input":{"@type":"PropertyValueSpecification","valueRequired":true,"valueName":"search_term_string"}}],"inLanguage":"lv-LV"}]}},"wcpa_form_fields":null,"_links":{"self":[{"href":"https:\/\/micasa.lv\/lv\/wp-json\/wp\/v2\/product\/43876","targetHints":{"allow":["GET"]}}],"collection":[{"href":"https:\/\/micasa.lv\/lv\/wp-json\/wp\/v2\/product"}],"about":[{"href":"https:\/\/micasa.lv\/lv\/wp-json\/wp\/v2\/types\/product"}],"version-history":[{"count":1,"href":"https:\/\/micasa.lv\/lv\/wp-json\/wp\/v2\/product\/43876\/revisions"}],"predecessor-version":[{"id":43906,"href":"https:\/\/micasa.lv\/lv\/wp-json\/wp\/v2\/product\/43876\/revisions\/43906"}],"wp:featuredmedia":[{"embeddable":true,"href":"https:\/\/micasa.lv\/lv\/wp-json\/wp\/v2\/media\/42916"}],"wp:attachment":[{"href":"https:\/\/micasa.lv\/lv\/wp-json\/wp\/v2\/media?parent=43876"}],"wp:term":[{"taxonomy":"product_brand","embeddable":true,"href":"https:\/\/micasa.lv\/lv\/wp-json\/wp\/v2\/product_brand?post=43876"},{"taxonomy":"product_cat","embeddable":true,"href":"https:\/\/micasa.lv\/lv\/wp-json\/wp\/v2\/product_cat?post=43876"},{"taxonomy":"product_tag","embeddable":true,"href":"https:\/\/micasa.lv\/lv\/wp-json\/wp\/v2\/product_tag?post=43876"}],"curies":[{"name":"wp","href":"https:\/\/api.w.org\/{rel}","templated":true}]}}