{"id":43910,"date":"2025-05-14T12:50:26","date_gmt":"2025-05-14T09:50:26","guid":{"rendered":"https:\/\/test.micasa.lv\/?post_type=product&#038;p=43910"},"modified":"2025-06-13T10:34:17","modified_gmt":"2025-06-13T07:34:17","slug":"vannas-istabas-piederumu-limesanas-komplekts","status":"publish","type":"product","link":"https:\/\/micasa.lv\/lv\/vannas-istabas-piederumu-limesanas-komplekts\/","title":{"rendered":"Vannas istabas piederumu l\u012bm\u0113\u0161anas komplekts"},"content":{"rendered":"<p>Komplekts vannas istabas aksesu\u0101ru l\u012bm\u0113\u0161anai. Piem\u0113rots produktu l\u012bnij\u0101m OMEGA, BETA, NEO, WHITE, DARK, HEMATIT, GRAPHIT, CORAL, AMBER, BRILO, SABLO, TREND-i. Celtsp\u0113ja: 3 kg Nor\u0101d\u012bjumi: L\u012bme sast\u0101v no diviem komponentiem, t\u0101p\u0113c iesak\u0101m r\u016bp\u012bgi sajaukt l\u012bmi iepakojum\u0101, lai maksim\u0101li palielin\u0101tu t\u0101s efektivit\u0101ti.<\/p>\n","protected":false},"excerpt":{"rendered":"<p>Komplekts vannas istabas aksesu\u0101ru l\u012bm\u0113\u0161anai. Piem\u0113rots produktu l\u012bnij\u0101m OMEGA, BETA, NEO, WHITE, DARK, HEMATIT, GRAPHIT, CORAL, AMBER, BRILO, SABLO, TREND-i.<\/p>\n","protected":false},"featured_media":42904,"template":"","meta":[],"product_brand":[],"product_cat":[1528],"product_tag":[],"class_list":{"0":"post-43910","1":"product","2":"type-product","3":"status-publish","4":"has-post-thumbnail","6":"product_cat-vannas-istabas-aksesuari","7":"pa_brand-bemeta-lv","9":"first","10":"instock","11":"taxable","12":"shipping-taxable","13":"purchasable","14":"product-type-simple"},"yoast_head":"<!-- This site is optimized with the Yoast SEO plugin v27.4 - https:\/\/yoast.com\/product\/yoast-seo-wordpress\/ -->\n<title>Vannas istabas piederumu l\u012bm\u0113\u0161anas komplekts - Micasa<\/title>\n<meta name=\"robots\" content=\"index, follow, max-snippet:-1, max-image-preview:large, max-video-preview:-1\" \/>\n<link rel=\"canonical\" href=\"https:\/\/micasa.lv\/lv\/vannas-istabas-piederumu-limesanas-komplekts\/\" \/>\n<meta property=\"og:locale\" content=\"lv_LV\" \/>\n<meta property=\"og:type\" content=\"article\" \/>\n<meta property=\"og:title\" content=\"Vannas istabas piederumu l\u012bm\u0113\u0161anas komplekts - Micasa\" \/>\n<meta property=\"og:description\" content=\"Komplekts vannas istabas aksesu\u0101ru l\u012bm\u0113\u0161anai. Piem\u0113rots produktu l\u012bnij\u0101m OMEGA, BETA, NEO, WHITE, DARK, HEMATIT, GRAPHIT, CORAL, AMBER, BRILO, SABLO, TREND-i.\" \/>\n<meta property=\"og:url\" content=\"https:\/\/micasa.lv\/lv\/vannas-istabas-piederumu-limesanas-komplekts\/\" \/>\n<meta property=\"og:site_name\" content=\"Micasa\" \/>\n<meta property=\"article:modified_time\" content=\"2025-06-13T07:34:17+00:00\" \/>\n<meta property=\"og:image\" content=\"https:\/\/micasa.lv\/wp-content\/uploads\/2025\/05\/58d94f77f2039c775cc50959b725908d_199352010-velky.jpg\" \/>\n\t<meta property=\"og:image:width\" content=\"600\" \/>\n\t<meta property=\"og:image:height\" content=\"600\" \/>\n\t<meta property=\"og:image:type\" content=\"image\/jpeg\" \/>\n<meta name=\"twitter:card\" content=\"summary_large_image\" \/>\n<script type=\"application\/ld+json\" class=\"yoast-schema-graph\">{\"@context\":\"https:\\\/\\\/schema.org\",\"@graph\":[{\"@type\":\"WebPage\",\"@id\":\"https:\\\/\\\/micasa.lv\\\/lv\\\/vannas-istabas-piederumu-limesanas-komplekts\\\/\",\"url\":\"https:\\\/\\\/micasa.lv\\\/lv\\\/vannas-istabas-piederumu-limesanas-komplekts\\\/\",\"name\":\"Vannas istabas piederumu l\u012bm\u0113\u0161anas komplekts - Micasa\",\"isPartOf\":{\"@id\":\"https:\\\/\\\/micasa.lv\\\/lv\\\/#website\"},\"primaryImageOfPage\":{\"@id\":\"https:\\\/\\\/micasa.lv\\\/lv\\\/vannas-istabas-piederumu-limesanas-komplekts\\\/#primaryimage\"},\"image\":{\"@id\":\"https:\\\/\\\/micasa.lv\\\/lv\\\/vannas-istabas-piederumu-limesanas-komplekts\\\/#primaryimage\"},\"thumbnailUrl\":\"https:\\\/\\\/micasa.lv\\\/wp-content\\\/uploads\\\/2025\\\/05\\\/58d94f77f2039c775cc50959b725908d_199352010-velky.jpg\",\"datePublished\":\"2025-05-14T09:50:26+00:00\",\"dateModified\":\"2025-06-13T07:34:17+00:00\",\"breadcrumb\":{\"@id\":\"https:\\\/\\\/micasa.lv\\\/lv\\\/vannas-istabas-piederumu-limesanas-komplekts\\\/#breadcrumb\"},\"inLanguage\":\"lv-LV\",\"potentialAction\":[{\"@type\":\"ReadAction\",\"target\":[\"https:\\\/\\\/micasa.lv\\\/lv\\\/vannas-istabas-piederumu-limesanas-komplekts\\\/\"]}]},{\"@type\":\"ImageObject\",\"inLanguage\":\"lv-LV\",\"@id\":\"https:\\\/\\\/micasa.lv\\\/lv\\\/vannas-istabas-piederumu-limesanas-komplekts\\\/#primaryimage\",\"url\":\"https:\\\/\\\/micasa.lv\\\/wp-content\\\/uploads\\\/2025\\\/05\\\/58d94f77f2039c775cc50959b725908d_199352010-velky.jpg\",\"contentUrl\":\"https:\\\/\\\/micasa.lv\\\/wp-content\\\/uploads\\\/2025\\\/05\\\/58d94f77f2039c775cc50959b725908d_199352010-velky.jpg\",\"width\":600,\"height\":600},{\"@type\":\"BreadcrumbList\",\"@id\":\"https:\\\/\\\/micasa.lv\\\/lv\\\/vannas-istabas-piederumu-limesanas-komplekts\\\/#breadcrumb\",\"itemListElement\":[{\"@type\":\"ListItem\",\"position\":1,\"name\":\"S\u0101kums\",\"item\":\"https:\\\/\\\/micasa.lv\\\/lv\\\/micasa\\\/\"},{\"@type\":\"ListItem\",\"position\":2,\"name\":\"Shop\",\"item\":\"https:\\\/\\\/micasa.lv\\\/lv\\\/shop\\\/\"},{\"@type\":\"ListItem\",\"position\":3,\"name\":\"Vannas istabas piederumu l\u012bm\u0113\u0161anas komplekts\"}]},{\"@type\":\"WebSite\",\"@id\":\"https:\\\/\\\/micasa.lv\\\/lv\\\/#website\",\"url\":\"https:\\\/\\\/micasa.lv\\\/lv\\\/\",\"name\":\"Micasa\",\"description\":\"\",\"potentialAction\":[{\"@type\":\"SearchAction\",\"target\":{\"@type\":\"EntryPoint\",\"urlTemplate\":\"https:\\\/\\\/micasa.lv\\\/lv\\\/?s={search_term_string}\"},\"query-input\":{\"@type\":\"PropertyValueSpecification\",\"valueRequired\":true,\"valueName\":\"search_term_string\"}}],\"inLanguage\":\"lv-LV\"}]}<\/script>\n<!-- \/ Yoast SEO plugin. -->","yoast_head_json":{"title":"Vannas istabas piederumu l\u012bm\u0113\u0161anas komplekts - Micasa","robots":{"index":"index","follow":"follow","max-snippet":"max-snippet:-1","max-image-preview":"max-image-preview:large","max-video-preview":"max-video-preview:-1"},"canonical":"https:\/\/micasa.lv\/lv\/vannas-istabas-piederumu-limesanas-komplekts\/","og_locale":"lv_LV","og_type":"article","og_title":"Vannas istabas piederumu l\u012bm\u0113\u0161anas komplekts - Micasa","og_description":"Komplekts vannas istabas aksesu\u0101ru l\u012bm\u0113\u0161anai. Piem\u0113rots produktu l\u012bnij\u0101m OMEGA, BETA, NEO, WHITE, DARK, HEMATIT, GRAPHIT, CORAL, AMBER, BRILO, SABLO, TREND-i.","og_url":"https:\/\/micasa.lv\/lv\/vannas-istabas-piederumu-limesanas-komplekts\/","og_site_name":"Micasa","article_modified_time":"2025-06-13T07:34:17+00:00","og_image":[{"width":600,"height":600,"url":"https:\/\/micasa.lv\/wp-content\/uploads\/2025\/05\/58d94f77f2039c775cc50959b725908d_199352010-velky.jpg","type":"image\/jpeg"}],"twitter_card":"summary_large_image","schema":{"@context":"https:\/\/schema.org","@graph":[{"@type":"WebPage","@id":"https:\/\/micasa.lv\/lv\/vannas-istabas-piederumu-limesanas-komplekts\/","url":"https:\/\/micasa.lv\/lv\/vannas-istabas-piederumu-limesanas-komplekts\/","name":"Vannas istabas piederumu l\u012bm\u0113\u0161anas komplekts - Micasa","isPartOf":{"@id":"https:\/\/micasa.lv\/lv\/#website"},"primaryImageOfPage":{"@id":"https:\/\/micasa.lv\/lv\/vannas-istabas-piederumu-limesanas-komplekts\/#primaryimage"},"image":{"@id":"https:\/\/micasa.lv\/lv\/vannas-istabas-piederumu-limesanas-komplekts\/#primaryimage"},"thumbnailUrl":"https:\/\/micasa.lv\/wp-content\/uploads\/2025\/05\/58d94f77f2039c775cc50959b725908d_199352010-velky.jpg","datePublished":"2025-05-14T09:50:26+00:00","dateModified":"2025-06-13T07:34:17+00:00","breadcrumb":{"@id":"https:\/\/micasa.lv\/lv\/vannas-istabas-piederumu-limesanas-komplekts\/#breadcrumb"},"inLanguage":"lv-LV","potentialAction":[{"@type":"ReadAction","target":["https:\/\/micasa.lv\/lv\/vannas-istabas-piederumu-limesanas-komplekts\/"]}]},{"@type":"ImageObject","inLanguage":"lv-LV","@id":"https:\/\/micasa.lv\/lv\/vannas-istabas-piederumu-limesanas-komplekts\/#primaryimage","url":"https:\/\/micasa.lv\/wp-content\/uploads\/2025\/05\/58d94f77f2039c775cc50959b725908d_199352010-velky.jpg","contentUrl":"https:\/\/micasa.lv\/wp-content\/uploads\/2025\/05\/58d94f77f2039c775cc50959b725908d_199352010-velky.jpg","width":600,"height":600},{"@type":"BreadcrumbList","@id":"https:\/\/micasa.lv\/lv\/vannas-istabas-piederumu-limesanas-komplekts\/#breadcrumb","itemListElement":[{"@type":"ListItem","position":1,"name":"S\u0101kums","item":"https:\/\/micasa.lv\/lv\/micasa\/"},{"@type":"ListItem","position":2,"name":"Shop","item":"https:\/\/micasa.lv\/lv\/shop\/"},{"@type":"ListItem","position":3,"name":"Vannas istabas piederumu l\u012bm\u0113\u0161anas komplekts"}]},{"@type":"WebSite","@id":"https:\/\/micasa.lv\/lv\/#website","url":"https:\/\/micasa.lv\/lv\/","name":"Micasa","description":"","potentialAction":[{"@type":"SearchAction","target":{"@type":"EntryPoint","urlTemplate":"https:\/\/micasa.lv\/lv\/?s={search_term_string}"},"query-input":{"@type":"PropertyValueSpecification","valueRequired":true,"valueName":"search_term_string"}}],"inLanguage":"lv-LV"}]}},"wcpa_form_fields":null,"_links":{"self":[{"href":"https:\/\/micasa.lv\/lv\/wp-json\/wp\/v2\/product\/43910","targetHints":{"allow":["GET"]}}],"collection":[{"href":"https:\/\/micasa.lv\/lv\/wp-json\/wp\/v2\/product"}],"about":[{"href":"https:\/\/micasa.lv\/lv\/wp-json\/wp\/v2\/types\/product"}],"version-history":[{"count":1,"href":"https:\/\/micasa.lv\/lv\/wp-json\/wp\/v2\/product\/43910\/revisions"}],"predecessor-version":[{"id":43940,"href":"https:\/\/micasa.lv\/lv\/wp-json\/wp\/v2\/product\/43910\/revisions\/43940"}],"wp:featuredmedia":[{"embeddable":true,"href":"https:\/\/micasa.lv\/lv\/wp-json\/wp\/v2\/media\/42904"}],"wp:attachment":[{"href":"https:\/\/micasa.lv\/lv\/wp-json\/wp\/v2\/media?parent=43910"}],"wp:term":[{"taxonomy":"product_brand","embeddable":true,"href":"https:\/\/micasa.lv\/lv\/wp-json\/wp\/v2\/product_brand?post=43910"},{"taxonomy":"product_cat","embeddable":true,"href":"https:\/\/micasa.lv\/lv\/wp-json\/wp\/v2\/product_cat?post=43910"},{"taxonomy":"product_tag","embeddable":true,"href":"https:\/\/micasa.lv\/lv\/wp-json\/wp\/v2\/product_tag?post=43910"}],"curies":[{"name":"wp","href":"https:\/\/api.w.org\/{rel}","templated":true}]}}