{"id":43928,"date":"2025-05-14T12:50:41","date_gmt":"2025-05-14T09:50:41","guid":{"rendered":"https:\/\/test.micasa.lv\/?post_type=product&#038;p=43928"},"modified":"2025-06-13T10:34:23","modified_gmt":"2025-06-13T07:34:23","slug":"amber-ziepju-dozators-200-ml","status":"publish","type":"product","link":"https:\/\/micasa.lv\/lv\/amber-ziepju-dozators-200-ml\/","title":{"rendered":"AMBER: Ziepju dozators 200 ml"},"content":{"rendered":"<p>Senaj\u0101 \u0100zij\u0101 cilv\u0113ki dzintaru uzskat\u012bja par t\u012b\u0123era dv\u0113seles materializ\u0113tu formu. Ar\u012b Dzintara l\u012bnij\u0101 valda sp\u0113ka, izsmalcin\u0101t\u012bbas un cie\u0146as l\u0101di\u0146\u0161, kas atg\u0101dina neapstr\u0101d\u0101ta dzintara izskatu. Pul\u0113t\u0101 virsma ir smalka, zemes nokr\u0101sas un pie\u0161\u0137irs j\u016bsu vannas istabai mier\u012bga \u0161arma un harmonijas saj\u016btu. T\u0101 lieliski izskat\u0101s kombin\u0101cij\u0101 ar smaragda un tirk\u012bza elementiem. Ja v\u0113laties greznu izskatu, nevilcinieties izmantot melnu, tum\u0161i pel\u0113ku vai betona kr\u0101su.<\/p>\n","protected":false},"excerpt":{"rendered":"<p>Senaj\u0101 \u0100zij\u0101 cilv\u0113ki dzintaru uzskat\u012bja par t\u012b\u0123era dv\u0113seles materializ\u0113tu formu. Ar\u012b Dzintara l\u012bnij\u0101 valda sp\u0113ka, izsmalcin\u0101t\u012bbas un cie\u0146as l\u0101di\u0146\u0161, kas<\/p>\n","protected":false},"featured_media":43160,"template":"","meta":[],"product_brand":[],"product_cat":[1851,1528],"product_tag":[],"class_list":{"0":"post-43928","1":"product","2":"type-product","3":"status-publish","4":"has-post-thumbnail","6":"product_cat-skidro-ziepju-dozatori","7":"product_cat-vannas-istabas-aksesuari","8":"pa_brand-bemeta-lv","10":"first","11":"instock","12":"taxable","13":"shipping-taxable","14":"purchasable","15":"product-type-simple"},"yoast_head":"<!-- This site is optimized with the Yoast SEO plugin v27.4 - https:\/\/yoast.com\/product\/yoast-seo-wordpress\/ -->\n<title>AMBER: Ziepju dozators 200 ml - Micasa<\/title>\n<meta name=\"robots\" content=\"index, follow, max-snippet:-1, max-image-preview:large, max-video-preview:-1\" \/>\n<link rel=\"canonical\" href=\"https:\/\/micasa.lv\/lv\/amber-ziepju-dozators-200-ml\/\" \/>\n<meta property=\"og:locale\" content=\"lv_LV\" \/>\n<meta property=\"og:type\" content=\"article\" \/>\n<meta property=\"og:title\" content=\"AMBER: Ziepju dozators 200 ml - Micasa\" \/>\n<meta property=\"og:description\" content=\"Senaj\u0101 \u0100zij\u0101 cilv\u0113ki dzintaru uzskat\u012bja par t\u012b\u0123era dv\u0113seles materializ\u0113tu formu. Ar\u012b Dzintara l\u012bnij\u0101 valda sp\u0113ka, izsmalcin\u0101t\u012bbas un cie\u0146as l\u0101di\u0146\u0161, kas\" \/>\n<meta property=\"og:url\" content=\"https:\/\/micasa.lv\/lv\/amber-ziepju-dozators-200-ml\/\" \/>\n<meta property=\"og:site_name\" content=\"Micasa\" \/>\n<meta property=\"article:modified_time\" content=\"2025-06-13T07:34:23+00:00\" \/>\n<meta property=\"og:image\" content=\"https:\/\/micasa.lv\/wp-content\/uploads\/2025\/05\/c4b5c28103202c5854fce7b58f7fe8fb_155109102-velky.jpg\" \/>\n\t<meta property=\"og:image:width\" content=\"500\" \/>\n\t<meta property=\"og:image:height\" content=\"500\" \/>\n\t<meta property=\"og:image:type\" content=\"image\/jpeg\" \/>\n<meta name=\"twitter:card\" content=\"summary_large_image\" \/>\n<script type=\"application\/ld+json\" class=\"yoast-schema-graph\">{\"@context\":\"https:\\\/\\\/schema.org\",\"@graph\":[{\"@type\":\"WebPage\",\"@id\":\"https:\\\/\\\/micasa.lv\\\/lv\\\/amber-ziepju-dozators-200-ml\\\/\",\"url\":\"https:\\\/\\\/micasa.lv\\\/lv\\\/amber-ziepju-dozators-200-ml\\\/\",\"name\":\"AMBER: Ziepju dozators 200 ml - Micasa\",\"isPartOf\":{\"@id\":\"https:\\\/\\\/micasa.lv\\\/lv\\\/#website\"},\"primaryImageOfPage\":{\"@id\":\"https:\\\/\\\/micasa.lv\\\/lv\\\/amber-ziepju-dozators-200-ml\\\/#primaryimage\"},\"image\":{\"@id\":\"https:\\\/\\\/micasa.lv\\\/lv\\\/amber-ziepju-dozators-200-ml\\\/#primaryimage\"},\"thumbnailUrl\":\"https:\\\/\\\/micasa.lv\\\/wp-content\\\/uploads\\\/2025\\\/05\\\/c4b5c28103202c5854fce7b58f7fe8fb_155109102-velky.jpg\",\"datePublished\":\"2025-05-14T09:50:41+00:00\",\"dateModified\":\"2025-06-13T07:34:23+00:00\",\"breadcrumb\":{\"@id\":\"https:\\\/\\\/micasa.lv\\\/lv\\\/amber-ziepju-dozators-200-ml\\\/#breadcrumb\"},\"inLanguage\":\"lv-LV\",\"potentialAction\":[{\"@type\":\"ReadAction\",\"target\":[\"https:\\\/\\\/micasa.lv\\\/lv\\\/amber-ziepju-dozators-200-ml\\\/\"]}]},{\"@type\":\"ImageObject\",\"inLanguage\":\"lv-LV\",\"@id\":\"https:\\\/\\\/micasa.lv\\\/lv\\\/amber-ziepju-dozators-200-ml\\\/#primaryimage\",\"url\":\"https:\\\/\\\/micasa.lv\\\/wp-content\\\/uploads\\\/2025\\\/05\\\/c4b5c28103202c5854fce7b58f7fe8fb_155109102-velky.jpg\",\"contentUrl\":\"https:\\\/\\\/micasa.lv\\\/wp-content\\\/uploads\\\/2025\\\/05\\\/c4b5c28103202c5854fce7b58f7fe8fb_155109102-velky.jpg\",\"width\":500,\"height\":500},{\"@type\":\"BreadcrumbList\",\"@id\":\"https:\\\/\\\/micasa.lv\\\/lv\\\/amber-ziepju-dozators-200-ml\\\/#breadcrumb\",\"itemListElement\":[{\"@type\":\"ListItem\",\"position\":1,\"name\":\"S\u0101kums\",\"item\":\"https:\\\/\\\/micasa.lv\\\/lv\\\/micasa\\\/\"},{\"@type\":\"ListItem\",\"position\":2,\"name\":\"Shop\",\"item\":\"https:\\\/\\\/micasa.lv\\\/lv\\\/shop\\\/\"},{\"@type\":\"ListItem\",\"position\":3,\"name\":\"AMBER: Ziepju dozators 200 ml\"}]},{\"@type\":\"WebSite\",\"@id\":\"https:\\\/\\\/micasa.lv\\\/lv\\\/#website\",\"url\":\"https:\\\/\\\/micasa.lv\\\/lv\\\/\",\"name\":\"Micasa\",\"description\":\"\",\"potentialAction\":[{\"@type\":\"SearchAction\",\"target\":{\"@type\":\"EntryPoint\",\"urlTemplate\":\"https:\\\/\\\/micasa.lv\\\/lv\\\/?s={search_term_string}\"},\"query-input\":{\"@type\":\"PropertyValueSpecification\",\"valueRequired\":true,\"valueName\":\"search_term_string\"}}],\"inLanguage\":\"lv-LV\"}]}<\/script>\n<!-- \/ Yoast SEO plugin. -->","yoast_head_json":{"title":"AMBER: Ziepju dozators 200 ml - Micasa","robots":{"index":"index","follow":"follow","max-snippet":"max-snippet:-1","max-image-preview":"max-image-preview:large","max-video-preview":"max-video-preview:-1"},"canonical":"https:\/\/micasa.lv\/lv\/amber-ziepju-dozators-200-ml\/","og_locale":"lv_LV","og_type":"article","og_title":"AMBER: Ziepju dozators 200 ml - Micasa","og_description":"Senaj\u0101 \u0100zij\u0101 cilv\u0113ki dzintaru uzskat\u012bja par t\u012b\u0123era dv\u0113seles materializ\u0113tu formu. Ar\u012b Dzintara l\u012bnij\u0101 valda sp\u0113ka, izsmalcin\u0101t\u012bbas un cie\u0146as l\u0101di\u0146\u0161, kas","og_url":"https:\/\/micasa.lv\/lv\/amber-ziepju-dozators-200-ml\/","og_site_name":"Micasa","article_modified_time":"2025-06-13T07:34:23+00:00","og_image":[{"width":500,"height":500,"url":"https:\/\/micasa.lv\/wp-content\/uploads\/2025\/05\/c4b5c28103202c5854fce7b58f7fe8fb_155109102-velky.jpg","type":"image\/jpeg"}],"twitter_card":"summary_large_image","schema":{"@context":"https:\/\/schema.org","@graph":[{"@type":"WebPage","@id":"https:\/\/micasa.lv\/lv\/amber-ziepju-dozators-200-ml\/","url":"https:\/\/micasa.lv\/lv\/amber-ziepju-dozators-200-ml\/","name":"AMBER: Ziepju dozators 200 ml - Micasa","isPartOf":{"@id":"https:\/\/micasa.lv\/lv\/#website"},"primaryImageOfPage":{"@id":"https:\/\/micasa.lv\/lv\/amber-ziepju-dozators-200-ml\/#primaryimage"},"image":{"@id":"https:\/\/micasa.lv\/lv\/amber-ziepju-dozators-200-ml\/#primaryimage"},"thumbnailUrl":"https:\/\/micasa.lv\/wp-content\/uploads\/2025\/05\/c4b5c28103202c5854fce7b58f7fe8fb_155109102-velky.jpg","datePublished":"2025-05-14T09:50:41+00:00","dateModified":"2025-06-13T07:34:23+00:00","breadcrumb":{"@id":"https:\/\/micasa.lv\/lv\/amber-ziepju-dozators-200-ml\/#breadcrumb"},"inLanguage":"lv-LV","potentialAction":[{"@type":"ReadAction","target":["https:\/\/micasa.lv\/lv\/amber-ziepju-dozators-200-ml\/"]}]},{"@type":"ImageObject","inLanguage":"lv-LV","@id":"https:\/\/micasa.lv\/lv\/amber-ziepju-dozators-200-ml\/#primaryimage","url":"https:\/\/micasa.lv\/wp-content\/uploads\/2025\/05\/c4b5c28103202c5854fce7b58f7fe8fb_155109102-velky.jpg","contentUrl":"https:\/\/micasa.lv\/wp-content\/uploads\/2025\/05\/c4b5c28103202c5854fce7b58f7fe8fb_155109102-velky.jpg","width":500,"height":500},{"@type":"BreadcrumbList","@id":"https:\/\/micasa.lv\/lv\/amber-ziepju-dozators-200-ml\/#breadcrumb","itemListElement":[{"@type":"ListItem","position":1,"name":"S\u0101kums","item":"https:\/\/micasa.lv\/lv\/micasa\/"},{"@type":"ListItem","position":2,"name":"Shop","item":"https:\/\/micasa.lv\/lv\/shop\/"},{"@type":"ListItem","position":3,"name":"AMBER: Ziepju dozators 200 ml"}]},{"@type":"WebSite","@id":"https:\/\/micasa.lv\/lv\/#website","url":"https:\/\/micasa.lv\/lv\/","name":"Micasa","description":"","potentialAction":[{"@type":"SearchAction","target":{"@type":"EntryPoint","urlTemplate":"https:\/\/micasa.lv\/lv\/?s={search_term_string}"},"query-input":{"@type":"PropertyValueSpecification","valueRequired":true,"valueName":"search_term_string"}}],"inLanguage":"lv-LV"}]}},"wcpa_form_fields":null,"_links":{"self":[{"href":"https:\/\/micasa.lv\/lv\/wp-json\/wp\/v2\/product\/43928","targetHints":{"allow":["GET"]}}],"collection":[{"href":"https:\/\/micasa.lv\/lv\/wp-json\/wp\/v2\/product"}],"about":[{"href":"https:\/\/micasa.lv\/lv\/wp-json\/wp\/v2\/types\/product"}],"version-history":[{"count":1,"href":"https:\/\/micasa.lv\/lv\/wp-json\/wp\/v2\/product\/43928\/revisions"}],"predecessor-version":[{"id":43958,"href":"https:\/\/micasa.lv\/lv\/wp-json\/wp\/v2\/product\/43928\/revisions\/43958"}],"wp:featuredmedia":[{"embeddable":true,"href":"https:\/\/micasa.lv\/lv\/wp-json\/wp\/v2\/media\/43160"}],"wp:attachment":[{"href":"https:\/\/micasa.lv\/lv\/wp-json\/wp\/v2\/media?parent=43928"}],"wp:term":[{"taxonomy":"product_brand","embeddable":true,"href":"https:\/\/micasa.lv\/lv\/wp-json\/wp\/v2\/product_brand?post=43928"},{"taxonomy":"product_cat","embeddable":true,"href":"https:\/\/micasa.lv\/lv\/wp-json\/wp\/v2\/product_cat?post=43928"},{"taxonomy":"product_tag","embeddable":true,"href":"https:\/\/micasa.lv\/lv\/wp-json\/wp\/v2\/product_tag?post=43928"}],"curies":[{"name":"wp","href":"https:\/\/api.w.org\/{rel}","templated":true}]}}