{"id":43983,"date":"2025-05-14T12:50:59","date_gmt":"2025-05-14T09:50:59","guid":{"rendered":"https:\/\/test.micasa.lv\/?post_type=product&#038;p=43983"},"modified":"2025-06-13T10:34:31","modified_gmt":"2025-06-13T07:34:31","slug":"organic-dubults-papira-turetajs-ar-plauktu","status":"publish","type":"product","link":"https:\/\/micasa.lv\/lv\/organic-dubults-papira-turetajs-ar-plauktu\/","title":{"rendered":"ORGANIC: Dubults pap\u012bra tur\u0113t\u0101js ar plauktu"},"content":{"rendered":"<p>Organic ir m\u016bsu pirmais dizaina jaunin\u0101jums 2021. gadam. T\u0101 atsevi\u0161\u0137ie produkti izstaro vieglumu, maigus le\u0146\u0137us un formas, kas atg\u0101dina dab\u0101 sastopam\u0101s. Tas viss ir izgatavots no augstas kvalit\u0101tes hroma un pul\u0113ta ner\u016bs\u0113jo\u0161\u0101 t\u0113rauda. Ja v\u0113laties izcelties no p\u016b\u013ca, Organic ir tie\u0161i tas, kas jums nepiecie\u0161ams. Kolekcij\u0101 ietilpst \u0161\u0137idro ziepju dozatori, ziepju trauki un plaukti, k\u0101 ar\u012b dvie\u013cu, birstu un tualetes pap\u012bra rull\u012b\u0161u tur\u0113t\u0101ji.<\/p>\n","protected":false},"excerpt":{"rendered":"<p>Organic ir m\u016bsu pirmais dizaina jaunin\u0101jums 2021. gadam. T\u0101 atsevi\u0161\u0137ie produkti izstaro vieglumu, maigus le\u0146\u0137us un formas, kas atg\u0101dina dab\u0101<\/p>\n","protected":false},"featured_media":42995,"template":"","meta":[],"product_brand":[],"product_cat":[1855,1528],"product_tag":[],"class_list":{"0":"post-43983","1":"product","2":"type-product","3":"status-publish","4":"has-post-thumbnail","6":"product_cat-tualetes-papira-turetaji","7":"product_cat-vannas-istabas-aksesuari","8":"pa_brand-bemeta-lv","10":"first","11":"instock","12":"taxable","13":"shipping-taxable","14":"purchasable","15":"product-type-simple"},"yoast_head":"<!-- This site is optimized with the Yoast SEO plugin v27.4 - https:\/\/yoast.com\/product\/yoast-seo-wordpress\/ -->\n<title>ORGANIC: Dubults pap\u012bra tur\u0113t\u0101js ar plauktu - Micasa<\/title>\n<meta name=\"robots\" content=\"index, follow, max-snippet:-1, max-image-preview:large, max-video-preview:-1\" \/>\n<link rel=\"canonical\" href=\"https:\/\/micasa.lv\/lv\/organic-dubults-papira-turetajs-ar-plauktu\/\" \/>\n<meta property=\"og:locale\" content=\"lv_LV\" \/>\n<meta property=\"og:type\" content=\"article\" \/>\n<meta property=\"og:title\" content=\"ORGANIC: Dubults pap\u012bra tur\u0113t\u0101js ar plauktu - Micasa\" \/>\n<meta property=\"og:description\" content=\"Organic ir m\u016bsu pirmais dizaina jaunin\u0101jums 2021. gadam. T\u0101 atsevi\u0161\u0137ie produkti izstaro vieglumu, maigus le\u0146\u0137us un formas, kas atg\u0101dina dab\u0101\" \/>\n<meta property=\"og:url\" content=\"https:\/\/micasa.lv\/lv\/organic-dubults-papira-turetajs-ar-plauktu\/\" \/>\n<meta property=\"og:site_name\" content=\"Micasa\" \/>\n<meta property=\"article:modified_time\" content=\"2025-06-13T07:34:31+00:00\" \/>\n<meta property=\"og:image\" content=\"https:\/\/micasa.lv\/wp-content\/uploads\/2025\/05\/900eb19594e2cb00064bad6bf6199b85_157112161-velky.jpg\" \/>\n\t<meta property=\"og:image:width\" content=\"500\" \/>\n\t<meta property=\"og:image:height\" content=\"500\" \/>\n\t<meta property=\"og:image:type\" content=\"image\/jpeg\" \/>\n<meta name=\"twitter:card\" content=\"summary_large_image\" \/>\n<script type=\"application\/ld+json\" class=\"yoast-schema-graph\">{\"@context\":\"https:\\\/\\\/schema.org\",\"@graph\":[{\"@type\":\"WebPage\",\"@id\":\"https:\\\/\\\/micasa.lv\\\/lv\\\/organic-dubults-papira-turetajs-ar-plauktu\\\/\",\"url\":\"https:\\\/\\\/micasa.lv\\\/lv\\\/organic-dubults-papira-turetajs-ar-plauktu\\\/\",\"name\":\"ORGANIC: Dubults pap\u012bra tur\u0113t\u0101js ar plauktu - Micasa\",\"isPartOf\":{\"@id\":\"https:\\\/\\\/micasa.lv\\\/lv\\\/#website\"},\"primaryImageOfPage\":{\"@id\":\"https:\\\/\\\/micasa.lv\\\/lv\\\/organic-dubults-papira-turetajs-ar-plauktu\\\/#primaryimage\"},\"image\":{\"@id\":\"https:\\\/\\\/micasa.lv\\\/lv\\\/organic-dubults-papira-turetajs-ar-plauktu\\\/#primaryimage\"},\"thumbnailUrl\":\"https:\\\/\\\/micasa.lv\\\/wp-content\\\/uploads\\\/2025\\\/05\\\/900eb19594e2cb00064bad6bf6199b85_157112161-velky.jpg\",\"datePublished\":\"2025-05-14T09:50:59+00:00\",\"dateModified\":\"2025-06-13T07:34:31+00:00\",\"breadcrumb\":{\"@id\":\"https:\\\/\\\/micasa.lv\\\/lv\\\/organic-dubults-papira-turetajs-ar-plauktu\\\/#breadcrumb\"},\"inLanguage\":\"lv-LV\",\"potentialAction\":[{\"@type\":\"ReadAction\",\"target\":[\"https:\\\/\\\/micasa.lv\\\/lv\\\/organic-dubults-papira-turetajs-ar-plauktu\\\/\"]}]},{\"@type\":\"ImageObject\",\"inLanguage\":\"lv-LV\",\"@id\":\"https:\\\/\\\/micasa.lv\\\/lv\\\/organic-dubults-papira-turetajs-ar-plauktu\\\/#primaryimage\",\"url\":\"https:\\\/\\\/micasa.lv\\\/wp-content\\\/uploads\\\/2025\\\/05\\\/900eb19594e2cb00064bad6bf6199b85_157112161-velky.jpg\",\"contentUrl\":\"https:\\\/\\\/micasa.lv\\\/wp-content\\\/uploads\\\/2025\\\/05\\\/900eb19594e2cb00064bad6bf6199b85_157112161-velky.jpg\",\"width\":500,\"height\":500},{\"@type\":\"BreadcrumbList\",\"@id\":\"https:\\\/\\\/micasa.lv\\\/lv\\\/organic-dubults-papira-turetajs-ar-plauktu\\\/#breadcrumb\",\"itemListElement\":[{\"@type\":\"ListItem\",\"position\":1,\"name\":\"S\u0101kums\",\"item\":\"https:\\\/\\\/micasa.lv\\\/lv\\\/micasa\\\/\"},{\"@type\":\"ListItem\",\"position\":2,\"name\":\"Shop\",\"item\":\"https:\\\/\\\/micasa.lv\\\/lv\\\/shop\\\/\"},{\"@type\":\"ListItem\",\"position\":3,\"name\":\"ORGANIC: Dubults pap\u012bra tur\u0113t\u0101js ar plauktu\"}]},{\"@type\":\"WebSite\",\"@id\":\"https:\\\/\\\/micasa.lv\\\/lv\\\/#website\",\"url\":\"https:\\\/\\\/micasa.lv\\\/lv\\\/\",\"name\":\"Micasa\",\"description\":\"\",\"potentialAction\":[{\"@type\":\"SearchAction\",\"target\":{\"@type\":\"EntryPoint\",\"urlTemplate\":\"https:\\\/\\\/micasa.lv\\\/lv\\\/?s={search_term_string}\"},\"query-input\":{\"@type\":\"PropertyValueSpecification\",\"valueRequired\":true,\"valueName\":\"search_term_string\"}}],\"inLanguage\":\"lv-LV\"}]}<\/script>\n<!-- \/ Yoast SEO plugin. -->","yoast_head_json":{"title":"ORGANIC: Dubults pap\u012bra tur\u0113t\u0101js ar plauktu - Micasa","robots":{"index":"index","follow":"follow","max-snippet":"max-snippet:-1","max-image-preview":"max-image-preview:large","max-video-preview":"max-video-preview:-1"},"canonical":"https:\/\/micasa.lv\/lv\/organic-dubults-papira-turetajs-ar-plauktu\/","og_locale":"lv_LV","og_type":"article","og_title":"ORGANIC: Dubults pap\u012bra tur\u0113t\u0101js ar plauktu - Micasa","og_description":"Organic ir m\u016bsu pirmais dizaina jaunin\u0101jums 2021. gadam. T\u0101 atsevi\u0161\u0137ie produkti izstaro vieglumu, maigus le\u0146\u0137us un formas, kas atg\u0101dina dab\u0101","og_url":"https:\/\/micasa.lv\/lv\/organic-dubults-papira-turetajs-ar-plauktu\/","og_site_name":"Micasa","article_modified_time":"2025-06-13T07:34:31+00:00","og_image":[{"width":500,"height":500,"url":"https:\/\/micasa.lv\/wp-content\/uploads\/2025\/05\/900eb19594e2cb00064bad6bf6199b85_157112161-velky.jpg","type":"image\/jpeg"}],"twitter_card":"summary_large_image","schema":{"@context":"https:\/\/schema.org","@graph":[{"@type":"WebPage","@id":"https:\/\/micasa.lv\/lv\/organic-dubults-papira-turetajs-ar-plauktu\/","url":"https:\/\/micasa.lv\/lv\/organic-dubults-papira-turetajs-ar-plauktu\/","name":"ORGANIC: Dubults pap\u012bra tur\u0113t\u0101js ar plauktu - Micasa","isPartOf":{"@id":"https:\/\/micasa.lv\/lv\/#website"},"primaryImageOfPage":{"@id":"https:\/\/micasa.lv\/lv\/organic-dubults-papira-turetajs-ar-plauktu\/#primaryimage"},"image":{"@id":"https:\/\/micasa.lv\/lv\/organic-dubults-papira-turetajs-ar-plauktu\/#primaryimage"},"thumbnailUrl":"https:\/\/micasa.lv\/wp-content\/uploads\/2025\/05\/900eb19594e2cb00064bad6bf6199b85_157112161-velky.jpg","datePublished":"2025-05-14T09:50:59+00:00","dateModified":"2025-06-13T07:34:31+00:00","breadcrumb":{"@id":"https:\/\/micasa.lv\/lv\/organic-dubults-papira-turetajs-ar-plauktu\/#breadcrumb"},"inLanguage":"lv-LV","potentialAction":[{"@type":"ReadAction","target":["https:\/\/micasa.lv\/lv\/organic-dubults-papira-turetajs-ar-plauktu\/"]}]},{"@type":"ImageObject","inLanguage":"lv-LV","@id":"https:\/\/micasa.lv\/lv\/organic-dubults-papira-turetajs-ar-plauktu\/#primaryimage","url":"https:\/\/micasa.lv\/wp-content\/uploads\/2025\/05\/900eb19594e2cb00064bad6bf6199b85_157112161-velky.jpg","contentUrl":"https:\/\/micasa.lv\/wp-content\/uploads\/2025\/05\/900eb19594e2cb00064bad6bf6199b85_157112161-velky.jpg","width":500,"height":500},{"@type":"BreadcrumbList","@id":"https:\/\/micasa.lv\/lv\/organic-dubults-papira-turetajs-ar-plauktu\/#breadcrumb","itemListElement":[{"@type":"ListItem","position":1,"name":"S\u0101kums","item":"https:\/\/micasa.lv\/lv\/micasa\/"},{"@type":"ListItem","position":2,"name":"Shop","item":"https:\/\/micasa.lv\/lv\/shop\/"},{"@type":"ListItem","position":3,"name":"ORGANIC: Dubults pap\u012bra tur\u0113t\u0101js ar plauktu"}]},{"@type":"WebSite","@id":"https:\/\/micasa.lv\/lv\/#website","url":"https:\/\/micasa.lv\/lv\/","name":"Micasa","description":"","potentialAction":[{"@type":"SearchAction","target":{"@type":"EntryPoint","urlTemplate":"https:\/\/micasa.lv\/lv\/?s={search_term_string}"},"query-input":{"@type":"PropertyValueSpecification","valueRequired":true,"valueName":"search_term_string"}}],"inLanguage":"lv-LV"}]}},"wcpa_form_fields":null,"_links":{"self":[{"href":"https:\/\/micasa.lv\/lv\/wp-json\/wp\/v2\/product\/43983","targetHints":{"allow":["GET"]}}],"collection":[{"href":"https:\/\/micasa.lv\/lv\/wp-json\/wp\/v2\/product"}],"about":[{"href":"https:\/\/micasa.lv\/lv\/wp-json\/wp\/v2\/types\/product"}],"version-history":[{"count":1,"href":"https:\/\/micasa.lv\/lv\/wp-json\/wp\/v2\/product\/43983\/revisions"}],"predecessor-version":[{"id":44013,"href":"https:\/\/micasa.lv\/lv\/wp-json\/wp\/v2\/product\/43983\/revisions\/44013"}],"wp:featuredmedia":[{"embeddable":true,"href":"https:\/\/micasa.lv\/lv\/wp-json\/wp\/v2\/media\/42995"}],"wp:attachment":[{"href":"https:\/\/micasa.lv\/lv\/wp-json\/wp\/v2\/media?parent=43983"}],"wp:term":[{"taxonomy":"product_brand","embeddable":true,"href":"https:\/\/micasa.lv\/lv\/wp-json\/wp\/v2\/product_brand?post=43983"},{"taxonomy":"product_cat","embeddable":true,"href":"https:\/\/micasa.lv\/lv\/wp-json\/wp\/v2\/product_cat?post=43983"},{"taxonomy":"product_tag","embeddable":true,"href":"https:\/\/micasa.lv\/lv\/wp-json\/wp\/v2\/product_tag?post=43983"}],"curies":[{"name":"wp","href":"https:\/\/api.w.org\/{rel}","templated":true}]}}