{"id":43985,"date":"2025-05-14T12:51:00","date_gmt":"2025-05-14T09:51:00","guid":{"rendered":"https:\/\/test.micasa.lv\/?post_type=product&#038;p=43985"},"modified":"2025-06-13T10:34:32","modified_gmt":"2025-06-13T07:34:32","slug":"sviras-tipa-ziepju-dozators-1000-ml-nerusejosais-terauds-plastmasa-matets","status":"publish","type":"product","link":"https:\/\/micasa.lv\/lv\/sviras-tipa-ziepju-dozators-1000-ml-nerusejosais-terauds-plastmasa-matets\/","title":{"rendered":"Sviras tipa ziepju dozators 1000 ml, ner\u016bs\u0113jo\u0161ais t\u0113rauds\/plastmasa, mat\u0113ts"},"content":{"rendered":"<p>D\u00e1vkova\u010d je ur\u010den\u00fd pro tekut\u00e9 m\u00fddlo nebo dezinfekci, a\u0165 u\u017e do Va\u0161i dom\u00e1cnosti nebo do ve\u0159ejn\u00fdch prostor. D\u00e1vkova\u010d tvo\u0159\u00ed plastov\u00e1 n\u00e1doba a ru\u010dn\u00ed nerezov\u00e1 p\u00e1ka s konstrukc\u00ed a ovl\u00e1d\u00e1 se manu\u00e1ln\u011b. Instalace pov\u011b\u0161en\u00edm na ze\u010f.<\/p>\n","protected":false},"excerpt":{"rendered":"<p>D\u00e1vkova\u010d je ur\u010den\u00fd pro tekut\u00e9 m\u00fddlo nebo dezinfekci, a\u0165 u\u017e do Va\u0161i dom\u00e1cnosti nebo do ve\u0159ejn\u00fdch prostor. D\u00e1vkova\u010d tvo\u0159\u00ed plastov\u00e1<\/p>\n","protected":false},"featured_media":42952,"template":"","meta":[],"product_brand":[],"product_cat":[1851,1528],"product_tag":[],"class_list":{"0":"post-43985","1":"product","2":"type-product","3":"status-publish","4":"has-post-thumbnail","6":"product_cat-skidro-ziepju-dozatori","7":"product_cat-vannas-istabas-aksesuari","8":"pa_brand-bemeta-lv","10":"first","11":"instock","12":"taxable","13":"shipping-taxable","14":"purchasable","15":"product-type-simple"},"yoast_head":"<!-- This site is optimized with the Yoast SEO plugin v27.4 - https:\/\/yoast.com\/product\/yoast-seo-wordpress\/ -->\n<title>Sviras tipa ziepju dozators 1000 ml, ner\u016bs\u0113jo\u0161ais t\u0113rauds\/plastmasa, mat\u0113ts - Micasa<\/title>\n<meta name=\"robots\" content=\"index, follow, max-snippet:-1, max-image-preview:large, max-video-preview:-1\" \/>\n<link rel=\"canonical\" href=\"https:\/\/micasa.lv\/lv\/sviras-tipa-ziepju-dozators-1000-ml-nerusejosais-terauds-plastmasa-matets\/\" \/>\n<meta property=\"og:locale\" content=\"lv_LV\" \/>\n<meta property=\"og:type\" content=\"article\" \/>\n<meta property=\"og:title\" content=\"Sviras tipa ziepju dozators 1000 ml, ner\u016bs\u0113jo\u0161ais t\u0113rauds\/plastmasa, mat\u0113ts - Micasa\" \/>\n<meta property=\"og:description\" content=\"D\u00e1vkova\u010d je ur\u010den\u00fd pro tekut\u00e9 m\u00fddlo nebo dezinfekci, a\u0165 u\u017e do Va\u0161i dom\u00e1cnosti nebo do ve\u0159ejn\u00fdch prostor. D\u00e1vkova\u010d tvo\u0159\u00ed plastov\u00e1\" \/>\n<meta property=\"og:url\" content=\"https:\/\/micasa.lv\/lv\/sviras-tipa-ziepju-dozators-1000-ml-nerusejosais-terauds-plastmasa-matets\/\" \/>\n<meta property=\"og:site_name\" content=\"Micasa\" \/>\n<meta property=\"article:modified_time\" content=\"2025-06-13T07:34:32+00:00\" \/>\n<meta property=\"og:image\" content=\"https:\/\/micasa.lv\/wp-content\/uploads\/2025\/05\/91e37155e1cdd73738bea20fb9f93b60_101109285-velky.jpg\" \/>\n\t<meta property=\"og:image:width\" content=\"500\" \/>\n\t<meta property=\"og:image:height\" content=\"500\" \/>\n\t<meta property=\"og:image:type\" content=\"image\/jpeg\" \/>\n<meta name=\"twitter:card\" content=\"summary_large_image\" \/>\n<script type=\"application\/ld+json\" class=\"yoast-schema-graph\">{\"@context\":\"https:\\\/\\\/schema.org\",\"@graph\":[{\"@type\":\"WebPage\",\"@id\":\"https:\\\/\\\/micasa.lv\\\/lv\\\/sviras-tipa-ziepju-dozators-1000-ml-nerusejosais-terauds-plastmasa-matets\\\/\",\"url\":\"https:\\\/\\\/micasa.lv\\\/lv\\\/sviras-tipa-ziepju-dozators-1000-ml-nerusejosais-terauds-plastmasa-matets\\\/\",\"name\":\"Sviras tipa ziepju dozators 1000 ml, ner\u016bs\u0113jo\u0161ais t\u0113rauds\\\/plastmasa, mat\u0113ts - Micasa\",\"isPartOf\":{\"@id\":\"https:\\\/\\\/micasa.lv\\\/lv\\\/#website\"},\"primaryImageOfPage\":{\"@id\":\"https:\\\/\\\/micasa.lv\\\/lv\\\/sviras-tipa-ziepju-dozators-1000-ml-nerusejosais-terauds-plastmasa-matets\\\/#primaryimage\"},\"image\":{\"@id\":\"https:\\\/\\\/micasa.lv\\\/lv\\\/sviras-tipa-ziepju-dozators-1000-ml-nerusejosais-terauds-plastmasa-matets\\\/#primaryimage\"},\"thumbnailUrl\":\"https:\\\/\\\/micasa.lv\\\/wp-content\\\/uploads\\\/2025\\\/05\\\/91e37155e1cdd73738bea20fb9f93b60_101109285-velky.jpg\",\"datePublished\":\"2025-05-14T09:51:00+00:00\",\"dateModified\":\"2025-06-13T07:34:32+00:00\",\"breadcrumb\":{\"@id\":\"https:\\\/\\\/micasa.lv\\\/lv\\\/sviras-tipa-ziepju-dozators-1000-ml-nerusejosais-terauds-plastmasa-matets\\\/#breadcrumb\"},\"inLanguage\":\"lv-LV\",\"potentialAction\":[{\"@type\":\"ReadAction\",\"target\":[\"https:\\\/\\\/micasa.lv\\\/lv\\\/sviras-tipa-ziepju-dozators-1000-ml-nerusejosais-terauds-plastmasa-matets\\\/\"]}]},{\"@type\":\"ImageObject\",\"inLanguage\":\"lv-LV\",\"@id\":\"https:\\\/\\\/micasa.lv\\\/lv\\\/sviras-tipa-ziepju-dozators-1000-ml-nerusejosais-terauds-plastmasa-matets\\\/#primaryimage\",\"url\":\"https:\\\/\\\/micasa.lv\\\/wp-content\\\/uploads\\\/2025\\\/05\\\/91e37155e1cdd73738bea20fb9f93b60_101109285-velky.jpg\",\"contentUrl\":\"https:\\\/\\\/micasa.lv\\\/wp-content\\\/uploads\\\/2025\\\/05\\\/91e37155e1cdd73738bea20fb9f93b60_101109285-velky.jpg\",\"width\":500,\"height\":500},{\"@type\":\"BreadcrumbList\",\"@id\":\"https:\\\/\\\/micasa.lv\\\/lv\\\/sviras-tipa-ziepju-dozators-1000-ml-nerusejosais-terauds-plastmasa-matets\\\/#breadcrumb\",\"itemListElement\":[{\"@type\":\"ListItem\",\"position\":1,\"name\":\"S\u0101kums\",\"item\":\"https:\\\/\\\/micasa.lv\\\/lv\\\/micasa\\\/\"},{\"@type\":\"ListItem\",\"position\":2,\"name\":\"Shop\",\"item\":\"https:\\\/\\\/micasa.lv\\\/lv\\\/shop\\\/\"},{\"@type\":\"ListItem\",\"position\":3,\"name\":\"Sviras tipa ziepju dozators 1000 ml, ner\u016bs\u0113jo\u0161ais t\u0113rauds\\\/plastmasa, mat\u0113ts\"}]},{\"@type\":\"WebSite\",\"@id\":\"https:\\\/\\\/micasa.lv\\\/lv\\\/#website\",\"url\":\"https:\\\/\\\/micasa.lv\\\/lv\\\/\",\"name\":\"Micasa\",\"description\":\"\",\"potentialAction\":[{\"@type\":\"SearchAction\",\"target\":{\"@type\":\"EntryPoint\",\"urlTemplate\":\"https:\\\/\\\/micasa.lv\\\/lv\\\/?s={search_term_string}\"},\"query-input\":{\"@type\":\"PropertyValueSpecification\",\"valueRequired\":true,\"valueName\":\"search_term_string\"}}],\"inLanguage\":\"lv-LV\"}]}<\/script>\n<!-- \/ Yoast SEO plugin. -->","yoast_head_json":{"title":"Sviras tipa ziepju dozators 1000 ml, ner\u016bs\u0113jo\u0161ais t\u0113rauds\/plastmasa, mat\u0113ts - Micasa","robots":{"index":"index","follow":"follow","max-snippet":"max-snippet:-1","max-image-preview":"max-image-preview:large","max-video-preview":"max-video-preview:-1"},"canonical":"https:\/\/micasa.lv\/lv\/sviras-tipa-ziepju-dozators-1000-ml-nerusejosais-terauds-plastmasa-matets\/","og_locale":"lv_LV","og_type":"article","og_title":"Sviras tipa ziepju dozators 1000 ml, ner\u016bs\u0113jo\u0161ais t\u0113rauds\/plastmasa, mat\u0113ts - Micasa","og_description":"D\u00e1vkova\u010d je ur\u010den\u00fd pro tekut\u00e9 m\u00fddlo nebo dezinfekci, a\u0165 u\u017e do Va\u0161i dom\u00e1cnosti nebo do ve\u0159ejn\u00fdch prostor. D\u00e1vkova\u010d tvo\u0159\u00ed plastov\u00e1","og_url":"https:\/\/micasa.lv\/lv\/sviras-tipa-ziepju-dozators-1000-ml-nerusejosais-terauds-plastmasa-matets\/","og_site_name":"Micasa","article_modified_time":"2025-06-13T07:34:32+00:00","og_image":[{"width":500,"height":500,"url":"https:\/\/micasa.lv\/wp-content\/uploads\/2025\/05\/91e37155e1cdd73738bea20fb9f93b60_101109285-velky.jpg","type":"image\/jpeg"}],"twitter_card":"summary_large_image","schema":{"@context":"https:\/\/schema.org","@graph":[{"@type":"WebPage","@id":"https:\/\/micasa.lv\/lv\/sviras-tipa-ziepju-dozators-1000-ml-nerusejosais-terauds-plastmasa-matets\/","url":"https:\/\/micasa.lv\/lv\/sviras-tipa-ziepju-dozators-1000-ml-nerusejosais-terauds-plastmasa-matets\/","name":"Sviras tipa ziepju dozators 1000 ml, ner\u016bs\u0113jo\u0161ais t\u0113rauds\/plastmasa, mat\u0113ts - Micasa","isPartOf":{"@id":"https:\/\/micasa.lv\/lv\/#website"},"primaryImageOfPage":{"@id":"https:\/\/micasa.lv\/lv\/sviras-tipa-ziepju-dozators-1000-ml-nerusejosais-terauds-plastmasa-matets\/#primaryimage"},"image":{"@id":"https:\/\/micasa.lv\/lv\/sviras-tipa-ziepju-dozators-1000-ml-nerusejosais-terauds-plastmasa-matets\/#primaryimage"},"thumbnailUrl":"https:\/\/micasa.lv\/wp-content\/uploads\/2025\/05\/91e37155e1cdd73738bea20fb9f93b60_101109285-velky.jpg","datePublished":"2025-05-14T09:51:00+00:00","dateModified":"2025-06-13T07:34:32+00:00","breadcrumb":{"@id":"https:\/\/micasa.lv\/lv\/sviras-tipa-ziepju-dozators-1000-ml-nerusejosais-terauds-plastmasa-matets\/#breadcrumb"},"inLanguage":"lv-LV","potentialAction":[{"@type":"ReadAction","target":["https:\/\/micasa.lv\/lv\/sviras-tipa-ziepju-dozators-1000-ml-nerusejosais-terauds-plastmasa-matets\/"]}]},{"@type":"ImageObject","inLanguage":"lv-LV","@id":"https:\/\/micasa.lv\/lv\/sviras-tipa-ziepju-dozators-1000-ml-nerusejosais-terauds-plastmasa-matets\/#primaryimage","url":"https:\/\/micasa.lv\/wp-content\/uploads\/2025\/05\/91e37155e1cdd73738bea20fb9f93b60_101109285-velky.jpg","contentUrl":"https:\/\/micasa.lv\/wp-content\/uploads\/2025\/05\/91e37155e1cdd73738bea20fb9f93b60_101109285-velky.jpg","width":500,"height":500},{"@type":"BreadcrumbList","@id":"https:\/\/micasa.lv\/lv\/sviras-tipa-ziepju-dozators-1000-ml-nerusejosais-terauds-plastmasa-matets\/#breadcrumb","itemListElement":[{"@type":"ListItem","position":1,"name":"S\u0101kums","item":"https:\/\/micasa.lv\/lv\/micasa\/"},{"@type":"ListItem","position":2,"name":"Shop","item":"https:\/\/micasa.lv\/lv\/shop\/"},{"@type":"ListItem","position":3,"name":"Sviras tipa ziepju dozators 1000 ml, ner\u016bs\u0113jo\u0161ais t\u0113rauds\/plastmasa, mat\u0113ts"}]},{"@type":"WebSite","@id":"https:\/\/micasa.lv\/lv\/#website","url":"https:\/\/micasa.lv\/lv\/","name":"Micasa","description":"","potentialAction":[{"@type":"SearchAction","target":{"@type":"EntryPoint","urlTemplate":"https:\/\/micasa.lv\/lv\/?s={search_term_string}"},"query-input":{"@type":"PropertyValueSpecification","valueRequired":true,"valueName":"search_term_string"}}],"inLanguage":"lv-LV"}]}},"wcpa_form_fields":null,"_links":{"self":[{"href":"https:\/\/micasa.lv\/lv\/wp-json\/wp\/v2\/product\/43985","targetHints":{"allow":["GET"]}}],"collection":[{"href":"https:\/\/micasa.lv\/lv\/wp-json\/wp\/v2\/product"}],"about":[{"href":"https:\/\/micasa.lv\/lv\/wp-json\/wp\/v2\/types\/product"}],"version-history":[{"count":1,"href":"https:\/\/micasa.lv\/lv\/wp-json\/wp\/v2\/product\/43985\/revisions"}],"predecessor-version":[{"id":44015,"href":"https:\/\/micasa.lv\/lv\/wp-json\/wp\/v2\/product\/43985\/revisions\/44015"}],"wp:featuredmedia":[{"embeddable":true,"href":"https:\/\/micasa.lv\/lv\/wp-json\/wp\/v2\/media\/42952"}],"wp:attachment":[{"href":"https:\/\/micasa.lv\/lv\/wp-json\/wp\/v2\/media?parent=43985"}],"wp:term":[{"taxonomy":"product_brand","embeddable":true,"href":"https:\/\/micasa.lv\/lv\/wp-json\/wp\/v2\/product_brand?post=43985"},{"taxonomy":"product_cat","embeddable":true,"href":"https:\/\/micasa.lv\/lv\/wp-json\/wp\/v2\/product_cat?post=43985"},{"taxonomy":"product_tag","embeddable":true,"href":"https:\/\/micasa.lv\/lv\/wp-json\/wp\/v2\/product_tag?post=43985"}],"curies":[{"name":"wp","href":"https:\/\/api.w.org\/{rel}","templated":true}]}}