{"id":44031,"date":"2025-05-14T12:51:03","date_gmt":"2025-05-14T09:51:03","guid":{"rendered":"https:\/\/test.micasa.lv\/?post_type=product&#038;p=44031"},"modified":"2025-06-13T10:34:38","modified_gmt":"2025-06-13T07:34:38","slug":"coral-brivi-stavoss-piekarinams-tualetes-birstes-turetajs","status":"publish","type":"product","link":"https:\/\/micasa.lv\/lv\/coral-brivi-stavoss-piekarinams-tualetes-birstes-turetajs\/","title":{"rendered":"CORAL: Br\u012bvi st\u0101vo\u0161s\/piekarin\u0101ms tualetes birstes tur\u0113t\u0101js"},"content":{"rendered":"<p>Vasaras saules siltums aiz horizonta, dzirksts gard\u0101 konjak\u0101 un svaigas karameles porcijas maigums. Coral l\u012bnijas produkti noteikti ne tikai st\u0101v\u0113s j\u016bsu vannas istabas st\u016br\u012b; to misija ir mirdz\u0113t. Tie piepilda katru telpu, no gr\u012bdas l\u012bdz griestiem, ar dz\u012bvu grezn\u012bbas un ori\u0123inalit\u0101tes ener\u0123iju. Tie lieliski iederas gai\u0161\u0101s vannas istab\u0101s, tie labi sader ar akmeni, betonu vai marmoru. Coral l\u012bnija \u013cauj rad\u012bt modernu retro atmosf\u0113ru.<\/p>\n","protected":false},"excerpt":{"rendered":"<p>Vasaras saules siltums aiz horizonta, dzirksts gard\u0101 konjak\u0101 un svaigas karameles porcijas maigums. Coral l\u012bnijas produkti noteikti ne tikai st\u0101v\u0113s<\/p>\n","protected":false},"featured_media":43175,"template":"","meta":[],"product_brand":[],"product_cat":[1853,1528],"product_tag":[],"class_list":{"0":"post-44031","1":"product","2":"type-product","3":"status-publish","4":"has-post-thumbnail","6":"product_cat-tualetes-birstes","7":"product_cat-vannas-istabas-aksesuari","8":"pa_brand-bemeta-lv","10":"first","11":"instock","12":"taxable","13":"shipping-taxable","14":"purchasable","15":"product-type-simple"},"yoast_head":"<!-- This site is optimized with the Yoast SEO plugin v27.4 - https:\/\/yoast.com\/product\/yoast-seo-wordpress\/ -->\n<title>CORAL: Br\u012bvi st\u0101vo\u0161s\/piekarin\u0101ms tualetes birstes tur\u0113t\u0101js - Micasa<\/title>\n<meta name=\"robots\" content=\"index, follow, max-snippet:-1, max-image-preview:large, max-video-preview:-1\" \/>\n<link rel=\"canonical\" href=\"https:\/\/micasa.lv\/lv\/coral-brivi-stavoss-piekarinams-tualetes-birstes-turetajs\/\" \/>\n<meta property=\"og:locale\" content=\"lv_LV\" \/>\n<meta property=\"og:type\" content=\"article\" \/>\n<meta property=\"og:title\" content=\"CORAL: Br\u012bvi st\u0101vo\u0161s\/piekarin\u0101ms tualetes birstes tur\u0113t\u0101js - Micasa\" \/>\n<meta property=\"og:description\" content=\"Vasaras saules siltums aiz horizonta, dzirksts gard\u0101 konjak\u0101 un svaigas karameles porcijas maigums. Coral l\u012bnijas produkti noteikti ne tikai st\u0101v\u0113s\" \/>\n<meta property=\"og:url\" content=\"https:\/\/micasa.lv\/lv\/coral-brivi-stavoss-piekarinams-tualetes-birstes-turetajs\/\" \/>\n<meta property=\"og:site_name\" content=\"Micasa\" \/>\n<meta property=\"article:modified_time\" content=\"2025-06-13T07:34:38+00:00\" \/>\n<meta property=\"og:image\" content=\"https:\/\/micasa.lv\/wp-content\/uploads\/2025\/05\/c39ff219cc5cf07cdee7fdd91198b394_158313067-velky.jpg\" \/>\n\t<meta property=\"og:image:width\" content=\"500\" \/>\n\t<meta property=\"og:image:height\" content=\"500\" \/>\n\t<meta property=\"og:image:type\" content=\"image\/jpeg\" \/>\n<meta name=\"twitter:card\" content=\"summary_large_image\" \/>\n<script type=\"application\/ld+json\" class=\"yoast-schema-graph\">{\"@context\":\"https:\\\/\\\/schema.org\",\"@graph\":[{\"@type\":\"WebPage\",\"@id\":\"https:\\\/\\\/micasa.lv\\\/lv\\\/coral-brivi-stavoss-piekarinams-tualetes-birstes-turetajs\\\/\",\"url\":\"https:\\\/\\\/micasa.lv\\\/lv\\\/coral-brivi-stavoss-piekarinams-tualetes-birstes-turetajs\\\/\",\"name\":\"CORAL: Br\u012bvi st\u0101vo\u0161s\\\/piekarin\u0101ms tualetes birstes tur\u0113t\u0101js - Micasa\",\"isPartOf\":{\"@id\":\"https:\\\/\\\/micasa.lv\\\/lv\\\/#website\"},\"primaryImageOfPage\":{\"@id\":\"https:\\\/\\\/micasa.lv\\\/lv\\\/coral-brivi-stavoss-piekarinams-tualetes-birstes-turetajs\\\/#primaryimage\"},\"image\":{\"@id\":\"https:\\\/\\\/micasa.lv\\\/lv\\\/coral-brivi-stavoss-piekarinams-tualetes-birstes-turetajs\\\/#primaryimage\"},\"thumbnailUrl\":\"https:\\\/\\\/micasa.lv\\\/wp-content\\\/uploads\\\/2025\\\/05\\\/c39ff219cc5cf07cdee7fdd91198b394_158313067-velky.jpg\",\"datePublished\":\"2025-05-14T09:51:03+00:00\",\"dateModified\":\"2025-06-13T07:34:38+00:00\",\"breadcrumb\":{\"@id\":\"https:\\\/\\\/micasa.lv\\\/lv\\\/coral-brivi-stavoss-piekarinams-tualetes-birstes-turetajs\\\/#breadcrumb\"},\"inLanguage\":\"lv-LV\",\"potentialAction\":[{\"@type\":\"ReadAction\",\"target\":[\"https:\\\/\\\/micasa.lv\\\/lv\\\/coral-brivi-stavoss-piekarinams-tualetes-birstes-turetajs\\\/\"]}]},{\"@type\":\"ImageObject\",\"inLanguage\":\"lv-LV\",\"@id\":\"https:\\\/\\\/micasa.lv\\\/lv\\\/coral-brivi-stavoss-piekarinams-tualetes-birstes-turetajs\\\/#primaryimage\",\"url\":\"https:\\\/\\\/micasa.lv\\\/wp-content\\\/uploads\\\/2025\\\/05\\\/c39ff219cc5cf07cdee7fdd91198b394_158313067-velky.jpg\",\"contentUrl\":\"https:\\\/\\\/micasa.lv\\\/wp-content\\\/uploads\\\/2025\\\/05\\\/c39ff219cc5cf07cdee7fdd91198b394_158313067-velky.jpg\",\"width\":500,\"height\":500},{\"@type\":\"BreadcrumbList\",\"@id\":\"https:\\\/\\\/micasa.lv\\\/lv\\\/coral-brivi-stavoss-piekarinams-tualetes-birstes-turetajs\\\/#breadcrumb\",\"itemListElement\":[{\"@type\":\"ListItem\",\"position\":1,\"name\":\"S\u0101kums\",\"item\":\"https:\\\/\\\/micasa.lv\\\/lv\\\/micasa\\\/\"},{\"@type\":\"ListItem\",\"position\":2,\"name\":\"Shop\",\"item\":\"https:\\\/\\\/micasa.lv\\\/lv\\\/shop\\\/\"},{\"@type\":\"ListItem\",\"position\":3,\"name\":\"CORAL: Br\u012bvi st\u0101vo\u0161s\\\/piekarin\u0101ms tualetes birstes tur\u0113t\u0101js\"}]},{\"@type\":\"WebSite\",\"@id\":\"https:\\\/\\\/micasa.lv\\\/lv\\\/#website\",\"url\":\"https:\\\/\\\/micasa.lv\\\/lv\\\/\",\"name\":\"Micasa\",\"description\":\"\",\"potentialAction\":[{\"@type\":\"SearchAction\",\"target\":{\"@type\":\"EntryPoint\",\"urlTemplate\":\"https:\\\/\\\/micasa.lv\\\/lv\\\/?s={search_term_string}\"},\"query-input\":{\"@type\":\"PropertyValueSpecification\",\"valueRequired\":true,\"valueName\":\"search_term_string\"}}],\"inLanguage\":\"lv-LV\"}]}<\/script>\n<!-- \/ Yoast SEO plugin. -->","yoast_head_json":{"title":"CORAL: Br\u012bvi st\u0101vo\u0161s\/piekarin\u0101ms tualetes birstes tur\u0113t\u0101js - Micasa","robots":{"index":"index","follow":"follow","max-snippet":"max-snippet:-1","max-image-preview":"max-image-preview:large","max-video-preview":"max-video-preview:-1"},"canonical":"https:\/\/micasa.lv\/lv\/coral-brivi-stavoss-piekarinams-tualetes-birstes-turetajs\/","og_locale":"lv_LV","og_type":"article","og_title":"CORAL: Br\u012bvi st\u0101vo\u0161s\/piekarin\u0101ms tualetes birstes tur\u0113t\u0101js - Micasa","og_description":"Vasaras saules siltums aiz horizonta, dzirksts gard\u0101 konjak\u0101 un svaigas karameles porcijas maigums. Coral l\u012bnijas produkti noteikti ne tikai st\u0101v\u0113s","og_url":"https:\/\/micasa.lv\/lv\/coral-brivi-stavoss-piekarinams-tualetes-birstes-turetajs\/","og_site_name":"Micasa","article_modified_time":"2025-06-13T07:34:38+00:00","og_image":[{"width":500,"height":500,"url":"https:\/\/micasa.lv\/wp-content\/uploads\/2025\/05\/c39ff219cc5cf07cdee7fdd91198b394_158313067-velky.jpg","type":"image\/jpeg"}],"twitter_card":"summary_large_image","schema":{"@context":"https:\/\/schema.org","@graph":[{"@type":"WebPage","@id":"https:\/\/micasa.lv\/lv\/coral-brivi-stavoss-piekarinams-tualetes-birstes-turetajs\/","url":"https:\/\/micasa.lv\/lv\/coral-brivi-stavoss-piekarinams-tualetes-birstes-turetajs\/","name":"CORAL: Br\u012bvi st\u0101vo\u0161s\/piekarin\u0101ms tualetes birstes tur\u0113t\u0101js - Micasa","isPartOf":{"@id":"https:\/\/micasa.lv\/lv\/#website"},"primaryImageOfPage":{"@id":"https:\/\/micasa.lv\/lv\/coral-brivi-stavoss-piekarinams-tualetes-birstes-turetajs\/#primaryimage"},"image":{"@id":"https:\/\/micasa.lv\/lv\/coral-brivi-stavoss-piekarinams-tualetes-birstes-turetajs\/#primaryimage"},"thumbnailUrl":"https:\/\/micasa.lv\/wp-content\/uploads\/2025\/05\/c39ff219cc5cf07cdee7fdd91198b394_158313067-velky.jpg","datePublished":"2025-05-14T09:51:03+00:00","dateModified":"2025-06-13T07:34:38+00:00","breadcrumb":{"@id":"https:\/\/micasa.lv\/lv\/coral-brivi-stavoss-piekarinams-tualetes-birstes-turetajs\/#breadcrumb"},"inLanguage":"lv-LV","potentialAction":[{"@type":"ReadAction","target":["https:\/\/micasa.lv\/lv\/coral-brivi-stavoss-piekarinams-tualetes-birstes-turetajs\/"]}]},{"@type":"ImageObject","inLanguage":"lv-LV","@id":"https:\/\/micasa.lv\/lv\/coral-brivi-stavoss-piekarinams-tualetes-birstes-turetajs\/#primaryimage","url":"https:\/\/micasa.lv\/wp-content\/uploads\/2025\/05\/c39ff219cc5cf07cdee7fdd91198b394_158313067-velky.jpg","contentUrl":"https:\/\/micasa.lv\/wp-content\/uploads\/2025\/05\/c39ff219cc5cf07cdee7fdd91198b394_158313067-velky.jpg","width":500,"height":500},{"@type":"BreadcrumbList","@id":"https:\/\/micasa.lv\/lv\/coral-brivi-stavoss-piekarinams-tualetes-birstes-turetajs\/#breadcrumb","itemListElement":[{"@type":"ListItem","position":1,"name":"S\u0101kums","item":"https:\/\/micasa.lv\/lv\/micasa\/"},{"@type":"ListItem","position":2,"name":"Shop","item":"https:\/\/micasa.lv\/lv\/shop\/"},{"@type":"ListItem","position":3,"name":"CORAL: Br\u012bvi st\u0101vo\u0161s\/piekarin\u0101ms tualetes birstes tur\u0113t\u0101js"}]},{"@type":"WebSite","@id":"https:\/\/micasa.lv\/lv\/#website","url":"https:\/\/micasa.lv\/lv\/","name":"Micasa","description":"","potentialAction":[{"@type":"SearchAction","target":{"@type":"EntryPoint","urlTemplate":"https:\/\/micasa.lv\/lv\/?s={search_term_string}"},"query-input":{"@type":"PropertyValueSpecification","valueRequired":true,"valueName":"search_term_string"}}],"inLanguage":"lv-LV"}]}},"wcpa_form_fields":null,"_links":{"self":[{"href":"https:\/\/micasa.lv\/lv\/wp-json\/wp\/v2\/product\/44031","targetHints":{"allow":["GET"]}}],"collection":[{"href":"https:\/\/micasa.lv\/lv\/wp-json\/wp\/v2\/product"}],"about":[{"href":"https:\/\/micasa.lv\/lv\/wp-json\/wp\/v2\/types\/product"}],"version-history":[{"count":1,"href":"https:\/\/micasa.lv\/lv\/wp-json\/wp\/v2\/product\/44031\/revisions"}],"predecessor-version":[{"id":44061,"href":"https:\/\/micasa.lv\/lv\/wp-json\/wp\/v2\/product\/44031\/revisions\/44061"}],"wp:featuredmedia":[{"embeddable":true,"href":"https:\/\/micasa.lv\/lv\/wp-json\/wp\/v2\/media\/43175"}],"wp:attachment":[{"href":"https:\/\/micasa.lv\/lv\/wp-json\/wp\/v2\/media?parent=44031"}],"wp:term":[{"taxonomy":"product_brand","embeddable":true,"href":"https:\/\/micasa.lv\/lv\/wp-json\/wp\/v2\/product_brand?post=44031"},{"taxonomy":"product_cat","embeddable":true,"href":"https:\/\/micasa.lv\/lv\/wp-json\/wp\/v2\/product_cat?post=44031"},{"taxonomy":"product_tag","embeddable":true,"href":"https:\/\/micasa.lv\/lv\/wp-json\/wp\/v2\/product_tag?post=44031"}],"curies":[{"name":"wp","href":"https:\/\/api.w.org\/{rel}","templated":true}]}}