{"id":44777,"date":"2025-05-14T13:29:56","date_gmt":"2025-05-14T10:29:56","guid":{"rendered":"https:\/\/test.micasa.lv\/?post_type=product&#038;p=44777"},"modified":"2025-06-13T10:35:52","modified_gmt":"2025-06-13T07:35:52","slug":"niva-ziepju-dozators-300-ml","status":"publish","type":"product","link":"https:\/\/micasa.lv\/lv\/niva-ziepju-dozators-300-ml\/","title":{"rendered":"NIVA: Ziepju dozators, 300 ml"},"content":{"rendered":"<p>Jums patiks NIVA kolekcija, ko rad\u012bjis veiksm\u012bgais dizaineris Ren\u0113 \u0160ulecs. Asas l\u012bnijas, dinamisms, industri\u0101l\u0101 dizaina gars. Tas viss ner\u016bs\u0113jo\u0161\u0101 t\u0113rauda un smil\u0161u str\u016bklas apstr\u0101des kombin\u0101cij\u0101, kas ir perfekt\u0101 harmonij\u0101. Kolekcija lieliski iederas jebkur\u0101 vannas istab\u0101, kas v\u0113las ieg\u016bt svaigu un izcilu izskatu. Taj\u0101 var ieg\u0101d\u0101ties dvie\u013cu tur\u0113t\u0101jus, tualetes birstes pakarin\u0101\u0161anai, k\u0101 ar\u012b da\u017e\u0101du izm\u0113ru plauktus un pakaramos.<\/p>\n","protected":false},"excerpt":{"rendered":"<p>Jums patiks NIVA kolekcija, ko rad\u012bjis veiksm\u012bgais dizaineris Ren\u0113 \u0160ulecs. Asas l\u012bnijas, dinamisms, industri\u0101l\u0101 dizaina gars. Tas viss ner\u016bs\u0113jo\u0161\u0101 t\u0113rauda<\/p>\n","protected":false},"featured_media":44302,"template":"","meta":[],"product_brand":[],"product_cat":[1851,1528],"product_tag":[],"class_list":{"0":"post-44777","1":"product","2":"type-product","3":"status-publish","4":"has-post-thumbnail","6":"product_cat-skidro-ziepju-dozatori","7":"product_cat-vannas-istabas-aksesuari","8":"pa_brand-bemeta-lv","10":"first","11":"instock","12":"taxable","13":"shipping-taxable","14":"purchasable","15":"product-type-simple"},"yoast_head":"<!-- This site is optimized with the Yoast SEO plugin v27.4 - https:\/\/yoast.com\/product\/yoast-seo-wordpress\/ -->\n<title>NIVA: Ziepju dozators, 300 ml - Micasa<\/title>\n<meta name=\"robots\" content=\"index, follow, max-snippet:-1, max-image-preview:large, max-video-preview:-1\" \/>\n<link rel=\"canonical\" href=\"https:\/\/micasa.lv\/lv\/niva-ziepju-dozators-300-ml\/\" \/>\n<meta property=\"og:locale\" content=\"lv_LV\" \/>\n<meta property=\"og:type\" content=\"article\" \/>\n<meta property=\"og:title\" content=\"NIVA: Ziepju dozators, 300 ml - Micasa\" \/>\n<meta property=\"og:description\" content=\"Jums patiks NIVA kolekcija, ko rad\u012bjis veiksm\u012bgais dizaineris Ren\u0113 \u0160ulecs. Asas l\u012bnijas, dinamisms, industri\u0101l\u0101 dizaina gars. Tas viss ner\u016bs\u0113jo\u0161\u0101 t\u0113rauda\" \/>\n<meta property=\"og:url\" content=\"https:\/\/micasa.lv\/lv\/niva-ziepju-dozators-300-ml\/\" \/>\n<meta property=\"og:site_name\" content=\"Micasa\" \/>\n<meta property=\"article:modified_time\" content=\"2025-06-13T07:35:52+00:00\" \/>\n<meta property=\"og:image\" content=\"https:\/\/micasa.lv\/wp-content\/uploads\/2025\/05\/7ff57f1ec8a9f82520941a3641c72534_101109225-velky.jpg\" \/>\n\t<meta property=\"og:image:width\" content=\"500\" \/>\n\t<meta property=\"og:image:height\" content=\"500\" \/>\n\t<meta property=\"og:image:type\" content=\"image\/jpeg\" \/>\n<meta name=\"twitter:card\" content=\"summary_large_image\" \/>\n<script type=\"application\/ld+json\" class=\"yoast-schema-graph\">{\"@context\":\"https:\\\/\\\/schema.org\",\"@graph\":[{\"@type\":\"WebPage\",\"@id\":\"https:\\\/\\\/micasa.lv\\\/lv\\\/niva-ziepju-dozators-300-ml\\\/\",\"url\":\"https:\\\/\\\/micasa.lv\\\/lv\\\/niva-ziepju-dozators-300-ml\\\/\",\"name\":\"NIVA: Ziepju dozators, 300 ml - Micasa\",\"isPartOf\":{\"@id\":\"https:\\\/\\\/micasa.lv\\\/lv\\\/#website\"},\"primaryImageOfPage\":{\"@id\":\"https:\\\/\\\/micasa.lv\\\/lv\\\/niva-ziepju-dozators-300-ml\\\/#primaryimage\"},\"image\":{\"@id\":\"https:\\\/\\\/micasa.lv\\\/lv\\\/niva-ziepju-dozators-300-ml\\\/#primaryimage\"},\"thumbnailUrl\":\"https:\\\/\\\/micasa.lv\\\/wp-content\\\/uploads\\\/2025\\\/05\\\/7ff57f1ec8a9f82520941a3641c72534_101109225-velky.jpg\",\"datePublished\":\"2025-05-14T10:29:56+00:00\",\"dateModified\":\"2025-06-13T07:35:52+00:00\",\"breadcrumb\":{\"@id\":\"https:\\\/\\\/micasa.lv\\\/lv\\\/niva-ziepju-dozators-300-ml\\\/#breadcrumb\"},\"inLanguage\":\"lv-LV\",\"potentialAction\":[{\"@type\":\"ReadAction\",\"target\":[\"https:\\\/\\\/micasa.lv\\\/lv\\\/niva-ziepju-dozators-300-ml\\\/\"]}]},{\"@type\":\"ImageObject\",\"inLanguage\":\"lv-LV\",\"@id\":\"https:\\\/\\\/micasa.lv\\\/lv\\\/niva-ziepju-dozators-300-ml\\\/#primaryimage\",\"url\":\"https:\\\/\\\/micasa.lv\\\/wp-content\\\/uploads\\\/2025\\\/05\\\/7ff57f1ec8a9f82520941a3641c72534_101109225-velky.jpg\",\"contentUrl\":\"https:\\\/\\\/micasa.lv\\\/wp-content\\\/uploads\\\/2025\\\/05\\\/7ff57f1ec8a9f82520941a3641c72534_101109225-velky.jpg\",\"width\":500,\"height\":500},{\"@type\":\"BreadcrumbList\",\"@id\":\"https:\\\/\\\/micasa.lv\\\/lv\\\/niva-ziepju-dozators-300-ml\\\/#breadcrumb\",\"itemListElement\":[{\"@type\":\"ListItem\",\"position\":1,\"name\":\"S\u0101kums\",\"item\":\"https:\\\/\\\/micasa.lv\\\/lv\\\/micasa\\\/\"},{\"@type\":\"ListItem\",\"position\":2,\"name\":\"Shop\",\"item\":\"https:\\\/\\\/micasa.lv\\\/lv\\\/shop\\\/\"},{\"@type\":\"ListItem\",\"position\":3,\"name\":\"NIVA: Ziepju dozators, 300 ml\"}]},{\"@type\":\"WebSite\",\"@id\":\"https:\\\/\\\/micasa.lv\\\/lv\\\/#website\",\"url\":\"https:\\\/\\\/micasa.lv\\\/lv\\\/\",\"name\":\"Micasa\",\"description\":\"\",\"potentialAction\":[{\"@type\":\"SearchAction\",\"target\":{\"@type\":\"EntryPoint\",\"urlTemplate\":\"https:\\\/\\\/micasa.lv\\\/lv\\\/?s={search_term_string}\"},\"query-input\":{\"@type\":\"PropertyValueSpecification\",\"valueRequired\":true,\"valueName\":\"search_term_string\"}}],\"inLanguage\":\"lv-LV\"}]}<\/script>\n<!-- \/ Yoast SEO plugin. -->","yoast_head_json":{"title":"NIVA: Ziepju dozators, 300 ml - Micasa","robots":{"index":"index","follow":"follow","max-snippet":"max-snippet:-1","max-image-preview":"max-image-preview:large","max-video-preview":"max-video-preview:-1"},"canonical":"https:\/\/micasa.lv\/lv\/niva-ziepju-dozators-300-ml\/","og_locale":"lv_LV","og_type":"article","og_title":"NIVA: Ziepju dozators, 300 ml - Micasa","og_description":"Jums patiks NIVA kolekcija, ko rad\u012bjis veiksm\u012bgais dizaineris Ren\u0113 \u0160ulecs. Asas l\u012bnijas, dinamisms, industri\u0101l\u0101 dizaina gars. Tas viss ner\u016bs\u0113jo\u0161\u0101 t\u0113rauda","og_url":"https:\/\/micasa.lv\/lv\/niva-ziepju-dozators-300-ml\/","og_site_name":"Micasa","article_modified_time":"2025-06-13T07:35:52+00:00","og_image":[{"width":500,"height":500,"url":"https:\/\/micasa.lv\/wp-content\/uploads\/2025\/05\/7ff57f1ec8a9f82520941a3641c72534_101109225-velky.jpg","type":"image\/jpeg"}],"twitter_card":"summary_large_image","schema":{"@context":"https:\/\/schema.org","@graph":[{"@type":"WebPage","@id":"https:\/\/micasa.lv\/lv\/niva-ziepju-dozators-300-ml\/","url":"https:\/\/micasa.lv\/lv\/niva-ziepju-dozators-300-ml\/","name":"NIVA: Ziepju dozators, 300 ml - Micasa","isPartOf":{"@id":"https:\/\/micasa.lv\/lv\/#website"},"primaryImageOfPage":{"@id":"https:\/\/micasa.lv\/lv\/niva-ziepju-dozators-300-ml\/#primaryimage"},"image":{"@id":"https:\/\/micasa.lv\/lv\/niva-ziepju-dozators-300-ml\/#primaryimage"},"thumbnailUrl":"https:\/\/micasa.lv\/wp-content\/uploads\/2025\/05\/7ff57f1ec8a9f82520941a3641c72534_101109225-velky.jpg","datePublished":"2025-05-14T10:29:56+00:00","dateModified":"2025-06-13T07:35:52+00:00","breadcrumb":{"@id":"https:\/\/micasa.lv\/lv\/niva-ziepju-dozators-300-ml\/#breadcrumb"},"inLanguage":"lv-LV","potentialAction":[{"@type":"ReadAction","target":["https:\/\/micasa.lv\/lv\/niva-ziepju-dozators-300-ml\/"]}]},{"@type":"ImageObject","inLanguage":"lv-LV","@id":"https:\/\/micasa.lv\/lv\/niva-ziepju-dozators-300-ml\/#primaryimage","url":"https:\/\/micasa.lv\/wp-content\/uploads\/2025\/05\/7ff57f1ec8a9f82520941a3641c72534_101109225-velky.jpg","contentUrl":"https:\/\/micasa.lv\/wp-content\/uploads\/2025\/05\/7ff57f1ec8a9f82520941a3641c72534_101109225-velky.jpg","width":500,"height":500},{"@type":"BreadcrumbList","@id":"https:\/\/micasa.lv\/lv\/niva-ziepju-dozators-300-ml\/#breadcrumb","itemListElement":[{"@type":"ListItem","position":1,"name":"S\u0101kums","item":"https:\/\/micasa.lv\/lv\/micasa\/"},{"@type":"ListItem","position":2,"name":"Shop","item":"https:\/\/micasa.lv\/lv\/shop\/"},{"@type":"ListItem","position":3,"name":"NIVA: Ziepju dozators, 300 ml"}]},{"@type":"WebSite","@id":"https:\/\/micasa.lv\/lv\/#website","url":"https:\/\/micasa.lv\/lv\/","name":"Micasa","description":"","potentialAction":[{"@type":"SearchAction","target":{"@type":"EntryPoint","urlTemplate":"https:\/\/micasa.lv\/lv\/?s={search_term_string}"},"query-input":{"@type":"PropertyValueSpecification","valueRequired":true,"valueName":"search_term_string"}}],"inLanguage":"lv-LV"}]}},"wcpa_form_fields":null,"_links":{"self":[{"href":"https:\/\/micasa.lv\/lv\/wp-json\/wp\/v2\/product\/44777","targetHints":{"allow":["GET"]}}],"collection":[{"href":"https:\/\/micasa.lv\/lv\/wp-json\/wp\/v2\/product"}],"about":[{"href":"https:\/\/micasa.lv\/lv\/wp-json\/wp\/v2\/types\/product"}],"version-history":[{"count":1,"href":"https:\/\/micasa.lv\/lv\/wp-json\/wp\/v2\/product\/44777\/revisions"}],"predecessor-version":[{"id":44806,"href":"https:\/\/micasa.lv\/lv\/wp-json\/wp\/v2\/product\/44777\/revisions\/44806"}],"wp:featuredmedia":[{"embeddable":true,"href":"https:\/\/micasa.lv\/lv\/wp-json\/wp\/v2\/media\/44302"}],"wp:attachment":[{"href":"https:\/\/micasa.lv\/lv\/wp-json\/wp\/v2\/media?parent=44777"}],"wp:term":[{"taxonomy":"product_brand","embeddable":true,"href":"https:\/\/micasa.lv\/lv\/wp-json\/wp\/v2\/product_brand?post=44777"},{"taxonomy":"product_cat","embeddable":true,"href":"https:\/\/micasa.lv\/lv\/wp-json\/wp\/v2\/product_cat?post=44777"},{"taxonomy":"product_tag","embeddable":true,"href":"https:\/\/micasa.lv\/lv\/wp-json\/wp\/v2\/product_tag?post=44777"}],"curies":[{"name":"wp","href":"https:\/\/api.w.org\/{rel}","templated":true}]}}