{"id":44889,"date":"2025-05-14T13:30:33","date_gmt":"2025-05-14T10:30:33","guid":{"rendered":"https:\/\/test.micasa.lv\/?post_type=product&#038;p=44889"},"modified":"2025-06-13T10:36:09","modified_gmt":"2025-06-13T07:36:09","slug":"sablo-viens-halata-akis","status":"publish","type":"product","link":"https:\/\/micasa.lv\/lv\/sablo-viens-halata-akis\/","title":{"rendered":"SABLO: Viens hal\u0101ta \u0101\u0137is"},"content":{"rendered":"<p>Produktu l\u012bnija SABLO j\u016bs iepriecin\u0101s ar savu pat\u012bkamo smil\u0161u-mat\u0113to virsmu. Sablo s\u0113rija p\u0101rliecin\u0101s j\u016bs, ka zeltam nav j\u0101b\u016bt pompozam un ekstravagantam, bet tas var b\u016bt ar\u012b maiga un piekl\u0101j\u012bga deta\u013ca, kas p\u0101rv\u0113rt\u012bs j\u016bsu vannas istabu par vietu, kas priec\u0113 aci un dv\u0113seli. Apvienojum\u0101 ar vecroz\u0101 kr\u0101su un dab\u012bgiem materi\u0101liem j\u016bs pan\u0101ksiet modernu romantisku atmosf\u0113ru. Un lab\u0101 zi\u0146a ir t\u0101, ka Sablo var dekor\u0113t pat modernu minim\u0101lisma stila vannas istabu.<\/p>\n","protected":false},"excerpt":{"rendered":"<p>Produktu l\u012bnija SABLO j\u016bs iepriecin\u0101s ar savu pat\u012bkamo smil\u0161u-mat\u0113to virsmu. Sablo s\u0113rija p\u0101rliecin\u0101s j\u016bs, ka zeltam nav j\u0101b\u016bt pompozam un<\/p>\n","protected":false},"featured_media":44350,"template":"","meta":[],"product_brand":[],"product_cat":[1835,1528],"product_tag":[],"class_list":{"0":"post-44889","1":"product","2":"type-product","3":"status-publish","4":"has-post-thumbnail","6":"product_cat-aki-un-pakaramie","7":"product_cat-vannas-istabas-aksesuari","8":"pa_brand-bemeta-lv","10":"first","11":"instock","12":"taxable","13":"shipping-taxable","14":"purchasable","15":"product-type-simple"},"yoast_head":"<!-- This site is optimized with the Yoast SEO plugin v27.4 - https:\/\/yoast.com\/product\/yoast-seo-wordpress\/ -->\n<title>SABLO: Viens hal\u0101ta \u0101\u0137is - Micasa<\/title>\n<meta name=\"robots\" content=\"index, follow, max-snippet:-1, max-image-preview:large, max-video-preview:-1\" \/>\n<link rel=\"canonical\" href=\"https:\/\/micasa.lv\/lv\/sablo-viens-halata-akis\/\" \/>\n<meta property=\"og:locale\" content=\"lv_LV\" \/>\n<meta property=\"og:type\" content=\"article\" \/>\n<meta property=\"og:title\" content=\"SABLO: Viens hal\u0101ta \u0101\u0137is - Micasa\" \/>\n<meta property=\"og:description\" content=\"Produktu l\u012bnija SABLO j\u016bs iepriecin\u0101s ar savu pat\u012bkamo smil\u0161u-mat\u0113to virsmu. Sablo s\u0113rija p\u0101rliecin\u0101s j\u016bs, ka zeltam nav j\u0101b\u016bt pompozam un\" \/>\n<meta property=\"og:url\" content=\"https:\/\/micasa.lv\/lv\/sablo-viens-halata-akis\/\" \/>\n<meta property=\"og:site_name\" content=\"Micasa\" \/>\n<meta property=\"article:modified_time\" content=\"2025-06-13T07:36:09+00:00\" \/>\n<meta property=\"og:image\" content=\"https:\/\/micasa.lv\/wp-content\/uploads\/2025\/05\/279eb2bc897d5e37776a3c8e8b2f1f22_160106060-velky.jpg\" \/>\n\t<meta property=\"og:image:width\" content=\"500\" \/>\n\t<meta property=\"og:image:height\" content=\"500\" \/>\n\t<meta property=\"og:image:type\" content=\"image\/jpeg\" \/>\n<meta name=\"twitter:card\" content=\"summary_large_image\" \/>\n<script type=\"application\/ld+json\" class=\"yoast-schema-graph\">{\"@context\":\"https:\\\/\\\/schema.org\",\"@graph\":[{\"@type\":\"WebPage\",\"@id\":\"https:\\\/\\\/micasa.lv\\\/lv\\\/sablo-viens-halata-akis\\\/\",\"url\":\"https:\\\/\\\/micasa.lv\\\/lv\\\/sablo-viens-halata-akis\\\/\",\"name\":\"SABLO: Viens hal\u0101ta \u0101\u0137is - Micasa\",\"isPartOf\":{\"@id\":\"https:\\\/\\\/micasa.lv\\\/lv\\\/#website\"},\"primaryImageOfPage\":{\"@id\":\"https:\\\/\\\/micasa.lv\\\/lv\\\/sablo-viens-halata-akis\\\/#primaryimage\"},\"image\":{\"@id\":\"https:\\\/\\\/micasa.lv\\\/lv\\\/sablo-viens-halata-akis\\\/#primaryimage\"},\"thumbnailUrl\":\"https:\\\/\\\/micasa.lv\\\/wp-content\\\/uploads\\\/2025\\\/05\\\/279eb2bc897d5e37776a3c8e8b2f1f22_160106060-velky.jpg\",\"datePublished\":\"2025-05-14T10:30:33+00:00\",\"dateModified\":\"2025-06-13T07:36:09+00:00\",\"breadcrumb\":{\"@id\":\"https:\\\/\\\/micasa.lv\\\/lv\\\/sablo-viens-halata-akis\\\/#breadcrumb\"},\"inLanguage\":\"lv-LV\",\"potentialAction\":[{\"@type\":\"ReadAction\",\"target\":[\"https:\\\/\\\/micasa.lv\\\/lv\\\/sablo-viens-halata-akis\\\/\"]}]},{\"@type\":\"ImageObject\",\"inLanguage\":\"lv-LV\",\"@id\":\"https:\\\/\\\/micasa.lv\\\/lv\\\/sablo-viens-halata-akis\\\/#primaryimage\",\"url\":\"https:\\\/\\\/micasa.lv\\\/wp-content\\\/uploads\\\/2025\\\/05\\\/279eb2bc897d5e37776a3c8e8b2f1f22_160106060-velky.jpg\",\"contentUrl\":\"https:\\\/\\\/micasa.lv\\\/wp-content\\\/uploads\\\/2025\\\/05\\\/279eb2bc897d5e37776a3c8e8b2f1f22_160106060-velky.jpg\",\"width\":500,\"height\":500},{\"@type\":\"BreadcrumbList\",\"@id\":\"https:\\\/\\\/micasa.lv\\\/lv\\\/sablo-viens-halata-akis\\\/#breadcrumb\",\"itemListElement\":[{\"@type\":\"ListItem\",\"position\":1,\"name\":\"S\u0101kums\",\"item\":\"https:\\\/\\\/micasa.lv\\\/lv\\\/micasa\\\/\"},{\"@type\":\"ListItem\",\"position\":2,\"name\":\"Shop\",\"item\":\"https:\\\/\\\/micasa.lv\\\/lv\\\/shop\\\/\"},{\"@type\":\"ListItem\",\"position\":3,\"name\":\"SABLO: Viens hal\u0101ta \u0101\u0137is\"}]},{\"@type\":\"WebSite\",\"@id\":\"https:\\\/\\\/micasa.lv\\\/lv\\\/#website\",\"url\":\"https:\\\/\\\/micasa.lv\\\/lv\\\/\",\"name\":\"Micasa\",\"description\":\"\",\"potentialAction\":[{\"@type\":\"SearchAction\",\"target\":{\"@type\":\"EntryPoint\",\"urlTemplate\":\"https:\\\/\\\/micasa.lv\\\/lv\\\/?s={search_term_string}\"},\"query-input\":{\"@type\":\"PropertyValueSpecification\",\"valueRequired\":true,\"valueName\":\"search_term_string\"}}],\"inLanguage\":\"lv-LV\"}]}<\/script>\n<!-- \/ Yoast SEO plugin. -->","yoast_head_json":{"title":"SABLO: Viens hal\u0101ta \u0101\u0137is - Micasa","robots":{"index":"index","follow":"follow","max-snippet":"max-snippet:-1","max-image-preview":"max-image-preview:large","max-video-preview":"max-video-preview:-1"},"canonical":"https:\/\/micasa.lv\/lv\/sablo-viens-halata-akis\/","og_locale":"lv_LV","og_type":"article","og_title":"SABLO: Viens hal\u0101ta \u0101\u0137is - Micasa","og_description":"Produktu l\u012bnija SABLO j\u016bs iepriecin\u0101s ar savu pat\u012bkamo smil\u0161u-mat\u0113to virsmu. Sablo s\u0113rija p\u0101rliecin\u0101s j\u016bs, ka zeltam nav j\u0101b\u016bt pompozam un","og_url":"https:\/\/micasa.lv\/lv\/sablo-viens-halata-akis\/","og_site_name":"Micasa","article_modified_time":"2025-06-13T07:36:09+00:00","og_image":[{"width":500,"height":500,"url":"https:\/\/micasa.lv\/wp-content\/uploads\/2025\/05\/279eb2bc897d5e37776a3c8e8b2f1f22_160106060-velky.jpg","type":"image\/jpeg"}],"twitter_card":"summary_large_image","schema":{"@context":"https:\/\/schema.org","@graph":[{"@type":"WebPage","@id":"https:\/\/micasa.lv\/lv\/sablo-viens-halata-akis\/","url":"https:\/\/micasa.lv\/lv\/sablo-viens-halata-akis\/","name":"SABLO: Viens hal\u0101ta \u0101\u0137is - Micasa","isPartOf":{"@id":"https:\/\/micasa.lv\/lv\/#website"},"primaryImageOfPage":{"@id":"https:\/\/micasa.lv\/lv\/sablo-viens-halata-akis\/#primaryimage"},"image":{"@id":"https:\/\/micasa.lv\/lv\/sablo-viens-halata-akis\/#primaryimage"},"thumbnailUrl":"https:\/\/micasa.lv\/wp-content\/uploads\/2025\/05\/279eb2bc897d5e37776a3c8e8b2f1f22_160106060-velky.jpg","datePublished":"2025-05-14T10:30:33+00:00","dateModified":"2025-06-13T07:36:09+00:00","breadcrumb":{"@id":"https:\/\/micasa.lv\/lv\/sablo-viens-halata-akis\/#breadcrumb"},"inLanguage":"lv-LV","potentialAction":[{"@type":"ReadAction","target":["https:\/\/micasa.lv\/lv\/sablo-viens-halata-akis\/"]}]},{"@type":"ImageObject","inLanguage":"lv-LV","@id":"https:\/\/micasa.lv\/lv\/sablo-viens-halata-akis\/#primaryimage","url":"https:\/\/micasa.lv\/wp-content\/uploads\/2025\/05\/279eb2bc897d5e37776a3c8e8b2f1f22_160106060-velky.jpg","contentUrl":"https:\/\/micasa.lv\/wp-content\/uploads\/2025\/05\/279eb2bc897d5e37776a3c8e8b2f1f22_160106060-velky.jpg","width":500,"height":500},{"@type":"BreadcrumbList","@id":"https:\/\/micasa.lv\/lv\/sablo-viens-halata-akis\/#breadcrumb","itemListElement":[{"@type":"ListItem","position":1,"name":"S\u0101kums","item":"https:\/\/micasa.lv\/lv\/micasa\/"},{"@type":"ListItem","position":2,"name":"Shop","item":"https:\/\/micasa.lv\/lv\/shop\/"},{"@type":"ListItem","position":3,"name":"SABLO: Viens hal\u0101ta \u0101\u0137is"}]},{"@type":"WebSite","@id":"https:\/\/micasa.lv\/lv\/#website","url":"https:\/\/micasa.lv\/lv\/","name":"Micasa","description":"","potentialAction":[{"@type":"SearchAction","target":{"@type":"EntryPoint","urlTemplate":"https:\/\/micasa.lv\/lv\/?s={search_term_string}"},"query-input":{"@type":"PropertyValueSpecification","valueRequired":true,"valueName":"search_term_string"}}],"inLanguage":"lv-LV"}]}},"wcpa_form_fields":null,"_links":{"self":[{"href":"https:\/\/micasa.lv\/lv\/wp-json\/wp\/v2\/product\/44889","targetHints":{"allow":["GET"]}}],"collection":[{"href":"https:\/\/micasa.lv\/lv\/wp-json\/wp\/v2\/product"}],"about":[{"href":"https:\/\/micasa.lv\/lv\/wp-json\/wp\/v2\/types\/product"}],"version-history":[{"count":1,"href":"https:\/\/micasa.lv\/lv\/wp-json\/wp\/v2\/product\/44889\/revisions"}],"predecessor-version":[{"id":44918,"href":"https:\/\/micasa.lv\/lv\/wp-json\/wp\/v2\/product\/44889\/revisions\/44918"}],"wp:featuredmedia":[{"embeddable":true,"href":"https:\/\/micasa.lv\/lv\/wp-json\/wp\/v2\/media\/44350"}],"wp:attachment":[{"href":"https:\/\/micasa.lv\/lv\/wp-json\/wp\/v2\/media?parent=44889"}],"wp:term":[{"taxonomy":"product_brand","embeddable":true,"href":"https:\/\/micasa.lv\/lv\/wp-json\/wp\/v2\/product_brand?post=44889"},{"taxonomy":"product_cat","embeddable":true,"href":"https:\/\/micasa.lv\/lv\/wp-json\/wp\/v2\/product_cat?post=44889"},{"taxonomy":"product_tag","embeddable":true,"href":"https:\/\/micasa.lv\/lv\/wp-json\/wp\/v2\/product_tag?post=44889"}],"curies":[{"name":"wp","href":"https:\/\/api.w.org\/{rel}","templated":true}]}}