{"id":44939,"date":"2025-05-14T13:30:50","date_gmt":"2025-05-14T10:30:50","guid":{"rendered":"https:\/\/test.micasa.lv\/?post_type=product&#038;p=44939"},"modified":"2025-06-13T10:36:16","modified_gmt":"2025-06-13T07:36:16","slug":"neo-akis-durvim-2","status":"publish","type":"product","link":"https:\/\/micasa.lv\/lv\/neo-akis-durvim-2\/","title":{"rendered":"NEO: \u0100\u0137is durv\u012bm"},"content":{"rendered":"<p>Vannas istabas aksesu\u0101ri, kas sl\u0113pjas aiz NEO nosaukuma, ir izgatavoti no ner\u016bs\u0113jo\u0161\u0101 t\u0113rauda. Materi\u0101ls, kas ir lieliski iztur\u012bgs pret \u016bdeni un mitrumu, k\u0101 ar\u012b labi izskat\u0101s. T\u012brs un neuzkr\u012bto\u0161s. Gan sp\u012bd\u012bg\u0101, gan mat\u0113t\u0101 \u0101r\u0113j\u0101 virspus\u0113. Sudraba kr\u0101sa tikai izce\u013c pietic\u012bgo kop\u0113jo dizainu. \u0160aj\u0101 kolekcij\u0101 atrad\u012bsiet atlas\u012btus priek\u0161metus, s\u0101kot no rokturiem un da\u017e\u0101diem pakaramo veidiem l\u012bdz dvie\u013cu plauktiem ar stie\u0146iem un piekarin\u0101m\u0101m un br\u012bvi st\u0101vo\u0161\u0101m tualetes birst\u0113m.<\/p>\n","protected":false},"excerpt":{"rendered":"<p>Vannas istabas aksesu\u0101ri, kas sl\u0113pjas aiz NEO nosaukuma, ir izgatavoti no ner\u016bs\u0113jo\u0161\u0101 t\u0113rauda. Materi\u0101ls, kas ir lieliski iztur\u012bgs pret \u016bdeni<\/p>\n","protected":false},"featured_media":44365,"template":"","meta":[],"product_brand":[],"product_cat":[1835,1528],"product_tag":[],"class_list":{"0":"post-44939","1":"product","2":"type-product","3":"status-publish","4":"has-post-thumbnail","6":"product_cat-aki-un-pakaramie","7":"product_cat-vannas-istabas-aksesuari","8":"pa_brand-bemeta-lv","10":"first","11":"instock","12":"taxable","13":"shipping-taxable","14":"purchasable","15":"product-type-simple"},"yoast_head":"<!-- This site is optimized with the Yoast SEO plugin v27.4 - https:\/\/yoast.com\/product\/yoast-seo-wordpress\/ -->\n<title>NEO: \u0100\u0137is durv\u012bm - Micasa<\/title>\n<meta name=\"robots\" content=\"index, follow, max-snippet:-1, max-image-preview:large, max-video-preview:-1\" \/>\n<link rel=\"canonical\" href=\"https:\/\/micasa.lv\/lv\/neo-akis-durvim-2\/\" \/>\n<meta property=\"og:locale\" content=\"lv_LV\" \/>\n<meta property=\"og:type\" content=\"article\" \/>\n<meta property=\"og:title\" content=\"NEO: \u0100\u0137is durv\u012bm - Micasa\" \/>\n<meta property=\"og:description\" content=\"Vannas istabas aksesu\u0101ri, kas sl\u0113pjas aiz NEO nosaukuma, ir izgatavoti no ner\u016bs\u0113jo\u0161\u0101 t\u0113rauda. Materi\u0101ls, kas ir lieliski iztur\u012bgs pret \u016bdeni\" \/>\n<meta property=\"og:url\" content=\"https:\/\/micasa.lv\/lv\/neo-akis-durvim-2\/\" \/>\n<meta property=\"og:site_name\" content=\"Micasa\" \/>\n<meta property=\"article:modified_time\" content=\"2025-06-13T07:36:16+00:00\" \/>\n<meta property=\"og:image\" content=\"https:\/\/micasa.lv\/wp-content\/uploads\/2025\/05\/669f4fa539daa37f9ed6503bce88aa6a_101106155-velky.jpg\" \/>\n\t<meta property=\"og:image:width\" content=\"500\" \/>\n\t<meta property=\"og:image:height\" content=\"500\" \/>\n\t<meta property=\"og:image:type\" content=\"image\/jpeg\" \/>\n<meta name=\"twitter:card\" content=\"summary_large_image\" \/>\n<script type=\"application\/ld+json\" class=\"yoast-schema-graph\">{\"@context\":\"https:\\\/\\\/schema.org\",\"@graph\":[{\"@type\":\"WebPage\",\"@id\":\"https:\\\/\\\/micasa.lv\\\/lv\\\/neo-akis-durvim-2\\\/\",\"url\":\"https:\\\/\\\/micasa.lv\\\/lv\\\/neo-akis-durvim-2\\\/\",\"name\":\"NEO: \u0100\u0137is durv\u012bm - Micasa\",\"isPartOf\":{\"@id\":\"https:\\\/\\\/micasa.lv\\\/lv\\\/#website\"},\"primaryImageOfPage\":{\"@id\":\"https:\\\/\\\/micasa.lv\\\/lv\\\/neo-akis-durvim-2\\\/#primaryimage\"},\"image\":{\"@id\":\"https:\\\/\\\/micasa.lv\\\/lv\\\/neo-akis-durvim-2\\\/#primaryimage\"},\"thumbnailUrl\":\"https:\\\/\\\/micasa.lv\\\/wp-content\\\/uploads\\\/2025\\\/05\\\/669f4fa539daa37f9ed6503bce88aa6a_101106155-velky.jpg\",\"datePublished\":\"2025-05-14T10:30:50+00:00\",\"dateModified\":\"2025-06-13T07:36:16+00:00\",\"breadcrumb\":{\"@id\":\"https:\\\/\\\/micasa.lv\\\/lv\\\/neo-akis-durvim-2\\\/#breadcrumb\"},\"inLanguage\":\"lv-LV\",\"potentialAction\":[{\"@type\":\"ReadAction\",\"target\":[\"https:\\\/\\\/micasa.lv\\\/lv\\\/neo-akis-durvim-2\\\/\"]}]},{\"@type\":\"ImageObject\",\"inLanguage\":\"lv-LV\",\"@id\":\"https:\\\/\\\/micasa.lv\\\/lv\\\/neo-akis-durvim-2\\\/#primaryimage\",\"url\":\"https:\\\/\\\/micasa.lv\\\/wp-content\\\/uploads\\\/2025\\\/05\\\/669f4fa539daa37f9ed6503bce88aa6a_101106155-velky.jpg\",\"contentUrl\":\"https:\\\/\\\/micasa.lv\\\/wp-content\\\/uploads\\\/2025\\\/05\\\/669f4fa539daa37f9ed6503bce88aa6a_101106155-velky.jpg\",\"width\":500,\"height\":500},{\"@type\":\"BreadcrumbList\",\"@id\":\"https:\\\/\\\/micasa.lv\\\/lv\\\/neo-akis-durvim-2\\\/#breadcrumb\",\"itemListElement\":[{\"@type\":\"ListItem\",\"position\":1,\"name\":\"S\u0101kums\",\"item\":\"https:\\\/\\\/micasa.lv\\\/lv\\\/micasa\\\/\"},{\"@type\":\"ListItem\",\"position\":2,\"name\":\"Shop\",\"item\":\"https:\\\/\\\/micasa.lv\\\/lv\\\/shop\\\/\"},{\"@type\":\"ListItem\",\"position\":3,\"name\":\"NEO: \u0100\u0137is durv\u012bm\"}]},{\"@type\":\"WebSite\",\"@id\":\"https:\\\/\\\/micasa.lv\\\/lv\\\/#website\",\"url\":\"https:\\\/\\\/micasa.lv\\\/lv\\\/\",\"name\":\"Micasa\",\"description\":\"\",\"potentialAction\":[{\"@type\":\"SearchAction\",\"target\":{\"@type\":\"EntryPoint\",\"urlTemplate\":\"https:\\\/\\\/micasa.lv\\\/lv\\\/?s={search_term_string}\"},\"query-input\":{\"@type\":\"PropertyValueSpecification\",\"valueRequired\":true,\"valueName\":\"search_term_string\"}}],\"inLanguage\":\"lv-LV\"}]}<\/script>\n<!-- \/ Yoast SEO plugin. -->","yoast_head_json":{"title":"NEO: \u0100\u0137is durv\u012bm - Micasa","robots":{"index":"index","follow":"follow","max-snippet":"max-snippet:-1","max-image-preview":"max-image-preview:large","max-video-preview":"max-video-preview:-1"},"canonical":"https:\/\/micasa.lv\/lv\/neo-akis-durvim-2\/","og_locale":"lv_LV","og_type":"article","og_title":"NEO: \u0100\u0137is durv\u012bm - Micasa","og_description":"Vannas istabas aksesu\u0101ri, kas sl\u0113pjas aiz NEO nosaukuma, ir izgatavoti no ner\u016bs\u0113jo\u0161\u0101 t\u0113rauda. Materi\u0101ls, kas ir lieliski iztur\u012bgs pret \u016bdeni","og_url":"https:\/\/micasa.lv\/lv\/neo-akis-durvim-2\/","og_site_name":"Micasa","article_modified_time":"2025-06-13T07:36:16+00:00","og_image":[{"width":500,"height":500,"url":"https:\/\/micasa.lv\/wp-content\/uploads\/2025\/05\/669f4fa539daa37f9ed6503bce88aa6a_101106155-velky.jpg","type":"image\/jpeg"}],"twitter_card":"summary_large_image","schema":{"@context":"https:\/\/schema.org","@graph":[{"@type":"WebPage","@id":"https:\/\/micasa.lv\/lv\/neo-akis-durvim-2\/","url":"https:\/\/micasa.lv\/lv\/neo-akis-durvim-2\/","name":"NEO: \u0100\u0137is durv\u012bm - Micasa","isPartOf":{"@id":"https:\/\/micasa.lv\/lv\/#website"},"primaryImageOfPage":{"@id":"https:\/\/micasa.lv\/lv\/neo-akis-durvim-2\/#primaryimage"},"image":{"@id":"https:\/\/micasa.lv\/lv\/neo-akis-durvim-2\/#primaryimage"},"thumbnailUrl":"https:\/\/micasa.lv\/wp-content\/uploads\/2025\/05\/669f4fa539daa37f9ed6503bce88aa6a_101106155-velky.jpg","datePublished":"2025-05-14T10:30:50+00:00","dateModified":"2025-06-13T07:36:16+00:00","breadcrumb":{"@id":"https:\/\/micasa.lv\/lv\/neo-akis-durvim-2\/#breadcrumb"},"inLanguage":"lv-LV","potentialAction":[{"@type":"ReadAction","target":["https:\/\/micasa.lv\/lv\/neo-akis-durvim-2\/"]}]},{"@type":"ImageObject","inLanguage":"lv-LV","@id":"https:\/\/micasa.lv\/lv\/neo-akis-durvim-2\/#primaryimage","url":"https:\/\/micasa.lv\/wp-content\/uploads\/2025\/05\/669f4fa539daa37f9ed6503bce88aa6a_101106155-velky.jpg","contentUrl":"https:\/\/micasa.lv\/wp-content\/uploads\/2025\/05\/669f4fa539daa37f9ed6503bce88aa6a_101106155-velky.jpg","width":500,"height":500},{"@type":"BreadcrumbList","@id":"https:\/\/micasa.lv\/lv\/neo-akis-durvim-2\/#breadcrumb","itemListElement":[{"@type":"ListItem","position":1,"name":"S\u0101kums","item":"https:\/\/micasa.lv\/lv\/micasa\/"},{"@type":"ListItem","position":2,"name":"Shop","item":"https:\/\/micasa.lv\/lv\/shop\/"},{"@type":"ListItem","position":3,"name":"NEO: \u0100\u0137is durv\u012bm"}]},{"@type":"WebSite","@id":"https:\/\/micasa.lv\/lv\/#website","url":"https:\/\/micasa.lv\/lv\/","name":"Micasa","description":"","potentialAction":[{"@type":"SearchAction","target":{"@type":"EntryPoint","urlTemplate":"https:\/\/micasa.lv\/lv\/?s={search_term_string}"},"query-input":{"@type":"PropertyValueSpecification","valueRequired":true,"valueName":"search_term_string"}}],"inLanguage":"lv-LV"}]}},"wcpa_form_fields":null,"_links":{"self":[{"href":"https:\/\/micasa.lv\/lv\/wp-json\/wp\/v2\/product\/44939","targetHints":{"allow":["GET"]}}],"collection":[{"href":"https:\/\/micasa.lv\/lv\/wp-json\/wp\/v2\/product"}],"about":[{"href":"https:\/\/micasa.lv\/lv\/wp-json\/wp\/v2\/types\/product"}],"version-history":[{"count":1,"href":"https:\/\/micasa.lv\/lv\/wp-json\/wp\/v2\/product\/44939\/revisions"}],"predecessor-version":[{"id":44969,"href":"https:\/\/micasa.lv\/lv\/wp-json\/wp\/v2\/product\/44939\/revisions\/44969"}],"wp:featuredmedia":[{"embeddable":true,"href":"https:\/\/micasa.lv\/lv\/wp-json\/wp\/v2\/media\/44365"}],"wp:attachment":[{"href":"https:\/\/micasa.lv\/lv\/wp-json\/wp\/v2\/media?parent=44939"}],"wp:term":[{"taxonomy":"product_brand","embeddable":true,"href":"https:\/\/micasa.lv\/lv\/wp-json\/wp\/v2\/product_brand?post=44939"},{"taxonomy":"product_cat","embeddable":true,"href":"https:\/\/micasa.lv\/lv\/wp-json\/wp\/v2\/product_cat?post=44939"},{"taxonomy":"product_tag","embeddable":true,"href":"https:\/\/micasa.lv\/lv\/wp-json\/wp\/v2\/product_tag?post=44939"}],"curies":[{"name":"wp","href":"https:\/\/api.w.org\/{rel}","templated":true}]}}