{"id":45677,"date":"2025-05-14T15:07:49","date_gmt":"2025-05-14T12:07:49","guid":{"rendered":"https:\/\/test.micasa.lv\/?post_type=product&#038;p=45677"},"modified":"2025-06-13T10:37:25","modified_gmt":"2025-06-13T07:37:25","slug":"solo-brivi-stavoss-piekarinams-tualetes-birstes-turetajs","status":"publish","type":"product","link":"https:\/\/micasa.lv\/lv\/solo-brivi-stavoss-piekarinams-tualetes-birstes-turetajs\/","title":{"rendered":"SOLO: Br\u012bvi st\u0101vo\u0161s\/piekarin\u0101ms tualetes birstes tur\u0113t\u0101js"},"content":{"rendered":"<p>Solo sp\u0113l\u0113t\u0101ji? SOLO kolekcijas aksesu\u0101ri var st\u0101v\u0113t atsevi\u0161\u0137i jebkur\u0101 telp\u0101, ta\u010du citi vannas istabas aksesu\u0101ri var tikt gal\u0101 bez raiz\u0113m. Tie ir m\u016b\u017e\u012bgi un noteikti nezaud\u0113s savu svaigumu. S\u0101kotn\u0113ji no misi\u0146a izgatavot\u0101s virsmas ir pilnveidotas ar hroma apdari. J\u016bs sagaid\u0101t ori\u0123in\u0101la veida plauktus un dvie\u013cu tur\u0113t\u0101jus, univers\u0101lus \u0101\u0137us, ziepju dozatorus un zobu birstes traukus. Gal\u012bg\u0101 izv\u0113le ir j\u016bsu zi\u0146\u0101.<\/p>\n","protected":false},"excerpt":{"rendered":"<p>Solo sp\u0113l\u0113t\u0101ji? SOLO kolekcijas aksesu\u0101ri var st\u0101v\u0113t atsevi\u0161\u0137i jebkur\u0101 telp\u0101, ta\u010du citi vannas istabas aksesu\u0101ri var tikt gal\u0101 bez raiz\u0113m.<\/p>\n","protected":false},"featured_media":45310,"template":"","meta":[],"product_brand":[],"product_cat":[1853,1528],"product_tag":[],"class_list":{"0":"post-45677","1":"product","2":"type-product","3":"status-publish","4":"has-post-thumbnail","6":"product_cat-tualetes-birstes","7":"product_cat-vannas-istabas-aksesuari","8":"pa_brand-bemeta-lv","10":"first","11":"instock","12":"taxable","13":"shipping-taxable","14":"purchasable","15":"product-type-simple"},"yoast_head":"<!-- This site is optimized with the Yoast SEO plugin v27.4 - https:\/\/yoast.com\/product\/yoast-seo-wordpress\/ -->\n<title>SOLO: Br\u012bvi st\u0101vo\u0161s\/piekarin\u0101ms tualetes birstes tur\u0113t\u0101js - Micasa<\/title>\n<meta name=\"robots\" content=\"index, follow, max-snippet:-1, max-image-preview:large, max-video-preview:-1\" \/>\n<link rel=\"canonical\" href=\"https:\/\/micasa.lv\/lv\/solo-brivi-stavoss-piekarinams-tualetes-birstes-turetajs\/\" \/>\n<meta property=\"og:locale\" content=\"lv_LV\" \/>\n<meta property=\"og:type\" content=\"article\" \/>\n<meta property=\"og:title\" content=\"SOLO: Br\u012bvi st\u0101vo\u0161s\/piekarin\u0101ms tualetes birstes tur\u0113t\u0101js - Micasa\" \/>\n<meta property=\"og:description\" content=\"Solo sp\u0113l\u0113t\u0101ji? SOLO kolekcijas aksesu\u0101ri var st\u0101v\u0113t atsevi\u0161\u0137i jebkur\u0101 telp\u0101, ta\u010du citi vannas istabas aksesu\u0101ri var tikt gal\u0101 bez raiz\u0113m.\" \/>\n<meta property=\"og:url\" content=\"https:\/\/micasa.lv\/lv\/solo-brivi-stavoss-piekarinams-tualetes-birstes-turetajs\/\" \/>\n<meta property=\"og:site_name\" content=\"Micasa\" \/>\n<meta property=\"article:modified_time\" content=\"2025-06-13T07:37:25+00:00\" \/>\n<meta property=\"og:image\" content=\"https:\/\/micasa.lv\/wp-content\/uploads\/2025\/05\/3566d0883dd4071fd2e1e5f4aeabcad6_139113162-velky.jpg\" \/>\n\t<meta property=\"og:image:width\" content=\"500\" \/>\n\t<meta property=\"og:image:height\" content=\"500\" \/>\n\t<meta property=\"og:image:type\" content=\"image\/jpeg\" \/>\n<meta name=\"twitter:card\" content=\"summary_large_image\" \/>\n<script type=\"application\/ld+json\" class=\"yoast-schema-graph\">{\"@context\":\"https:\\\/\\\/schema.org\",\"@graph\":[{\"@type\":\"WebPage\",\"@id\":\"https:\\\/\\\/micasa.lv\\\/lv\\\/solo-brivi-stavoss-piekarinams-tualetes-birstes-turetajs\\\/\",\"url\":\"https:\\\/\\\/micasa.lv\\\/lv\\\/solo-brivi-stavoss-piekarinams-tualetes-birstes-turetajs\\\/\",\"name\":\"SOLO: Br\u012bvi st\u0101vo\u0161s\\\/piekarin\u0101ms tualetes birstes tur\u0113t\u0101js - Micasa\",\"isPartOf\":{\"@id\":\"https:\\\/\\\/micasa.lv\\\/lv\\\/#website\"},\"primaryImageOfPage\":{\"@id\":\"https:\\\/\\\/micasa.lv\\\/lv\\\/solo-brivi-stavoss-piekarinams-tualetes-birstes-turetajs\\\/#primaryimage\"},\"image\":{\"@id\":\"https:\\\/\\\/micasa.lv\\\/lv\\\/solo-brivi-stavoss-piekarinams-tualetes-birstes-turetajs\\\/#primaryimage\"},\"thumbnailUrl\":\"https:\\\/\\\/micasa.lv\\\/wp-content\\\/uploads\\\/2025\\\/05\\\/3566d0883dd4071fd2e1e5f4aeabcad6_139113162-velky.jpg\",\"datePublished\":\"2025-05-14T12:07:49+00:00\",\"dateModified\":\"2025-06-13T07:37:25+00:00\",\"breadcrumb\":{\"@id\":\"https:\\\/\\\/micasa.lv\\\/lv\\\/solo-brivi-stavoss-piekarinams-tualetes-birstes-turetajs\\\/#breadcrumb\"},\"inLanguage\":\"lv-LV\",\"potentialAction\":[{\"@type\":\"ReadAction\",\"target\":[\"https:\\\/\\\/micasa.lv\\\/lv\\\/solo-brivi-stavoss-piekarinams-tualetes-birstes-turetajs\\\/\"]}]},{\"@type\":\"ImageObject\",\"inLanguage\":\"lv-LV\",\"@id\":\"https:\\\/\\\/micasa.lv\\\/lv\\\/solo-brivi-stavoss-piekarinams-tualetes-birstes-turetajs\\\/#primaryimage\",\"url\":\"https:\\\/\\\/micasa.lv\\\/wp-content\\\/uploads\\\/2025\\\/05\\\/3566d0883dd4071fd2e1e5f4aeabcad6_139113162-velky.jpg\",\"contentUrl\":\"https:\\\/\\\/micasa.lv\\\/wp-content\\\/uploads\\\/2025\\\/05\\\/3566d0883dd4071fd2e1e5f4aeabcad6_139113162-velky.jpg\",\"width\":500,\"height\":500},{\"@type\":\"BreadcrumbList\",\"@id\":\"https:\\\/\\\/micasa.lv\\\/lv\\\/solo-brivi-stavoss-piekarinams-tualetes-birstes-turetajs\\\/#breadcrumb\",\"itemListElement\":[{\"@type\":\"ListItem\",\"position\":1,\"name\":\"S\u0101kums\",\"item\":\"https:\\\/\\\/micasa.lv\\\/lv\\\/micasa\\\/\"},{\"@type\":\"ListItem\",\"position\":2,\"name\":\"Shop\",\"item\":\"https:\\\/\\\/micasa.lv\\\/lv\\\/shop\\\/\"},{\"@type\":\"ListItem\",\"position\":3,\"name\":\"SOLO: Br\u012bvi st\u0101vo\u0161s\\\/piekarin\u0101ms tualetes birstes tur\u0113t\u0101js\"}]},{\"@type\":\"WebSite\",\"@id\":\"https:\\\/\\\/micasa.lv\\\/lv\\\/#website\",\"url\":\"https:\\\/\\\/micasa.lv\\\/lv\\\/\",\"name\":\"Micasa\",\"description\":\"\",\"potentialAction\":[{\"@type\":\"SearchAction\",\"target\":{\"@type\":\"EntryPoint\",\"urlTemplate\":\"https:\\\/\\\/micasa.lv\\\/lv\\\/?s={search_term_string}\"},\"query-input\":{\"@type\":\"PropertyValueSpecification\",\"valueRequired\":true,\"valueName\":\"search_term_string\"}}],\"inLanguage\":\"lv-LV\"}]}<\/script>\n<!-- \/ Yoast SEO plugin. -->","yoast_head_json":{"title":"SOLO: Br\u012bvi st\u0101vo\u0161s\/piekarin\u0101ms tualetes birstes tur\u0113t\u0101js - Micasa","robots":{"index":"index","follow":"follow","max-snippet":"max-snippet:-1","max-image-preview":"max-image-preview:large","max-video-preview":"max-video-preview:-1"},"canonical":"https:\/\/micasa.lv\/lv\/solo-brivi-stavoss-piekarinams-tualetes-birstes-turetajs\/","og_locale":"lv_LV","og_type":"article","og_title":"SOLO: Br\u012bvi st\u0101vo\u0161s\/piekarin\u0101ms tualetes birstes tur\u0113t\u0101js - Micasa","og_description":"Solo sp\u0113l\u0113t\u0101ji? SOLO kolekcijas aksesu\u0101ri var st\u0101v\u0113t atsevi\u0161\u0137i jebkur\u0101 telp\u0101, ta\u010du citi vannas istabas aksesu\u0101ri var tikt gal\u0101 bez raiz\u0113m.","og_url":"https:\/\/micasa.lv\/lv\/solo-brivi-stavoss-piekarinams-tualetes-birstes-turetajs\/","og_site_name":"Micasa","article_modified_time":"2025-06-13T07:37:25+00:00","og_image":[{"width":500,"height":500,"url":"https:\/\/micasa.lv\/wp-content\/uploads\/2025\/05\/3566d0883dd4071fd2e1e5f4aeabcad6_139113162-velky.jpg","type":"image\/jpeg"}],"twitter_card":"summary_large_image","schema":{"@context":"https:\/\/schema.org","@graph":[{"@type":"WebPage","@id":"https:\/\/micasa.lv\/lv\/solo-brivi-stavoss-piekarinams-tualetes-birstes-turetajs\/","url":"https:\/\/micasa.lv\/lv\/solo-brivi-stavoss-piekarinams-tualetes-birstes-turetajs\/","name":"SOLO: Br\u012bvi st\u0101vo\u0161s\/piekarin\u0101ms tualetes birstes tur\u0113t\u0101js - Micasa","isPartOf":{"@id":"https:\/\/micasa.lv\/lv\/#website"},"primaryImageOfPage":{"@id":"https:\/\/micasa.lv\/lv\/solo-brivi-stavoss-piekarinams-tualetes-birstes-turetajs\/#primaryimage"},"image":{"@id":"https:\/\/micasa.lv\/lv\/solo-brivi-stavoss-piekarinams-tualetes-birstes-turetajs\/#primaryimage"},"thumbnailUrl":"https:\/\/micasa.lv\/wp-content\/uploads\/2025\/05\/3566d0883dd4071fd2e1e5f4aeabcad6_139113162-velky.jpg","datePublished":"2025-05-14T12:07:49+00:00","dateModified":"2025-06-13T07:37:25+00:00","breadcrumb":{"@id":"https:\/\/micasa.lv\/lv\/solo-brivi-stavoss-piekarinams-tualetes-birstes-turetajs\/#breadcrumb"},"inLanguage":"lv-LV","potentialAction":[{"@type":"ReadAction","target":["https:\/\/micasa.lv\/lv\/solo-brivi-stavoss-piekarinams-tualetes-birstes-turetajs\/"]}]},{"@type":"ImageObject","inLanguage":"lv-LV","@id":"https:\/\/micasa.lv\/lv\/solo-brivi-stavoss-piekarinams-tualetes-birstes-turetajs\/#primaryimage","url":"https:\/\/micasa.lv\/wp-content\/uploads\/2025\/05\/3566d0883dd4071fd2e1e5f4aeabcad6_139113162-velky.jpg","contentUrl":"https:\/\/micasa.lv\/wp-content\/uploads\/2025\/05\/3566d0883dd4071fd2e1e5f4aeabcad6_139113162-velky.jpg","width":500,"height":500},{"@type":"BreadcrumbList","@id":"https:\/\/micasa.lv\/lv\/solo-brivi-stavoss-piekarinams-tualetes-birstes-turetajs\/#breadcrumb","itemListElement":[{"@type":"ListItem","position":1,"name":"S\u0101kums","item":"https:\/\/micasa.lv\/lv\/micasa\/"},{"@type":"ListItem","position":2,"name":"Shop","item":"https:\/\/micasa.lv\/lv\/shop\/"},{"@type":"ListItem","position":3,"name":"SOLO: Br\u012bvi st\u0101vo\u0161s\/piekarin\u0101ms tualetes birstes tur\u0113t\u0101js"}]},{"@type":"WebSite","@id":"https:\/\/micasa.lv\/lv\/#website","url":"https:\/\/micasa.lv\/lv\/","name":"Micasa","description":"","potentialAction":[{"@type":"SearchAction","target":{"@type":"EntryPoint","urlTemplate":"https:\/\/micasa.lv\/lv\/?s={search_term_string}"},"query-input":{"@type":"PropertyValueSpecification","valueRequired":true,"valueName":"search_term_string"}}],"inLanguage":"lv-LV"}]}},"wcpa_form_fields":null,"_links":{"self":[{"href":"https:\/\/micasa.lv\/lv\/wp-json\/wp\/v2\/product\/45677","targetHints":{"allow":["GET"]}}],"collection":[{"href":"https:\/\/micasa.lv\/lv\/wp-json\/wp\/v2\/product"}],"about":[{"href":"https:\/\/micasa.lv\/lv\/wp-json\/wp\/v2\/types\/product"}],"version-history":[{"count":1,"href":"https:\/\/micasa.lv\/lv\/wp-json\/wp\/v2\/product\/45677\/revisions"}],"predecessor-version":[{"id":45707,"href":"https:\/\/micasa.lv\/lv\/wp-json\/wp\/v2\/product\/45677\/revisions\/45707"}],"wp:featuredmedia":[{"embeddable":true,"href":"https:\/\/micasa.lv\/lv\/wp-json\/wp\/v2\/media\/45310"}],"wp:attachment":[{"href":"https:\/\/micasa.lv\/lv\/wp-json\/wp\/v2\/media?parent=45677"}],"wp:term":[{"taxonomy":"product_brand","embeddable":true,"href":"https:\/\/micasa.lv\/lv\/wp-json\/wp\/v2\/product_brand?post=45677"},{"taxonomy":"product_cat","embeddable":true,"href":"https:\/\/micasa.lv\/lv\/wp-json\/wp\/v2\/product_cat?post=45677"},{"taxonomy":"product_tag","embeddable":true,"href":"https:\/\/micasa.lv\/lv\/wp-json\/wp\/v2\/product_tag?post=45677"}],"curies":[{"name":"wp","href":"https:\/\/api.w.org\/{rel}","templated":true}]}}