{"id":45680,"date":"2025-05-14T15:07:50","date_gmt":"2025-05-14T12:07:50","guid":{"rendered":"https:\/\/test.micasa.lv\/?post_type=product&#038;p=45680"},"modified":"2025-06-13T10:37:26","modified_gmt":"2025-06-13T07:37:26","slug":"via-brivi-stavoss-ziepju-trauks","status":"publish","type":"product","link":"https:\/\/micasa.lv\/lv\/via-brivi-stavoss-ziepju-trauks\/","title":{"rendered":"VIA: Br\u012bvi st\u0101vo\u0161s ziepju trauks"},"content":{"rendered":"<p>Style VIA funkcionalit\u0101te. Jo dizainam j\u0101b\u016bt ne tikai vizu\u0101li iespaid\u012bgam, bet ar\u012b efekt\u012bvi funkcion\u0113jo\u0161am. Kolekcija, kas piepild\u012bta ar m\u016b\u017e\u012bgu noform\u0113jumu, t\u012br\u0101m l\u012bnij\u0101m un praktiskiem risin\u0101jumiem. T\u0101di materi\u0101li k\u0101 stikls, hroma apdare un gai\u0161i to\u0146i veicina neuzkr\u012bto\u0161u est\u0113tiku, kas neizjauks nevienas vannas istabas interjeru. Iek\u013cauts pilns produktu kl\u0101sts &#8211; pakaramie, rokturi, plaukti, tur\u0113t\u0101ji, ziepju dozatori un tualetes birstes.<\/p>\n","protected":false},"excerpt":{"rendered":"<p>Style VIA funkcionalit\u0101te. Jo dizainam j\u0101b\u016bt ne tikai vizu\u0101li iespaid\u012bgam, bet ar\u012b efekt\u012bvi funkcion\u0113jo\u0161am. Kolekcija, kas piepild\u012bta ar m\u016b\u017e\u012bgu noform\u0113jumu,<\/p>\n","protected":false},"featured_media":45190,"template":"","meta":[],"product_brand":[],"product_cat":[1528],"product_tag":[],"class_list":{"0":"post-45680","1":"product","2":"type-product","3":"status-publish","4":"has-post-thumbnail","6":"product_cat-vannas-istabas-aksesuari","7":"pa_brand-bemeta-lv","9":"first","10":"instock","11":"taxable","12":"shipping-taxable","13":"purchasable","14":"product-type-simple"},"yoast_head":"<!-- This site is optimized with the Yoast SEO plugin v27.4 - https:\/\/yoast.com\/product\/yoast-seo-wordpress\/ -->\n<title>VIA: Br\u012bvi st\u0101vo\u0161s ziepju trauks - Micasa<\/title>\n<meta name=\"robots\" content=\"index, follow, max-snippet:-1, max-image-preview:large, max-video-preview:-1\" \/>\n<link rel=\"canonical\" href=\"https:\/\/micasa.lv\/lv\/via-brivi-stavoss-ziepju-trauks\/\" \/>\n<meta property=\"og:locale\" content=\"lv_LV\" \/>\n<meta property=\"og:type\" content=\"article\" \/>\n<meta property=\"og:title\" content=\"VIA: Br\u012bvi st\u0101vo\u0161s ziepju trauks - Micasa\" \/>\n<meta property=\"og:description\" content=\"Style VIA funkcionalit\u0101te. Jo dizainam j\u0101b\u016bt ne tikai vizu\u0101li iespaid\u012bgam, bet ar\u012b efekt\u012bvi funkcion\u0113jo\u0161am. Kolekcija, kas piepild\u012bta ar m\u016b\u017e\u012bgu noform\u0113jumu,\" \/>\n<meta property=\"og:url\" content=\"https:\/\/micasa.lv\/lv\/via-brivi-stavoss-ziepju-trauks\/\" \/>\n<meta property=\"og:site_name\" content=\"Micasa\" \/>\n<meta property=\"article:modified_time\" content=\"2025-06-13T07:37:26+00:00\" \/>\n<meta property=\"og:image\" content=\"https:\/\/micasa.lv\/wp-content\/uploads\/2025\/05\/4af0108070fcaa563961ee29f43baa40_139108192-velky.jpg\" \/>\n\t<meta property=\"og:image:width\" content=\"500\" \/>\n\t<meta property=\"og:image:height\" content=\"500\" \/>\n\t<meta property=\"og:image:type\" content=\"image\/jpeg\" \/>\n<meta name=\"twitter:card\" content=\"summary_large_image\" \/>\n<script type=\"application\/ld+json\" class=\"yoast-schema-graph\">{\"@context\":\"https:\\\/\\\/schema.org\",\"@graph\":[{\"@type\":\"WebPage\",\"@id\":\"https:\\\/\\\/micasa.lv\\\/lv\\\/via-brivi-stavoss-ziepju-trauks\\\/\",\"url\":\"https:\\\/\\\/micasa.lv\\\/lv\\\/via-brivi-stavoss-ziepju-trauks\\\/\",\"name\":\"VIA: Br\u012bvi st\u0101vo\u0161s ziepju trauks - Micasa\",\"isPartOf\":{\"@id\":\"https:\\\/\\\/micasa.lv\\\/lv\\\/#website\"},\"primaryImageOfPage\":{\"@id\":\"https:\\\/\\\/micasa.lv\\\/lv\\\/via-brivi-stavoss-ziepju-trauks\\\/#primaryimage\"},\"image\":{\"@id\":\"https:\\\/\\\/micasa.lv\\\/lv\\\/via-brivi-stavoss-ziepju-trauks\\\/#primaryimage\"},\"thumbnailUrl\":\"https:\\\/\\\/micasa.lv\\\/wp-content\\\/uploads\\\/2025\\\/05\\\/4af0108070fcaa563961ee29f43baa40_139108192-velky.jpg\",\"datePublished\":\"2025-05-14T12:07:50+00:00\",\"dateModified\":\"2025-06-13T07:37:26+00:00\",\"breadcrumb\":{\"@id\":\"https:\\\/\\\/micasa.lv\\\/lv\\\/via-brivi-stavoss-ziepju-trauks\\\/#breadcrumb\"},\"inLanguage\":\"lv-LV\",\"potentialAction\":[{\"@type\":\"ReadAction\",\"target\":[\"https:\\\/\\\/micasa.lv\\\/lv\\\/via-brivi-stavoss-ziepju-trauks\\\/\"]}]},{\"@type\":\"ImageObject\",\"inLanguage\":\"lv-LV\",\"@id\":\"https:\\\/\\\/micasa.lv\\\/lv\\\/via-brivi-stavoss-ziepju-trauks\\\/#primaryimage\",\"url\":\"https:\\\/\\\/micasa.lv\\\/wp-content\\\/uploads\\\/2025\\\/05\\\/4af0108070fcaa563961ee29f43baa40_139108192-velky.jpg\",\"contentUrl\":\"https:\\\/\\\/micasa.lv\\\/wp-content\\\/uploads\\\/2025\\\/05\\\/4af0108070fcaa563961ee29f43baa40_139108192-velky.jpg\",\"width\":500,\"height\":500},{\"@type\":\"BreadcrumbList\",\"@id\":\"https:\\\/\\\/micasa.lv\\\/lv\\\/via-brivi-stavoss-ziepju-trauks\\\/#breadcrumb\",\"itemListElement\":[{\"@type\":\"ListItem\",\"position\":1,\"name\":\"S\u0101kums\",\"item\":\"https:\\\/\\\/micasa.lv\\\/lv\\\/micasa\\\/\"},{\"@type\":\"ListItem\",\"position\":2,\"name\":\"Shop\",\"item\":\"https:\\\/\\\/micasa.lv\\\/lv\\\/shop\\\/\"},{\"@type\":\"ListItem\",\"position\":3,\"name\":\"VIA: Br\u012bvi st\u0101vo\u0161s ziepju trauks\"}]},{\"@type\":\"WebSite\",\"@id\":\"https:\\\/\\\/micasa.lv\\\/lv\\\/#website\",\"url\":\"https:\\\/\\\/micasa.lv\\\/lv\\\/\",\"name\":\"Micasa\",\"description\":\"\",\"potentialAction\":[{\"@type\":\"SearchAction\",\"target\":{\"@type\":\"EntryPoint\",\"urlTemplate\":\"https:\\\/\\\/micasa.lv\\\/lv\\\/?s={search_term_string}\"},\"query-input\":{\"@type\":\"PropertyValueSpecification\",\"valueRequired\":true,\"valueName\":\"search_term_string\"}}],\"inLanguage\":\"lv-LV\"}]}<\/script>\n<!-- \/ Yoast SEO plugin. -->","yoast_head_json":{"title":"VIA: Br\u012bvi st\u0101vo\u0161s ziepju trauks - Micasa","robots":{"index":"index","follow":"follow","max-snippet":"max-snippet:-1","max-image-preview":"max-image-preview:large","max-video-preview":"max-video-preview:-1"},"canonical":"https:\/\/micasa.lv\/lv\/via-brivi-stavoss-ziepju-trauks\/","og_locale":"lv_LV","og_type":"article","og_title":"VIA: Br\u012bvi st\u0101vo\u0161s ziepju trauks - Micasa","og_description":"Style VIA funkcionalit\u0101te. Jo dizainam j\u0101b\u016bt ne tikai vizu\u0101li iespaid\u012bgam, bet ar\u012b efekt\u012bvi funkcion\u0113jo\u0161am. Kolekcija, kas piepild\u012bta ar m\u016b\u017e\u012bgu noform\u0113jumu,","og_url":"https:\/\/micasa.lv\/lv\/via-brivi-stavoss-ziepju-trauks\/","og_site_name":"Micasa","article_modified_time":"2025-06-13T07:37:26+00:00","og_image":[{"width":500,"height":500,"url":"https:\/\/micasa.lv\/wp-content\/uploads\/2025\/05\/4af0108070fcaa563961ee29f43baa40_139108192-velky.jpg","type":"image\/jpeg"}],"twitter_card":"summary_large_image","schema":{"@context":"https:\/\/schema.org","@graph":[{"@type":"WebPage","@id":"https:\/\/micasa.lv\/lv\/via-brivi-stavoss-ziepju-trauks\/","url":"https:\/\/micasa.lv\/lv\/via-brivi-stavoss-ziepju-trauks\/","name":"VIA: Br\u012bvi st\u0101vo\u0161s ziepju trauks - Micasa","isPartOf":{"@id":"https:\/\/micasa.lv\/lv\/#website"},"primaryImageOfPage":{"@id":"https:\/\/micasa.lv\/lv\/via-brivi-stavoss-ziepju-trauks\/#primaryimage"},"image":{"@id":"https:\/\/micasa.lv\/lv\/via-brivi-stavoss-ziepju-trauks\/#primaryimage"},"thumbnailUrl":"https:\/\/micasa.lv\/wp-content\/uploads\/2025\/05\/4af0108070fcaa563961ee29f43baa40_139108192-velky.jpg","datePublished":"2025-05-14T12:07:50+00:00","dateModified":"2025-06-13T07:37:26+00:00","breadcrumb":{"@id":"https:\/\/micasa.lv\/lv\/via-brivi-stavoss-ziepju-trauks\/#breadcrumb"},"inLanguage":"lv-LV","potentialAction":[{"@type":"ReadAction","target":["https:\/\/micasa.lv\/lv\/via-brivi-stavoss-ziepju-trauks\/"]}]},{"@type":"ImageObject","inLanguage":"lv-LV","@id":"https:\/\/micasa.lv\/lv\/via-brivi-stavoss-ziepju-trauks\/#primaryimage","url":"https:\/\/micasa.lv\/wp-content\/uploads\/2025\/05\/4af0108070fcaa563961ee29f43baa40_139108192-velky.jpg","contentUrl":"https:\/\/micasa.lv\/wp-content\/uploads\/2025\/05\/4af0108070fcaa563961ee29f43baa40_139108192-velky.jpg","width":500,"height":500},{"@type":"BreadcrumbList","@id":"https:\/\/micasa.lv\/lv\/via-brivi-stavoss-ziepju-trauks\/#breadcrumb","itemListElement":[{"@type":"ListItem","position":1,"name":"S\u0101kums","item":"https:\/\/micasa.lv\/lv\/micasa\/"},{"@type":"ListItem","position":2,"name":"Shop","item":"https:\/\/micasa.lv\/lv\/shop\/"},{"@type":"ListItem","position":3,"name":"VIA: Br\u012bvi st\u0101vo\u0161s ziepju trauks"}]},{"@type":"WebSite","@id":"https:\/\/micasa.lv\/lv\/#website","url":"https:\/\/micasa.lv\/lv\/","name":"Micasa","description":"","potentialAction":[{"@type":"SearchAction","target":{"@type":"EntryPoint","urlTemplate":"https:\/\/micasa.lv\/lv\/?s={search_term_string}"},"query-input":{"@type":"PropertyValueSpecification","valueRequired":true,"valueName":"search_term_string"}}],"inLanguage":"lv-LV"}]}},"wcpa_form_fields":null,"_links":{"self":[{"href":"https:\/\/micasa.lv\/lv\/wp-json\/wp\/v2\/product\/45680","targetHints":{"allow":["GET"]}}],"collection":[{"href":"https:\/\/micasa.lv\/lv\/wp-json\/wp\/v2\/product"}],"about":[{"href":"https:\/\/micasa.lv\/lv\/wp-json\/wp\/v2\/types\/product"}],"version-history":[{"count":1,"href":"https:\/\/micasa.lv\/lv\/wp-json\/wp\/v2\/product\/45680\/revisions"}],"predecessor-version":[{"id":45710,"href":"https:\/\/micasa.lv\/lv\/wp-json\/wp\/v2\/product\/45680\/revisions\/45710"}],"wp:featuredmedia":[{"embeddable":true,"href":"https:\/\/micasa.lv\/lv\/wp-json\/wp\/v2\/media\/45190"}],"wp:attachment":[{"href":"https:\/\/micasa.lv\/lv\/wp-json\/wp\/v2\/media?parent=45680"}],"wp:term":[{"taxonomy":"product_brand","embeddable":true,"href":"https:\/\/micasa.lv\/lv\/wp-json\/wp\/v2\/product_brand?post=45680"},{"taxonomy":"product_cat","embeddable":true,"href":"https:\/\/micasa.lv\/lv\/wp-json\/wp\/v2\/product_cat?post=45680"},{"taxonomy":"product_tag","embeddable":true,"href":"https:\/\/micasa.lv\/lv\/wp-json\/wp\/v2\/product_tag?post=45680"}],"curies":[{"name":"wp","href":"https:\/\/api.w.org\/{rel}","templated":true}]}}