{"id":45681,"date":"2025-05-14T15:07:50","date_gmt":"2025-05-14T12:07:50","guid":{"rendered":"https:\/\/test.micasa.lv\/?post_type=product&#038;p=45681"},"modified":"2025-06-13T10:37:26","modified_gmt":"2025-06-13T07:37:26","slug":"help-roktura-rokturis-300-mm-melns-ar-parsegu","status":"publish","type":"product","link":"https:\/\/micasa.lv\/lv\/help-roktura-rokturis-300-mm-melns-ar-parsegu\/","title":{"rendered":"HELP: Roktura rokturis 300 mm, melns, ar p\u0101rsegu"},"content":{"rendered":"<p>Vannas istabas dizains bez robe\u017e\u0101m un ierobe\u017eojumiem! HELP s\u0113rija sniedz pal\u012bdz\u012bgu roku tiem, kas ilgojas p\u0113c vannas istabas bez barjer\u0101m, kur\u0101 katra kust\u012bba ir piepild\u012bta ar p\u0101rliec\u012bbu. Turkl\u0101t produkti ir p\u0101rkl\u0101ti ar antibakteri\u0101lu pulverkr\u0101su, kas atbilst pat visstingr\u0101kaj\u0101m higi\u0113nas pras\u012bb\u0101m.<\/p>\n","protected":false},"excerpt":{"rendered":"<p>Vannas istabas dizains bez robe\u017e\u0101m un ierobe\u017eojumiem! HELP s\u0113rija sniedz pal\u012bdz\u012bgu roku tiem, kas ilgojas p\u0113c vannas istabas bez barjer\u0101m,<\/p>\n","protected":false},"featured_media":45424,"template":"","meta":[],"product_brand":[],"product_cat":[1889,1528],"product_tag":[],"class_list":{"0":"post-45681","1":"product","2":"type-product","3":"status-publish","4":"has-post-thumbnail","6":"product_cat-atbalsta-rokturi","7":"product_cat-vannas-istabas-aksesuari","8":"pa_brand-bemeta-lv","10":"first","11":"instock","12":"taxable","13":"shipping-taxable","14":"purchasable","15":"product-type-simple"},"yoast_head":"<!-- This site is optimized with the Yoast SEO plugin v27.4 - https:\/\/yoast.com\/product\/yoast-seo-wordpress\/ -->\n<title>HELP: Roktura rokturis 300 mm, melns, ar p\u0101rsegu - Micasa<\/title>\n<meta name=\"robots\" content=\"index, follow, max-snippet:-1, max-image-preview:large, max-video-preview:-1\" \/>\n<link rel=\"canonical\" href=\"https:\/\/micasa.lv\/lv\/help-roktura-rokturis-300-mm-melns-ar-parsegu\/\" \/>\n<meta property=\"og:locale\" content=\"lv_LV\" \/>\n<meta property=\"og:type\" content=\"article\" \/>\n<meta property=\"og:title\" content=\"HELP: Roktura rokturis 300 mm, melns, ar p\u0101rsegu - Micasa\" \/>\n<meta property=\"og:description\" content=\"Vannas istabas dizains bez robe\u017e\u0101m un ierobe\u017eojumiem! HELP s\u0113rija sniedz pal\u012bdz\u012bgu roku tiem, kas ilgojas p\u0113c vannas istabas bez barjer\u0101m,\" \/>\n<meta property=\"og:url\" content=\"https:\/\/micasa.lv\/lv\/help-roktura-rokturis-300-mm-melns-ar-parsegu\/\" \/>\n<meta property=\"og:site_name\" content=\"Micasa\" \/>\n<meta property=\"article:modified_time\" content=\"2025-06-13T07:37:26+00:00\" \/>\n<meta property=\"og:image\" content=\"https:\/\/micasa.lv\/wp-content\/uploads\/2025\/05\/e3bbed54c0c08a586b82500b6279cde5_301100300-velky.jpg\" \/>\n\t<meta property=\"og:image:width\" content=\"500\" \/>\n\t<meta property=\"og:image:height\" content=\"500\" \/>\n\t<meta property=\"og:image:type\" content=\"image\/jpeg\" \/>\n<meta name=\"twitter:card\" content=\"summary_large_image\" \/>\n<script type=\"application\/ld+json\" class=\"yoast-schema-graph\">{\"@context\":\"https:\\\/\\\/schema.org\",\"@graph\":[{\"@type\":\"WebPage\",\"@id\":\"https:\\\/\\\/micasa.lv\\\/lv\\\/help-roktura-rokturis-300-mm-melns-ar-parsegu\\\/\",\"url\":\"https:\\\/\\\/micasa.lv\\\/lv\\\/help-roktura-rokturis-300-mm-melns-ar-parsegu\\\/\",\"name\":\"HELP: Roktura rokturis 300 mm, melns, ar p\u0101rsegu - Micasa\",\"isPartOf\":{\"@id\":\"https:\\\/\\\/micasa.lv\\\/lv\\\/#website\"},\"primaryImageOfPage\":{\"@id\":\"https:\\\/\\\/micasa.lv\\\/lv\\\/help-roktura-rokturis-300-mm-melns-ar-parsegu\\\/#primaryimage\"},\"image\":{\"@id\":\"https:\\\/\\\/micasa.lv\\\/lv\\\/help-roktura-rokturis-300-mm-melns-ar-parsegu\\\/#primaryimage\"},\"thumbnailUrl\":\"https:\\\/\\\/micasa.lv\\\/wp-content\\\/uploads\\\/2025\\\/05\\\/e3bbed54c0c08a586b82500b6279cde5_301100300-velky.jpg\",\"datePublished\":\"2025-05-14T12:07:50+00:00\",\"dateModified\":\"2025-06-13T07:37:26+00:00\",\"breadcrumb\":{\"@id\":\"https:\\\/\\\/micasa.lv\\\/lv\\\/help-roktura-rokturis-300-mm-melns-ar-parsegu\\\/#breadcrumb\"},\"inLanguage\":\"lv-LV\",\"potentialAction\":[{\"@type\":\"ReadAction\",\"target\":[\"https:\\\/\\\/micasa.lv\\\/lv\\\/help-roktura-rokturis-300-mm-melns-ar-parsegu\\\/\"]}]},{\"@type\":\"ImageObject\",\"inLanguage\":\"lv-LV\",\"@id\":\"https:\\\/\\\/micasa.lv\\\/lv\\\/help-roktura-rokturis-300-mm-melns-ar-parsegu\\\/#primaryimage\",\"url\":\"https:\\\/\\\/micasa.lv\\\/wp-content\\\/uploads\\\/2025\\\/05\\\/e3bbed54c0c08a586b82500b6279cde5_301100300-velky.jpg\",\"contentUrl\":\"https:\\\/\\\/micasa.lv\\\/wp-content\\\/uploads\\\/2025\\\/05\\\/e3bbed54c0c08a586b82500b6279cde5_301100300-velky.jpg\",\"width\":500,\"height\":500},{\"@type\":\"BreadcrumbList\",\"@id\":\"https:\\\/\\\/micasa.lv\\\/lv\\\/help-roktura-rokturis-300-mm-melns-ar-parsegu\\\/#breadcrumb\",\"itemListElement\":[{\"@type\":\"ListItem\",\"position\":1,\"name\":\"S\u0101kums\",\"item\":\"https:\\\/\\\/micasa.lv\\\/lv\\\/micasa\\\/\"},{\"@type\":\"ListItem\",\"position\":2,\"name\":\"Shop\",\"item\":\"https:\\\/\\\/micasa.lv\\\/lv\\\/shop\\\/\"},{\"@type\":\"ListItem\",\"position\":3,\"name\":\"HELP: Roktura rokturis 300 mm, melns, ar p\u0101rsegu\"}]},{\"@type\":\"WebSite\",\"@id\":\"https:\\\/\\\/micasa.lv\\\/lv\\\/#website\",\"url\":\"https:\\\/\\\/micasa.lv\\\/lv\\\/\",\"name\":\"Micasa\",\"description\":\"\",\"potentialAction\":[{\"@type\":\"SearchAction\",\"target\":{\"@type\":\"EntryPoint\",\"urlTemplate\":\"https:\\\/\\\/micasa.lv\\\/lv\\\/?s={search_term_string}\"},\"query-input\":{\"@type\":\"PropertyValueSpecification\",\"valueRequired\":true,\"valueName\":\"search_term_string\"}}],\"inLanguage\":\"lv-LV\"}]}<\/script>\n<!-- \/ Yoast SEO plugin. -->","yoast_head_json":{"title":"HELP: Roktura rokturis 300 mm, melns, ar p\u0101rsegu - Micasa","robots":{"index":"index","follow":"follow","max-snippet":"max-snippet:-1","max-image-preview":"max-image-preview:large","max-video-preview":"max-video-preview:-1"},"canonical":"https:\/\/micasa.lv\/lv\/help-roktura-rokturis-300-mm-melns-ar-parsegu\/","og_locale":"lv_LV","og_type":"article","og_title":"HELP: Roktura rokturis 300 mm, melns, ar p\u0101rsegu - Micasa","og_description":"Vannas istabas dizains bez robe\u017e\u0101m un ierobe\u017eojumiem! HELP s\u0113rija sniedz pal\u012bdz\u012bgu roku tiem, kas ilgojas p\u0113c vannas istabas bez barjer\u0101m,","og_url":"https:\/\/micasa.lv\/lv\/help-roktura-rokturis-300-mm-melns-ar-parsegu\/","og_site_name":"Micasa","article_modified_time":"2025-06-13T07:37:26+00:00","og_image":[{"width":500,"height":500,"url":"https:\/\/micasa.lv\/wp-content\/uploads\/2025\/05\/e3bbed54c0c08a586b82500b6279cde5_301100300-velky.jpg","type":"image\/jpeg"}],"twitter_card":"summary_large_image","schema":{"@context":"https:\/\/schema.org","@graph":[{"@type":"WebPage","@id":"https:\/\/micasa.lv\/lv\/help-roktura-rokturis-300-mm-melns-ar-parsegu\/","url":"https:\/\/micasa.lv\/lv\/help-roktura-rokturis-300-mm-melns-ar-parsegu\/","name":"HELP: Roktura rokturis 300 mm, melns, ar p\u0101rsegu - Micasa","isPartOf":{"@id":"https:\/\/micasa.lv\/lv\/#website"},"primaryImageOfPage":{"@id":"https:\/\/micasa.lv\/lv\/help-roktura-rokturis-300-mm-melns-ar-parsegu\/#primaryimage"},"image":{"@id":"https:\/\/micasa.lv\/lv\/help-roktura-rokturis-300-mm-melns-ar-parsegu\/#primaryimage"},"thumbnailUrl":"https:\/\/micasa.lv\/wp-content\/uploads\/2025\/05\/e3bbed54c0c08a586b82500b6279cde5_301100300-velky.jpg","datePublished":"2025-05-14T12:07:50+00:00","dateModified":"2025-06-13T07:37:26+00:00","breadcrumb":{"@id":"https:\/\/micasa.lv\/lv\/help-roktura-rokturis-300-mm-melns-ar-parsegu\/#breadcrumb"},"inLanguage":"lv-LV","potentialAction":[{"@type":"ReadAction","target":["https:\/\/micasa.lv\/lv\/help-roktura-rokturis-300-mm-melns-ar-parsegu\/"]}]},{"@type":"ImageObject","inLanguage":"lv-LV","@id":"https:\/\/micasa.lv\/lv\/help-roktura-rokturis-300-mm-melns-ar-parsegu\/#primaryimage","url":"https:\/\/micasa.lv\/wp-content\/uploads\/2025\/05\/e3bbed54c0c08a586b82500b6279cde5_301100300-velky.jpg","contentUrl":"https:\/\/micasa.lv\/wp-content\/uploads\/2025\/05\/e3bbed54c0c08a586b82500b6279cde5_301100300-velky.jpg","width":500,"height":500},{"@type":"BreadcrumbList","@id":"https:\/\/micasa.lv\/lv\/help-roktura-rokturis-300-mm-melns-ar-parsegu\/#breadcrumb","itemListElement":[{"@type":"ListItem","position":1,"name":"S\u0101kums","item":"https:\/\/micasa.lv\/lv\/micasa\/"},{"@type":"ListItem","position":2,"name":"Shop","item":"https:\/\/micasa.lv\/lv\/shop\/"},{"@type":"ListItem","position":3,"name":"HELP: Roktura rokturis 300 mm, melns, ar p\u0101rsegu"}]},{"@type":"WebSite","@id":"https:\/\/micasa.lv\/lv\/#website","url":"https:\/\/micasa.lv\/lv\/","name":"Micasa","description":"","potentialAction":[{"@type":"SearchAction","target":{"@type":"EntryPoint","urlTemplate":"https:\/\/micasa.lv\/lv\/?s={search_term_string}"},"query-input":{"@type":"PropertyValueSpecification","valueRequired":true,"valueName":"search_term_string"}}],"inLanguage":"lv-LV"}]}},"wcpa_form_fields":null,"_links":{"self":[{"href":"https:\/\/micasa.lv\/lv\/wp-json\/wp\/v2\/product\/45681","targetHints":{"allow":["GET"]}}],"collection":[{"href":"https:\/\/micasa.lv\/lv\/wp-json\/wp\/v2\/product"}],"about":[{"href":"https:\/\/micasa.lv\/lv\/wp-json\/wp\/v2\/types\/product"}],"version-history":[{"count":1,"href":"https:\/\/micasa.lv\/lv\/wp-json\/wp\/v2\/product\/45681\/revisions"}],"predecessor-version":[{"id":45711,"href":"https:\/\/micasa.lv\/lv\/wp-json\/wp\/v2\/product\/45681\/revisions\/45711"}],"wp:featuredmedia":[{"embeddable":true,"href":"https:\/\/micasa.lv\/lv\/wp-json\/wp\/v2\/media\/45424"}],"wp:attachment":[{"href":"https:\/\/micasa.lv\/lv\/wp-json\/wp\/v2\/media?parent=45681"}],"wp:term":[{"taxonomy":"product_brand","embeddable":true,"href":"https:\/\/micasa.lv\/lv\/wp-json\/wp\/v2\/product_brand?post=45681"},{"taxonomy":"product_cat","embeddable":true,"href":"https:\/\/micasa.lv\/lv\/wp-json\/wp\/v2\/product_cat?post=45681"},{"taxonomy":"product_tag","embeddable":true,"href":"https:\/\/micasa.lv\/lv\/wp-json\/wp\/v2\/product_tag?post=45681"}],"curies":[{"name":"wp","href":"https:\/\/api.w.org\/{rel}","templated":true}]}}