{"id":45803,"date":"2025-05-14T15:08:30","date_gmt":"2025-05-14T12:08:30","guid":{"rendered":"https:\/\/test.micasa.lv\/?post_type=product&#038;p=45803"},"modified":"2025-06-13T10:37:47","modified_gmt":"2025-06-13T07:37:47","slug":"cytro-dusas-plaukts-birstets-3","status":"publish","type":"product","link":"https:\/\/micasa.lv\/lv\/cytro-dusas-plaukts-birstets-3\/","title":{"rendered":"CYTRO: Du\u0161as plaukts, birst\u0113ts"},"content":{"rendered":"<p>Plaukti, kas \u012bpa\u0161i piel\u0101goti ap\u0161uvuma sien\u0101m, iederas ne tikai vis\u0101s j\u016bsu vannas istabas st\u016bra da\u013c\u0101s, bet tos var izmantot ar\u012b, piem\u0113ram, virtuv\u0113s vai cit\u0101s telp\u0101s. Esam piel\u0101goju\u0161i st\u016bra plauktus, lai ikviens var\u0113tu atrast savu, m\u0113s varam pied\u0101v\u0101t vair\u0101kas formas un izm\u0113rus, uzsverot augstu kvalit\u0101ti un funkcionalit\u0101ti. Jums ir j\u0101izlemj, kuru izv\u0113l\u0113ties.<\/p>\n","protected":false},"excerpt":{"rendered":"<p>Plaukti, kas \u012bpa\u0161i piel\u0101goti ap\u0161uvuma sien\u0101m, iederas ne tikai vis\u0101s j\u016bsu vannas istabas st\u016bra da\u013c\u0101s, bet tos var izmantot ar\u012b,<\/p>\n","protected":false},"featured_media":45343,"template":"","meta":[],"product_brand":[],"product_cat":[1843,1528],"product_tag":[],"class_list":{"0":"post-45803","1":"product","2":"type-product","3":"status-publish","4":"has-post-thumbnail","6":"product_cat-plaukti-nisam","7":"product_cat-vannas-istabas-aksesuari","8":"pa_brand-bemeta-lv","10":"first","11":"instock","12":"taxable","13":"shipping-taxable","14":"purchasable","15":"product-type-simple"},"yoast_head":"<!-- This site is optimized with the Yoast SEO plugin v27.4 - https:\/\/yoast.com\/product\/yoast-seo-wordpress\/ -->\n<title>CYTRO: Du\u0161as plaukts, birst\u0113ts - Micasa<\/title>\n<meta name=\"robots\" content=\"index, follow, max-snippet:-1, max-image-preview:large, max-video-preview:-1\" \/>\n<link rel=\"canonical\" href=\"https:\/\/micasa.lv\/lv\/cytro-dusas-plaukts-birstets-3\/\" \/>\n<meta property=\"og:locale\" content=\"lv_LV\" \/>\n<meta property=\"og:type\" content=\"article\" \/>\n<meta property=\"og:title\" content=\"CYTRO: Du\u0161as plaukts, birst\u0113ts - Micasa\" \/>\n<meta property=\"og:description\" content=\"Plaukti, kas \u012bpa\u0161i piel\u0101goti ap\u0161uvuma sien\u0101m, iederas ne tikai vis\u0101s j\u016bsu vannas istabas st\u016bra da\u013c\u0101s, bet tos var izmantot ar\u012b,\" \/>\n<meta property=\"og:url\" content=\"https:\/\/micasa.lv\/lv\/cytro-dusas-plaukts-birstets-3\/\" \/>\n<meta property=\"og:site_name\" content=\"Micasa\" \/>\n<meta property=\"article:modified_time\" content=\"2025-06-13T07:37:47+00:00\" \/>\n<meta property=\"og:image\" content=\"https:\/\/micasa.lv\/wp-content\/uploads\/2025\/05\/1244125d1c12d281771677fd14032998_101302445-velky.jpg\" \/>\n\t<meta property=\"og:image:width\" content=\"500\" \/>\n\t<meta property=\"og:image:height\" content=\"500\" \/>\n\t<meta property=\"og:image:type\" content=\"image\/jpeg\" \/>\n<meta name=\"twitter:card\" content=\"summary_large_image\" \/>\n<script type=\"application\/ld+json\" class=\"yoast-schema-graph\">{\"@context\":\"https:\\\/\\\/schema.org\",\"@graph\":[{\"@type\":\"WebPage\",\"@id\":\"https:\\\/\\\/micasa.lv\\\/lv\\\/cytro-dusas-plaukts-birstets-3\\\/\",\"url\":\"https:\\\/\\\/micasa.lv\\\/lv\\\/cytro-dusas-plaukts-birstets-3\\\/\",\"name\":\"CYTRO: Du\u0161as plaukts, birst\u0113ts - Micasa\",\"isPartOf\":{\"@id\":\"https:\\\/\\\/micasa.lv\\\/lv\\\/#website\"},\"primaryImageOfPage\":{\"@id\":\"https:\\\/\\\/micasa.lv\\\/lv\\\/cytro-dusas-plaukts-birstets-3\\\/#primaryimage\"},\"image\":{\"@id\":\"https:\\\/\\\/micasa.lv\\\/lv\\\/cytro-dusas-plaukts-birstets-3\\\/#primaryimage\"},\"thumbnailUrl\":\"https:\\\/\\\/micasa.lv\\\/wp-content\\\/uploads\\\/2025\\\/05\\\/1244125d1c12d281771677fd14032998_101302445-velky.jpg\",\"datePublished\":\"2025-05-14T12:08:30+00:00\",\"dateModified\":\"2025-06-13T07:37:47+00:00\",\"breadcrumb\":{\"@id\":\"https:\\\/\\\/micasa.lv\\\/lv\\\/cytro-dusas-plaukts-birstets-3\\\/#breadcrumb\"},\"inLanguage\":\"lv-LV\",\"potentialAction\":[{\"@type\":\"ReadAction\",\"target\":[\"https:\\\/\\\/micasa.lv\\\/lv\\\/cytro-dusas-plaukts-birstets-3\\\/\"]}]},{\"@type\":\"ImageObject\",\"inLanguage\":\"lv-LV\",\"@id\":\"https:\\\/\\\/micasa.lv\\\/lv\\\/cytro-dusas-plaukts-birstets-3\\\/#primaryimage\",\"url\":\"https:\\\/\\\/micasa.lv\\\/wp-content\\\/uploads\\\/2025\\\/05\\\/1244125d1c12d281771677fd14032998_101302445-velky.jpg\",\"contentUrl\":\"https:\\\/\\\/micasa.lv\\\/wp-content\\\/uploads\\\/2025\\\/05\\\/1244125d1c12d281771677fd14032998_101302445-velky.jpg\",\"width\":500,\"height\":500},{\"@type\":\"BreadcrumbList\",\"@id\":\"https:\\\/\\\/micasa.lv\\\/lv\\\/cytro-dusas-plaukts-birstets-3\\\/#breadcrumb\",\"itemListElement\":[{\"@type\":\"ListItem\",\"position\":1,\"name\":\"S\u0101kums\",\"item\":\"https:\\\/\\\/micasa.lv\\\/lv\\\/micasa\\\/\"},{\"@type\":\"ListItem\",\"position\":2,\"name\":\"Shop\",\"item\":\"https:\\\/\\\/micasa.lv\\\/lv\\\/shop\\\/\"},{\"@type\":\"ListItem\",\"position\":3,\"name\":\"CYTRO: Du\u0161as plaukts, birst\u0113ts\"}]},{\"@type\":\"WebSite\",\"@id\":\"https:\\\/\\\/micasa.lv\\\/lv\\\/#website\",\"url\":\"https:\\\/\\\/micasa.lv\\\/lv\\\/\",\"name\":\"Micasa\",\"description\":\"\",\"potentialAction\":[{\"@type\":\"SearchAction\",\"target\":{\"@type\":\"EntryPoint\",\"urlTemplate\":\"https:\\\/\\\/micasa.lv\\\/lv\\\/?s={search_term_string}\"},\"query-input\":{\"@type\":\"PropertyValueSpecification\",\"valueRequired\":true,\"valueName\":\"search_term_string\"}}],\"inLanguage\":\"lv-LV\"}]}<\/script>\n<!-- \/ Yoast SEO plugin. -->","yoast_head_json":{"title":"CYTRO: Du\u0161as plaukts, birst\u0113ts - Micasa","robots":{"index":"index","follow":"follow","max-snippet":"max-snippet:-1","max-image-preview":"max-image-preview:large","max-video-preview":"max-video-preview:-1"},"canonical":"https:\/\/micasa.lv\/lv\/cytro-dusas-plaukts-birstets-3\/","og_locale":"lv_LV","og_type":"article","og_title":"CYTRO: Du\u0161as plaukts, birst\u0113ts - Micasa","og_description":"Plaukti, kas \u012bpa\u0161i piel\u0101goti ap\u0161uvuma sien\u0101m, iederas ne tikai vis\u0101s j\u016bsu vannas istabas st\u016bra da\u013c\u0101s, bet tos var izmantot ar\u012b,","og_url":"https:\/\/micasa.lv\/lv\/cytro-dusas-plaukts-birstets-3\/","og_site_name":"Micasa","article_modified_time":"2025-06-13T07:37:47+00:00","og_image":[{"width":500,"height":500,"url":"https:\/\/micasa.lv\/wp-content\/uploads\/2025\/05\/1244125d1c12d281771677fd14032998_101302445-velky.jpg","type":"image\/jpeg"}],"twitter_card":"summary_large_image","schema":{"@context":"https:\/\/schema.org","@graph":[{"@type":"WebPage","@id":"https:\/\/micasa.lv\/lv\/cytro-dusas-plaukts-birstets-3\/","url":"https:\/\/micasa.lv\/lv\/cytro-dusas-plaukts-birstets-3\/","name":"CYTRO: Du\u0161as plaukts, birst\u0113ts - Micasa","isPartOf":{"@id":"https:\/\/micasa.lv\/lv\/#website"},"primaryImageOfPage":{"@id":"https:\/\/micasa.lv\/lv\/cytro-dusas-plaukts-birstets-3\/#primaryimage"},"image":{"@id":"https:\/\/micasa.lv\/lv\/cytro-dusas-plaukts-birstets-3\/#primaryimage"},"thumbnailUrl":"https:\/\/micasa.lv\/wp-content\/uploads\/2025\/05\/1244125d1c12d281771677fd14032998_101302445-velky.jpg","datePublished":"2025-05-14T12:08:30+00:00","dateModified":"2025-06-13T07:37:47+00:00","breadcrumb":{"@id":"https:\/\/micasa.lv\/lv\/cytro-dusas-plaukts-birstets-3\/#breadcrumb"},"inLanguage":"lv-LV","potentialAction":[{"@type":"ReadAction","target":["https:\/\/micasa.lv\/lv\/cytro-dusas-plaukts-birstets-3\/"]}]},{"@type":"ImageObject","inLanguage":"lv-LV","@id":"https:\/\/micasa.lv\/lv\/cytro-dusas-plaukts-birstets-3\/#primaryimage","url":"https:\/\/micasa.lv\/wp-content\/uploads\/2025\/05\/1244125d1c12d281771677fd14032998_101302445-velky.jpg","contentUrl":"https:\/\/micasa.lv\/wp-content\/uploads\/2025\/05\/1244125d1c12d281771677fd14032998_101302445-velky.jpg","width":500,"height":500},{"@type":"BreadcrumbList","@id":"https:\/\/micasa.lv\/lv\/cytro-dusas-plaukts-birstets-3\/#breadcrumb","itemListElement":[{"@type":"ListItem","position":1,"name":"S\u0101kums","item":"https:\/\/micasa.lv\/lv\/micasa\/"},{"@type":"ListItem","position":2,"name":"Shop","item":"https:\/\/micasa.lv\/lv\/shop\/"},{"@type":"ListItem","position":3,"name":"CYTRO: Du\u0161as plaukts, birst\u0113ts"}]},{"@type":"WebSite","@id":"https:\/\/micasa.lv\/lv\/#website","url":"https:\/\/micasa.lv\/lv\/","name":"Micasa","description":"","potentialAction":[{"@type":"SearchAction","target":{"@type":"EntryPoint","urlTemplate":"https:\/\/micasa.lv\/lv\/?s={search_term_string}"},"query-input":{"@type":"PropertyValueSpecification","valueRequired":true,"valueName":"search_term_string"}}],"inLanguage":"lv-LV"}]}},"wcpa_form_fields":null,"_links":{"self":[{"href":"https:\/\/micasa.lv\/lv\/wp-json\/wp\/v2\/product\/45803","targetHints":{"allow":["GET"]}}],"collection":[{"href":"https:\/\/micasa.lv\/lv\/wp-json\/wp\/v2\/product"}],"about":[{"href":"https:\/\/micasa.lv\/lv\/wp-json\/wp\/v2\/types\/product"}],"version-history":[{"count":1,"href":"https:\/\/micasa.lv\/lv\/wp-json\/wp\/v2\/product\/45803\/revisions"}],"predecessor-version":[{"id":45833,"href":"https:\/\/micasa.lv\/lv\/wp-json\/wp\/v2\/product\/45803\/revisions\/45833"}],"wp:featuredmedia":[{"embeddable":true,"href":"https:\/\/micasa.lv\/lv\/wp-json\/wp\/v2\/media\/45343"}],"wp:attachment":[{"href":"https:\/\/micasa.lv\/lv\/wp-json\/wp\/v2\/media?parent=45803"}],"wp:term":[{"taxonomy":"product_brand","embeddable":true,"href":"https:\/\/micasa.lv\/lv\/wp-json\/wp\/v2\/product_brand?post=45803"},{"taxonomy":"product_cat","embeddable":true,"href":"https:\/\/micasa.lv\/lv\/wp-json\/wp\/v2\/product_cat?post=45803"},{"taxonomy":"product_tag","embeddable":true,"href":"https:\/\/micasa.lv\/lv\/wp-json\/wp\/v2\/product_tag?post=45803"}],"curies":[{"name":"wp","href":"https:\/\/api.w.org\/{rel}","templated":true}]}}