{"id":45864,"date":"2025-05-14T15:08:51","date_gmt":"2025-05-14T12:08:51","guid":{"rendered":"https:\/\/test.micasa.lv\/?post_type=product&#038;p=45864"},"modified":"2025-06-13T10:37:58","modified_gmt":"2025-06-13T07:37:58","slug":"hematit-tualetes-papira-turetajs","status":"publish","type":"product","link":"https:\/\/micasa.lv\/lv\/hematit-tualetes-papira-turetajs\/","title":{"rendered":"HEMATIT: Tualetes pap\u012bra tur\u0113t\u0101js"},"content":{"rendered":"<p>M\u0113s visi p\u0101rst\u0101sim m\u012bl\u0113t melno kr\u0101su, tikl\u012bdz k\u0101ds izdom\u0101s lab\u0101ku kr\u0101su. Meln\u0101 kr\u0101sa ir m\u016b\u017e\u012bga un \u0161ika konstante jebkur\u0101 interjer\u0101. Ta\u010du ne visas meln\u0101s kr\u0101sas ir vien\u0101das. Par laimi, m\u0113s esam apmald\u012bju\u0161ies ce\u013c\u0101, t\u0101p\u0113c ar prieku iepaz\u012bstin\u0101m ar hemat\u012bta l\u012bniju \u2013 tikpat sp\u012bd\u012bgu k\u0101 melns spogulis. \u0160\u012b l\u012bnija vislab\u0101k izskat\u012bsies, ja to iek\u013causiet kontrast\u0113jo\u0161\u0101 p\u0113r\u013caini balt\u0101 vannas istab\u0101. Ja apvienosiet hemat\u012btu ar marmora un zelta akcentiem, j\u016bsu m\u0101jas k\u013c\u016bs par pili.<\/p>\n","protected":false},"excerpt":{"rendered":"<p>M\u0113s visi p\u0101rst\u0101sim m\u012bl\u0113t melno kr\u0101su, tikl\u012bdz k\u0101ds izdom\u0101s lab\u0101ku kr\u0101su. Meln\u0101 kr\u0101sa ir m\u016b\u017e\u012bga un \u0161ika konstante jebkur\u0101 interjer\u0101.<\/p>\n","protected":false},"featured_media":45298,"template":"","meta":[],"product_brand":[],"product_cat":[1855,1528],"product_tag":[],"class_list":{"0":"post-45864","1":"product","2":"type-product","3":"status-publish","4":"has-post-thumbnail","6":"product_cat-tualetes-papira-turetaji","7":"product_cat-vannas-istabas-aksesuari","8":"pa_brand-bemeta-lv","10":"first","11":"instock","12":"taxable","13":"shipping-taxable","14":"purchasable","15":"product-type-simple"},"yoast_head":"<!-- This site is optimized with the Yoast SEO plugin v27.4 - https:\/\/yoast.com\/product\/yoast-seo-wordpress\/ -->\n<title>HEMATIT: Tualetes pap\u012bra tur\u0113t\u0101js - Micasa<\/title>\n<meta name=\"robots\" content=\"index, follow, max-snippet:-1, max-image-preview:large, max-video-preview:-1\" \/>\n<link rel=\"canonical\" href=\"https:\/\/micasa.lv\/lv\/hematit-tualetes-papira-turetajs\/\" \/>\n<meta property=\"og:locale\" content=\"lv_LV\" \/>\n<meta property=\"og:type\" content=\"article\" \/>\n<meta property=\"og:title\" content=\"HEMATIT: Tualetes pap\u012bra tur\u0113t\u0101js - Micasa\" \/>\n<meta property=\"og:description\" content=\"M\u0113s visi p\u0101rst\u0101sim m\u012bl\u0113t melno kr\u0101su, tikl\u012bdz k\u0101ds izdom\u0101s lab\u0101ku kr\u0101su. Meln\u0101 kr\u0101sa ir m\u016b\u017e\u012bga un \u0161ika konstante jebkur\u0101 interjer\u0101.\" \/>\n<meta property=\"og:url\" content=\"https:\/\/micasa.lv\/lv\/hematit-tualetes-papira-turetajs\/\" \/>\n<meta property=\"og:site_name\" content=\"Micasa\" \/>\n<meta property=\"article:modified_time\" content=\"2025-06-13T07:37:58+00:00\" \/>\n<meta property=\"og:image\" content=\"https:\/\/micasa.lv\/wp-content\/uploads\/2025\/05\/726f1fc7de3685e8cb6446429d673921_159212032-velky.jpg\" \/>\n\t<meta property=\"og:image:width\" content=\"500\" \/>\n\t<meta property=\"og:image:height\" content=\"500\" \/>\n\t<meta property=\"og:image:type\" content=\"image\/jpeg\" \/>\n<meta name=\"twitter:card\" content=\"summary_large_image\" \/>\n<meta name=\"twitter:label1\" content=\"Est. reading time\" \/>\n\t<meta name=\"twitter:data1\" content=\"1 minute\" \/>\n<script type=\"application\/ld+json\" class=\"yoast-schema-graph\">{\"@context\":\"https:\\\/\\\/schema.org\",\"@graph\":[{\"@type\":\"WebPage\",\"@id\":\"https:\\\/\\\/micasa.lv\\\/lv\\\/hematit-tualetes-papira-turetajs\\\/\",\"url\":\"https:\\\/\\\/micasa.lv\\\/lv\\\/hematit-tualetes-papira-turetajs\\\/\",\"name\":\"HEMATIT: Tualetes pap\u012bra tur\u0113t\u0101js - Micasa\",\"isPartOf\":{\"@id\":\"https:\\\/\\\/micasa.lv\\\/lv\\\/#website\"},\"primaryImageOfPage\":{\"@id\":\"https:\\\/\\\/micasa.lv\\\/lv\\\/hematit-tualetes-papira-turetajs\\\/#primaryimage\"},\"image\":{\"@id\":\"https:\\\/\\\/micasa.lv\\\/lv\\\/hematit-tualetes-papira-turetajs\\\/#primaryimage\"},\"thumbnailUrl\":\"https:\\\/\\\/micasa.lv\\\/wp-content\\\/uploads\\\/2025\\\/05\\\/726f1fc7de3685e8cb6446429d673921_159212032-velky.jpg\",\"datePublished\":\"2025-05-14T12:08:51+00:00\",\"dateModified\":\"2025-06-13T07:37:58+00:00\",\"breadcrumb\":{\"@id\":\"https:\\\/\\\/micasa.lv\\\/lv\\\/hematit-tualetes-papira-turetajs\\\/#breadcrumb\"},\"inLanguage\":\"lv-LV\",\"potentialAction\":[{\"@type\":\"ReadAction\",\"target\":[\"https:\\\/\\\/micasa.lv\\\/lv\\\/hematit-tualetes-papira-turetajs\\\/\"]}]},{\"@type\":\"ImageObject\",\"inLanguage\":\"lv-LV\",\"@id\":\"https:\\\/\\\/micasa.lv\\\/lv\\\/hematit-tualetes-papira-turetajs\\\/#primaryimage\",\"url\":\"https:\\\/\\\/micasa.lv\\\/wp-content\\\/uploads\\\/2025\\\/05\\\/726f1fc7de3685e8cb6446429d673921_159212032-velky.jpg\",\"contentUrl\":\"https:\\\/\\\/micasa.lv\\\/wp-content\\\/uploads\\\/2025\\\/05\\\/726f1fc7de3685e8cb6446429d673921_159212032-velky.jpg\",\"width\":500,\"height\":500},{\"@type\":\"BreadcrumbList\",\"@id\":\"https:\\\/\\\/micasa.lv\\\/lv\\\/hematit-tualetes-papira-turetajs\\\/#breadcrumb\",\"itemListElement\":[{\"@type\":\"ListItem\",\"position\":1,\"name\":\"S\u0101kums\",\"item\":\"https:\\\/\\\/micasa.lv\\\/lv\\\/micasa\\\/\"},{\"@type\":\"ListItem\",\"position\":2,\"name\":\"Shop\",\"item\":\"https:\\\/\\\/micasa.lv\\\/lv\\\/shop\\\/\"},{\"@type\":\"ListItem\",\"position\":3,\"name\":\"HEMATIT: Tualetes pap\u012bra tur\u0113t\u0101js\"}]},{\"@type\":\"WebSite\",\"@id\":\"https:\\\/\\\/micasa.lv\\\/lv\\\/#website\",\"url\":\"https:\\\/\\\/micasa.lv\\\/lv\\\/\",\"name\":\"Micasa\",\"description\":\"\",\"potentialAction\":[{\"@type\":\"SearchAction\",\"target\":{\"@type\":\"EntryPoint\",\"urlTemplate\":\"https:\\\/\\\/micasa.lv\\\/lv\\\/?s={search_term_string}\"},\"query-input\":{\"@type\":\"PropertyValueSpecification\",\"valueRequired\":true,\"valueName\":\"search_term_string\"}}],\"inLanguage\":\"lv-LV\"}]}<\/script>\n<!-- \/ Yoast SEO plugin. -->","yoast_head_json":{"title":"HEMATIT: Tualetes pap\u012bra tur\u0113t\u0101js - Micasa","robots":{"index":"index","follow":"follow","max-snippet":"max-snippet:-1","max-image-preview":"max-image-preview:large","max-video-preview":"max-video-preview:-1"},"canonical":"https:\/\/micasa.lv\/lv\/hematit-tualetes-papira-turetajs\/","og_locale":"lv_LV","og_type":"article","og_title":"HEMATIT: Tualetes pap\u012bra tur\u0113t\u0101js - Micasa","og_description":"M\u0113s visi p\u0101rst\u0101sim m\u012bl\u0113t melno kr\u0101su, tikl\u012bdz k\u0101ds izdom\u0101s lab\u0101ku kr\u0101su. Meln\u0101 kr\u0101sa ir m\u016b\u017e\u012bga un \u0161ika konstante jebkur\u0101 interjer\u0101.","og_url":"https:\/\/micasa.lv\/lv\/hematit-tualetes-papira-turetajs\/","og_site_name":"Micasa","article_modified_time":"2025-06-13T07:37:58+00:00","og_image":[{"width":500,"height":500,"url":"https:\/\/micasa.lv\/wp-content\/uploads\/2025\/05\/726f1fc7de3685e8cb6446429d673921_159212032-velky.jpg","type":"image\/jpeg"}],"twitter_card":"summary_large_image","twitter_misc":{"Est. reading time":"1 minute"},"schema":{"@context":"https:\/\/schema.org","@graph":[{"@type":"WebPage","@id":"https:\/\/micasa.lv\/lv\/hematit-tualetes-papira-turetajs\/","url":"https:\/\/micasa.lv\/lv\/hematit-tualetes-papira-turetajs\/","name":"HEMATIT: Tualetes pap\u012bra tur\u0113t\u0101js - Micasa","isPartOf":{"@id":"https:\/\/micasa.lv\/lv\/#website"},"primaryImageOfPage":{"@id":"https:\/\/micasa.lv\/lv\/hematit-tualetes-papira-turetajs\/#primaryimage"},"image":{"@id":"https:\/\/micasa.lv\/lv\/hematit-tualetes-papira-turetajs\/#primaryimage"},"thumbnailUrl":"https:\/\/micasa.lv\/wp-content\/uploads\/2025\/05\/726f1fc7de3685e8cb6446429d673921_159212032-velky.jpg","datePublished":"2025-05-14T12:08:51+00:00","dateModified":"2025-06-13T07:37:58+00:00","breadcrumb":{"@id":"https:\/\/micasa.lv\/lv\/hematit-tualetes-papira-turetajs\/#breadcrumb"},"inLanguage":"lv-LV","potentialAction":[{"@type":"ReadAction","target":["https:\/\/micasa.lv\/lv\/hematit-tualetes-papira-turetajs\/"]}]},{"@type":"ImageObject","inLanguage":"lv-LV","@id":"https:\/\/micasa.lv\/lv\/hematit-tualetes-papira-turetajs\/#primaryimage","url":"https:\/\/micasa.lv\/wp-content\/uploads\/2025\/05\/726f1fc7de3685e8cb6446429d673921_159212032-velky.jpg","contentUrl":"https:\/\/micasa.lv\/wp-content\/uploads\/2025\/05\/726f1fc7de3685e8cb6446429d673921_159212032-velky.jpg","width":500,"height":500},{"@type":"BreadcrumbList","@id":"https:\/\/micasa.lv\/lv\/hematit-tualetes-papira-turetajs\/#breadcrumb","itemListElement":[{"@type":"ListItem","position":1,"name":"S\u0101kums","item":"https:\/\/micasa.lv\/lv\/micasa\/"},{"@type":"ListItem","position":2,"name":"Shop","item":"https:\/\/micasa.lv\/lv\/shop\/"},{"@type":"ListItem","position":3,"name":"HEMATIT: Tualetes pap\u012bra tur\u0113t\u0101js"}]},{"@type":"WebSite","@id":"https:\/\/micasa.lv\/lv\/#website","url":"https:\/\/micasa.lv\/lv\/","name":"Micasa","description":"","potentialAction":[{"@type":"SearchAction","target":{"@type":"EntryPoint","urlTemplate":"https:\/\/micasa.lv\/lv\/?s={search_term_string}"},"query-input":{"@type":"PropertyValueSpecification","valueRequired":true,"valueName":"search_term_string"}}],"inLanguage":"lv-LV"}]}},"wcpa_form_fields":null,"_links":{"self":[{"href":"https:\/\/micasa.lv\/lv\/wp-json\/wp\/v2\/product\/45864","targetHints":{"allow":["GET"]}}],"collection":[{"href":"https:\/\/micasa.lv\/lv\/wp-json\/wp\/v2\/product"}],"about":[{"href":"https:\/\/micasa.lv\/lv\/wp-json\/wp\/v2\/types\/product"}],"version-history":[{"count":1,"href":"https:\/\/micasa.lv\/lv\/wp-json\/wp\/v2\/product\/45864\/revisions"}],"predecessor-version":[{"id":45894,"href":"https:\/\/micasa.lv\/lv\/wp-json\/wp\/v2\/product\/45864\/revisions\/45894"}],"wp:featuredmedia":[{"embeddable":true,"href":"https:\/\/micasa.lv\/lv\/wp-json\/wp\/v2\/media\/45298"}],"wp:attachment":[{"href":"https:\/\/micasa.lv\/lv\/wp-json\/wp\/v2\/media?parent=45864"}],"wp:term":[{"taxonomy":"product_brand","embeddable":true,"href":"https:\/\/micasa.lv\/lv\/wp-json\/wp\/v2\/product_brand?post=45864"},{"taxonomy":"product_cat","embeddable":true,"href":"https:\/\/micasa.lv\/lv\/wp-json\/wp\/v2\/product_cat?post=45864"},{"taxonomy":"product_tag","embeddable":true,"href":"https:\/\/micasa.lv\/lv\/wp-json\/wp\/v2\/product_tag?post=45864"}],"curies":[{"name":"wp","href":"https:\/\/api.w.org\/{rel}","templated":true}]}}