{"id":46632,"date":"2025-05-14T18:43:03","date_gmt":"2025-05-14T15:43:03","guid":{"rendered":"https:\/\/test.micasa.lv\/?post_type=product&#038;p=46632"},"modified":"2025-06-13T10:39:11","modified_gmt":"2025-06-13T07:39:11","slug":"graphit-atkritumu-tvertne-5-l","status":"publish","type":"product","link":"https:\/\/micasa.lv\/lv\/graphit-atkritumu-tvertne-5-l\/","title":{"rendered":"GRAPHIT: Atkritumu tvertne, 5 l"},"content":{"rendered":"<p>Termins graf\u012bts (no grie\u0137u valodas) noz\u012bm\u0113 \u201crakst\u012bt\u201d, \u201capz\u012bm\u0113t\u201d, \u201cz\u012bm\u0113t\u201d. Graf\u012bts ir ar\u012b rado\u0161uma instruments, un t\u0101p\u0113c tam noteikti j\u0101b\u016bt da\u013cai no m\u016bsu rado\u0161\u0101s kolekcijas. Graf\u012bta l\u012bnijas produkti ir tum\u0161i pel\u0113ki un tiem ir met\u0101liska pussp\u012bd\u012bga apdare. Tie atg\u0101dina z\u012bmu\u013ca graf\u012btu vai atdzisu\u0161u magmu. \u0160\u012b l\u012bnija ir unik\u0101la, pateicoties t\u0101s piel\u0101go\u0161an\u0101s sp\u0113jai apk\u0101rt\u0113j\u0101m kr\u0101s\u0101m un stiliem. T\u0101 lieliski izskat\u0101s gan ar pies\u0101tin\u0101t\u0101m kr\u0101s\u0101m, gan paste\u013cto\u0146iem. T\u0101 iederas gan tradicion\u0101l\u0101s, gan minim\u0101listisk\u0101s, gan industri\u0101l\u0101s vannas istab\u0101s. Apvienojum\u0101 ar koku rezult\u0101ts ir absol\u016bti dievi\u0161\u0137\u012bgs.<\/p>\n","protected":false},"excerpt":{"rendered":"<p>Termins graf\u012bts (no grie\u0137u valodas) noz\u012bm\u0113 \u201crakst\u012bt\u201d, \u201capz\u012bm\u0113t\u201d, \u201cz\u012bm\u0113t\u201d. Graf\u012bts ir ar\u012b rado\u0161uma instruments, un t\u0101p\u0113c tam noteikti j\u0101b\u016bt da\u013cai<\/p>\n","protected":false},"featured_media":46213,"template":"","meta":[],"product_brand":[],"product_cat":[1879,1528],"product_tag":[],"class_list":{"0":"post-46632","1":"product","2":"type-product","3":"status-publish","4":"has-post-thumbnail","6":"product_cat-atkritumu-tvertnes","7":"product_cat-vannas-istabas-aksesuari","8":"pa_brand-bemeta-lv","10":"first","11":"instock","12":"taxable","13":"shipping-taxable","14":"purchasable","15":"product-type-simple"},"yoast_head":"<!-- This site is optimized with the Yoast SEO plugin v27.4 - https:\/\/yoast.com\/product\/yoast-seo-wordpress\/ -->\n<title>GRAPHIT: Atkritumu tvertne, 5 l - Micasa<\/title>\n<meta name=\"robots\" content=\"index, follow, max-snippet:-1, max-image-preview:large, max-video-preview:-1\" \/>\n<link rel=\"canonical\" href=\"https:\/\/micasa.lv\/lv\/graphit-atkritumu-tvertne-5-l\/\" \/>\n<meta property=\"og:locale\" content=\"lv_LV\" \/>\n<meta property=\"og:type\" content=\"article\" \/>\n<meta property=\"og:title\" content=\"GRAPHIT: Atkritumu tvertne, 5 l - Micasa\" \/>\n<meta property=\"og:description\" content=\"Termins graf\u012bts (no grie\u0137u valodas) noz\u012bm\u0113 \u201crakst\u012bt\u201d, \u201capz\u012bm\u0113t\u201d, \u201cz\u012bm\u0113t\u201d. Graf\u012bts ir ar\u012b rado\u0161uma instruments, un t\u0101p\u0113c tam noteikti j\u0101b\u016bt da\u013cai\" \/>\n<meta property=\"og:url\" content=\"https:\/\/micasa.lv\/lv\/graphit-atkritumu-tvertne-5-l\/\" \/>\n<meta property=\"og:site_name\" content=\"Micasa\" \/>\n<meta property=\"article:modified_time\" content=\"2025-06-13T07:39:11+00:00\" \/>\n<meta property=\"og:image\" content=\"https:\/\/micasa.lv\/wp-content\/uploads\/2025\/05\/39c63e7ac87aed99bfd21918965a647c_156315013-velky.jpg\" \/>\n\t<meta property=\"og:image:width\" content=\"500\" \/>\n\t<meta property=\"og:image:height\" content=\"500\" \/>\n\t<meta property=\"og:image:type\" content=\"image\/jpeg\" \/>\n<meta name=\"twitter:card\" content=\"summary_large_image\" \/>\n<meta name=\"twitter:label1\" content=\"Est. reading time\" \/>\n\t<meta name=\"twitter:data1\" content=\"1 minute\" \/>\n<script type=\"application\/ld+json\" class=\"yoast-schema-graph\">{\"@context\":\"https:\\\/\\\/schema.org\",\"@graph\":[{\"@type\":\"WebPage\",\"@id\":\"https:\\\/\\\/micasa.lv\\\/lv\\\/graphit-atkritumu-tvertne-5-l\\\/\",\"url\":\"https:\\\/\\\/micasa.lv\\\/lv\\\/graphit-atkritumu-tvertne-5-l\\\/\",\"name\":\"GRAPHIT: Atkritumu tvertne, 5 l - Micasa\",\"isPartOf\":{\"@id\":\"https:\\\/\\\/micasa.lv\\\/lv\\\/#website\"},\"primaryImageOfPage\":{\"@id\":\"https:\\\/\\\/micasa.lv\\\/lv\\\/graphit-atkritumu-tvertne-5-l\\\/#primaryimage\"},\"image\":{\"@id\":\"https:\\\/\\\/micasa.lv\\\/lv\\\/graphit-atkritumu-tvertne-5-l\\\/#primaryimage\"},\"thumbnailUrl\":\"https:\\\/\\\/micasa.lv\\\/wp-content\\\/uploads\\\/2025\\\/05\\\/39c63e7ac87aed99bfd21918965a647c_156315013-velky.jpg\",\"datePublished\":\"2025-05-14T15:43:03+00:00\",\"dateModified\":\"2025-06-13T07:39:11+00:00\",\"breadcrumb\":{\"@id\":\"https:\\\/\\\/micasa.lv\\\/lv\\\/graphit-atkritumu-tvertne-5-l\\\/#breadcrumb\"},\"inLanguage\":\"lv-LV\",\"potentialAction\":[{\"@type\":\"ReadAction\",\"target\":[\"https:\\\/\\\/micasa.lv\\\/lv\\\/graphit-atkritumu-tvertne-5-l\\\/\"]}]},{\"@type\":\"ImageObject\",\"inLanguage\":\"lv-LV\",\"@id\":\"https:\\\/\\\/micasa.lv\\\/lv\\\/graphit-atkritumu-tvertne-5-l\\\/#primaryimage\",\"url\":\"https:\\\/\\\/micasa.lv\\\/wp-content\\\/uploads\\\/2025\\\/05\\\/39c63e7ac87aed99bfd21918965a647c_156315013-velky.jpg\",\"contentUrl\":\"https:\\\/\\\/micasa.lv\\\/wp-content\\\/uploads\\\/2025\\\/05\\\/39c63e7ac87aed99bfd21918965a647c_156315013-velky.jpg\",\"width\":500,\"height\":500},{\"@type\":\"BreadcrumbList\",\"@id\":\"https:\\\/\\\/micasa.lv\\\/lv\\\/graphit-atkritumu-tvertne-5-l\\\/#breadcrumb\",\"itemListElement\":[{\"@type\":\"ListItem\",\"position\":1,\"name\":\"S\u0101kums\",\"item\":\"https:\\\/\\\/micasa.lv\\\/lv\\\/micasa\\\/\"},{\"@type\":\"ListItem\",\"position\":2,\"name\":\"Shop\",\"item\":\"https:\\\/\\\/micasa.lv\\\/lv\\\/shop\\\/\"},{\"@type\":\"ListItem\",\"position\":3,\"name\":\"GRAPHIT: Atkritumu tvertne, 5 l\"}]},{\"@type\":\"WebSite\",\"@id\":\"https:\\\/\\\/micasa.lv\\\/lv\\\/#website\",\"url\":\"https:\\\/\\\/micasa.lv\\\/lv\\\/\",\"name\":\"Micasa\",\"description\":\"\",\"potentialAction\":[{\"@type\":\"SearchAction\",\"target\":{\"@type\":\"EntryPoint\",\"urlTemplate\":\"https:\\\/\\\/micasa.lv\\\/lv\\\/?s={search_term_string}\"},\"query-input\":{\"@type\":\"PropertyValueSpecification\",\"valueRequired\":true,\"valueName\":\"search_term_string\"}}],\"inLanguage\":\"lv-LV\"}]}<\/script>\n<!-- \/ Yoast SEO plugin. -->","yoast_head_json":{"title":"GRAPHIT: Atkritumu tvertne, 5 l - Micasa","robots":{"index":"index","follow":"follow","max-snippet":"max-snippet:-1","max-image-preview":"max-image-preview:large","max-video-preview":"max-video-preview:-1"},"canonical":"https:\/\/micasa.lv\/lv\/graphit-atkritumu-tvertne-5-l\/","og_locale":"lv_LV","og_type":"article","og_title":"GRAPHIT: Atkritumu tvertne, 5 l - Micasa","og_description":"Termins graf\u012bts (no grie\u0137u valodas) noz\u012bm\u0113 \u201crakst\u012bt\u201d, \u201capz\u012bm\u0113t\u201d, \u201cz\u012bm\u0113t\u201d. Graf\u012bts ir ar\u012b rado\u0161uma instruments, un t\u0101p\u0113c tam noteikti j\u0101b\u016bt da\u013cai","og_url":"https:\/\/micasa.lv\/lv\/graphit-atkritumu-tvertne-5-l\/","og_site_name":"Micasa","article_modified_time":"2025-06-13T07:39:11+00:00","og_image":[{"width":500,"height":500,"url":"https:\/\/micasa.lv\/wp-content\/uploads\/2025\/05\/39c63e7ac87aed99bfd21918965a647c_156315013-velky.jpg","type":"image\/jpeg"}],"twitter_card":"summary_large_image","twitter_misc":{"Est. reading time":"1 minute"},"schema":{"@context":"https:\/\/schema.org","@graph":[{"@type":"WebPage","@id":"https:\/\/micasa.lv\/lv\/graphit-atkritumu-tvertne-5-l\/","url":"https:\/\/micasa.lv\/lv\/graphit-atkritumu-tvertne-5-l\/","name":"GRAPHIT: Atkritumu tvertne, 5 l - Micasa","isPartOf":{"@id":"https:\/\/micasa.lv\/lv\/#website"},"primaryImageOfPage":{"@id":"https:\/\/micasa.lv\/lv\/graphit-atkritumu-tvertne-5-l\/#primaryimage"},"image":{"@id":"https:\/\/micasa.lv\/lv\/graphit-atkritumu-tvertne-5-l\/#primaryimage"},"thumbnailUrl":"https:\/\/micasa.lv\/wp-content\/uploads\/2025\/05\/39c63e7ac87aed99bfd21918965a647c_156315013-velky.jpg","datePublished":"2025-05-14T15:43:03+00:00","dateModified":"2025-06-13T07:39:11+00:00","breadcrumb":{"@id":"https:\/\/micasa.lv\/lv\/graphit-atkritumu-tvertne-5-l\/#breadcrumb"},"inLanguage":"lv-LV","potentialAction":[{"@type":"ReadAction","target":["https:\/\/micasa.lv\/lv\/graphit-atkritumu-tvertne-5-l\/"]}]},{"@type":"ImageObject","inLanguage":"lv-LV","@id":"https:\/\/micasa.lv\/lv\/graphit-atkritumu-tvertne-5-l\/#primaryimage","url":"https:\/\/micasa.lv\/wp-content\/uploads\/2025\/05\/39c63e7ac87aed99bfd21918965a647c_156315013-velky.jpg","contentUrl":"https:\/\/micasa.lv\/wp-content\/uploads\/2025\/05\/39c63e7ac87aed99bfd21918965a647c_156315013-velky.jpg","width":500,"height":500},{"@type":"BreadcrumbList","@id":"https:\/\/micasa.lv\/lv\/graphit-atkritumu-tvertne-5-l\/#breadcrumb","itemListElement":[{"@type":"ListItem","position":1,"name":"S\u0101kums","item":"https:\/\/micasa.lv\/lv\/micasa\/"},{"@type":"ListItem","position":2,"name":"Shop","item":"https:\/\/micasa.lv\/lv\/shop\/"},{"@type":"ListItem","position":3,"name":"GRAPHIT: Atkritumu tvertne, 5 l"}]},{"@type":"WebSite","@id":"https:\/\/micasa.lv\/lv\/#website","url":"https:\/\/micasa.lv\/lv\/","name":"Micasa","description":"","potentialAction":[{"@type":"SearchAction","target":{"@type":"EntryPoint","urlTemplate":"https:\/\/micasa.lv\/lv\/?s={search_term_string}"},"query-input":{"@type":"PropertyValueSpecification","valueRequired":true,"valueName":"search_term_string"}}],"inLanguage":"lv-LV"}]}},"wcpa_form_fields":null,"_links":{"self":[{"href":"https:\/\/micasa.lv\/lv\/wp-json\/wp\/v2\/product\/46632","targetHints":{"allow":["GET"]}}],"collection":[{"href":"https:\/\/micasa.lv\/lv\/wp-json\/wp\/v2\/product"}],"about":[{"href":"https:\/\/micasa.lv\/lv\/wp-json\/wp\/v2\/types\/product"}],"version-history":[{"count":1,"href":"https:\/\/micasa.lv\/lv\/wp-json\/wp\/v2\/product\/46632\/revisions"}],"predecessor-version":[{"id":46662,"href":"https:\/\/micasa.lv\/lv\/wp-json\/wp\/v2\/product\/46632\/revisions\/46662"}],"wp:featuredmedia":[{"embeddable":true,"href":"https:\/\/micasa.lv\/lv\/wp-json\/wp\/v2\/media\/46213"}],"wp:attachment":[{"href":"https:\/\/micasa.lv\/lv\/wp-json\/wp\/v2\/media?parent=46632"}],"wp:term":[{"taxonomy":"product_brand","embeddable":true,"href":"https:\/\/micasa.lv\/lv\/wp-json\/wp\/v2\/product_brand?post=46632"},{"taxonomy":"product_cat","embeddable":true,"href":"https:\/\/micasa.lv\/lv\/wp-json\/wp\/v2\/product_cat?post=46632"},{"taxonomy":"product_tag","embeddable":true,"href":"https:\/\/micasa.lv\/lv\/wp-json\/wp\/v2\/product_tag?post=46632"}],"curies":[{"name":"wp","href":"https:\/\/api.w.org\/{rel}","templated":true}]}}