{"id":46695,"date":"2025-05-14T18:43:22","date_gmt":"2025-05-14T15:43:22","guid":{"rendered":"https:\/\/test.micasa.lv\/?post_type=product&#038;p=46695"},"modified":"2025-06-13T10:39:22","modified_gmt":"2025-06-13T07:39:22","slug":"papira-salvesu-dozatori-nerusejosa-terauda-mateti","status":"publish","type":"product","link":"https:\/\/micasa.lv\/lv\/papira-salvesu-dozatori-nerusejosa-terauda-mateti\/","title":{"rendered":"Pap\u012bra salve\u0161u dozatori, ner\u016bs\u0113jo\u0161\u0101 t\u0113rauda, mat\u0113ti"},"content":{"rendered":"<p>Ner\u016bs\u0113jo\u0161\u0101 t\u0113rauda papl\u0101te vienai salve\u0161u pakai, aizsl\u0113dzama no s\u0101niem, paredz\u0113ta pakarin\u0101\u0161anai pie sienas. Uzst\u0101d\u012b\u0161ana, urbjot.<\/p>\n","protected":false},"excerpt":{"rendered":"<p>Ner\u016bs\u0113jo\u0161\u0101 t\u0113rauda papl\u0101te vienai salve\u0161u pakai, aizsl\u0113dzama no s\u0101niem, paredz\u0113ta pakarin\u0101\u0161anai pie sienas. Uzst\u0101d\u012b\u0161ana, urbjot.<\/p>\n","protected":false},"featured_media":46378,"template":"","meta":[],"product_brand":[],"product_cat":[1875,1528],"product_tag":[],"class_list":{"0":"post-46695","1":"product","2":"type-product","3":"status-publish","4":"has-post-thumbnail","6":"product_cat-papira-dvielu-dozatori","7":"product_cat-vannas-istabas-aksesuari","8":"pa_brand-bemeta-lv","10":"first","11":"instock","12":"taxable","13":"shipping-taxable","14":"purchasable","15":"product-type-simple"},"yoast_head":"<!-- This site is optimized with the Yoast SEO plugin v27.4 - https:\/\/yoast.com\/product\/yoast-seo-wordpress\/ -->\n<title>Pap\u012bra salve\u0161u dozatori, ner\u016bs\u0113jo\u0161\u0101 t\u0113rauda, mat\u0113ti - Micasa<\/title>\n<meta name=\"robots\" content=\"index, follow, max-snippet:-1, max-image-preview:large, max-video-preview:-1\" \/>\n<link rel=\"canonical\" href=\"https:\/\/micasa.lv\/lv\/papira-salvesu-dozatori-nerusejosa-terauda-mateti\/\" \/>\n<meta property=\"og:locale\" content=\"lv_LV\" \/>\n<meta property=\"og:type\" content=\"article\" \/>\n<meta property=\"og:title\" content=\"Pap\u012bra salve\u0161u dozatori, ner\u016bs\u0113jo\u0161\u0101 t\u0113rauda, mat\u0113ti - Micasa\" \/>\n<meta property=\"og:description\" content=\"Ner\u016bs\u0113jo\u0161\u0101 t\u0113rauda papl\u0101te vienai salve\u0161u pakai, aizsl\u0113dzama no s\u0101niem, paredz\u0113ta pakarin\u0101\u0161anai pie sienas. Uzst\u0101d\u012b\u0161ana, urbjot.\" \/>\n<meta property=\"og:url\" content=\"https:\/\/micasa.lv\/lv\/papira-salvesu-dozatori-nerusejosa-terauda-mateti\/\" \/>\n<meta property=\"og:site_name\" content=\"Micasa\" \/>\n<meta property=\"article:modified_time\" content=\"2025-06-13T07:39:22+00:00\" \/>\n<meta property=\"og:image\" content=\"https:\/\/micasa.lv\/wp-content\/uploads\/2025\/05\/ea22c2b48265d414de6f13bed8aba6fe_101003025-velky.jpg\" \/>\n\t<meta property=\"og:image:width\" content=\"500\" \/>\n\t<meta property=\"og:image:height\" content=\"500\" \/>\n\t<meta property=\"og:image:type\" content=\"image\/jpeg\" \/>\n<meta name=\"twitter:card\" content=\"summary_large_image\" \/>\n<script type=\"application\/ld+json\" class=\"yoast-schema-graph\">{\"@context\":\"https:\\\/\\\/schema.org\",\"@graph\":[{\"@type\":\"WebPage\",\"@id\":\"https:\\\/\\\/micasa.lv\\\/lv\\\/papira-salvesu-dozatori-nerusejosa-terauda-mateti\\\/\",\"url\":\"https:\\\/\\\/micasa.lv\\\/lv\\\/papira-salvesu-dozatori-nerusejosa-terauda-mateti\\\/\",\"name\":\"Pap\u012bra salve\u0161u dozatori, ner\u016bs\u0113jo\u0161\u0101 t\u0113rauda, mat\u0113ti - Micasa\",\"isPartOf\":{\"@id\":\"https:\\\/\\\/micasa.lv\\\/lv\\\/#website\"},\"primaryImageOfPage\":{\"@id\":\"https:\\\/\\\/micasa.lv\\\/lv\\\/papira-salvesu-dozatori-nerusejosa-terauda-mateti\\\/#primaryimage\"},\"image\":{\"@id\":\"https:\\\/\\\/micasa.lv\\\/lv\\\/papira-salvesu-dozatori-nerusejosa-terauda-mateti\\\/#primaryimage\"},\"thumbnailUrl\":\"https:\\\/\\\/micasa.lv\\\/wp-content\\\/uploads\\\/2025\\\/05\\\/ea22c2b48265d414de6f13bed8aba6fe_101003025-velky.jpg\",\"datePublished\":\"2025-05-14T15:43:22+00:00\",\"dateModified\":\"2025-06-13T07:39:22+00:00\",\"breadcrumb\":{\"@id\":\"https:\\\/\\\/micasa.lv\\\/lv\\\/papira-salvesu-dozatori-nerusejosa-terauda-mateti\\\/#breadcrumb\"},\"inLanguage\":\"lv-LV\",\"potentialAction\":[{\"@type\":\"ReadAction\",\"target\":[\"https:\\\/\\\/micasa.lv\\\/lv\\\/papira-salvesu-dozatori-nerusejosa-terauda-mateti\\\/\"]}]},{\"@type\":\"ImageObject\",\"inLanguage\":\"lv-LV\",\"@id\":\"https:\\\/\\\/micasa.lv\\\/lv\\\/papira-salvesu-dozatori-nerusejosa-terauda-mateti\\\/#primaryimage\",\"url\":\"https:\\\/\\\/micasa.lv\\\/wp-content\\\/uploads\\\/2025\\\/05\\\/ea22c2b48265d414de6f13bed8aba6fe_101003025-velky.jpg\",\"contentUrl\":\"https:\\\/\\\/micasa.lv\\\/wp-content\\\/uploads\\\/2025\\\/05\\\/ea22c2b48265d414de6f13bed8aba6fe_101003025-velky.jpg\",\"width\":500,\"height\":500},{\"@type\":\"BreadcrumbList\",\"@id\":\"https:\\\/\\\/micasa.lv\\\/lv\\\/papira-salvesu-dozatori-nerusejosa-terauda-mateti\\\/#breadcrumb\",\"itemListElement\":[{\"@type\":\"ListItem\",\"position\":1,\"name\":\"S\u0101kums\",\"item\":\"https:\\\/\\\/micasa.lv\\\/lv\\\/micasa\\\/\"},{\"@type\":\"ListItem\",\"position\":2,\"name\":\"Shop\",\"item\":\"https:\\\/\\\/micasa.lv\\\/lv\\\/shop\\\/\"},{\"@type\":\"ListItem\",\"position\":3,\"name\":\"Pap\u012bra salve\u0161u dozatori, ner\u016bs\u0113jo\u0161\u0101 t\u0113rauda, mat\u0113ti\"}]},{\"@type\":\"WebSite\",\"@id\":\"https:\\\/\\\/micasa.lv\\\/lv\\\/#website\",\"url\":\"https:\\\/\\\/micasa.lv\\\/lv\\\/\",\"name\":\"Micasa\",\"description\":\"\",\"potentialAction\":[{\"@type\":\"SearchAction\",\"target\":{\"@type\":\"EntryPoint\",\"urlTemplate\":\"https:\\\/\\\/micasa.lv\\\/lv\\\/?s={search_term_string}\"},\"query-input\":{\"@type\":\"PropertyValueSpecification\",\"valueRequired\":true,\"valueName\":\"search_term_string\"}}],\"inLanguage\":\"lv-LV\"}]}<\/script>\n<!-- \/ Yoast SEO plugin. -->","yoast_head_json":{"title":"Pap\u012bra salve\u0161u dozatori, ner\u016bs\u0113jo\u0161\u0101 t\u0113rauda, mat\u0113ti - Micasa","robots":{"index":"index","follow":"follow","max-snippet":"max-snippet:-1","max-image-preview":"max-image-preview:large","max-video-preview":"max-video-preview:-1"},"canonical":"https:\/\/micasa.lv\/lv\/papira-salvesu-dozatori-nerusejosa-terauda-mateti\/","og_locale":"lv_LV","og_type":"article","og_title":"Pap\u012bra salve\u0161u dozatori, ner\u016bs\u0113jo\u0161\u0101 t\u0113rauda, mat\u0113ti - Micasa","og_description":"Ner\u016bs\u0113jo\u0161\u0101 t\u0113rauda papl\u0101te vienai salve\u0161u pakai, aizsl\u0113dzama no s\u0101niem, paredz\u0113ta pakarin\u0101\u0161anai pie sienas. Uzst\u0101d\u012b\u0161ana, urbjot.","og_url":"https:\/\/micasa.lv\/lv\/papira-salvesu-dozatori-nerusejosa-terauda-mateti\/","og_site_name":"Micasa","article_modified_time":"2025-06-13T07:39:22+00:00","og_image":[{"width":500,"height":500,"url":"https:\/\/micasa.lv\/wp-content\/uploads\/2025\/05\/ea22c2b48265d414de6f13bed8aba6fe_101003025-velky.jpg","type":"image\/jpeg"}],"twitter_card":"summary_large_image","schema":{"@context":"https:\/\/schema.org","@graph":[{"@type":"WebPage","@id":"https:\/\/micasa.lv\/lv\/papira-salvesu-dozatori-nerusejosa-terauda-mateti\/","url":"https:\/\/micasa.lv\/lv\/papira-salvesu-dozatori-nerusejosa-terauda-mateti\/","name":"Pap\u012bra salve\u0161u dozatori, ner\u016bs\u0113jo\u0161\u0101 t\u0113rauda, mat\u0113ti - Micasa","isPartOf":{"@id":"https:\/\/micasa.lv\/lv\/#website"},"primaryImageOfPage":{"@id":"https:\/\/micasa.lv\/lv\/papira-salvesu-dozatori-nerusejosa-terauda-mateti\/#primaryimage"},"image":{"@id":"https:\/\/micasa.lv\/lv\/papira-salvesu-dozatori-nerusejosa-terauda-mateti\/#primaryimage"},"thumbnailUrl":"https:\/\/micasa.lv\/wp-content\/uploads\/2025\/05\/ea22c2b48265d414de6f13bed8aba6fe_101003025-velky.jpg","datePublished":"2025-05-14T15:43:22+00:00","dateModified":"2025-06-13T07:39:22+00:00","breadcrumb":{"@id":"https:\/\/micasa.lv\/lv\/papira-salvesu-dozatori-nerusejosa-terauda-mateti\/#breadcrumb"},"inLanguage":"lv-LV","potentialAction":[{"@type":"ReadAction","target":["https:\/\/micasa.lv\/lv\/papira-salvesu-dozatori-nerusejosa-terauda-mateti\/"]}]},{"@type":"ImageObject","inLanguage":"lv-LV","@id":"https:\/\/micasa.lv\/lv\/papira-salvesu-dozatori-nerusejosa-terauda-mateti\/#primaryimage","url":"https:\/\/micasa.lv\/wp-content\/uploads\/2025\/05\/ea22c2b48265d414de6f13bed8aba6fe_101003025-velky.jpg","contentUrl":"https:\/\/micasa.lv\/wp-content\/uploads\/2025\/05\/ea22c2b48265d414de6f13bed8aba6fe_101003025-velky.jpg","width":500,"height":500},{"@type":"BreadcrumbList","@id":"https:\/\/micasa.lv\/lv\/papira-salvesu-dozatori-nerusejosa-terauda-mateti\/#breadcrumb","itemListElement":[{"@type":"ListItem","position":1,"name":"S\u0101kums","item":"https:\/\/micasa.lv\/lv\/micasa\/"},{"@type":"ListItem","position":2,"name":"Shop","item":"https:\/\/micasa.lv\/lv\/shop\/"},{"@type":"ListItem","position":3,"name":"Pap\u012bra salve\u0161u dozatori, ner\u016bs\u0113jo\u0161\u0101 t\u0113rauda, mat\u0113ti"}]},{"@type":"WebSite","@id":"https:\/\/micasa.lv\/lv\/#website","url":"https:\/\/micasa.lv\/lv\/","name":"Micasa","description":"","potentialAction":[{"@type":"SearchAction","target":{"@type":"EntryPoint","urlTemplate":"https:\/\/micasa.lv\/lv\/?s={search_term_string}"},"query-input":{"@type":"PropertyValueSpecification","valueRequired":true,"valueName":"search_term_string"}}],"inLanguage":"lv-LV"}]}},"wcpa_form_fields":null,"_links":{"self":[{"href":"https:\/\/micasa.lv\/lv\/wp-json\/wp\/v2\/product\/46695","targetHints":{"allow":["GET"]}}],"collection":[{"href":"https:\/\/micasa.lv\/lv\/wp-json\/wp\/v2\/product"}],"about":[{"href":"https:\/\/micasa.lv\/lv\/wp-json\/wp\/v2\/types\/product"}],"version-history":[{"count":1,"href":"https:\/\/micasa.lv\/lv\/wp-json\/wp\/v2\/product\/46695\/revisions"}],"predecessor-version":[{"id":46725,"href":"https:\/\/micasa.lv\/lv\/wp-json\/wp\/v2\/product\/46695\/revisions\/46725"}],"wp:featuredmedia":[{"embeddable":true,"href":"https:\/\/micasa.lv\/lv\/wp-json\/wp\/v2\/media\/46378"}],"wp:attachment":[{"href":"https:\/\/micasa.lv\/lv\/wp-json\/wp\/v2\/media?parent=46695"}],"wp:term":[{"taxonomy":"product_brand","embeddable":true,"href":"https:\/\/micasa.lv\/lv\/wp-json\/wp\/v2\/product_brand?post=46695"},{"taxonomy":"product_cat","embeddable":true,"href":"https:\/\/micasa.lv\/lv\/wp-json\/wp\/v2\/product_cat?post=46695"},{"taxonomy":"product_tag","embeddable":true,"href":"https:\/\/micasa.lv\/lv\/wp-json\/wp\/v2\/product_tag?post=46695"}],"curies":[{"name":"wp","href":"https:\/\/api.w.org\/{rel}","templated":true}]}}