{"id":46750,"date":"2025-05-14T18:43:41","date_gmt":"2025-05-14T15:43:41","guid":{"rendered":"https:\/\/test.micasa.lv\/?post_type=product&#038;p=46750"},"modified":"2025-06-13T10:39:30","modified_gmt":"2025-06-13T07:39:30","slug":"nox-tualetes-papira-turetajs-bez-vaka","status":"publish","type":"product","link":"https:\/\/micasa.lv\/lv\/nox-tualetes-papira-turetajs-bez-vaka\/","title":{"rendered":"NOX: Tualetes pap\u012bra tur\u0113t\u0101js bez v\u0101ka"},"content":{"rendered":"<p>Jaun\u0101 Nox produktu l\u012bnija pied\u0101v\u0101 nosl\u0113pumain\u012bbu un eleganci, kuras dizains piesaista uzman\u012bbu jau no pirm\u0101 acu uzmetiena. Ja esat melnu aksesu\u0101ru cien\u012bt\u0101js, kas ne tikai izskat\u0101s stil\u012bgi, bet ar\u012b ir viegli kopjami, tad esat non\u0101cis \u012bstaj\u0101 viet\u0101.<\/p>\n","protected":false},"excerpt":{"rendered":"<p>Jaun\u0101 Nox produktu l\u012bnija pied\u0101v\u0101 nosl\u0113pumain\u012bbu un eleganci, kuras dizains piesaista uzman\u012bbu jau no pirm\u0101 acu uzmetiena. Ja esat melnu<\/p>\n","protected":false},"featured_media":46381,"template":"","meta":[],"product_brand":[],"product_cat":[1855,1528],"product_tag":[],"class_list":{"0":"post-46750","1":"product","2":"type-product","3":"status-publish","4":"has-post-thumbnail","6":"product_cat-tualetes-papira-turetaji","7":"product_cat-vannas-istabas-aksesuari","8":"pa_brand-bemeta-lv","10":"first","11":"instock","12":"taxable","13":"shipping-taxable","14":"purchasable","15":"product-type-simple"},"yoast_head":"<!-- This site is optimized with the Yoast SEO plugin v27.4 - https:\/\/yoast.com\/product\/yoast-seo-wordpress\/ -->\n<title>NOX: Tualetes pap\u012bra tur\u0113t\u0101js bez v\u0101ka - Micasa<\/title>\n<meta name=\"robots\" content=\"index, follow, max-snippet:-1, max-image-preview:large, max-video-preview:-1\" \/>\n<link rel=\"canonical\" href=\"https:\/\/micasa.lv\/lv\/nox-tualetes-papira-turetajs-bez-vaka\/\" \/>\n<meta property=\"og:locale\" content=\"lv_LV\" \/>\n<meta property=\"og:type\" content=\"article\" \/>\n<meta property=\"og:title\" content=\"NOX: Tualetes pap\u012bra tur\u0113t\u0101js bez v\u0101ka - Micasa\" \/>\n<meta property=\"og:description\" content=\"Jaun\u0101 Nox produktu l\u012bnija pied\u0101v\u0101 nosl\u0113pumain\u012bbu un eleganci, kuras dizains piesaista uzman\u012bbu jau no pirm\u0101 acu uzmetiena. Ja esat melnu\" \/>\n<meta property=\"og:url\" content=\"https:\/\/micasa.lv\/lv\/nox-tualetes-papira-turetajs-bez-vaka\/\" \/>\n<meta property=\"og:site_name\" content=\"Micasa\" \/>\n<meta property=\"article:modified_time\" content=\"2025-06-13T07:39:30+00:00\" \/>\n<meta property=\"og:image\" content=\"https:\/\/micasa.lv\/wp-content\/uploads\/2025\/05\/eb339efdb0de0fa18261e9b706d1888f_102414010-velky.jpg\" \/>\n\t<meta property=\"og:image:width\" content=\"500\" \/>\n\t<meta property=\"og:image:height\" content=\"500\" \/>\n\t<meta property=\"og:image:type\" content=\"image\/jpeg\" \/>\n<meta name=\"twitter:card\" content=\"summary_large_image\" \/>\n<script type=\"application\/ld+json\" class=\"yoast-schema-graph\">{\"@context\":\"https:\\\/\\\/schema.org\",\"@graph\":[{\"@type\":\"WebPage\",\"@id\":\"https:\\\/\\\/micasa.lv\\\/lv\\\/nox-tualetes-papira-turetajs-bez-vaka\\\/\",\"url\":\"https:\\\/\\\/micasa.lv\\\/lv\\\/nox-tualetes-papira-turetajs-bez-vaka\\\/\",\"name\":\"NOX: Tualetes pap\u012bra tur\u0113t\u0101js bez v\u0101ka - Micasa\",\"isPartOf\":{\"@id\":\"https:\\\/\\\/micasa.lv\\\/lv\\\/#website\"},\"primaryImageOfPage\":{\"@id\":\"https:\\\/\\\/micasa.lv\\\/lv\\\/nox-tualetes-papira-turetajs-bez-vaka\\\/#primaryimage\"},\"image\":{\"@id\":\"https:\\\/\\\/micasa.lv\\\/lv\\\/nox-tualetes-papira-turetajs-bez-vaka\\\/#primaryimage\"},\"thumbnailUrl\":\"https:\\\/\\\/micasa.lv\\\/wp-content\\\/uploads\\\/2025\\\/05\\\/eb339efdb0de0fa18261e9b706d1888f_102414010-velky.jpg\",\"datePublished\":\"2025-05-14T15:43:41+00:00\",\"dateModified\":\"2025-06-13T07:39:30+00:00\",\"breadcrumb\":{\"@id\":\"https:\\\/\\\/micasa.lv\\\/lv\\\/nox-tualetes-papira-turetajs-bez-vaka\\\/#breadcrumb\"},\"inLanguage\":\"lv-LV\",\"potentialAction\":[{\"@type\":\"ReadAction\",\"target\":[\"https:\\\/\\\/micasa.lv\\\/lv\\\/nox-tualetes-papira-turetajs-bez-vaka\\\/\"]}]},{\"@type\":\"ImageObject\",\"inLanguage\":\"lv-LV\",\"@id\":\"https:\\\/\\\/micasa.lv\\\/lv\\\/nox-tualetes-papira-turetajs-bez-vaka\\\/#primaryimage\",\"url\":\"https:\\\/\\\/micasa.lv\\\/wp-content\\\/uploads\\\/2025\\\/05\\\/eb339efdb0de0fa18261e9b706d1888f_102414010-velky.jpg\",\"contentUrl\":\"https:\\\/\\\/micasa.lv\\\/wp-content\\\/uploads\\\/2025\\\/05\\\/eb339efdb0de0fa18261e9b706d1888f_102414010-velky.jpg\",\"width\":500,\"height\":500},{\"@type\":\"BreadcrumbList\",\"@id\":\"https:\\\/\\\/micasa.lv\\\/lv\\\/nox-tualetes-papira-turetajs-bez-vaka\\\/#breadcrumb\",\"itemListElement\":[{\"@type\":\"ListItem\",\"position\":1,\"name\":\"S\u0101kums\",\"item\":\"https:\\\/\\\/micasa.lv\\\/lv\\\/micasa\\\/\"},{\"@type\":\"ListItem\",\"position\":2,\"name\":\"Shop\",\"item\":\"https:\\\/\\\/micasa.lv\\\/lv\\\/shop\\\/\"},{\"@type\":\"ListItem\",\"position\":3,\"name\":\"NOX: Tualetes pap\u012bra tur\u0113t\u0101js bez v\u0101ka\"}]},{\"@type\":\"WebSite\",\"@id\":\"https:\\\/\\\/micasa.lv\\\/lv\\\/#website\",\"url\":\"https:\\\/\\\/micasa.lv\\\/lv\\\/\",\"name\":\"Micasa\",\"description\":\"\",\"potentialAction\":[{\"@type\":\"SearchAction\",\"target\":{\"@type\":\"EntryPoint\",\"urlTemplate\":\"https:\\\/\\\/micasa.lv\\\/lv\\\/?s={search_term_string}\"},\"query-input\":{\"@type\":\"PropertyValueSpecification\",\"valueRequired\":true,\"valueName\":\"search_term_string\"}}],\"inLanguage\":\"lv-LV\"}]}<\/script>\n<!-- \/ Yoast SEO plugin. -->","yoast_head_json":{"title":"NOX: Tualetes pap\u012bra tur\u0113t\u0101js bez v\u0101ka - Micasa","robots":{"index":"index","follow":"follow","max-snippet":"max-snippet:-1","max-image-preview":"max-image-preview:large","max-video-preview":"max-video-preview:-1"},"canonical":"https:\/\/micasa.lv\/lv\/nox-tualetes-papira-turetajs-bez-vaka\/","og_locale":"lv_LV","og_type":"article","og_title":"NOX: Tualetes pap\u012bra tur\u0113t\u0101js bez v\u0101ka - Micasa","og_description":"Jaun\u0101 Nox produktu l\u012bnija pied\u0101v\u0101 nosl\u0113pumain\u012bbu un eleganci, kuras dizains piesaista uzman\u012bbu jau no pirm\u0101 acu uzmetiena. Ja esat melnu","og_url":"https:\/\/micasa.lv\/lv\/nox-tualetes-papira-turetajs-bez-vaka\/","og_site_name":"Micasa","article_modified_time":"2025-06-13T07:39:30+00:00","og_image":[{"width":500,"height":500,"url":"https:\/\/micasa.lv\/wp-content\/uploads\/2025\/05\/eb339efdb0de0fa18261e9b706d1888f_102414010-velky.jpg","type":"image\/jpeg"}],"twitter_card":"summary_large_image","schema":{"@context":"https:\/\/schema.org","@graph":[{"@type":"WebPage","@id":"https:\/\/micasa.lv\/lv\/nox-tualetes-papira-turetajs-bez-vaka\/","url":"https:\/\/micasa.lv\/lv\/nox-tualetes-papira-turetajs-bez-vaka\/","name":"NOX: Tualetes pap\u012bra tur\u0113t\u0101js bez v\u0101ka - Micasa","isPartOf":{"@id":"https:\/\/micasa.lv\/lv\/#website"},"primaryImageOfPage":{"@id":"https:\/\/micasa.lv\/lv\/nox-tualetes-papira-turetajs-bez-vaka\/#primaryimage"},"image":{"@id":"https:\/\/micasa.lv\/lv\/nox-tualetes-papira-turetajs-bez-vaka\/#primaryimage"},"thumbnailUrl":"https:\/\/micasa.lv\/wp-content\/uploads\/2025\/05\/eb339efdb0de0fa18261e9b706d1888f_102414010-velky.jpg","datePublished":"2025-05-14T15:43:41+00:00","dateModified":"2025-06-13T07:39:30+00:00","breadcrumb":{"@id":"https:\/\/micasa.lv\/lv\/nox-tualetes-papira-turetajs-bez-vaka\/#breadcrumb"},"inLanguage":"lv-LV","potentialAction":[{"@type":"ReadAction","target":["https:\/\/micasa.lv\/lv\/nox-tualetes-papira-turetajs-bez-vaka\/"]}]},{"@type":"ImageObject","inLanguage":"lv-LV","@id":"https:\/\/micasa.lv\/lv\/nox-tualetes-papira-turetajs-bez-vaka\/#primaryimage","url":"https:\/\/micasa.lv\/wp-content\/uploads\/2025\/05\/eb339efdb0de0fa18261e9b706d1888f_102414010-velky.jpg","contentUrl":"https:\/\/micasa.lv\/wp-content\/uploads\/2025\/05\/eb339efdb0de0fa18261e9b706d1888f_102414010-velky.jpg","width":500,"height":500},{"@type":"BreadcrumbList","@id":"https:\/\/micasa.lv\/lv\/nox-tualetes-papira-turetajs-bez-vaka\/#breadcrumb","itemListElement":[{"@type":"ListItem","position":1,"name":"S\u0101kums","item":"https:\/\/micasa.lv\/lv\/micasa\/"},{"@type":"ListItem","position":2,"name":"Shop","item":"https:\/\/micasa.lv\/lv\/shop\/"},{"@type":"ListItem","position":3,"name":"NOX: Tualetes pap\u012bra tur\u0113t\u0101js bez v\u0101ka"}]},{"@type":"WebSite","@id":"https:\/\/micasa.lv\/lv\/#website","url":"https:\/\/micasa.lv\/lv\/","name":"Micasa","description":"","potentialAction":[{"@type":"SearchAction","target":{"@type":"EntryPoint","urlTemplate":"https:\/\/micasa.lv\/lv\/?s={search_term_string}"},"query-input":{"@type":"PropertyValueSpecification","valueRequired":true,"valueName":"search_term_string"}}],"inLanguage":"lv-LV"}]}},"wcpa_form_fields":null,"_links":{"self":[{"href":"https:\/\/micasa.lv\/lv\/wp-json\/wp\/v2\/product\/46750","targetHints":{"allow":["GET"]}}],"collection":[{"href":"https:\/\/micasa.lv\/lv\/wp-json\/wp\/v2\/product"}],"about":[{"href":"https:\/\/micasa.lv\/lv\/wp-json\/wp\/v2\/types\/product"}],"version-history":[{"count":1,"href":"https:\/\/micasa.lv\/lv\/wp-json\/wp\/v2\/product\/46750\/revisions"}],"predecessor-version":[{"id":46780,"href":"https:\/\/micasa.lv\/lv\/wp-json\/wp\/v2\/product\/46750\/revisions\/46780"}],"wp:featuredmedia":[{"embeddable":true,"href":"https:\/\/micasa.lv\/lv\/wp-json\/wp\/v2\/media\/46381"}],"wp:attachment":[{"href":"https:\/\/micasa.lv\/lv\/wp-json\/wp\/v2\/media?parent=46750"}],"wp:term":[{"taxonomy":"product_brand","embeddable":true,"href":"https:\/\/micasa.lv\/lv\/wp-json\/wp\/v2\/product_brand?post=46750"},{"taxonomy":"product_cat","embeddable":true,"href":"https:\/\/micasa.lv\/lv\/wp-json\/wp\/v2\/product_cat?post=46750"},{"taxonomy":"product_tag","embeddable":true,"href":"https:\/\/micasa.lv\/lv\/wp-json\/wp\/v2\/product_tag?post=46750"}],"curies":[{"name":"wp","href":"https:\/\/api.w.org\/{rel}","templated":true}]}}