{"id":47538,"date":"2025-05-15T10:47:53","date_gmt":"2025-05-15T07:47:53","guid":{"rendered":"https:\/\/test.micasa.lv\/?post_type=product&#038;p=47538"},"modified":"2025-06-13T10:40:51","modified_gmt":"2025-06-13T07:40:51","slug":"tualetes-papira-turetajs-ar-kastiti-nerusejosa-terauda-pulets","status":"publish","type":"product","link":"https:\/\/micasa.lv\/lv\/tualetes-papira-turetajs-ar-kastiti-nerusejosa-terauda-pulets\/","title":{"rendered":"Tualetes pap\u012bra tur\u0113t\u0101js ar kast\u012bti, ner\u016bs\u0113jo\u0161\u0101 t\u0113rauda, pul\u0113ts"},"content":{"rendered":"<p>Ner\u016bs\u0113jo\u0161\u0101 t\u0113rauda tur\u0113t\u0101js vienam tualetes pap\u012bra rullim ar korpusu, kas piem\u0113rots gan higi\u0113nas piederumiem, gan mitr\u0101m salvet\u0113m. Tur\u0113t\u0101js ar korpusu ir paredz\u0113ts pakarin\u0101\u0161anai pie sienas. Uzst\u0101d\u012b\u0161ana tiek veikta ar urb\u0161anu.<\/p>\n","protected":false},"excerpt":{"rendered":"<p>Ner\u016bs\u0113jo\u0161\u0101 t\u0113rauda tur\u0113t\u0101js vienam tualetes pap\u012bra rullim ar korpusu, kas piem\u0113rots gan higi\u0113nas piederumiem, gan mitr\u0101m salvet\u0113m. Tur\u0113t\u0101js ar korpusu<\/p>\n","protected":false},"featured_media":47282,"template":"","meta":[],"product_brand":[],"product_cat":[1877,1528],"product_tag":[],"class_list":{"0":"post-47538","1":"product","2":"type-product","3":"status-publish","4":"has-post-thumbnail","6":"product_cat-tualetes-papira-dozatori","7":"product_cat-vannas-istabas-aksesuari","8":"pa_brand-bemeta-lv","10":"first","11":"instock","12":"taxable","13":"shipping-taxable","14":"purchasable","15":"product-type-simple"},"yoast_head":"<!-- This site is optimized with the Yoast SEO plugin v27.4 - https:\/\/yoast.com\/product\/yoast-seo-wordpress\/ -->\n<title>Tualetes pap\u012bra tur\u0113t\u0101js ar kast\u012bti, ner\u016bs\u0113jo\u0161\u0101 t\u0113rauda, pul\u0113ts - Micasa<\/title>\n<meta name=\"robots\" content=\"index, follow, max-snippet:-1, max-image-preview:large, max-video-preview:-1\" \/>\n<link rel=\"canonical\" href=\"https:\/\/micasa.lv\/lv\/tualetes-papira-turetajs-ar-kastiti-nerusejosa-terauda-pulets\/\" \/>\n<meta property=\"og:locale\" content=\"lv_LV\" \/>\n<meta property=\"og:type\" content=\"article\" \/>\n<meta property=\"og:title\" content=\"Tualetes pap\u012bra tur\u0113t\u0101js ar kast\u012bti, ner\u016bs\u0113jo\u0161\u0101 t\u0113rauda, pul\u0113ts - Micasa\" \/>\n<meta property=\"og:description\" content=\"Ner\u016bs\u0113jo\u0161\u0101 t\u0113rauda tur\u0113t\u0101js vienam tualetes pap\u012bra rullim ar korpusu, kas piem\u0113rots gan higi\u0113nas piederumiem, gan mitr\u0101m salvet\u0113m. Tur\u0113t\u0101js ar korpusu\" \/>\n<meta property=\"og:url\" content=\"https:\/\/micasa.lv\/lv\/tualetes-papira-turetajs-ar-kastiti-nerusejosa-terauda-pulets\/\" \/>\n<meta property=\"og:site_name\" content=\"Micasa\" \/>\n<meta property=\"article:modified_time\" content=\"2025-06-13T07:40:51+00:00\" \/>\n<meta property=\"og:image\" content=\"https:\/\/micasa.lv\/wp-content\/uploads\/2025\/05\/fb1a234b513ec22167c96b5e95eebc85_101012175-velky.jpg\" \/>\n\t<meta property=\"og:image:width\" content=\"500\" \/>\n\t<meta property=\"og:image:height\" content=\"500\" \/>\n\t<meta property=\"og:image:type\" content=\"image\/jpeg\" \/>\n<meta name=\"twitter:card\" content=\"summary_large_image\" \/>\n<script type=\"application\/ld+json\" class=\"yoast-schema-graph\">{\"@context\":\"https:\\\/\\\/schema.org\",\"@graph\":[{\"@type\":\"WebPage\",\"@id\":\"https:\\\/\\\/micasa.lv\\\/lv\\\/tualetes-papira-turetajs-ar-kastiti-nerusejosa-terauda-pulets\\\/\",\"url\":\"https:\\\/\\\/micasa.lv\\\/lv\\\/tualetes-papira-turetajs-ar-kastiti-nerusejosa-terauda-pulets\\\/\",\"name\":\"Tualetes pap\u012bra tur\u0113t\u0101js ar kast\u012bti, ner\u016bs\u0113jo\u0161\u0101 t\u0113rauda, pul\u0113ts - Micasa\",\"isPartOf\":{\"@id\":\"https:\\\/\\\/micasa.lv\\\/lv\\\/#website\"},\"primaryImageOfPage\":{\"@id\":\"https:\\\/\\\/micasa.lv\\\/lv\\\/tualetes-papira-turetajs-ar-kastiti-nerusejosa-terauda-pulets\\\/#primaryimage\"},\"image\":{\"@id\":\"https:\\\/\\\/micasa.lv\\\/lv\\\/tualetes-papira-turetajs-ar-kastiti-nerusejosa-terauda-pulets\\\/#primaryimage\"},\"thumbnailUrl\":\"https:\\\/\\\/micasa.lv\\\/wp-content\\\/uploads\\\/2025\\\/05\\\/fb1a234b513ec22167c96b5e95eebc85_101012175-velky.jpg\",\"datePublished\":\"2025-05-15T07:47:53+00:00\",\"dateModified\":\"2025-06-13T07:40:51+00:00\",\"breadcrumb\":{\"@id\":\"https:\\\/\\\/micasa.lv\\\/lv\\\/tualetes-papira-turetajs-ar-kastiti-nerusejosa-terauda-pulets\\\/#breadcrumb\"},\"inLanguage\":\"lv-LV\",\"potentialAction\":[{\"@type\":\"ReadAction\",\"target\":[\"https:\\\/\\\/micasa.lv\\\/lv\\\/tualetes-papira-turetajs-ar-kastiti-nerusejosa-terauda-pulets\\\/\"]}]},{\"@type\":\"ImageObject\",\"inLanguage\":\"lv-LV\",\"@id\":\"https:\\\/\\\/micasa.lv\\\/lv\\\/tualetes-papira-turetajs-ar-kastiti-nerusejosa-terauda-pulets\\\/#primaryimage\",\"url\":\"https:\\\/\\\/micasa.lv\\\/wp-content\\\/uploads\\\/2025\\\/05\\\/fb1a234b513ec22167c96b5e95eebc85_101012175-velky.jpg\",\"contentUrl\":\"https:\\\/\\\/micasa.lv\\\/wp-content\\\/uploads\\\/2025\\\/05\\\/fb1a234b513ec22167c96b5e95eebc85_101012175-velky.jpg\",\"width\":500,\"height\":500},{\"@type\":\"BreadcrumbList\",\"@id\":\"https:\\\/\\\/micasa.lv\\\/lv\\\/tualetes-papira-turetajs-ar-kastiti-nerusejosa-terauda-pulets\\\/#breadcrumb\",\"itemListElement\":[{\"@type\":\"ListItem\",\"position\":1,\"name\":\"S\u0101kums\",\"item\":\"https:\\\/\\\/micasa.lv\\\/lv\\\/micasa\\\/\"},{\"@type\":\"ListItem\",\"position\":2,\"name\":\"Shop\",\"item\":\"https:\\\/\\\/micasa.lv\\\/lv\\\/shop\\\/\"},{\"@type\":\"ListItem\",\"position\":3,\"name\":\"Tualetes pap\u012bra tur\u0113t\u0101js ar kast\u012bti, ner\u016bs\u0113jo\u0161\u0101 t\u0113rauda, pul\u0113ts\"}]},{\"@type\":\"WebSite\",\"@id\":\"https:\\\/\\\/micasa.lv\\\/lv\\\/#website\",\"url\":\"https:\\\/\\\/micasa.lv\\\/lv\\\/\",\"name\":\"Micasa\",\"description\":\"\",\"potentialAction\":[{\"@type\":\"SearchAction\",\"target\":{\"@type\":\"EntryPoint\",\"urlTemplate\":\"https:\\\/\\\/micasa.lv\\\/lv\\\/?s={search_term_string}\"},\"query-input\":{\"@type\":\"PropertyValueSpecification\",\"valueRequired\":true,\"valueName\":\"search_term_string\"}}],\"inLanguage\":\"lv-LV\"}]}<\/script>\n<!-- \/ Yoast SEO plugin. -->","yoast_head_json":{"title":"Tualetes pap\u012bra tur\u0113t\u0101js ar kast\u012bti, ner\u016bs\u0113jo\u0161\u0101 t\u0113rauda, pul\u0113ts - Micasa","robots":{"index":"index","follow":"follow","max-snippet":"max-snippet:-1","max-image-preview":"max-image-preview:large","max-video-preview":"max-video-preview:-1"},"canonical":"https:\/\/micasa.lv\/lv\/tualetes-papira-turetajs-ar-kastiti-nerusejosa-terauda-pulets\/","og_locale":"lv_LV","og_type":"article","og_title":"Tualetes pap\u012bra tur\u0113t\u0101js ar kast\u012bti, ner\u016bs\u0113jo\u0161\u0101 t\u0113rauda, pul\u0113ts - Micasa","og_description":"Ner\u016bs\u0113jo\u0161\u0101 t\u0113rauda tur\u0113t\u0101js vienam tualetes pap\u012bra rullim ar korpusu, kas piem\u0113rots gan higi\u0113nas piederumiem, gan mitr\u0101m salvet\u0113m. Tur\u0113t\u0101js ar korpusu","og_url":"https:\/\/micasa.lv\/lv\/tualetes-papira-turetajs-ar-kastiti-nerusejosa-terauda-pulets\/","og_site_name":"Micasa","article_modified_time":"2025-06-13T07:40:51+00:00","og_image":[{"width":500,"height":500,"url":"https:\/\/micasa.lv\/wp-content\/uploads\/2025\/05\/fb1a234b513ec22167c96b5e95eebc85_101012175-velky.jpg","type":"image\/jpeg"}],"twitter_card":"summary_large_image","schema":{"@context":"https:\/\/schema.org","@graph":[{"@type":"WebPage","@id":"https:\/\/micasa.lv\/lv\/tualetes-papira-turetajs-ar-kastiti-nerusejosa-terauda-pulets\/","url":"https:\/\/micasa.lv\/lv\/tualetes-papira-turetajs-ar-kastiti-nerusejosa-terauda-pulets\/","name":"Tualetes pap\u012bra tur\u0113t\u0101js ar kast\u012bti, ner\u016bs\u0113jo\u0161\u0101 t\u0113rauda, pul\u0113ts - Micasa","isPartOf":{"@id":"https:\/\/micasa.lv\/lv\/#website"},"primaryImageOfPage":{"@id":"https:\/\/micasa.lv\/lv\/tualetes-papira-turetajs-ar-kastiti-nerusejosa-terauda-pulets\/#primaryimage"},"image":{"@id":"https:\/\/micasa.lv\/lv\/tualetes-papira-turetajs-ar-kastiti-nerusejosa-terauda-pulets\/#primaryimage"},"thumbnailUrl":"https:\/\/micasa.lv\/wp-content\/uploads\/2025\/05\/fb1a234b513ec22167c96b5e95eebc85_101012175-velky.jpg","datePublished":"2025-05-15T07:47:53+00:00","dateModified":"2025-06-13T07:40:51+00:00","breadcrumb":{"@id":"https:\/\/micasa.lv\/lv\/tualetes-papira-turetajs-ar-kastiti-nerusejosa-terauda-pulets\/#breadcrumb"},"inLanguage":"lv-LV","potentialAction":[{"@type":"ReadAction","target":["https:\/\/micasa.lv\/lv\/tualetes-papira-turetajs-ar-kastiti-nerusejosa-terauda-pulets\/"]}]},{"@type":"ImageObject","inLanguage":"lv-LV","@id":"https:\/\/micasa.lv\/lv\/tualetes-papira-turetajs-ar-kastiti-nerusejosa-terauda-pulets\/#primaryimage","url":"https:\/\/micasa.lv\/wp-content\/uploads\/2025\/05\/fb1a234b513ec22167c96b5e95eebc85_101012175-velky.jpg","contentUrl":"https:\/\/micasa.lv\/wp-content\/uploads\/2025\/05\/fb1a234b513ec22167c96b5e95eebc85_101012175-velky.jpg","width":500,"height":500},{"@type":"BreadcrumbList","@id":"https:\/\/micasa.lv\/lv\/tualetes-papira-turetajs-ar-kastiti-nerusejosa-terauda-pulets\/#breadcrumb","itemListElement":[{"@type":"ListItem","position":1,"name":"S\u0101kums","item":"https:\/\/micasa.lv\/lv\/micasa\/"},{"@type":"ListItem","position":2,"name":"Shop","item":"https:\/\/micasa.lv\/lv\/shop\/"},{"@type":"ListItem","position":3,"name":"Tualetes pap\u012bra tur\u0113t\u0101js ar kast\u012bti, ner\u016bs\u0113jo\u0161\u0101 t\u0113rauda, pul\u0113ts"}]},{"@type":"WebSite","@id":"https:\/\/micasa.lv\/lv\/#website","url":"https:\/\/micasa.lv\/lv\/","name":"Micasa","description":"","potentialAction":[{"@type":"SearchAction","target":{"@type":"EntryPoint","urlTemplate":"https:\/\/micasa.lv\/lv\/?s={search_term_string}"},"query-input":{"@type":"PropertyValueSpecification","valueRequired":true,"valueName":"search_term_string"}}],"inLanguage":"lv-LV"}]}},"wcpa_form_fields":null,"_links":{"self":[{"href":"https:\/\/micasa.lv\/lv\/wp-json\/wp\/v2\/product\/47538","targetHints":{"allow":["GET"]}}],"collection":[{"href":"https:\/\/micasa.lv\/lv\/wp-json\/wp\/v2\/product"}],"about":[{"href":"https:\/\/micasa.lv\/lv\/wp-json\/wp\/v2\/types\/product"}],"version-history":[{"count":1,"href":"https:\/\/micasa.lv\/lv\/wp-json\/wp\/v2\/product\/47538\/revisions"}],"predecessor-version":[{"id":47568,"href":"https:\/\/micasa.lv\/lv\/wp-json\/wp\/v2\/product\/47538\/revisions\/47568"}],"wp:featuredmedia":[{"embeddable":true,"href":"https:\/\/micasa.lv\/lv\/wp-json\/wp\/v2\/media\/47282"}],"wp:attachment":[{"href":"https:\/\/micasa.lv\/lv\/wp-json\/wp\/v2\/media?parent=47538"}],"wp:term":[{"taxonomy":"product_brand","embeddable":true,"href":"https:\/\/micasa.lv\/lv\/wp-json\/wp\/v2\/product_brand?post=47538"},{"taxonomy":"product_cat","embeddable":true,"href":"https:\/\/micasa.lv\/lv\/wp-json\/wp\/v2\/product_cat?post=47538"},{"taxonomy":"product_tag","embeddable":true,"href":"https:\/\/micasa.lv\/lv\/wp-json\/wp\/v2\/product_tag?post=47538"}],"curies":[{"name":"wp","href":"https:\/\/api.w.org\/{rel}","templated":true}]}}