{"id":47553,"date":"2025-05-15T10:48:08","date_gmt":"2025-05-15T07:48:08","guid":{"rendered":"https:\/\/test.micasa.lv\/?post_type=product&#038;p=47553"},"modified":"2025-06-13T10:40:55","modified_gmt":"2025-06-13T07:40:55","slug":"griestu-enkura-caurule-800-mm-nerusejosa-terauda-puleta","status":"publish","type":"product","link":"https:\/\/micasa.lv\/lv\/griestu-enkura-caurule-800-mm-nerusejosa-terauda-puleta\/","title":{"rendered":"Griestu enkura caurule 800 mm, ner\u016bs\u0113jo\u0161\u0101 t\u0113rauda, pul\u0113ta"},"content":{"rendered":"","protected":false},"excerpt":{"rendered":"","protected":false},"featured_media":47198,"template":"","meta":[],"product_brand":[],"product_cat":[1847,1528],"product_tag":[],"class_list":{"0":"post-47553","1":"product","2":"type-product","3":"status-publish","4":"has-post-thumbnail","6":"product_cat-dusas-programma","7":"product_cat-vannas-istabas-aksesuari","8":"pa_brand-bemeta-lv","10":"first","11":"instock","12":"taxable","13":"shipping-taxable","14":"purchasable","15":"product-type-simple"},"yoast_head":"<!-- This site is optimized with the Yoast SEO plugin v27.4 - https:\/\/yoast.com\/product\/yoast-seo-wordpress\/ -->\n<title>Griestu enkura caurule 800 mm, ner\u016bs\u0113jo\u0161\u0101 t\u0113rauda, pul\u0113ta - Micasa<\/title>\n<meta name=\"robots\" content=\"index, follow, max-snippet:-1, max-image-preview:large, max-video-preview:-1\" \/>\n<link rel=\"canonical\" href=\"https:\/\/micasa.lv\/lv\/griestu-enkura-caurule-800-mm-nerusejosa-terauda-puleta\/\" \/>\n<meta property=\"og:locale\" content=\"lv_LV\" \/>\n<meta property=\"og:type\" content=\"article\" \/>\n<meta property=\"og:title\" content=\"Griestu enkura caurule 800 mm, ner\u016bs\u0113jo\u0161\u0101 t\u0113rauda, pul\u0113ta - Micasa\" \/>\n<meta property=\"og:url\" content=\"https:\/\/micasa.lv\/lv\/griestu-enkura-caurule-800-mm-nerusejosa-terauda-puleta\/\" \/>\n<meta property=\"og:site_name\" content=\"Micasa\" \/>\n<meta property=\"article:modified_time\" content=\"2025-06-13T07:40:55+00:00\" \/>\n<meta property=\"og:image\" content=\"https:\/\/micasa.lv\/wp-content\/uploads\/2025\/05\/b62ffac568f93a06f83b873a00eed7a9_101120251-velky.jpg\" \/>\n\t<meta property=\"og:image:width\" content=\"500\" \/>\n\t<meta property=\"og:image:height\" content=\"500\" \/>\n\t<meta property=\"og:image:type\" content=\"image\/jpeg\" \/>\n<meta name=\"twitter:card\" content=\"summary_large_image\" \/>\n<script type=\"application\/ld+json\" class=\"yoast-schema-graph\">{\"@context\":\"https:\\\/\\\/schema.org\",\"@graph\":[{\"@type\":\"WebPage\",\"@id\":\"https:\\\/\\\/micasa.lv\\\/lv\\\/griestu-enkura-caurule-800-mm-nerusejosa-terauda-puleta\\\/\",\"url\":\"https:\\\/\\\/micasa.lv\\\/lv\\\/griestu-enkura-caurule-800-mm-nerusejosa-terauda-puleta\\\/\",\"name\":\"Griestu enkura caurule 800 mm, ner\u016bs\u0113jo\u0161\u0101 t\u0113rauda, pul\u0113ta - Micasa\",\"isPartOf\":{\"@id\":\"https:\\\/\\\/micasa.lv\\\/lv\\\/#website\"},\"primaryImageOfPage\":{\"@id\":\"https:\\\/\\\/micasa.lv\\\/lv\\\/griestu-enkura-caurule-800-mm-nerusejosa-terauda-puleta\\\/#primaryimage\"},\"image\":{\"@id\":\"https:\\\/\\\/micasa.lv\\\/lv\\\/griestu-enkura-caurule-800-mm-nerusejosa-terauda-puleta\\\/#primaryimage\"},\"thumbnailUrl\":\"https:\\\/\\\/micasa.lv\\\/wp-content\\\/uploads\\\/2025\\\/05\\\/b62ffac568f93a06f83b873a00eed7a9_101120251-velky.jpg\",\"datePublished\":\"2025-05-15T07:48:08+00:00\",\"dateModified\":\"2025-06-13T07:40:55+00:00\",\"breadcrumb\":{\"@id\":\"https:\\\/\\\/micasa.lv\\\/lv\\\/griestu-enkura-caurule-800-mm-nerusejosa-terauda-puleta\\\/#breadcrumb\"},\"inLanguage\":\"lv-LV\",\"potentialAction\":[{\"@type\":\"ReadAction\",\"target\":[\"https:\\\/\\\/micasa.lv\\\/lv\\\/griestu-enkura-caurule-800-mm-nerusejosa-terauda-puleta\\\/\"]}]},{\"@type\":\"ImageObject\",\"inLanguage\":\"lv-LV\",\"@id\":\"https:\\\/\\\/micasa.lv\\\/lv\\\/griestu-enkura-caurule-800-mm-nerusejosa-terauda-puleta\\\/#primaryimage\",\"url\":\"https:\\\/\\\/micasa.lv\\\/wp-content\\\/uploads\\\/2025\\\/05\\\/b62ffac568f93a06f83b873a00eed7a9_101120251-velky.jpg\",\"contentUrl\":\"https:\\\/\\\/micasa.lv\\\/wp-content\\\/uploads\\\/2025\\\/05\\\/b62ffac568f93a06f83b873a00eed7a9_101120251-velky.jpg\",\"width\":500,\"height\":500},{\"@type\":\"BreadcrumbList\",\"@id\":\"https:\\\/\\\/micasa.lv\\\/lv\\\/griestu-enkura-caurule-800-mm-nerusejosa-terauda-puleta\\\/#breadcrumb\",\"itemListElement\":[{\"@type\":\"ListItem\",\"position\":1,\"name\":\"S\u0101kums\",\"item\":\"https:\\\/\\\/micasa.lv\\\/lv\\\/micasa\\\/\"},{\"@type\":\"ListItem\",\"position\":2,\"name\":\"Shop\",\"item\":\"https:\\\/\\\/micasa.lv\\\/lv\\\/shop\\\/\"},{\"@type\":\"ListItem\",\"position\":3,\"name\":\"Griestu enkura caurule 800 mm, ner\u016bs\u0113jo\u0161\u0101 t\u0113rauda, pul\u0113ta\"}]},{\"@type\":\"WebSite\",\"@id\":\"https:\\\/\\\/micasa.lv\\\/lv\\\/#website\",\"url\":\"https:\\\/\\\/micasa.lv\\\/lv\\\/\",\"name\":\"Micasa\",\"description\":\"\",\"potentialAction\":[{\"@type\":\"SearchAction\",\"target\":{\"@type\":\"EntryPoint\",\"urlTemplate\":\"https:\\\/\\\/micasa.lv\\\/lv\\\/?s={search_term_string}\"},\"query-input\":{\"@type\":\"PropertyValueSpecification\",\"valueRequired\":true,\"valueName\":\"search_term_string\"}}],\"inLanguage\":\"lv-LV\"}]}<\/script>\n<!-- \/ Yoast SEO plugin. -->","yoast_head_json":{"title":"Griestu enkura caurule 800 mm, ner\u016bs\u0113jo\u0161\u0101 t\u0113rauda, pul\u0113ta - Micasa","robots":{"index":"index","follow":"follow","max-snippet":"max-snippet:-1","max-image-preview":"max-image-preview:large","max-video-preview":"max-video-preview:-1"},"canonical":"https:\/\/micasa.lv\/lv\/griestu-enkura-caurule-800-mm-nerusejosa-terauda-puleta\/","og_locale":"lv_LV","og_type":"article","og_title":"Griestu enkura caurule 800 mm, ner\u016bs\u0113jo\u0161\u0101 t\u0113rauda, pul\u0113ta - Micasa","og_url":"https:\/\/micasa.lv\/lv\/griestu-enkura-caurule-800-mm-nerusejosa-terauda-puleta\/","og_site_name":"Micasa","article_modified_time":"2025-06-13T07:40:55+00:00","og_image":[{"width":500,"height":500,"url":"https:\/\/micasa.lv\/wp-content\/uploads\/2025\/05\/b62ffac568f93a06f83b873a00eed7a9_101120251-velky.jpg","type":"image\/jpeg"}],"twitter_card":"summary_large_image","schema":{"@context":"https:\/\/schema.org","@graph":[{"@type":"WebPage","@id":"https:\/\/micasa.lv\/lv\/griestu-enkura-caurule-800-mm-nerusejosa-terauda-puleta\/","url":"https:\/\/micasa.lv\/lv\/griestu-enkura-caurule-800-mm-nerusejosa-terauda-puleta\/","name":"Griestu enkura caurule 800 mm, ner\u016bs\u0113jo\u0161\u0101 t\u0113rauda, pul\u0113ta - Micasa","isPartOf":{"@id":"https:\/\/micasa.lv\/lv\/#website"},"primaryImageOfPage":{"@id":"https:\/\/micasa.lv\/lv\/griestu-enkura-caurule-800-mm-nerusejosa-terauda-puleta\/#primaryimage"},"image":{"@id":"https:\/\/micasa.lv\/lv\/griestu-enkura-caurule-800-mm-nerusejosa-terauda-puleta\/#primaryimage"},"thumbnailUrl":"https:\/\/micasa.lv\/wp-content\/uploads\/2025\/05\/b62ffac568f93a06f83b873a00eed7a9_101120251-velky.jpg","datePublished":"2025-05-15T07:48:08+00:00","dateModified":"2025-06-13T07:40:55+00:00","breadcrumb":{"@id":"https:\/\/micasa.lv\/lv\/griestu-enkura-caurule-800-mm-nerusejosa-terauda-puleta\/#breadcrumb"},"inLanguage":"lv-LV","potentialAction":[{"@type":"ReadAction","target":["https:\/\/micasa.lv\/lv\/griestu-enkura-caurule-800-mm-nerusejosa-terauda-puleta\/"]}]},{"@type":"ImageObject","inLanguage":"lv-LV","@id":"https:\/\/micasa.lv\/lv\/griestu-enkura-caurule-800-mm-nerusejosa-terauda-puleta\/#primaryimage","url":"https:\/\/micasa.lv\/wp-content\/uploads\/2025\/05\/b62ffac568f93a06f83b873a00eed7a9_101120251-velky.jpg","contentUrl":"https:\/\/micasa.lv\/wp-content\/uploads\/2025\/05\/b62ffac568f93a06f83b873a00eed7a9_101120251-velky.jpg","width":500,"height":500},{"@type":"BreadcrumbList","@id":"https:\/\/micasa.lv\/lv\/griestu-enkura-caurule-800-mm-nerusejosa-terauda-puleta\/#breadcrumb","itemListElement":[{"@type":"ListItem","position":1,"name":"S\u0101kums","item":"https:\/\/micasa.lv\/lv\/micasa\/"},{"@type":"ListItem","position":2,"name":"Shop","item":"https:\/\/micasa.lv\/lv\/shop\/"},{"@type":"ListItem","position":3,"name":"Griestu enkura caurule 800 mm, ner\u016bs\u0113jo\u0161\u0101 t\u0113rauda, pul\u0113ta"}]},{"@type":"WebSite","@id":"https:\/\/micasa.lv\/lv\/#website","url":"https:\/\/micasa.lv\/lv\/","name":"Micasa","description":"","potentialAction":[{"@type":"SearchAction","target":{"@type":"EntryPoint","urlTemplate":"https:\/\/micasa.lv\/lv\/?s={search_term_string}"},"query-input":{"@type":"PropertyValueSpecification","valueRequired":true,"valueName":"search_term_string"}}],"inLanguage":"lv-LV"}]}},"wcpa_form_fields":null,"_links":{"self":[{"href":"https:\/\/micasa.lv\/lv\/wp-json\/wp\/v2\/product\/47553","targetHints":{"allow":["GET"]}}],"collection":[{"href":"https:\/\/micasa.lv\/lv\/wp-json\/wp\/v2\/product"}],"about":[{"href":"https:\/\/micasa.lv\/lv\/wp-json\/wp\/v2\/types\/product"}],"version-history":[{"count":1,"href":"https:\/\/micasa.lv\/lv\/wp-json\/wp\/v2\/product\/47553\/revisions"}],"predecessor-version":[{"id":47583,"href":"https:\/\/micasa.lv\/lv\/wp-json\/wp\/v2\/product\/47553\/revisions\/47583"}],"wp:featuredmedia":[{"embeddable":true,"href":"https:\/\/micasa.lv\/lv\/wp-json\/wp\/v2\/media\/47198"}],"wp:attachment":[{"href":"https:\/\/micasa.lv\/lv\/wp-json\/wp\/v2\/media?parent=47553"}],"wp:term":[{"taxonomy":"product_brand","embeddable":true,"href":"https:\/\/micasa.lv\/lv\/wp-json\/wp\/v2\/product_brand?post=47553"},{"taxonomy":"product_cat","embeddable":true,"href":"https:\/\/micasa.lv\/lv\/wp-json\/wp\/v2\/product_cat?post=47553"},{"taxonomy":"product_tag","embeddable":true,"href":"https:\/\/micasa.lv\/lv\/wp-json\/wp\/v2\/product_tag?post=47553"}],"curies":[{"name":"wp","href":"https:\/\/api.w.org\/{rel}","templated":true}]}}