{"id":47558,"date":"2025-05-15T10:48:09","date_gmt":"2025-05-15T07:48:09","guid":{"rendered":"https:\/\/test.micasa.lv\/?post_type=product&#038;p=47558"},"modified":"2025-11-05T14:34:09","modified_gmt":"2025-11-05T11:34:09","slug":"omega-viens-halatu-akis-paris","status":"publish","type":"product","link":"https:\/\/micasa.lv\/lv\/omega-viens-halatu-akis-paris\/","title":{"rendered":"OMEGA: Viens hal\u0101tu \u0101\u0137is, p\u0101ris"},"content":{"rendered":"<p>Vienk\u0101r\u0161a elegance ir m\u016b\u017eza\u013ca. Turkl\u0101t OMEGA vannas istabas aksesu\u0101ru kl\u0101sts ir balst\u012bts uz to vienk\u0101r\u0161o kop\u0161anu. T\u0101tad, ja nev\u0113laties past\u0101v\u012bgi berzt vannas istabu, j\u016bs tikko uzzin\u0101j\u0101t, kur doties.<\/p>\n","protected":false},"excerpt":{"rendered":"<p>Vienk\u0101r\u0161a elegance ir m\u016b\u017eza\u013ca. Turkl\u0101t OMEGA vannas istabas aksesu\u0101ru kl\u0101sts ir balst\u012bts uz to vienk\u0101r\u0161o kop\u0161anu. T\u0101tad, ja nev\u0113laties past\u0101v\u012bgi<\/p>\n","protected":false},"featured_media":47219,"template":"","meta":[],"product_brand":[],"product_cat":[1835,1528],"product_tag":[],"class_list":{"0":"post-47558","1":"product","2":"type-product","3":"status-publish","4":"has-post-thumbnail","6":"product_cat-aki-un-pakaramie","7":"product_cat-vannas-istabas-aksesuari","8":"pa_brand-bemeta-lv","10":"first","11":"instock","12":"taxable","13":"shipping-taxable","14":"purchasable","15":"product-type-simple"},"yoast_head":"<!-- This site is optimized with the Yoast SEO plugin v27.4 - https:\/\/yoast.com\/product\/yoast-seo-wordpress\/ -->\n<title>OMEGA: Viens hal\u0101tu \u0101\u0137is, p\u0101ris - Micasa<\/title>\n<meta name=\"robots\" content=\"index, follow, max-snippet:-1, max-image-preview:large, max-video-preview:-1\" \/>\n<link rel=\"canonical\" href=\"https:\/\/micasa.lv\/lv\/omega-viens-halatu-akis-paris\/\" \/>\n<meta property=\"og:locale\" content=\"lv_LV\" \/>\n<meta property=\"og:type\" content=\"article\" \/>\n<meta property=\"og:title\" content=\"OMEGA: Viens hal\u0101tu \u0101\u0137is, p\u0101ris - Micasa\" \/>\n<meta property=\"og:description\" content=\"Vienk\u0101r\u0161a elegance ir m\u016b\u017eza\u013ca. Turkl\u0101t OMEGA vannas istabas aksesu\u0101ru kl\u0101sts ir balst\u012bts uz to vienk\u0101r\u0161o kop\u0161anu. T\u0101tad, ja nev\u0113laties past\u0101v\u012bgi\" \/>\n<meta property=\"og:url\" content=\"https:\/\/micasa.lv\/lv\/omega-viens-halatu-akis-paris\/\" \/>\n<meta property=\"og:site_name\" content=\"Micasa\" \/>\n<meta property=\"article:modified_time\" content=\"2025-11-05T11:34:09+00:00\" \/>\n<meta property=\"og:image\" content=\"https:\/\/micasa.lv\/wp-content\/uploads\/2025\/05\/d9cfa7ea013a0591df2ec8eba0e9f82c_104506292-velky.jpg\" \/>\n\t<meta property=\"og:image:width\" content=\"500\" \/>\n\t<meta property=\"og:image:height\" content=\"500\" \/>\n\t<meta property=\"og:image:type\" content=\"image\/jpeg\" \/>\n<meta name=\"twitter:card\" content=\"summary_large_image\" \/>\n<script type=\"application\/ld+json\" class=\"yoast-schema-graph\">{\"@context\":\"https:\\\/\\\/schema.org\",\"@graph\":[{\"@type\":\"WebPage\",\"@id\":\"https:\\\/\\\/micasa.lv\\\/lv\\\/omega-viens-halatu-akis-paris\\\/\",\"url\":\"https:\\\/\\\/micasa.lv\\\/lv\\\/omega-viens-halatu-akis-paris\\\/\",\"name\":\"OMEGA: Viens hal\u0101tu \u0101\u0137is, p\u0101ris - Micasa\",\"isPartOf\":{\"@id\":\"https:\\\/\\\/micasa.lv\\\/lv\\\/#website\"},\"primaryImageOfPage\":{\"@id\":\"https:\\\/\\\/micasa.lv\\\/lv\\\/omega-viens-halatu-akis-paris\\\/#primaryimage\"},\"image\":{\"@id\":\"https:\\\/\\\/micasa.lv\\\/lv\\\/omega-viens-halatu-akis-paris\\\/#primaryimage\"},\"thumbnailUrl\":\"https:\\\/\\\/micasa.lv\\\/wp-content\\\/uploads\\\/2025\\\/05\\\/d9cfa7ea013a0591df2ec8eba0e9f82c_104506292-velky.jpg\",\"datePublished\":\"2025-05-15T07:48:09+00:00\",\"dateModified\":\"2025-11-05T11:34:09+00:00\",\"breadcrumb\":{\"@id\":\"https:\\\/\\\/micasa.lv\\\/lv\\\/omega-viens-halatu-akis-paris\\\/#breadcrumb\"},\"inLanguage\":\"lv-LV\",\"potentialAction\":[{\"@type\":\"ReadAction\",\"target\":[\"https:\\\/\\\/micasa.lv\\\/lv\\\/omega-viens-halatu-akis-paris\\\/\"]}]},{\"@type\":\"ImageObject\",\"inLanguage\":\"lv-LV\",\"@id\":\"https:\\\/\\\/micasa.lv\\\/lv\\\/omega-viens-halatu-akis-paris\\\/#primaryimage\",\"url\":\"https:\\\/\\\/micasa.lv\\\/wp-content\\\/uploads\\\/2025\\\/05\\\/d9cfa7ea013a0591df2ec8eba0e9f82c_104506292-velky.jpg\",\"contentUrl\":\"https:\\\/\\\/micasa.lv\\\/wp-content\\\/uploads\\\/2025\\\/05\\\/d9cfa7ea013a0591df2ec8eba0e9f82c_104506292-velky.jpg\",\"width\":500,\"height\":500},{\"@type\":\"BreadcrumbList\",\"@id\":\"https:\\\/\\\/micasa.lv\\\/lv\\\/omega-viens-halatu-akis-paris\\\/#breadcrumb\",\"itemListElement\":[{\"@type\":\"ListItem\",\"position\":1,\"name\":\"S\u0101kums\",\"item\":\"https:\\\/\\\/micasa.lv\\\/lv\\\/micasa\\\/\"},{\"@type\":\"ListItem\",\"position\":2,\"name\":\"Shop\",\"item\":\"https:\\\/\\\/micasa.lv\\\/lv\\\/shop\\\/\"},{\"@type\":\"ListItem\",\"position\":3,\"name\":\"OMEGA: Viens hal\u0101tu \u0101\u0137is, p\u0101ris\"}]},{\"@type\":\"WebSite\",\"@id\":\"https:\\\/\\\/micasa.lv\\\/lv\\\/#website\",\"url\":\"https:\\\/\\\/micasa.lv\\\/lv\\\/\",\"name\":\"Micasa\",\"description\":\"\",\"potentialAction\":[{\"@type\":\"SearchAction\",\"target\":{\"@type\":\"EntryPoint\",\"urlTemplate\":\"https:\\\/\\\/micasa.lv\\\/lv\\\/?s={search_term_string}\"},\"query-input\":{\"@type\":\"PropertyValueSpecification\",\"valueRequired\":true,\"valueName\":\"search_term_string\"}}],\"inLanguage\":\"lv-LV\"}]}<\/script>\n<!-- \/ Yoast SEO plugin. -->","yoast_head_json":{"title":"OMEGA: Viens hal\u0101tu \u0101\u0137is, p\u0101ris - Micasa","robots":{"index":"index","follow":"follow","max-snippet":"max-snippet:-1","max-image-preview":"max-image-preview:large","max-video-preview":"max-video-preview:-1"},"canonical":"https:\/\/micasa.lv\/lv\/omega-viens-halatu-akis-paris\/","og_locale":"lv_LV","og_type":"article","og_title":"OMEGA: Viens hal\u0101tu \u0101\u0137is, p\u0101ris - Micasa","og_description":"Vienk\u0101r\u0161a elegance ir m\u016b\u017eza\u013ca. Turkl\u0101t OMEGA vannas istabas aksesu\u0101ru kl\u0101sts ir balst\u012bts uz to vienk\u0101r\u0161o kop\u0161anu. T\u0101tad, ja nev\u0113laties past\u0101v\u012bgi","og_url":"https:\/\/micasa.lv\/lv\/omega-viens-halatu-akis-paris\/","og_site_name":"Micasa","article_modified_time":"2025-11-05T11:34:09+00:00","og_image":[{"width":500,"height":500,"url":"https:\/\/micasa.lv\/wp-content\/uploads\/2025\/05\/d9cfa7ea013a0591df2ec8eba0e9f82c_104506292-velky.jpg","type":"image\/jpeg"}],"twitter_card":"summary_large_image","schema":{"@context":"https:\/\/schema.org","@graph":[{"@type":"WebPage","@id":"https:\/\/micasa.lv\/lv\/omega-viens-halatu-akis-paris\/","url":"https:\/\/micasa.lv\/lv\/omega-viens-halatu-akis-paris\/","name":"OMEGA: Viens hal\u0101tu \u0101\u0137is, p\u0101ris - Micasa","isPartOf":{"@id":"https:\/\/micasa.lv\/lv\/#website"},"primaryImageOfPage":{"@id":"https:\/\/micasa.lv\/lv\/omega-viens-halatu-akis-paris\/#primaryimage"},"image":{"@id":"https:\/\/micasa.lv\/lv\/omega-viens-halatu-akis-paris\/#primaryimage"},"thumbnailUrl":"https:\/\/micasa.lv\/wp-content\/uploads\/2025\/05\/d9cfa7ea013a0591df2ec8eba0e9f82c_104506292-velky.jpg","datePublished":"2025-05-15T07:48:09+00:00","dateModified":"2025-11-05T11:34:09+00:00","breadcrumb":{"@id":"https:\/\/micasa.lv\/lv\/omega-viens-halatu-akis-paris\/#breadcrumb"},"inLanguage":"lv-LV","potentialAction":[{"@type":"ReadAction","target":["https:\/\/micasa.lv\/lv\/omega-viens-halatu-akis-paris\/"]}]},{"@type":"ImageObject","inLanguage":"lv-LV","@id":"https:\/\/micasa.lv\/lv\/omega-viens-halatu-akis-paris\/#primaryimage","url":"https:\/\/micasa.lv\/wp-content\/uploads\/2025\/05\/d9cfa7ea013a0591df2ec8eba0e9f82c_104506292-velky.jpg","contentUrl":"https:\/\/micasa.lv\/wp-content\/uploads\/2025\/05\/d9cfa7ea013a0591df2ec8eba0e9f82c_104506292-velky.jpg","width":500,"height":500},{"@type":"BreadcrumbList","@id":"https:\/\/micasa.lv\/lv\/omega-viens-halatu-akis-paris\/#breadcrumb","itemListElement":[{"@type":"ListItem","position":1,"name":"S\u0101kums","item":"https:\/\/micasa.lv\/lv\/micasa\/"},{"@type":"ListItem","position":2,"name":"Shop","item":"https:\/\/micasa.lv\/lv\/shop\/"},{"@type":"ListItem","position":3,"name":"OMEGA: Viens hal\u0101tu \u0101\u0137is, p\u0101ris"}]},{"@type":"WebSite","@id":"https:\/\/micasa.lv\/lv\/#website","url":"https:\/\/micasa.lv\/lv\/","name":"Micasa","description":"","potentialAction":[{"@type":"SearchAction","target":{"@type":"EntryPoint","urlTemplate":"https:\/\/micasa.lv\/lv\/?s={search_term_string}"},"query-input":{"@type":"PropertyValueSpecification","valueRequired":true,"valueName":"search_term_string"}}],"inLanguage":"lv-LV"}]}},"wcpa_form_fields":null,"_links":{"self":[{"href":"https:\/\/micasa.lv\/lv\/wp-json\/wp\/v2\/product\/47558","targetHints":{"allow":["GET"]}}],"collection":[{"href":"https:\/\/micasa.lv\/lv\/wp-json\/wp\/v2\/product"}],"about":[{"href":"https:\/\/micasa.lv\/lv\/wp-json\/wp\/v2\/types\/product"}],"version-history":[{"count":1,"href":"https:\/\/micasa.lv\/lv\/wp-json\/wp\/v2\/product\/47558\/revisions"}],"predecessor-version":[{"id":47588,"href":"https:\/\/micasa.lv\/lv\/wp-json\/wp\/v2\/product\/47558\/revisions\/47588"}],"wp:featuredmedia":[{"embeddable":true,"href":"https:\/\/micasa.lv\/lv\/wp-json\/wp\/v2\/media\/47219"}],"wp:attachment":[{"href":"https:\/\/micasa.lv\/lv\/wp-json\/wp\/v2\/media?parent=47558"}],"wp:term":[{"taxonomy":"product_brand","embeddable":true,"href":"https:\/\/micasa.lv\/lv\/wp-json\/wp\/v2\/product_brand?post=47558"},{"taxonomy":"product_cat","embeddable":true,"href":"https:\/\/micasa.lv\/lv\/wp-json\/wp\/v2\/product_cat?post=47558"},{"taxonomy":"product_tag","embeddable":true,"href":"https:\/\/micasa.lv\/lv\/wp-json\/wp\/v2\/product_tag?post=47558"}],"curies":[{"name":"wp","href":"https:\/\/api.w.org\/{rel}","templated":true}]}}