{"id":47598,"date":"2025-05-15T10:48:11","date_gmt":"2025-05-15T07:48:11","guid":{"rendered":"https:\/\/test.micasa.lv\/?post_type=product&#038;p=47598"},"modified":"2025-06-13T10:41:00","modified_gmt":"2025-06-13T07:41:00","slug":"sablo-viens-halata-akis-3","status":"publish","type":"product","link":"https:\/\/micasa.lv\/lv\/sablo-viens-halata-akis-3\/","title":{"rendered":"SABLO: Viens hal\u0101ta \u0101\u0137is"},"content":{"rendered":"<p>Ar Brilo aksesu\u0101ru kl\u0101stu j\u016bsu vannas istaba piedz\u012bvos zelta laikmetu. Zelta kr\u0101sa gadsimtiem ilgi ir bijusi grezn\u012bbas kr\u0101sa, un t\u0101 tik dr\u012bz neizies no modes, t\u0101p\u0113c no t\u0101s nav j\u0101baid\u0101s. Brilo visu dienu un nakti izgaismos j\u016bsu vannas istabu ar saules stariem, kas piepild\u012bs j\u016bs ar pozit\u012bvu ener\u0123iju. Sp\u012bd\u012bgs zelts ir m\u016b\u017e\u012bga klasika, kas pie\u0161\u0137irs \u0161armu jebkuram interjeram. Iesak\u0101m to izmantot elegant\u0101 melnbalt\u0101 tradicion\u0101l\u0101 stila vannas istab\u0101.<\/p>\n","protected":false},"excerpt":{"rendered":"<p>Ar Brilo aksesu\u0101ru kl\u0101stu j\u016bsu vannas istaba piedz\u012bvos zelta laikmetu. Zelta kr\u0101sa gadsimtiem ilgi ir bijusi grezn\u012bbas kr\u0101sa, un t\u0101<\/p>\n","protected":false},"featured_media":47084,"template":"","meta":[],"product_brand":[],"product_cat":[1835,1528],"product_tag":[],"delivery_time":[],"class_list":{"0":"post-47598","1":"product","2":"type-product","3":"status-publish","4":"has-post-thumbnail","6":"product_cat-aki-un-pakaramie","7":"product_cat-vannas-istabas-aksesuari","8":"pa_brand-bemeta-lv","10":"first","11":"instock","12":"taxable","13":"shipping-taxable","14":"purchasable","15":"product-type-simple"},"yoast_head":"<!-- This site is optimized with the Yoast SEO plugin v27.4 - https:\/\/yoast.com\/product\/yoast-seo-wordpress\/ -->\n<title>SABLO: Viens hal\u0101ta \u0101\u0137is - Micasa<\/title>\n<meta name=\"robots\" content=\"index, follow, max-snippet:-1, max-image-preview:large, max-video-preview:-1\" \/>\n<link rel=\"canonical\" href=\"https:\/\/micasa.lv\/lv\/sablo-viens-halata-akis-3\/\" \/>\n<meta property=\"og:locale\" content=\"lv_LV\" \/>\n<meta property=\"og:type\" content=\"article\" \/>\n<meta property=\"og:title\" content=\"SABLO: Viens hal\u0101ta \u0101\u0137is - Micasa\" \/>\n<meta property=\"og:description\" content=\"Ar Brilo aksesu\u0101ru kl\u0101stu j\u016bsu vannas istaba piedz\u012bvos zelta laikmetu. Zelta kr\u0101sa gadsimtiem ilgi ir bijusi grezn\u012bbas kr\u0101sa, un t\u0101\" \/>\n<meta property=\"og:url\" content=\"https:\/\/micasa.lv\/lv\/sablo-viens-halata-akis-3\/\" \/>\n<meta property=\"og:site_name\" content=\"Micasa\" \/>\n<meta property=\"article:modified_time\" content=\"2025-06-13T07:41:00+00:00\" \/>\n<meta property=\"og:image\" content=\"https:\/\/micasa.lv\/wp-content\/uploads\/2025\/05\/035e9df971a66b6d9287d9fe57d2cae2_160506090-velky.jpg\" \/>\n\t<meta property=\"og:image:width\" content=\"500\" \/>\n\t<meta property=\"og:image:height\" content=\"500\" \/>\n\t<meta property=\"og:image:type\" content=\"image\/jpeg\" \/>\n<meta name=\"twitter:card\" content=\"summary_large_image\" \/>\n<script type=\"application\/ld+json\" class=\"yoast-schema-graph\">{\"@context\":\"https:\\\/\\\/schema.org\",\"@graph\":[{\"@type\":\"WebPage\",\"@id\":\"https:\\\/\\\/micasa.lv\\\/lv\\\/sablo-viens-halata-akis-3\\\/\",\"url\":\"https:\\\/\\\/micasa.lv\\\/lv\\\/sablo-viens-halata-akis-3\\\/\",\"name\":\"SABLO: Viens hal\u0101ta \u0101\u0137is - Micasa\",\"isPartOf\":{\"@id\":\"https:\\\/\\\/micasa.lv\\\/lv\\\/#website\"},\"primaryImageOfPage\":{\"@id\":\"https:\\\/\\\/micasa.lv\\\/lv\\\/sablo-viens-halata-akis-3\\\/#primaryimage\"},\"image\":{\"@id\":\"https:\\\/\\\/micasa.lv\\\/lv\\\/sablo-viens-halata-akis-3\\\/#primaryimage\"},\"thumbnailUrl\":\"https:\\\/\\\/micasa.lv\\\/wp-content\\\/uploads\\\/2025\\\/05\\\/035e9df971a66b6d9287d9fe57d2cae2_160506090-velky.jpg\",\"datePublished\":\"2025-05-15T07:48:11+00:00\",\"dateModified\":\"2025-06-13T07:41:00+00:00\",\"breadcrumb\":{\"@id\":\"https:\\\/\\\/micasa.lv\\\/lv\\\/sablo-viens-halata-akis-3\\\/#breadcrumb\"},\"inLanguage\":\"lv-LV\",\"potentialAction\":[{\"@type\":\"ReadAction\",\"target\":[\"https:\\\/\\\/micasa.lv\\\/lv\\\/sablo-viens-halata-akis-3\\\/\"]}]},{\"@type\":\"ImageObject\",\"inLanguage\":\"lv-LV\",\"@id\":\"https:\\\/\\\/micasa.lv\\\/lv\\\/sablo-viens-halata-akis-3\\\/#primaryimage\",\"url\":\"https:\\\/\\\/micasa.lv\\\/wp-content\\\/uploads\\\/2025\\\/05\\\/035e9df971a66b6d9287d9fe57d2cae2_160506090-velky.jpg\",\"contentUrl\":\"https:\\\/\\\/micasa.lv\\\/wp-content\\\/uploads\\\/2025\\\/05\\\/035e9df971a66b6d9287d9fe57d2cae2_160506090-velky.jpg\",\"width\":500,\"height\":500},{\"@type\":\"BreadcrumbList\",\"@id\":\"https:\\\/\\\/micasa.lv\\\/lv\\\/sablo-viens-halata-akis-3\\\/#breadcrumb\",\"itemListElement\":[{\"@type\":\"ListItem\",\"position\":1,\"name\":\"S\u0101kums\",\"item\":\"https:\\\/\\\/micasa.lv\\\/lv\\\/micasa\\\/\"},{\"@type\":\"ListItem\",\"position\":2,\"name\":\"Shop\",\"item\":\"https:\\\/\\\/micasa.lv\\\/lv\\\/shop\\\/\"},{\"@type\":\"ListItem\",\"position\":3,\"name\":\"SABLO: Viens hal\u0101ta \u0101\u0137is\"}]},{\"@type\":\"WebSite\",\"@id\":\"https:\\\/\\\/micasa.lv\\\/lv\\\/#website\",\"url\":\"https:\\\/\\\/micasa.lv\\\/lv\\\/\",\"name\":\"Micasa\",\"description\":\"\",\"potentialAction\":[{\"@type\":\"SearchAction\",\"target\":{\"@type\":\"EntryPoint\",\"urlTemplate\":\"https:\\\/\\\/micasa.lv\\\/lv\\\/?s={search_term_string}\"},\"query-input\":{\"@type\":\"PropertyValueSpecification\",\"valueRequired\":true,\"valueName\":\"search_term_string\"}}],\"inLanguage\":\"lv-LV\"}]}<\/script>\n<!-- \/ Yoast SEO plugin. -->","yoast_head_json":{"title":"SABLO: Viens hal\u0101ta \u0101\u0137is - Micasa","robots":{"index":"index","follow":"follow","max-snippet":"max-snippet:-1","max-image-preview":"max-image-preview:large","max-video-preview":"max-video-preview:-1"},"canonical":"https:\/\/micasa.lv\/lv\/sablo-viens-halata-akis-3\/","og_locale":"lv_LV","og_type":"article","og_title":"SABLO: Viens hal\u0101ta \u0101\u0137is - Micasa","og_description":"Ar Brilo aksesu\u0101ru kl\u0101stu j\u016bsu vannas istaba piedz\u012bvos zelta laikmetu. Zelta kr\u0101sa gadsimtiem ilgi ir bijusi grezn\u012bbas kr\u0101sa, un t\u0101","og_url":"https:\/\/micasa.lv\/lv\/sablo-viens-halata-akis-3\/","og_site_name":"Micasa","article_modified_time":"2025-06-13T07:41:00+00:00","og_image":[{"width":500,"height":500,"url":"https:\/\/micasa.lv\/wp-content\/uploads\/2025\/05\/035e9df971a66b6d9287d9fe57d2cae2_160506090-velky.jpg","type":"image\/jpeg"}],"twitter_card":"summary_large_image","schema":{"@context":"https:\/\/schema.org","@graph":[{"@type":"WebPage","@id":"https:\/\/micasa.lv\/lv\/sablo-viens-halata-akis-3\/","url":"https:\/\/micasa.lv\/lv\/sablo-viens-halata-akis-3\/","name":"SABLO: Viens hal\u0101ta \u0101\u0137is - Micasa","isPartOf":{"@id":"https:\/\/micasa.lv\/lv\/#website"},"primaryImageOfPage":{"@id":"https:\/\/micasa.lv\/lv\/sablo-viens-halata-akis-3\/#primaryimage"},"image":{"@id":"https:\/\/micasa.lv\/lv\/sablo-viens-halata-akis-3\/#primaryimage"},"thumbnailUrl":"https:\/\/micasa.lv\/wp-content\/uploads\/2025\/05\/035e9df971a66b6d9287d9fe57d2cae2_160506090-velky.jpg","datePublished":"2025-05-15T07:48:11+00:00","dateModified":"2025-06-13T07:41:00+00:00","breadcrumb":{"@id":"https:\/\/micasa.lv\/lv\/sablo-viens-halata-akis-3\/#breadcrumb"},"inLanguage":"lv-LV","potentialAction":[{"@type":"ReadAction","target":["https:\/\/micasa.lv\/lv\/sablo-viens-halata-akis-3\/"]}]},{"@type":"ImageObject","inLanguage":"lv-LV","@id":"https:\/\/micasa.lv\/lv\/sablo-viens-halata-akis-3\/#primaryimage","url":"https:\/\/micasa.lv\/wp-content\/uploads\/2025\/05\/035e9df971a66b6d9287d9fe57d2cae2_160506090-velky.jpg","contentUrl":"https:\/\/micasa.lv\/wp-content\/uploads\/2025\/05\/035e9df971a66b6d9287d9fe57d2cae2_160506090-velky.jpg","width":500,"height":500},{"@type":"BreadcrumbList","@id":"https:\/\/micasa.lv\/lv\/sablo-viens-halata-akis-3\/#breadcrumb","itemListElement":[{"@type":"ListItem","position":1,"name":"S\u0101kums","item":"https:\/\/micasa.lv\/lv\/micasa\/"},{"@type":"ListItem","position":2,"name":"Shop","item":"https:\/\/micasa.lv\/lv\/shop\/"},{"@type":"ListItem","position":3,"name":"SABLO: Viens hal\u0101ta \u0101\u0137is"}]},{"@type":"WebSite","@id":"https:\/\/micasa.lv\/lv\/#website","url":"https:\/\/micasa.lv\/lv\/","name":"Micasa","description":"","potentialAction":[{"@type":"SearchAction","target":{"@type":"EntryPoint","urlTemplate":"https:\/\/micasa.lv\/lv\/?s={search_term_string}"},"query-input":{"@type":"PropertyValueSpecification","valueRequired":true,"valueName":"search_term_string"}}],"inLanguage":"lv-LV"}]}},"wcpa_form_fields":null,"_links":{"self":[{"href":"https:\/\/micasa.lv\/lv\/wp-json\/wp\/v2\/product\/47598","targetHints":{"allow":["GET"]}}],"collection":[{"href":"https:\/\/micasa.lv\/lv\/wp-json\/wp\/v2\/product"}],"about":[{"href":"https:\/\/micasa.lv\/lv\/wp-json\/wp\/v2\/types\/product"}],"version-history":[{"count":1,"href":"https:\/\/micasa.lv\/lv\/wp-json\/wp\/v2\/product\/47598\/revisions"}],"predecessor-version":[{"id":47628,"href":"https:\/\/micasa.lv\/lv\/wp-json\/wp\/v2\/product\/47598\/revisions\/47628"}],"wp:featuredmedia":[{"embeddable":true,"href":"https:\/\/micasa.lv\/lv\/wp-json\/wp\/v2\/media\/47084"}],"wp:attachment":[{"href":"https:\/\/micasa.lv\/lv\/wp-json\/wp\/v2\/media?parent=47598"}],"wp:term":[{"taxonomy":"product_brand","embeddable":true,"href":"https:\/\/micasa.lv\/lv\/wp-json\/wp\/v2\/product_brand?post=47598"},{"taxonomy":"product_cat","embeddable":true,"href":"https:\/\/micasa.lv\/lv\/wp-json\/wp\/v2\/product_cat?post=47598"},{"taxonomy":"product_tag","embeddable":true,"href":"https:\/\/micasa.lv\/lv\/wp-json\/wp\/v2\/product_tag?post=47598"},{"taxonomy":"delivery_time","embeddable":true,"href":"https:\/\/micasa.lv\/lv\/wp-json\/wp\/v2\/delivery_time?post=47598"}],"curies":[{"name":"wp","href":"https:\/\/api.w.org\/{rel}","templated":true}]}}