{"id":47606,"date":"2025-05-15T10:48:26","date_gmt":"2025-05-15T07:48:26","guid":{"rendered":"https:\/\/test.micasa.lv\/?post_type=product&#038;p=47606"},"modified":"2025-06-13T10:41:03","modified_gmt":"2025-06-13T07:41:03","slug":"help-tualetes-papira-turetajs-rokturim","status":"publish","type":"product","link":"https:\/\/micasa.lv\/lv\/help-tualetes-papira-turetajs-rokturim\/","title":{"rendered":"HELP: Tualetes pap\u012bra tur\u0113t\u0101js rokturim"},"content":{"rendered":"<p>Vannas istabas dizains bez robe\u017e\u0101m un ierobe\u017eojumiem! HELP s\u0113rija sniegs pal\u012bdz\u012bgu roku visiem, kas ilgojas p\u0113c vannas istabas bez barjer\u0101m, kur\u0101 katra kust\u012bba ir piepild\u012bta ar p\u0101rliec\u012bbu. Turkl\u0101t \u0161ie produkti ir p\u0101rkl\u0101ti ar antibakteri\u0101lu pulverkr\u0101su, kas atbilst pat visstingr\u0101kaj\u0101m higi\u0113nas pras\u012bb\u0101m.<\/p>\n","protected":false},"excerpt":{"rendered":"<p>Vannas istabas dizains bez robe\u017e\u0101m un ierobe\u017eojumiem! HELP s\u0113rija sniegs pal\u012bdz\u012bgu roku visiem, kas ilgojas p\u0113c vannas istabas bez barjer\u0101m,<\/p>\n","protected":false},"featured_media":47201,"template":"","meta":[],"product_brand":[],"product_cat":[1855,1528],"product_tag":[],"delivery_time":[],"class_list":{"0":"post-47606","1":"product","2":"type-product","3":"status-publish","4":"has-post-thumbnail","6":"product_cat-tualetes-papira-turetaji","7":"product_cat-vannas-istabas-aksesuari","8":"pa_brand-bemeta-lv","10":"first","11":"instock","12":"taxable","13":"shipping-taxable","14":"purchasable","15":"product-type-simple"},"yoast_head":"<!-- This site is optimized with the Yoast SEO plugin v27.4 - https:\/\/yoast.com\/product\/yoast-seo-wordpress\/ -->\n<title>HELP: Tualetes pap\u012bra tur\u0113t\u0101js rokturim - Micasa<\/title>\n<meta name=\"robots\" content=\"index, follow, max-snippet:-1, max-image-preview:large, max-video-preview:-1\" \/>\n<link rel=\"canonical\" href=\"https:\/\/micasa.lv\/lv\/help-tualetes-papira-turetajs-rokturim\/\" \/>\n<meta property=\"og:locale\" content=\"lv_LV\" \/>\n<meta property=\"og:type\" content=\"article\" \/>\n<meta property=\"og:title\" content=\"HELP: Tualetes pap\u012bra tur\u0113t\u0101js rokturim - Micasa\" \/>\n<meta property=\"og:description\" content=\"Vannas istabas dizains bez robe\u017e\u0101m un ierobe\u017eojumiem! HELP s\u0113rija sniegs pal\u012bdz\u012bgu roku visiem, kas ilgojas p\u0113c vannas istabas bez barjer\u0101m,\" \/>\n<meta property=\"og:url\" content=\"https:\/\/micasa.lv\/lv\/help-tualetes-papira-turetajs-rokturim\/\" \/>\n<meta property=\"og:site_name\" content=\"Micasa\" \/>\n<meta property=\"article:modified_time\" content=\"2025-06-13T07:41:03+00:00\" \/>\n<meta property=\"og:image\" content=\"https:\/\/micasa.lv\/wp-content\/uploads\/2025\/05\/b02756beb289ade1fa81183c6e6733c1_104112192-velky.jpg\" \/>\n\t<meta property=\"og:image:width\" content=\"500\" \/>\n\t<meta property=\"og:image:height\" content=\"500\" \/>\n\t<meta property=\"og:image:type\" content=\"image\/jpeg\" \/>\n<meta name=\"twitter:card\" content=\"summary_large_image\" \/>\n<script type=\"application\/ld+json\" class=\"yoast-schema-graph\">{\"@context\":\"https:\\\/\\\/schema.org\",\"@graph\":[{\"@type\":\"WebPage\",\"@id\":\"https:\\\/\\\/micasa.lv\\\/lv\\\/help-tualetes-papira-turetajs-rokturim\\\/\",\"url\":\"https:\\\/\\\/micasa.lv\\\/lv\\\/help-tualetes-papira-turetajs-rokturim\\\/\",\"name\":\"HELP: Tualetes pap\u012bra tur\u0113t\u0101js rokturim - Micasa\",\"isPartOf\":{\"@id\":\"https:\\\/\\\/micasa.lv\\\/lv\\\/#website\"},\"primaryImageOfPage\":{\"@id\":\"https:\\\/\\\/micasa.lv\\\/lv\\\/help-tualetes-papira-turetajs-rokturim\\\/#primaryimage\"},\"image\":{\"@id\":\"https:\\\/\\\/micasa.lv\\\/lv\\\/help-tualetes-papira-turetajs-rokturim\\\/#primaryimage\"},\"thumbnailUrl\":\"https:\\\/\\\/micasa.lv\\\/wp-content\\\/uploads\\\/2025\\\/05\\\/b02756beb289ade1fa81183c6e6733c1_104112192-velky.jpg\",\"datePublished\":\"2025-05-15T07:48:26+00:00\",\"dateModified\":\"2025-06-13T07:41:03+00:00\",\"breadcrumb\":{\"@id\":\"https:\\\/\\\/micasa.lv\\\/lv\\\/help-tualetes-papira-turetajs-rokturim\\\/#breadcrumb\"},\"inLanguage\":\"lv-LV\",\"potentialAction\":[{\"@type\":\"ReadAction\",\"target\":[\"https:\\\/\\\/micasa.lv\\\/lv\\\/help-tualetes-papira-turetajs-rokturim\\\/\"]}]},{\"@type\":\"ImageObject\",\"inLanguage\":\"lv-LV\",\"@id\":\"https:\\\/\\\/micasa.lv\\\/lv\\\/help-tualetes-papira-turetajs-rokturim\\\/#primaryimage\",\"url\":\"https:\\\/\\\/micasa.lv\\\/wp-content\\\/uploads\\\/2025\\\/05\\\/b02756beb289ade1fa81183c6e6733c1_104112192-velky.jpg\",\"contentUrl\":\"https:\\\/\\\/micasa.lv\\\/wp-content\\\/uploads\\\/2025\\\/05\\\/b02756beb289ade1fa81183c6e6733c1_104112192-velky.jpg\",\"width\":500,\"height\":500},{\"@type\":\"BreadcrumbList\",\"@id\":\"https:\\\/\\\/micasa.lv\\\/lv\\\/help-tualetes-papira-turetajs-rokturim\\\/#breadcrumb\",\"itemListElement\":[{\"@type\":\"ListItem\",\"position\":1,\"name\":\"S\u0101kums\",\"item\":\"https:\\\/\\\/micasa.lv\\\/lv\\\/micasa\\\/\"},{\"@type\":\"ListItem\",\"position\":2,\"name\":\"Shop\",\"item\":\"https:\\\/\\\/micasa.lv\\\/lv\\\/shop\\\/\"},{\"@type\":\"ListItem\",\"position\":3,\"name\":\"HELP: Tualetes pap\u012bra tur\u0113t\u0101js rokturim\"}]},{\"@type\":\"WebSite\",\"@id\":\"https:\\\/\\\/micasa.lv\\\/lv\\\/#website\",\"url\":\"https:\\\/\\\/micasa.lv\\\/lv\\\/\",\"name\":\"Micasa\",\"description\":\"\",\"potentialAction\":[{\"@type\":\"SearchAction\",\"target\":{\"@type\":\"EntryPoint\",\"urlTemplate\":\"https:\\\/\\\/micasa.lv\\\/lv\\\/?s={search_term_string}\"},\"query-input\":{\"@type\":\"PropertyValueSpecification\",\"valueRequired\":true,\"valueName\":\"search_term_string\"}}],\"inLanguage\":\"lv-LV\"}]}<\/script>\n<!-- \/ Yoast SEO plugin. -->","yoast_head_json":{"title":"HELP: Tualetes pap\u012bra tur\u0113t\u0101js rokturim - Micasa","robots":{"index":"index","follow":"follow","max-snippet":"max-snippet:-1","max-image-preview":"max-image-preview:large","max-video-preview":"max-video-preview:-1"},"canonical":"https:\/\/micasa.lv\/lv\/help-tualetes-papira-turetajs-rokturim\/","og_locale":"lv_LV","og_type":"article","og_title":"HELP: Tualetes pap\u012bra tur\u0113t\u0101js rokturim - Micasa","og_description":"Vannas istabas dizains bez robe\u017e\u0101m un ierobe\u017eojumiem! HELP s\u0113rija sniegs pal\u012bdz\u012bgu roku visiem, kas ilgojas p\u0113c vannas istabas bez barjer\u0101m,","og_url":"https:\/\/micasa.lv\/lv\/help-tualetes-papira-turetajs-rokturim\/","og_site_name":"Micasa","article_modified_time":"2025-06-13T07:41:03+00:00","og_image":[{"width":500,"height":500,"url":"https:\/\/micasa.lv\/wp-content\/uploads\/2025\/05\/b02756beb289ade1fa81183c6e6733c1_104112192-velky.jpg","type":"image\/jpeg"}],"twitter_card":"summary_large_image","schema":{"@context":"https:\/\/schema.org","@graph":[{"@type":"WebPage","@id":"https:\/\/micasa.lv\/lv\/help-tualetes-papira-turetajs-rokturim\/","url":"https:\/\/micasa.lv\/lv\/help-tualetes-papira-turetajs-rokturim\/","name":"HELP: Tualetes pap\u012bra tur\u0113t\u0101js rokturim - Micasa","isPartOf":{"@id":"https:\/\/micasa.lv\/lv\/#website"},"primaryImageOfPage":{"@id":"https:\/\/micasa.lv\/lv\/help-tualetes-papira-turetajs-rokturim\/#primaryimage"},"image":{"@id":"https:\/\/micasa.lv\/lv\/help-tualetes-papira-turetajs-rokturim\/#primaryimage"},"thumbnailUrl":"https:\/\/micasa.lv\/wp-content\/uploads\/2025\/05\/b02756beb289ade1fa81183c6e6733c1_104112192-velky.jpg","datePublished":"2025-05-15T07:48:26+00:00","dateModified":"2025-06-13T07:41:03+00:00","breadcrumb":{"@id":"https:\/\/micasa.lv\/lv\/help-tualetes-papira-turetajs-rokturim\/#breadcrumb"},"inLanguage":"lv-LV","potentialAction":[{"@type":"ReadAction","target":["https:\/\/micasa.lv\/lv\/help-tualetes-papira-turetajs-rokturim\/"]}]},{"@type":"ImageObject","inLanguage":"lv-LV","@id":"https:\/\/micasa.lv\/lv\/help-tualetes-papira-turetajs-rokturim\/#primaryimage","url":"https:\/\/micasa.lv\/wp-content\/uploads\/2025\/05\/b02756beb289ade1fa81183c6e6733c1_104112192-velky.jpg","contentUrl":"https:\/\/micasa.lv\/wp-content\/uploads\/2025\/05\/b02756beb289ade1fa81183c6e6733c1_104112192-velky.jpg","width":500,"height":500},{"@type":"BreadcrumbList","@id":"https:\/\/micasa.lv\/lv\/help-tualetes-papira-turetajs-rokturim\/#breadcrumb","itemListElement":[{"@type":"ListItem","position":1,"name":"S\u0101kums","item":"https:\/\/micasa.lv\/lv\/micasa\/"},{"@type":"ListItem","position":2,"name":"Shop","item":"https:\/\/micasa.lv\/lv\/shop\/"},{"@type":"ListItem","position":3,"name":"HELP: Tualetes pap\u012bra tur\u0113t\u0101js rokturim"}]},{"@type":"WebSite","@id":"https:\/\/micasa.lv\/lv\/#website","url":"https:\/\/micasa.lv\/lv\/","name":"Micasa","description":"","potentialAction":[{"@type":"SearchAction","target":{"@type":"EntryPoint","urlTemplate":"https:\/\/micasa.lv\/lv\/?s={search_term_string}"},"query-input":{"@type":"PropertyValueSpecification","valueRequired":true,"valueName":"search_term_string"}}],"inLanguage":"lv-LV"}]}},"wcpa_form_fields":null,"_links":{"self":[{"href":"https:\/\/micasa.lv\/lv\/wp-json\/wp\/v2\/product\/47606","targetHints":{"allow":["GET"]}}],"collection":[{"href":"https:\/\/micasa.lv\/lv\/wp-json\/wp\/v2\/product"}],"about":[{"href":"https:\/\/micasa.lv\/lv\/wp-json\/wp\/v2\/types\/product"}],"version-history":[{"count":1,"href":"https:\/\/micasa.lv\/lv\/wp-json\/wp\/v2\/product\/47606\/revisions"}],"predecessor-version":[{"id":47636,"href":"https:\/\/micasa.lv\/lv\/wp-json\/wp\/v2\/product\/47606\/revisions\/47636"}],"wp:featuredmedia":[{"embeddable":true,"href":"https:\/\/micasa.lv\/lv\/wp-json\/wp\/v2\/media\/47201"}],"wp:attachment":[{"href":"https:\/\/micasa.lv\/lv\/wp-json\/wp\/v2\/media?parent=47606"}],"wp:term":[{"taxonomy":"product_brand","embeddable":true,"href":"https:\/\/micasa.lv\/lv\/wp-json\/wp\/v2\/product_brand?post=47606"},{"taxonomy":"product_cat","embeddable":true,"href":"https:\/\/micasa.lv\/lv\/wp-json\/wp\/v2\/product_cat?post=47606"},{"taxonomy":"product_tag","embeddable":true,"href":"https:\/\/micasa.lv\/lv\/wp-json\/wp\/v2\/product_tag?post=47606"},{"taxonomy":"delivery_time","embeddable":true,"href":"https:\/\/micasa.lv\/lv\/wp-json\/wp\/v2\/delivery_time?post=47606"}],"curies":[{"name":"wp","href":"https:\/\/api.w.org\/{rel}","templated":true}]}}