{"id":47612,"date":"2025-05-15T10:48:27","date_gmt":"2025-05-15T07:48:27","guid":{"rendered":"https:\/\/test.micasa.lv\/?post_type=product&#038;p=47612"},"modified":"2025-06-13T10:41:05","modified_gmt":"2025-06-13T07:41:05","slug":"graphit-viens-halata-akis-2","status":"publish","type":"product","link":"https:\/\/micasa.lv\/lv\/graphit-viens-halata-akis-2\/","title":{"rendered":"GRAPHIT: Viens hal\u0101ta \u0101\u0137is"},"content":{"rendered":"<p>Termins grafe\u012bns (no grie\u0137u valodas) noz\u012bm\u0113 rakst\u012bt, aprakst\u012bt, z\u012bm\u0113t. Graf\u012bts ir rado\u0161uma instruments, t\u0101p\u0113c tam j\u0101b\u016bt m\u016bsu rado\u0161aj\u0101 kolekcij\u0101. Graphit produkti ir tum\u0161i pel\u0113k\u0101 un met\u0101liski pusmat\u0113t\u0101 kr\u0101s\u0101. Tie atg\u0101dina cietu vai apdzisu\u0161u magmu. \u0160\u012bs l\u012bnijas unikalit\u0101te sl\u0113pjas t\u0101s piel\u0101go\u0161an\u0101s sp\u0113j\u0101 apk\u0101rt\u0113j\u0101m kr\u0101s\u0101m un stiliem. Tas labi izskat\u012bsies gan pies\u0101tin\u0101t\u0101m kr\u0101s\u0101m, gan paste\u013cto\u0146iem. Tas ieder\u0113sies klasisk\u0101, minim\u0101listisk\u0101 vai industri\u0101l\u0101 vannas istab\u0101. Kombin\u0101cij\u0101 ar koku tas izskat\u012bsies diev\u012bgi.<\/p>\n","protected":false},"excerpt":{"rendered":"<p>Termins grafe\u012bns (no grie\u0137u valodas) noz\u012bm\u0113 rakst\u012bt, aprakst\u012bt, z\u012bm\u0113t. Graf\u012bts ir rado\u0161uma instruments, t\u0101p\u0113c tam j\u0101b\u016bt m\u016bsu rado\u0161aj\u0101 kolekcij\u0101. Graphit<\/p>\n","protected":false},"featured_media":47108,"template":"","meta":[],"product_brand":[],"product_cat":[1835,1528],"product_tag":[],"class_list":{"0":"post-47612","1":"product","2":"type-product","3":"status-publish","4":"has-post-thumbnail","6":"product_cat-aki-un-pakaramie","7":"product_cat-vannas-istabas-aksesuari","8":"pa_brand-bemeta-lv","10":"first","11":"instock","12":"taxable","13":"shipping-taxable","14":"purchasable","15":"product-type-simple"},"yoast_head":"<!-- This site is optimized with the Yoast SEO plugin v27.4 - https:\/\/yoast.com\/product\/yoast-seo-wordpress\/ -->\n<title>GRAPHIT: Viens hal\u0101ta \u0101\u0137is - Micasa<\/title>\n<meta name=\"robots\" content=\"index, follow, max-snippet:-1, max-image-preview:large, max-video-preview:-1\" \/>\n<link rel=\"canonical\" href=\"https:\/\/micasa.lv\/lv\/graphit-viens-halata-akis-2\/\" \/>\n<meta property=\"og:locale\" content=\"lv_LV\" \/>\n<meta property=\"og:type\" content=\"article\" \/>\n<meta property=\"og:title\" content=\"GRAPHIT: Viens hal\u0101ta \u0101\u0137is - Micasa\" \/>\n<meta property=\"og:description\" content=\"Termins grafe\u012bns (no grie\u0137u valodas) noz\u012bm\u0113 rakst\u012bt, aprakst\u012bt, z\u012bm\u0113t. Graf\u012bts ir rado\u0161uma instruments, t\u0101p\u0113c tam j\u0101b\u016bt m\u016bsu rado\u0161aj\u0101 kolekcij\u0101. Graphit\" \/>\n<meta property=\"og:url\" content=\"https:\/\/micasa.lv\/lv\/graphit-viens-halata-akis-2\/\" \/>\n<meta property=\"og:site_name\" content=\"Micasa\" \/>\n<meta property=\"article:modified_time\" content=\"2025-06-13T07:41:05+00:00\" \/>\n<meta property=\"og:image\" content=\"https:\/\/micasa.lv\/wp-content\/uploads\/2025\/05\/056c09ea955db78edb6f1b39d1f1b0a2_156506092-velky.jpg\" \/>\n\t<meta property=\"og:image:width\" content=\"500\" \/>\n\t<meta property=\"og:image:height\" content=\"500\" \/>\n\t<meta property=\"og:image:type\" content=\"image\/jpeg\" \/>\n<meta name=\"twitter:card\" content=\"summary_large_image\" \/>\n<meta name=\"twitter:label1\" content=\"Est. reading time\" \/>\n\t<meta name=\"twitter:data1\" content=\"1 minute\" \/>\n<script type=\"application\/ld+json\" class=\"yoast-schema-graph\">{\"@context\":\"https:\\\/\\\/schema.org\",\"@graph\":[{\"@type\":\"WebPage\",\"@id\":\"https:\\\/\\\/micasa.lv\\\/lv\\\/graphit-viens-halata-akis-2\\\/\",\"url\":\"https:\\\/\\\/micasa.lv\\\/lv\\\/graphit-viens-halata-akis-2\\\/\",\"name\":\"GRAPHIT: Viens hal\u0101ta \u0101\u0137is - Micasa\",\"isPartOf\":{\"@id\":\"https:\\\/\\\/micasa.lv\\\/lv\\\/#website\"},\"primaryImageOfPage\":{\"@id\":\"https:\\\/\\\/micasa.lv\\\/lv\\\/graphit-viens-halata-akis-2\\\/#primaryimage\"},\"image\":{\"@id\":\"https:\\\/\\\/micasa.lv\\\/lv\\\/graphit-viens-halata-akis-2\\\/#primaryimage\"},\"thumbnailUrl\":\"https:\\\/\\\/micasa.lv\\\/wp-content\\\/uploads\\\/2025\\\/05\\\/056c09ea955db78edb6f1b39d1f1b0a2_156506092-velky.jpg\",\"datePublished\":\"2025-05-15T07:48:27+00:00\",\"dateModified\":\"2025-06-13T07:41:05+00:00\",\"breadcrumb\":{\"@id\":\"https:\\\/\\\/micasa.lv\\\/lv\\\/graphit-viens-halata-akis-2\\\/#breadcrumb\"},\"inLanguage\":\"lv-LV\",\"potentialAction\":[{\"@type\":\"ReadAction\",\"target\":[\"https:\\\/\\\/micasa.lv\\\/lv\\\/graphit-viens-halata-akis-2\\\/\"]}]},{\"@type\":\"ImageObject\",\"inLanguage\":\"lv-LV\",\"@id\":\"https:\\\/\\\/micasa.lv\\\/lv\\\/graphit-viens-halata-akis-2\\\/#primaryimage\",\"url\":\"https:\\\/\\\/micasa.lv\\\/wp-content\\\/uploads\\\/2025\\\/05\\\/056c09ea955db78edb6f1b39d1f1b0a2_156506092-velky.jpg\",\"contentUrl\":\"https:\\\/\\\/micasa.lv\\\/wp-content\\\/uploads\\\/2025\\\/05\\\/056c09ea955db78edb6f1b39d1f1b0a2_156506092-velky.jpg\",\"width\":500,\"height\":500},{\"@type\":\"BreadcrumbList\",\"@id\":\"https:\\\/\\\/micasa.lv\\\/lv\\\/graphit-viens-halata-akis-2\\\/#breadcrumb\",\"itemListElement\":[{\"@type\":\"ListItem\",\"position\":1,\"name\":\"S\u0101kums\",\"item\":\"https:\\\/\\\/micasa.lv\\\/lv\\\/micasa\\\/\"},{\"@type\":\"ListItem\",\"position\":2,\"name\":\"Shop\",\"item\":\"https:\\\/\\\/micasa.lv\\\/lv\\\/shop\\\/\"},{\"@type\":\"ListItem\",\"position\":3,\"name\":\"GRAPHIT: Viens hal\u0101ta \u0101\u0137is\"}]},{\"@type\":\"WebSite\",\"@id\":\"https:\\\/\\\/micasa.lv\\\/lv\\\/#website\",\"url\":\"https:\\\/\\\/micasa.lv\\\/lv\\\/\",\"name\":\"Micasa\",\"description\":\"\",\"potentialAction\":[{\"@type\":\"SearchAction\",\"target\":{\"@type\":\"EntryPoint\",\"urlTemplate\":\"https:\\\/\\\/micasa.lv\\\/lv\\\/?s={search_term_string}\"},\"query-input\":{\"@type\":\"PropertyValueSpecification\",\"valueRequired\":true,\"valueName\":\"search_term_string\"}}],\"inLanguage\":\"lv-LV\"}]}<\/script>\n<!-- \/ Yoast SEO plugin. -->","yoast_head_json":{"title":"GRAPHIT: Viens hal\u0101ta \u0101\u0137is - Micasa","robots":{"index":"index","follow":"follow","max-snippet":"max-snippet:-1","max-image-preview":"max-image-preview:large","max-video-preview":"max-video-preview:-1"},"canonical":"https:\/\/micasa.lv\/lv\/graphit-viens-halata-akis-2\/","og_locale":"lv_LV","og_type":"article","og_title":"GRAPHIT: Viens hal\u0101ta \u0101\u0137is - Micasa","og_description":"Termins grafe\u012bns (no grie\u0137u valodas) noz\u012bm\u0113 rakst\u012bt, aprakst\u012bt, z\u012bm\u0113t. Graf\u012bts ir rado\u0161uma instruments, t\u0101p\u0113c tam j\u0101b\u016bt m\u016bsu rado\u0161aj\u0101 kolekcij\u0101. Graphit","og_url":"https:\/\/micasa.lv\/lv\/graphit-viens-halata-akis-2\/","og_site_name":"Micasa","article_modified_time":"2025-06-13T07:41:05+00:00","og_image":[{"width":500,"height":500,"url":"https:\/\/micasa.lv\/wp-content\/uploads\/2025\/05\/056c09ea955db78edb6f1b39d1f1b0a2_156506092-velky.jpg","type":"image\/jpeg"}],"twitter_card":"summary_large_image","twitter_misc":{"Est. reading time":"1 minute"},"schema":{"@context":"https:\/\/schema.org","@graph":[{"@type":"WebPage","@id":"https:\/\/micasa.lv\/lv\/graphit-viens-halata-akis-2\/","url":"https:\/\/micasa.lv\/lv\/graphit-viens-halata-akis-2\/","name":"GRAPHIT: Viens hal\u0101ta \u0101\u0137is - Micasa","isPartOf":{"@id":"https:\/\/micasa.lv\/lv\/#website"},"primaryImageOfPage":{"@id":"https:\/\/micasa.lv\/lv\/graphit-viens-halata-akis-2\/#primaryimage"},"image":{"@id":"https:\/\/micasa.lv\/lv\/graphit-viens-halata-akis-2\/#primaryimage"},"thumbnailUrl":"https:\/\/micasa.lv\/wp-content\/uploads\/2025\/05\/056c09ea955db78edb6f1b39d1f1b0a2_156506092-velky.jpg","datePublished":"2025-05-15T07:48:27+00:00","dateModified":"2025-06-13T07:41:05+00:00","breadcrumb":{"@id":"https:\/\/micasa.lv\/lv\/graphit-viens-halata-akis-2\/#breadcrumb"},"inLanguage":"lv-LV","potentialAction":[{"@type":"ReadAction","target":["https:\/\/micasa.lv\/lv\/graphit-viens-halata-akis-2\/"]}]},{"@type":"ImageObject","inLanguage":"lv-LV","@id":"https:\/\/micasa.lv\/lv\/graphit-viens-halata-akis-2\/#primaryimage","url":"https:\/\/micasa.lv\/wp-content\/uploads\/2025\/05\/056c09ea955db78edb6f1b39d1f1b0a2_156506092-velky.jpg","contentUrl":"https:\/\/micasa.lv\/wp-content\/uploads\/2025\/05\/056c09ea955db78edb6f1b39d1f1b0a2_156506092-velky.jpg","width":500,"height":500},{"@type":"BreadcrumbList","@id":"https:\/\/micasa.lv\/lv\/graphit-viens-halata-akis-2\/#breadcrumb","itemListElement":[{"@type":"ListItem","position":1,"name":"S\u0101kums","item":"https:\/\/micasa.lv\/lv\/micasa\/"},{"@type":"ListItem","position":2,"name":"Shop","item":"https:\/\/micasa.lv\/lv\/shop\/"},{"@type":"ListItem","position":3,"name":"GRAPHIT: Viens hal\u0101ta \u0101\u0137is"}]},{"@type":"WebSite","@id":"https:\/\/micasa.lv\/lv\/#website","url":"https:\/\/micasa.lv\/lv\/","name":"Micasa","description":"","potentialAction":[{"@type":"SearchAction","target":{"@type":"EntryPoint","urlTemplate":"https:\/\/micasa.lv\/lv\/?s={search_term_string}"},"query-input":{"@type":"PropertyValueSpecification","valueRequired":true,"valueName":"search_term_string"}}],"inLanguage":"lv-LV"}]}},"wcpa_form_fields":null,"_links":{"self":[{"href":"https:\/\/micasa.lv\/lv\/wp-json\/wp\/v2\/product\/47612","targetHints":{"allow":["GET"]}}],"collection":[{"href":"https:\/\/micasa.lv\/lv\/wp-json\/wp\/v2\/product"}],"about":[{"href":"https:\/\/micasa.lv\/lv\/wp-json\/wp\/v2\/types\/product"}],"version-history":[{"count":1,"href":"https:\/\/micasa.lv\/lv\/wp-json\/wp\/v2\/product\/47612\/revisions"}],"predecessor-version":[{"id":47642,"href":"https:\/\/micasa.lv\/lv\/wp-json\/wp\/v2\/product\/47612\/revisions\/47642"}],"wp:featuredmedia":[{"embeddable":true,"href":"https:\/\/micasa.lv\/lv\/wp-json\/wp\/v2\/media\/47108"}],"wp:attachment":[{"href":"https:\/\/micasa.lv\/lv\/wp-json\/wp\/v2\/media?parent=47612"}],"wp:term":[{"taxonomy":"product_brand","embeddable":true,"href":"https:\/\/micasa.lv\/lv\/wp-json\/wp\/v2\/product_brand?post=47612"},{"taxonomy":"product_cat","embeddable":true,"href":"https:\/\/micasa.lv\/lv\/wp-json\/wp\/v2\/product_cat?post=47612"},{"taxonomy":"product_tag","embeddable":true,"href":"https:\/\/micasa.lv\/lv\/wp-json\/wp\/v2\/product_tag?post=47612"}],"curies":[{"name":"wp","href":"https:\/\/api.w.org\/{rel}","templated":true}]}}