{"id":48466,"date":"2025-05-15T17:38:58","date_gmt":"2025-05-15T14:38:58","guid":{"rendered":"https:\/\/test.micasa.lv\/?post_type=product&#038;p=48466"},"modified":"2025-06-13T10:42:34","modified_gmt":"2025-06-13T07:42:34","slug":"balts-komplekts-6-gab","status":"publish","type":"product","link":"https:\/\/micasa.lv\/lv\/balts-komplekts-6-gab\/","title":{"rendered":"BALTS KOMPLEKTS, 6 gab."},"content":{"rendered":"<p>\u0160\u012b WHITE kolekcija izskat\u0101s t\u012bra un svaiga, pie\u0161\u0137ir vieglumu, nomierina un var b\u016bt gan grezna, gan neuzkr\u012bto\u0161a. K\u0101 jau nor\u0101da nosaukums, kolekcij\u0101 domin\u0113 balt\u0101 kr\u0101sa. Galvenok\u0101rt izgatavota no misi\u0146a, t\u0101s aksesu\u0101ri saglab\u0101 minim\u0101listisku pieeju un ir viegli kopjami. Produktu l\u012bnij\u0101 ietilpst dvie\u013cu, birstu un tualetes pap\u012bra rull\u012b\u0161u tur\u0113t\u0101ji, tualetes birstes, pakaramie, plaukti, dozatori, ziepju trauki un pat atkritumu tvertnes. Katrai vannas istabai ir kaut kas piem\u0113rots.<\/p>\n","protected":false},"excerpt":{"rendered":"<p>\u0160\u012b WHITE kolekcija izskat\u0101s t\u012bra un svaiga, pie\u0161\u0137ir vieglumu, nomierina un var b\u016bt gan grezna, gan neuzkr\u012bto\u0161a. K\u0101 jau nor\u0101da<\/p>\n","protected":false},"featured_media":48029,"template":"","meta":[],"product_brand":[],"product_cat":[1528],"product_tag":[],"class_list":{"0":"post-48466","1":"product","2":"type-product","3":"status-publish","4":"has-post-thumbnail","6":"product_cat-vannas-istabas-aksesuari","7":"pa_brand-bemeta-lv","9":"first","10":"instock","11":"taxable","12":"shipping-taxable","13":"purchasable","14":"product-type-simple"},"yoast_head":"<!-- This site is optimized with the Yoast SEO plugin v27.4 - https:\/\/yoast.com\/product\/yoast-seo-wordpress\/ -->\n<title>BALTS KOMPLEKTS, 6 gab. - Micasa<\/title>\n<meta name=\"robots\" content=\"index, follow, max-snippet:-1, max-image-preview:large, max-video-preview:-1\" \/>\n<link rel=\"canonical\" href=\"https:\/\/micasa.lv\/lv\/balts-komplekts-6-gab\/\" \/>\n<meta property=\"og:locale\" content=\"lv_LV\" \/>\n<meta property=\"og:type\" content=\"article\" \/>\n<meta property=\"og:title\" content=\"BALTS KOMPLEKTS, 6 gab. - Micasa\" \/>\n<meta property=\"og:description\" content=\"\u0160\u012b WHITE kolekcija izskat\u0101s t\u012bra un svaiga, pie\u0161\u0137ir vieglumu, nomierina un var b\u016bt gan grezna, gan neuzkr\u012bto\u0161a. K\u0101 jau nor\u0101da\" \/>\n<meta property=\"og:url\" content=\"https:\/\/micasa.lv\/lv\/balts-komplekts-6-gab\/\" \/>\n<meta property=\"og:site_name\" content=\"Micasa\" \/>\n<meta property=\"article:modified_time\" content=\"2025-06-13T07:42:34+00:00\" \/>\n<meta property=\"og:image\" content=\"https:\/\/micasa.lv\/wp-content\/uploads\/2025\/05\/99bf8e18fdc65ddd2f7bbf02296de438_204604-velky.jpg\" \/>\n\t<meta property=\"og:image:width\" content=\"500\" \/>\n\t<meta property=\"og:image:height\" content=\"500\" \/>\n\t<meta property=\"og:image:type\" content=\"image\/jpeg\" \/>\n<meta name=\"twitter:card\" content=\"summary_large_image\" \/>\n<script type=\"application\/ld+json\" class=\"yoast-schema-graph\">{\"@context\":\"https:\\\/\\\/schema.org\",\"@graph\":[{\"@type\":\"WebPage\",\"@id\":\"https:\\\/\\\/micasa.lv\\\/lv\\\/balts-komplekts-6-gab\\\/\",\"url\":\"https:\\\/\\\/micasa.lv\\\/lv\\\/balts-komplekts-6-gab\\\/\",\"name\":\"BALTS KOMPLEKTS, 6 gab. - Micasa\",\"isPartOf\":{\"@id\":\"https:\\\/\\\/micasa.lv\\\/lv\\\/#website\"},\"primaryImageOfPage\":{\"@id\":\"https:\\\/\\\/micasa.lv\\\/lv\\\/balts-komplekts-6-gab\\\/#primaryimage\"},\"image\":{\"@id\":\"https:\\\/\\\/micasa.lv\\\/lv\\\/balts-komplekts-6-gab\\\/#primaryimage\"},\"thumbnailUrl\":\"https:\\\/\\\/micasa.lv\\\/wp-content\\\/uploads\\\/2025\\\/05\\\/99bf8e18fdc65ddd2f7bbf02296de438_204604-velky.jpg\",\"datePublished\":\"2025-05-15T14:38:58+00:00\",\"dateModified\":\"2025-06-13T07:42:34+00:00\",\"breadcrumb\":{\"@id\":\"https:\\\/\\\/micasa.lv\\\/lv\\\/balts-komplekts-6-gab\\\/#breadcrumb\"},\"inLanguage\":\"lv-LV\",\"potentialAction\":[{\"@type\":\"ReadAction\",\"target\":[\"https:\\\/\\\/micasa.lv\\\/lv\\\/balts-komplekts-6-gab\\\/\"]}]},{\"@type\":\"ImageObject\",\"inLanguage\":\"lv-LV\",\"@id\":\"https:\\\/\\\/micasa.lv\\\/lv\\\/balts-komplekts-6-gab\\\/#primaryimage\",\"url\":\"https:\\\/\\\/micasa.lv\\\/wp-content\\\/uploads\\\/2025\\\/05\\\/99bf8e18fdc65ddd2f7bbf02296de438_204604-velky.jpg\",\"contentUrl\":\"https:\\\/\\\/micasa.lv\\\/wp-content\\\/uploads\\\/2025\\\/05\\\/99bf8e18fdc65ddd2f7bbf02296de438_204604-velky.jpg\",\"width\":500,\"height\":500},{\"@type\":\"BreadcrumbList\",\"@id\":\"https:\\\/\\\/micasa.lv\\\/lv\\\/balts-komplekts-6-gab\\\/#breadcrumb\",\"itemListElement\":[{\"@type\":\"ListItem\",\"position\":1,\"name\":\"S\u0101kums\",\"item\":\"https:\\\/\\\/micasa.lv\\\/lv\\\/micasa\\\/\"},{\"@type\":\"ListItem\",\"position\":2,\"name\":\"Shop\",\"item\":\"https:\\\/\\\/micasa.lv\\\/lv\\\/shop\\\/\"},{\"@type\":\"ListItem\",\"position\":3,\"name\":\"BALTS KOMPLEKTS, 6 gab.\"}]},{\"@type\":\"WebSite\",\"@id\":\"https:\\\/\\\/micasa.lv\\\/lv\\\/#website\",\"url\":\"https:\\\/\\\/micasa.lv\\\/lv\\\/\",\"name\":\"Micasa\",\"description\":\"\",\"potentialAction\":[{\"@type\":\"SearchAction\",\"target\":{\"@type\":\"EntryPoint\",\"urlTemplate\":\"https:\\\/\\\/micasa.lv\\\/lv\\\/?s={search_term_string}\"},\"query-input\":{\"@type\":\"PropertyValueSpecification\",\"valueRequired\":true,\"valueName\":\"search_term_string\"}}],\"inLanguage\":\"lv-LV\"}]}<\/script>\n<!-- \/ Yoast SEO plugin. -->","yoast_head_json":{"title":"BALTS KOMPLEKTS, 6 gab. - Micasa","robots":{"index":"index","follow":"follow","max-snippet":"max-snippet:-1","max-image-preview":"max-image-preview:large","max-video-preview":"max-video-preview:-1"},"canonical":"https:\/\/micasa.lv\/lv\/balts-komplekts-6-gab\/","og_locale":"lv_LV","og_type":"article","og_title":"BALTS KOMPLEKTS, 6 gab. - Micasa","og_description":"\u0160\u012b WHITE kolekcija izskat\u0101s t\u012bra un svaiga, pie\u0161\u0137ir vieglumu, nomierina un var b\u016bt gan grezna, gan neuzkr\u012bto\u0161a. K\u0101 jau nor\u0101da","og_url":"https:\/\/micasa.lv\/lv\/balts-komplekts-6-gab\/","og_site_name":"Micasa","article_modified_time":"2025-06-13T07:42:34+00:00","og_image":[{"width":500,"height":500,"url":"https:\/\/micasa.lv\/wp-content\/uploads\/2025\/05\/99bf8e18fdc65ddd2f7bbf02296de438_204604-velky.jpg","type":"image\/jpeg"}],"twitter_card":"summary_large_image","schema":{"@context":"https:\/\/schema.org","@graph":[{"@type":"WebPage","@id":"https:\/\/micasa.lv\/lv\/balts-komplekts-6-gab\/","url":"https:\/\/micasa.lv\/lv\/balts-komplekts-6-gab\/","name":"BALTS KOMPLEKTS, 6 gab. - Micasa","isPartOf":{"@id":"https:\/\/micasa.lv\/lv\/#website"},"primaryImageOfPage":{"@id":"https:\/\/micasa.lv\/lv\/balts-komplekts-6-gab\/#primaryimage"},"image":{"@id":"https:\/\/micasa.lv\/lv\/balts-komplekts-6-gab\/#primaryimage"},"thumbnailUrl":"https:\/\/micasa.lv\/wp-content\/uploads\/2025\/05\/99bf8e18fdc65ddd2f7bbf02296de438_204604-velky.jpg","datePublished":"2025-05-15T14:38:58+00:00","dateModified":"2025-06-13T07:42:34+00:00","breadcrumb":{"@id":"https:\/\/micasa.lv\/lv\/balts-komplekts-6-gab\/#breadcrumb"},"inLanguage":"lv-LV","potentialAction":[{"@type":"ReadAction","target":["https:\/\/micasa.lv\/lv\/balts-komplekts-6-gab\/"]}]},{"@type":"ImageObject","inLanguage":"lv-LV","@id":"https:\/\/micasa.lv\/lv\/balts-komplekts-6-gab\/#primaryimage","url":"https:\/\/micasa.lv\/wp-content\/uploads\/2025\/05\/99bf8e18fdc65ddd2f7bbf02296de438_204604-velky.jpg","contentUrl":"https:\/\/micasa.lv\/wp-content\/uploads\/2025\/05\/99bf8e18fdc65ddd2f7bbf02296de438_204604-velky.jpg","width":500,"height":500},{"@type":"BreadcrumbList","@id":"https:\/\/micasa.lv\/lv\/balts-komplekts-6-gab\/#breadcrumb","itemListElement":[{"@type":"ListItem","position":1,"name":"S\u0101kums","item":"https:\/\/micasa.lv\/lv\/micasa\/"},{"@type":"ListItem","position":2,"name":"Shop","item":"https:\/\/micasa.lv\/lv\/shop\/"},{"@type":"ListItem","position":3,"name":"BALTS KOMPLEKTS, 6 gab."}]},{"@type":"WebSite","@id":"https:\/\/micasa.lv\/lv\/#website","url":"https:\/\/micasa.lv\/lv\/","name":"Micasa","description":"","potentialAction":[{"@type":"SearchAction","target":{"@type":"EntryPoint","urlTemplate":"https:\/\/micasa.lv\/lv\/?s={search_term_string}"},"query-input":{"@type":"PropertyValueSpecification","valueRequired":true,"valueName":"search_term_string"}}],"inLanguage":"lv-LV"}]}},"wcpa_form_fields":null,"_links":{"self":[{"href":"https:\/\/micasa.lv\/lv\/wp-json\/wp\/v2\/product\/48466","targetHints":{"allow":["GET"]}}],"collection":[{"href":"https:\/\/micasa.lv\/lv\/wp-json\/wp\/v2\/product"}],"about":[{"href":"https:\/\/micasa.lv\/lv\/wp-json\/wp\/v2\/types\/product"}],"version-history":[{"count":1,"href":"https:\/\/micasa.lv\/lv\/wp-json\/wp\/v2\/product\/48466\/revisions"}],"predecessor-version":[{"id":48496,"href":"https:\/\/micasa.lv\/lv\/wp-json\/wp\/v2\/product\/48466\/revisions\/48496"}],"wp:featuredmedia":[{"embeddable":true,"href":"https:\/\/micasa.lv\/lv\/wp-json\/wp\/v2\/media\/48029"}],"wp:attachment":[{"href":"https:\/\/micasa.lv\/lv\/wp-json\/wp\/v2\/media?parent=48466"}],"wp:term":[{"taxonomy":"product_brand","embeddable":true,"href":"https:\/\/micasa.lv\/lv\/wp-json\/wp\/v2\/product_brand?post=48466"},{"taxonomy":"product_cat","embeddable":true,"href":"https:\/\/micasa.lv\/lv\/wp-json\/wp\/v2\/product_cat?post=48466"},{"taxonomy":"product_tag","embeddable":true,"href":"https:\/\/micasa.lv\/lv\/wp-json\/wp\/v2\/product_tag?post=48466"}],"curies":[{"name":"wp","href":"https:\/\/api.w.org\/{rel}","templated":true}]}}