{"id":48509,"date":"2025-05-15T17:39:01","date_gmt":"2025-05-15T14:39:01","guid":{"rendered":"https:\/\/test.micasa.lv\/?post_type=product&#038;p=48509"},"modified":"2025-06-13T10:42:39","modified_gmt":"2025-06-13T07:42:39","slug":"balts-kosmetiskais-vannas-spogulis-teleskopisks-o200-mm","status":"publish","type":"product","link":"https:\/\/micasa.lv\/lv\/balts-kosmetiskais-vannas-spogulis-teleskopisks-o200-mm\/","title":{"rendered":"BALTS: Kosm\u0113tiskais vannas spogulis, teleskopisks \u00d8200 mm"},"content":{"rendered":"<p>WHITE kolekcija izskat\u0101s t\u012bra un svaiga, pie\u0161\u0137ir vieglumu, nomierina un var b\u016bt gan kr\u0101\u0161\u0146a, gan neuzkr\u012bto\u0161a. Balt\u0101 kr\u0101sa ir \u0161\u012bs kolekcijas sirds. Aksesu\u0101ri galvenok\u0101rt ir izgatavoti no misi\u0146a, saglab\u0101jot minim\u0101listisku pieeju, un ir viegli kopjami. Produktu kl\u0101st\u0101 ietilpst dvie\u013cu, zobu birstu un tualetes pap\u012bra tur\u0113t\u0101ji, tualetes birstes, pakaramie, plaukti, dozatori, ziepju dozatori un pat atkritumu grozi. Katrai vannas istabai ir kaut kas piem\u0113rots.<\/p>\n","protected":false},"excerpt":{"rendered":"<p>WHITE kolekcija izskat\u0101s t\u012bra un svaiga, pie\u0161\u0137ir vieglumu, nomierina un var b\u016bt gan kr\u0101\u0161\u0146a, gan neuzkr\u012bto\u0161a. Balt\u0101 kr\u0101sa ir \u0161\u012bs<\/p>\n","protected":false},"featured_media":47948,"template":"","meta":[],"product_brand":[],"product_cat":[1827,1528],"product_tag":[],"class_list":{"0":"post-48509","1":"product","2":"type-product","3":"status-publish","4":"has-post-thumbnail","6":"product_cat-kosmetiskie-spoguli","7":"product_cat-vannas-istabas-aksesuari","8":"pa_brand-bemeta-lv","10":"first","11":"instock","12":"taxable","13":"shipping-taxable","14":"purchasable","15":"product-type-simple"},"yoast_head":"<!-- This site is optimized with the Yoast SEO plugin v27.4 - https:\/\/yoast.com\/product\/yoast-seo-wordpress\/ -->\n<title>BALTS: Kosm\u0113tiskais vannas spogulis, teleskopisks \u00d8200 mm - Micasa<\/title>\n<meta name=\"robots\" content=\"index, follow, max-snippet:-1, max-image-preview:large, max-video-preview:-1\" \/>\n<link rel=\"canonical\" href=\"https:\/\/micasa.lv\/lv\/balts-kosmetiskais-vannas-spogulis-teleskopisks-o200-mm\/\" \/>\n<meta property=\"og:locale\" content=\"lv_LV\" \/>\n<meta property=\"og:type\" content=\"article\" \/>\n<meta property=\"og:title\" content=\"BALTS: Kosm\u0113tiskais vannas spogulis, teleskopisks \u00d8200 mm - Micasa\" \/>\n<meta property=\"og:description\" content=\"WHITE kolekcija izskat\u0101s t\u012bra un svaiga, pie\u0161\u0137ir vieglumu, nomierina un var b\u016bt gan kr\u0101\u0161\u0146a, gan neuzkr\u012bto\u0161a. Balt\u0101 kr\u0101sa ir \u0161\u012bs\" \/>\n<meta property=\"og:url\" content=\"https:\/\/micasa.lv\/lv\/balts-kosmetiskais-vannas-spogulis-teleskopisks-o200-mm\/\" \/>\n<meta property=\"og:site_name\" content=\"Micasa\" \/>\n<meta property=\"article:modified_time\" content=\"2025-06-13T07:42:39+00:00\" \/>\n<meta property=\"og:image\" content=\"https:\/\/micasa.lv\/wp-content\/uploads\/2025\/05\/4e2bde524cbaae65feedf0cd55a69b5a_112201414w-velky.jpg\" \/>\n\t<meta property=\"og:image:width\" content=\"500\" \/>\n\t<meta property=\"og:image:height\" content=\"500\" \/>\n\t<meta property=\"og:image:type\" content=\"image\/jpeg\" \/>\n<meta name=\"twitter:card\" content=\"summary_large_image\" \/>\n<script type=\"application\/ld+json\" class=\"yoast-schema-graph\">{\"@context\":\"https:\\\/\\\/schema.org\",\"@graph\":[{\"@type\":\"WebPage\",\"@id\":\"https:\\\/\\\/micasa.lv\\\/lv\\\/balts-kosmetiskais-vannas-spogulis-teleskopisks-o200-mm\\\/\",\"url\":\"https:\\\/\\\/micasa.lv\\\/lv\\\/balts-kosmetiskais-vannas-spogulis-teleskopisks-o200-mm\\\/\",\"name\":\"BALTS: Kosm\u0113tiskais vannas spogulis, teleskopisks \u00d8200 mm - Micasa\",\"isPartOf\":{\"@id\":\"https:\\\/\\\/micasa.lv\\\/lv\\\/#website\"},\"primaryImageOfPage\":{\"@id\":\"https:\\\/\\\/micasa.lv\\\/lv\\\/balts-kosmetiskais-vannas-spogulis-teleskopisks-o200-mm\\\/#primaryimage\"},\"image\":{\"@id\":\"https:\\\/\\\/micasa.lv\\\/lv\\\/balts-kosmetiskais-vannas-spogulis-teleskopisks-o200-mm\\\/#primaryimage\"},\"thumbnailUrl\":\"https:\\\/\\\/micasa.lv\\\/wp-content\\\/uploads\\\/2025\\\/05\\\/4e2bde524cbaae65feedf0cd55a69b5a_112201414w-velky.jpg\",\"datePublished\":\"2025-05-15T14:39:01+00:00\",\"dateModified\":\"2025-06-13T07:42:39+00:00\",\"breadcrumb\":{\"@id\":\"https:\\\/\\\/micasa.lv\\\/lv\\\/balts-kosmetiskais-vannas-spogulis-teleskopisks-o200-mm\\\/#breadcrumb\"},\"inLanguage\":\"lv-LV\",\"potentialAction\":[{\"@type\":\"ReadAction\",\"target\":[\"https:\\\/\\\/micasa.lv\\\/lv\\\/balts-kosmetiskais-vannas-spogulis-teleskopisks-o200-mm\\\/\"]}]},{\"@type\":\"ImageObject\",\"inLanguage\":\"lv-LV\",\"@id\":\"https:\\\/\\\/micasa.lv\\\/lv\\\/balts-kosmetiskais-vannas-spogulis-teleskopisks-o200-mm\\\/#primaryimage\",\"url\":\"https:\\\/\\\/micasa.lv\\\/wp-content\\\/uploads\\\/2025\\\/05\\\/4e2bde524cbaae65feedf0cd55a69b5a_112201414w-velky.jpg\",\"contentUrl\":\"https:\\\/\\\/micasa.lv\\\/wp-content\\\/uploads\\\/2025\\\/05\\\/4e2bde524cbaae65feedf0cd55a69b5a_112201414w-velky.jpg\",\"width\":500,\"height\":500},{\"@type\":\"BreadcrumbList\",\"@id\":\"https:\\\/\\\/micasa.lv\\\/lv\\\/balts-kosmetiskais-vannas-spogulis-teleskopisks-o200-mm\\\/#breadcrumb\",\"itemListElement\":[{\"@type\":\"ListItem\",\"position\":1,\"name\":\"S\u0101kums\",\"item\":\"https:\\\/\\\/micasa.lv\\\/lv\\\/micasa\\\/\"},{\"@type\":\"ListItem\",\"position\":2,\"name\":\"Shop\",\"item\":\"https:\\\/\\\/micasa.lv\\\/lv\\\/shop\\\/\"},{\"@type\":\"ListItem\",\"position\":3,\"name\":\"BALTS: Kosm\u0113tiskais vannas spogulis, teleskopisks \u00d8200 mm\"}]},{\"@type\":\"WebSite\",\"@id\":\"https:\\\/\\\/micasa.lv\\\/lv\\\/#website\",\"url\":\"https:\\\/\\\/micasa.lv\\\/lv\\\/\",\"name\":\"Micasa\",\"description\":\"\",\"potentialAction\":[{\"@type\":\"SearchAction\",\"target\":{\"@type\":\"EntryPoint\",\"urlTemplate\":\"https:\\\/\\\/micasa.lv\\\/lv\\\/?s={search_term_string}\"},\"query-input\":{\"@type\":\"PropertyValueSpecification\",\"valueRequired\":true,\"valueName\":\"search_term_string\"}}],\"inLanguage\":\"lv-LV\"}]}<\/script>\n<!-- \/ Yoast SEO plugin. -->","yoast_head_json":{"title":"BALTS: Kosm\u0113tiskais vannas spogulis, teleskopisks \u00d8200 mm - Micasa","robots":{"index":"index","follow":"follow","max-snippet":"max-snippet:-1","max-image-preview":"max-image-preview:large","max-video-preview":"max-video-preview:-1"},"canonical":"https:\/\/micasa.lv\/lv\/balts-kosmetiskais-vannas-spogulis-teleskopisks-o200-mm\/","og_locale":"lv_LV","og_type":"article","og_title":"BALTS: Kosm\u0113tiskais vannas spogulis, teleskopisks \u00d8200 mm - Micasa","og_description":"WHITE kolekcija izskat\u0101s t\u012bra un svaiga, pie\u0161\u0137ir vieglumu, nomierina un var b\u016bt gan kr\u0101\u0161\u0146a, gan neuzkr\u012bto\u0161a. Balt\u0101 kr\u0101sa ir \u0161\u012bs","og_url":"https:\/\/micasa.lv\/lv\/balts-kosmetiskais-vannas-spogulis-teleskopisks-o200-mm\/","og_site_name":"Micasa","article_modified_time":"2025-06-13T07:42:39+00:00","og_image":[{"width":500,"height":500,"url":"https:\/\/micasa.lv\/wp-content\/uploads\/2025\/05\/4e2bde524cbaae65feedf0cd55a69b5a_112201414w-velky.jpg","type":"image\/jpeg"}],"twitter_card":"summary_large_image","schema":{"@context":"https:\/\/schema.org","@graph":[{"@type":"WebPage","@id":"https:\/\/micasa.lv\/lv\/balts-kosmetiskais-vannas-spogulis-teleskopisks-o200-mm\/","url":"https:\/\/micasa.lv\/lv\/balts-kosmetiskais-vannas-spogulis-teleskopisks-o200-mm\/","name":"BALTS: Kosm\u0113tiskais vannas spogulis, teleskopisks \u00d8200 mm - Micasa","isPartOf":{"@id":"https:\/\/micasa.lv\/lv\/#website"},"primaryImageOfPage":{"@id":"https:\/\/micasa.lv\/lv\/balts-kosmetiskais-vannas-spogulis-teleskopisks-o200-mm\/#primaryimage"},"image":{"@id":"https:\/\/micasa.lv\/lv\/balts-kosmetiskais-vannas-spogulis-teleskopisks-o200-mm\/#primaryimage"},"thumbnailUrl":"https:\/\/micasa.lv\/wp-content\/uploads\/2025\/05\/4e2bde524cbaae65feedf0cd55a69b5a_112201414w-velky.jpg","datePublished":"2025-05-15T14:39:01+00:00","dateModified":"2025-06-13T07:42:39+00:00","breadcrumb":{"@id":"https:\/\/micasa.lv\/lv\/balts-kosmetiskais-vannas-spogulis-teleskopisks-o200-mm\/#breadcrumb"},"inLanguage":"lv-LV","potentialAction":[{"@type":"ReadAction","target":["https:\/\/micasa.lv\/lv\/balts-kosmetiskais-vannas-spogulis-teleskopisks-o200-mm\/"]}]},{"@type":"ImageObject","inLanguage":"lv-LV","@id":"https:\/\/micasa.lv\/lv\/balts-kosmetiskais-vannas-spogulis-teleskopisks-o200-mm\/#primaryimage","url":"https:\/\/micasa.lv\/wp-content\/uploads\/2025\/05\/4e2bde524cbaae65feedf0cd55a69b5a_112201414w-velky.jpg","contentUrl":"https:\/\/micasa.lv\/wp-content\/uploads\/2025\/05\/4e2bde524cbaae65feedf0cd55a69b5a_112201414w-velky.jpg","width":500,"height":500},{"@type":"BreadcrumbList","@id":"https:\/\/micasa.lv\/lv\/balts-kosmetiskais-vannas-spogulis-teleskopisks-o200-mm\/#breadcrumb","itemListElement":[{"@type":"ListItem","position":1,"name":"S\u0101kums","item":"https:\/\/micasa.lv\/lv\/micasa\/"},{"@type":"ListItem","position":2,"name":"Shop","item":"https:\/\/micasa.lv\/lv\/shop\/"},{"@type":"ListItem","position":3,"name":"BALTS: Kosm\u0113tiskais vannas spogulis, teleskopisks \u00d8200 mm"}]},{"@type":"WebSite","@id":"https:\/\/micasa.lv\/lv\/#website","url":"https:\/\/micasa.lv\/lv\/","name":"Micasa","description":"","potentialAction":[{"@type":"SearchAction","target":{"@type":"EntryPoint","urlTemplate":"https:\/\/micasa.lv\/lv\/?s={search_term_string}"},"query-input":{"@type":"PropertyValueSpecification","valueRequired":true,"valueName":"search_term_string"}}],"inLanguage":"lv-LV"}]}},"wcpa_form_fields":null,"_links":{"self":[{"href":"https:\/\/micasa.lv\/lv\/wp-json\/wp\/v2\/product\/48509","targetHints":{"allow":["GET"]}}],"collection":[{"href":"https:\/\/micasa.lv\/lv\/wp-json\/wp\/v2\/product"}],"about":[{"href":"https:\/\/micasa.lv\/lv\/wp-json\/wp\/v2\/types\/product"}],"version-history":[{"count":1,"href":"https:\/\/micasa.lv\/lv\/wp-json\/wp\/v2\/product\/48509\/revisions"}],"predecessor-version":[{"id":48539,"href":"https:\/\/micasa.lv\/lv\/wp-json\/wp\/v2\/product\/48509\/revisions\/48539"}],"wp:featuredmedia":[{"embeddable":true,"href":"https:\/\/micasa.lv\/lv\/wp-json\/wp\/v2\/media\/47948"}],"wp:attachment":[{"href":"https:\/\/micasa.lv\/lv\/wp-json\/wp\/v2\/media?parent=48509"}],"wp:term":[{"taxonomy":"product_brand","embeddable":true,"href":"https:\/\/micasa.lv\/lv\/wp-json\/wp\/v2\/product_brand?post=48509"},{"taxonomy":"product_cat","embeddable":true,"href":"https:\/\/micasa.lv\/lv\/wp-json\/wp\/v2\/product_cat?post=48509"},{"taxonomy":"product_tag","embeddable":true,"href":"https:\/\/micasa.lv\/lv\/wp-json\/wp\/v2\/product_tag?post=48509"}],"curies":[{"name":"wp","href":"https:\/\/api.w.org\/{rel}","templated":true}]}}