{"id":48523,"date":"2025-05-15T17:39:15","date_gmt":"2025-05-15T14:39:15","guid":{"rendered":"https:\/\/test.micasa.lv\/?post_type=product&#038;p=48523"},"modified":"2025-06-13T10:42:43","modified_gmt":"2025-06-13T07:42:43","slug":"automatiskais-roku-zavetajs-1800-w-melns","status":"publish","type":"product","link":"https:\/\/micasa.lv\/lv\/automatiskais-roku-zavetajs-1800-w-melns\/","title":{"rendered":"Autom\u0101tiskais roku \u017e\u0101v\u0113t\u0101js 1800 W, melns"},"content":{"rendered":"<p>M\u0113s ra\u017eojam roku \u017e\u0101v\u0113t\u0101jus no div\u0101m materi\u0101lu versij\u0101m: sp\u012bd\u012bga ner\u016bs\u0113jo\u0161\u0101 t\u0113rauda un baltas plastmasas. Pied\u0101v\u0101jam gan pie sienas stiprin\u0101mus, gan br\u012bvi st\u0101vo\u0161us roku \u017e\u0101v\u0113t\u0101jus.<\/p>\n","protected":false},"excerpt":{"rendered":"<p>M\u0113s ra\u017eojam roku \u017e\u0101v\u0113t\u0101jus no div\u0101m materi\u0101lu versij\u0101m: sp\u012bd\u012bga ner\u016bs\u0113jo\u0161\u0101 t\u0113rauda un baltas plastmasas. Pied\u0101v\u0101jam gan pie sienas stiprin\u0101mus, gan<\/p>\n","protected":false},"featured_media":47912,"template":"","meta":[],"product_brand":[],"product_cat":[1871,1528],"product_tag":[],"class_list":{"0":"post-48523","1":"product","2":"type-product","3":"status-publish","4":"has-post-thumbnail","6":"product_cat-roku-zavetaji","7":"product_cat-vannas-istabas-aksesuari","8":"pa_brand-bemeta-lv","10":"first","11":"instock","12":"taxable","13":"shipping-taxable","14":"purchasable","15":"product-type-simple"},"yoast_head":"<!-- This site is optimized with the Yoast SEO plugin v27.4 - https:\/\/yoast.com\/product\/yoast-seo-wordpress\/ -->\n<title>Autom\u0101tiskais roku \u017e\u0101v\u0113t\u0101js 1800 W, melns - Micasa<\/title>\n<meta name=\"robots\" content=\"index, follow, max-snippet:-1, max-image-preview:large, max-video-preview:-1\" \/>\n<link rel=\"canonical\" href=\"https:\/\/micasa.lv\/lv\/automatiskais-roku-zavetajs-1800-w-melns\/\" \/>\n<meta property=\"og:locale\" content=\"lv_LV\" \/>\n<meta property=\"og:type\" content=\"article\" \/>\n<meta property=\"og:title\" content=\"Autom\u0101tiskais roku \u017e\u0101v\u0113t\u0101js 1800 W, melns - Micasa\" \/>\n<meta property=\"og:description\" content=\"M\u0113s ra\u017eojam roku \u017e\u0101v\u0113t\u0101jus no div\u0101m materi\u0101lu versij\u0101m: sp\u012bd\u012bga ner\u016bs\u0113jo\u0161\u0101 t\u0113rauda un baltas plastmasas. Pied\u0101v\u0101jam gan pie sienas stiprin\u0101mus, gan\" \/>\n<meta property=\"og:url\" content=\"https:\/\/micasa.lv\/lv\/automatiskais-roku-zavetajs-1800-w-melns\/\" \/>\n<meta property=\"og:site_name\" content=\"Micasa\" \/>\n<meta property=\"article:modified_time\" content=\"2025-06-13T07:42:43+00:00\" \/>\n<meta property=\"og:image\" content=\"https:\/\/micasa.lv\/wp-content\/uploads\/2025\/05\/1a63ae4e703327ceb1ecf981dd51b7bb_924224120-velky.jpg\" \/>\n\t<meta property=\"og:image:width\" content=\"500\" \/>\n\t<meta property=\"og:image:height\" content=\"500\" \/>\n\t<meta property=\"og:image:type\" content=\"image\/jpeg\" \/>\n<meta name=\"twitter:card\" content=\"summary_large_image\" \/>\n<script type=\"application\/ld+json\" class=\"yoast-schema-graph\">{\"@context\":\"https:\\\/\\\/schema.org\",\"@graph\":[{\"@type\":\"WebPage\",\"@id\":\"https:\\\/\\\/micasa.lv\\\/lv\\\/automatiskais-roku-zavetajs-1800-w-melns\\\/\",\"url\":\"https:\\\/\\\/micasa.lv\\\/lv\\\/automatiskais-roku-zavetajs-1800-w-melns\\\/\",\"name\":\"Autom\u0101tiskais roku \u017e\u0101v\u0113t\u0101js 1800 W, melns - Micasa\",\"isPartOf\":{\"@id\":\"https:\\\/\\\/micasa.lv\\\/lv\\\/#website\"},\"primaryImageOfPage\":{\"@id\":\"https:\\\/\\\/micasa.lv\\\/lv\\\/automatiskais-roku-zavetajs-1800-w-melns\\\/#primaryimage\"},\"image\":{\"@id\":\"https:\\\/\\\/micasa.lv\\\/lv\\\/automatiskais-roku-zavetajs-1800-w-melns\\\/#primaryimage\"},\"thumbnailUrl\":\"https:\\\/\\\/micasa.lv\\\/wp-content\\\/uploads\\\/2025\\\/05\\\/1a63ae4e703327ceb1ecf981dd51b7bb_924224120-velky.jpg\",\"datePublished\":\"2025-05-15T14:39:15+00:00\",\"dateModified\":\"2025-06-13T07:42:43+00:00\",\"breadcrumb\":{\"@id\":\"https:\\\/\\\/micasa.lv\\\/lv\\\/automatiskais-roku-zavetajs-1800-w-melns\\\/#breadcrumb\"},\"inLanguage\":\"lv-LV\",\"potentialAction\":[{\"@type\":\"ReadAction\",\"target\":[\"https:\\\/\\\/micasa.lv\\\/lv\\\/automatiskais-roku-zavetajs-1800-w-melns\\\/\"]}]},{\"@type\":\"ImageObject\",\"inLanguage\":\"lv-LV\",\"@id\":\"https:\\\/\\\/micasa.lv\\\/lv\\\/automatiskais-roku-zavetajs-1800-w-melns\\\/#primaryimage\",\"url\":\"https:\\\/\\\/micasa.lv\\\/wp-content\\\/uploads\\\/2025\\\/05\\\/1a63ae4e703327ceb1ecf981dd51b7bb_924224120-velky.jpg\",\"contentUrl\":\"https:\\\/\\\/micasa.lv\\\/wp-content\\\/uploads\\\/2025\\\/05\\\/1a63ae4e703327ceb1ecf981dd51b7bb_924224120-velky.jpg\",\"width\":500,\"height\":500},{\"@type\":\"BreadcrumbList\",\"@id\":\"https:\\\/\\\/micasa.lv\\\/lv\\\/automatiskais-roku-zavetajs-1800-w-melns\\\/#breadcrumb\",\"itemListElement\":[{\"@type\":\"ListItem\",\"position\":1,\"name\":\"S\u0101kums\",\"item\":\"https:\\\/\\\/micasa.lv\\\/lv\\\/micasa\\\/\"},{\"@type\":\"ListItem\",\"position\":2,\"name\":\"Shop\",\"item\":\"https:\\\/\\\/micasa.lv\\\/lv\\\/shop\\\/\"},{\"@type\":\"ListItem\",\"position\":3,\"name\":\"Autom\u0101tiskais roku \u017e\u0101v\u0113t\u0101js 1800 W, melns\"}]},{\"@type\":\"WebSite\",\"@id\":\"https:\\\/\\\/micasa.lv\\\/lv\\\/#website\",\"url\":\"https:\\\/\\\/micasa.lv\\\/lv\\\/\",\"name\":\"Micasa\",\"description\":\"\",\"potentialAction\":[{\"@type\":\"SearchAction\",\"target\":{\"@type\":\"EntryPoint\",\"urlTemplate\":\"https:\\\/\\\/micasa.lv\\\/lv\\\/?s={search_term_string}\"},\"query-input\":{\"@type\":\"PropertyValueSpecification\",\"valueRequired\":true,\"valueName\":\"search_term_string\"}}],\"inLanguage\":\"lv-LV\"}]}<\/script>\n<!-- \/ Yoast SEO plugin. -->","yoast_head_json":{"title":"Autom\u0101tiskais roku \u017e\u0101v\u0113t\u0101js 1800 W, melns - Micasa","robots":{"index":"index","follow":"follow","max-snippet":"max-snippet:-1","max-image-preview":"max-image-preview:large","max-video-preview":"max-video-preview:-1"},"canonical":"https:\/\/micasa.lv\/lv\/automatiskais-roku-zavetajs-1800-w-melns\/","og_locale":"lv_LV","og_type":"article","og_title":"Autom\u0101tiskais roku \u017e\u0101v\u0113t\u0101js 1800 W, melns - Micasa","og_description":"M\u0113s ra\u017eojam roku \u017e\u0101v\u0113t\u0101jus no div\u0101m materi\u0101lu versij\u0101m: sp\u012bd\u012bga ner\u016bs\u0113jo\u0161\u0101 t\u0113rauda un baltas plastmasas. Pied\u0101v\u0101jam gan pie sienas stiprin\u0101mus, gan","og_url":"https:\/\/micasa.lv\/lv\/automatiskais-roku-zavetajs-1800-w-melns\/","og_site_name":"Micasa","article_modified_time":"2025-06-13T07:42:43+00:00","og_image":[{"width":500,"height":500,"url":"https:\/\/micasa.lv\/wp-content\/uploads\/2025\/05\/1a63ae4e703327ceb1ecf981dd51b7bb_924224120-velky.jpg","type":"image\/jpeg"}],"twitter_card":"summary_large_image","schema":{"@context":"https:\/\/schema.org","@graph":[{"@type":"WebPage","@id":"https:\/\/micasa.lv\/lv\/automatiskais-roku-zavetajs-1800-w-melns\/","url":"https:\/\/micasa.lv\/lv\/automatiskais-roku-zavetajs-1800-w-melns\/","name":"Autom\u0101tiskais roku \u017e\u0101v\u0113t\u0101js 1800 W, melns - Micasa","isPartOf":{"@id":"https:\/\/micasa.lv\/lv\/#website"},"primaryImageOfPage":{"@id":"https:\/\/micasa.lv\/lv\/automatiskais-roku-zavetajs-1800-w-melns\/#primaryimage"},"image":{"@id":"https:\/\/micasa.lv\/lv\/automatiskais-roku-zavetajs-1800-w-melns\/#primaryimage"},"thumbnailUrl":"https:\/\/micasa.lv\/wp-content\/uploads\/2025\/05\/1a63ae4e703327ceb1ecf981dd51b7bb_924224120-velky.jpg","datePublished":"2025-05-15T14:39:15+00:00","dateModified":"2025-06-13T07:42:43+00:00","breadcrumb":{"@id":"https:\/\/micasa.lv\/lv\/automatiskais-roku-zavetajs-1800-w-melns\/#breadcrumb"},"inLanguage":"lv-LV","potentialAction":[{"@type":"ReadAction","target":["https:\/\/micasa.lv\/lv\/automatiskais-roku-zavetajs-1800-w-melns\/"]}]},{"@type":"ImageObject","inLanguage":"lv-LV","@id":"https:\/\/micasa.lv\/lv\/automatiskais-roku-zavetajs-1800-w-melns\/#primaryimage","url":"https:\/\/micasa.lv\/wp-content\/uploads\/2025\/05\/1a63ae4e703327ceb1ecf981dd51b7bb_924224120-velky.jpg","contentUrl":"https:\/\/micasa.lv\/wp-content\/uploads\/2025\/05\/1a63ae4e703327ceb1ecf981dd51b7bb_924224120-velky.jpg","width":500,"height":500},{"@type":"BreadcrumbList","@id":"https:\/\/micasa.lv\/lv\/automatiskais-roku-zavetajs-1800-w-melns\/#breadcrumb","itemListElement":[{"@type":"ListItem","position":1,"name":"S\u0101kums","item":"https:\/\/micasa.lv\/lv\/micasa\/"},{"@type":"ListItem","position":2,"name":"Shop","item":"https:\/\/micasa.lv\/lv\/shop\/"},{"@type":"ListItem","position":3,"name":"Autom\u0101tiskais roku \u017e\u0101v\u0113t\u0101js 1800 W, melns"}]},{"@type":"WebSite","@id":"https:\/\/micasa.lv\/lv\/#website","url":"https:\/\/micasa.lv\/lv\/","name":"Micasa","description":"","potentialAction":[{"@type":"SearchAction","target":{"@type":"EntryPoint","urlTemplate":"https:\/\/micasa.lv\/lv\/?s={search_term_string}"},"query-input":{"@type":"PropertyValueSpecification","valueRequired":true,"valueName":"search_term_string"}}],"inLanguage":"lv-LV"}]}},"wcpa_form_fields":null,"_links":{"self":[{"href":"https:\/\/micasa.lv\/lv\/wp-json\/wp\/v2\/product\/48523","targetHints":{"allow":["GET"]}}],"collection":[{"href":"https:\/\/micasa.lv\/lv\/wp-json\/wp\/v2\/product"}],"about":[{"href":"https:\/\/micasa.lv\/lv\/wp-json\/wp\/v2\/types\/product"}],"version-history":[{"count":1,"href":"https:\/\/micasa.lv\/lv\/wp-json\/wp\/v2\/product\/48523\/revisions"}],"predecessor-version":[{"id":48553,"href":"https:\/\/micasa.lv\/lv\/wp-json\/wp\/v2\/product\/48523\/revisions\/48553"}],"wp:featuredmedia":[{"embeddable":true,"href":"https:\/\/micasa.lv\/lv\/wp-json\/wp\/v2\/media\/47912"}],"wp:attachment":[{"href":"https:\/\/micasa.lv\/lv\/wp-json\/wp\/v2\/media?parent=48523"}],"wp:term":[{"taxonomy":"product_brand","embeddable":true,"href":"https:\/\/micasa.lv\/lv\/wp-json\/wp\/v2\/product_brand?post=48523"},{"taxonomy":"product_cat","embeddable":true,"href":"https:\/\/micasa.lv\/lv\/wp-json\/wp\/v2\/product_cat?post=48523"},{"taxonomy":"product_tag","embeddable":true,"href":"https:\/\/micasa.lv\/lv\/wp-json\/wp\/v2\/product_tag?post=48523"}],"curies":[{"name":"wp","href":"https:\/\/api.w.org\/{rel}","templated":true}]}}