{"id":48571,"date":"2025-05-15T17:39:19","date_gmt":"2025-05-15T14:39:19","guid":{"rendered":"https:\/\/test.micasa.lv\/?post_type=product&#038;p=48571"},"modified":"2025-06-13T10:42:49","modified_gmt":"2025-06-13T07:42:49","slug":"obla-ziepju-trauks","status":"publish","type":"product","link":"https:\/\/micasa.lv\/lv\/obla-ziepju-trauks\/","title":{"rendered":"OBLA: Ziepju trauks"},"content":{"rendered":"<p>Uzticieties smalkumam! OBLA kl\u0101sts ar noapa\u013cotaj\u0101m form\u0101m rad\u012bs m\u0101j\u012bgu un dro\u0161u saj\u016btu katr\u0101 vannas istab\u0101. Tas izstaro mieru, ko var nodot tikai ar skatienu, nemaz nerun\u0101jot par piesk\u0101rienu. \u0160\u012b vienk\u0101r\u0161\u0101 un est\u0113tiski t\u012br\u0101 kolekcija harmoniz\u0113s jebkuru vannas istabas telpu, radot \u012bpa\u0161u ietekmi uz t\u0101s iem\u012btniekiem.<\/p>\n","protected":false},"excerpt":{"rendered":"<p>Uzticieties smalkumam! OBLA kl\u0101sts ar noapa\u013cotaj\u0101m form\u0101m rad\u012bs m\u0101j\u012bgu un dro\u0161u saj\u016btu katr\u0101 vannas istab\u0101. Tas izstaro mieru, ko var<\/p>\n","protected":false},"featured_media":47984,"template":"","meta":[],"product_brand":[],"product_cat":[1528],"product_tag":[],"class_list":{"0":"post-48571","1":"product","2":"type-product","3":"status-publish","4":"has-post-thumbnail","6":"product_cat-vannas-istabas-aksesuari","7":"pa_brand-bemeta-lv","9":"first","10":"instock","11":"taxable","12":"shipping-taxable","13":"purchasable","14":"product-type-simple"},"yoast_head":"<!-- This site is optimized with the Yoast SEO plugin v27.4 - https:\/\/yoast.com\/product\/yoast-seo-wordpress\/ -->\n<title>OBLA: Ziepju trauks - Micasa<\/title>\n<meta name=\"robots\" content=\"index, follow, max-snippet:-1, max-image-preview:large, max-video-preview:-1\" \/>\n<link rel=\"canonical\" href=\"https:\/\/micasa.lv\/lv\/obla-ziepju-trauks\/\" \/>\n<meta property=\"og:locale\" content=\"lv_LV\" \/>\n<meta property=\"og:type\" content=\"article\" \/>\n<meta property=\"og:title\" content=\"OBLA: Ziepju trauks - Micasa\" \/>\n<meta property=\"og:description\" content=\"Uzticieties smalkumam! OBLA kl\u0101sts ar noapa\u013cotaj\u0101m form\u0101m rad\u012bs m\u0101j\u012bgu un dro\u0161u saj\u016btu katr\u0101 vannas istab\u0101. Tas izstaro mieru, ko var\" \/>\n<meta property=\"og:url\" content=\"https:\/\/micasa.lv\/lv\/obla-ziepju-trauks\/\" \/>\n<meta property=\"og:site_name\" content=\"Micasa\" \/>\n<meta property=\"article:modified_time\" content=\"2025-06-13T07:42:49+00:00\" \/>\n<meta property=\"og:image\" content=\"https:\/\/micasa.lv\/wp-content\/uploads\/2025\/05\/9a67e233af6df69a6039c3bec7d39e8b_165108042-velky.jpg\" \/>\n\t<meta property=\"og:image:width\" content=\"500\" \/>\n\t<meta property=\"og:image:height\" content=\"500\" \/>\n\t<meta property=\"og:image:type\" content=\"image\/jpeg\" \/>\n<meta name=\"twitter:card\" content=\"summary_large_image\" \/>\n<script type=\"application\/ld+json\" class=\"yoast-schema-graph\">{\"@context\":\"https:\\\/\\\/schema.org\",\"@graph\":[{\"@type\":\"WebPage\",\"@id\":\"https:\\\/\\\/micasa.lv\\\/lv\\\/obla-ziepju-trauks\\\/\",\"url\":\"https:\\\/\\\/micasa.lv\\\/lv\\\/obla-ziepju-trauks\\\/\",\"name\":\"OBLA: Ziepju trauks - Micasa\",\"isPartOf\":{\"@id\":\"https:\\\/\\\/micasa.lv\\\/lv\\\/#website\"},\"primaryImageOfPage\":{\"@id\":\"https:\\\/\\\/micasa.lv\\\/lv\\\/obla-ziepju-trauks\\\/#primaryimage\"},\"image\":{\"@id\":\"https:\\\/\\\/micasa.lv\\\/lv\\\/obla-ziepju-trauks\\\/#primaryimage\"},\"thumbnailUrl\":\"https:\\\/\\\/micasa.lv\\\/wp-content\\\/uploads\\\/2025\\\/05\\\/9a67e233af6df69a6039c3bec7d39e8b_165108042-velky.jpg\",\"datePublished\":\"2025-05-15T14:39:19+00:00\",\"dateModified\":\"2025-06-13T07:42:49+00:00\",\"breadcrumb\":{\"@id\":\"https:\\\/\\\/micasa.lv\\\/lv\\\/obla-ziepju-trauks\\\/#breadcrumb\"},\"inLanguage\":\"lv-LV\",\"potentialAction\":[{\"@type\":\"ReadAction\",\"target\":[\"https:\\\/\\\/micasa.lv\\\/lv\\\/obla-ziepju-trauks\\\/\"]}]},{\"@type\":\"ImageObject\",\"inLanguage\":\"lv-LV\",\"@id\":\"https:\\\/\\\/micasa.lv\\\/lv\\\/obla-ziepju-trauks\\\/#primaryimage\",\"url\":\"https:\\\/\\\/micasa.lv\\\/wp-content\\\/uploads\\\/2025\\\/05\\\/9a67e233af6df69a6039c3bec7d39e8b_165108042-velky.jpg\",\"contentUrl\":\"https:\\\/\\\/micasa.lv\\\/wp-content\\\/uploads\\\/2025\\\/05\\\/9a67e233af6df69a6039c3bec7d39e8b_165108042-velky.jpg\",\"width\":500,\"height\":500},{\"@type\":\"BreadcrumbList\",\"@id\":\"https:\\\/\\\/micasa.lv\\\/lv\\\/obla-ziepju-trauks\\\/#breadcrumb\",\"itemListElement\":[{\"@type\":\"ListItem\",\"position\":1,\"name\":\"S\u0101kums\",\"item\":\"https:\\\/\\\/micasa.lv\\\/lv\\\/micasa\\\/\"},{\"@type\":\"ListItem\",\"position\":2,\"name\":\"Shop\",\"item\":\"https:\\\/\\\/micasa.lv\\\/lv\\\/shop\\\/\"},{\"@type\":\"ListItem\",\"position\":3,\"name\":\"OBLA: Ziepju trauks\"}]},{\"@type\":\"WebSite\",\"@id\":\"https:\\\/\\\/micasa.lv\\\/lv\\\/#website\",\"url\":\"https:\\\/\\\/micasa.lv\\\/lv\\\/\",\"name\":\"Micasa\",\"description\":\"\",\"potentialAction\":[{\"@type\":\"SearchAction\",\"target\":{\"@type\":\"EntryPoint\",\"urlTemplate\":\"https:\\\/\\\/micasa.lv\\\/lv\\\/?s={search_term_string}\"},\"query-input\":{\"@type\":\"PropertyValueSpecification\",\"valueRequired\":true,\"valueName\":\"search_term_string\"}}],\"inLanguage\":\"lv-LV\"}]}<\/script>\n<!-- \/ Yoast SEO plugin. -->","yoast_head_json":{"title":"OBLA: Ziepju trauks - Micasa","robots":{"index":"index","follow":"follow","max-snippet":"max-snippet:-1","max-image-preview":"max-image-preview:large","max-video-preview":"max-video-preview:-1"},"canonical":"https:\/\/micasa.lv\/lv\/obla-ziepju-trauks\/","og_locale":"lv_LV","og_type":"article","og_title":"OBLA: Ziepju trauks - Micasa","og_description":"Uzticieties smalkumam! OBLA kl\u0101sts ar noapa\u013cotaj\u0101m form\u0101m rad\u012bs m\u0101j\u012bgu un dro\u0161u saj\u016btu katr\u0101 vannas istab\u0101. Tas izstaro mieru, ko var","og_url":"https:\/\/micasa.lv\/lv\/obla-ziepju-trauks\/","og_site_name":"Micasa","article_modified_time":"2025-06-13T07:42:49+00:00","og_image":[{"width":500,"height":500,"url":"https:\/\/micasa.lv\/wp-content\/uploads\/2025\/05\/9a67e233af6df69a6039c3bec7d39e8b_165108042-velky.jpg","type":"image\/jpeg"}],"twitter_card":"summary_large_image","schema":{"@context":"https:\/\/schema.org","@graph":[{"@type":"WebPage","@id":"https:\/\/micasa.lv\/lv\/obla-ziepju-trauks\/","url":"https:\/\/micasa.lv\/lv\/obla-ziepju-trauks\/","name":"OBLA: Ziepju trauks - Micasa","isPartOf":{"@id":"https:\/\/micasa.lv\/lv\/#website"},"primaryImageOfPage":{"@id":"https:\/\/micasa.lv\/lv\/obla-ziepju-trauks\/#primaryimage"},"image":{"@id":"https:\/\/micasa.lv\/lv\/obla-ziepju-trauks\/#primaryimage"},"thumbnailUrl":"https:\/\/micasa.lv\/wp-content\/uploads\/2025\/05\/9a67e233af6df69a6039c3bec7d39e8b_165108042-velky.jpg","datePublished":"2025-05-15T14:39:19+00:00","dateModified":"2025-06-13T07:42:49+00:00","breadcrumb":{"@id":"https:\/\/micasa.lv\/lv\/obla-ziepju-trauks\/#breadcrumb"},"inLanguage":"lv-LV","potentialAction":[{"@type":"ReadAction","target":["https:\/\/micasa.lv\/lv\/obla-ziepju-trauks\/"]}]},{"@type":"ImageObject","inLanguage":"lv-LV","@id":"https:\/\/micasa.lv\/lv\/obla-ziepju-trauks\/#primaryimage","url":"https:\/\/micasa.lv\/wp-content\/uploads\/2025\/05\/9a67e233af6df69a6039c3bec7d39e8b_165108042-velky.jpg","contentUrl":"https:\/\/micasa.lv\/wp-content\/uploads\/2025\/05\/9a67e233af6df69a6039c3bec7d39e8b_165108042-velky.jpg","width":500,"height":500},{"@type":"BreadcrumbList","@id":"https:\/\/micasa.lv\/lv\/obla-ziepju-trauks\/#breadcrumb","itemListElement":[{"@type":"ListItem","position":1,"name":"S\u0101kums","item":"https:\/\/micasa.lv\/lv\/micasa\/"},{"@type":"ListItem","position":2,"name":"Shop","item":"https:\/\/micasa.lv\/lv\/shop\/"},{"@type":"ListItem","position":3,"name":"OBLA: Ziepju trauks"}]},{"@type":"WebSite","@id":"https:\/\/micasa.lv\/lv\/#website","url":"https:\/\/micasa.lv\/lv\/","name":"Micasa","description":"","potentialAction":[{"@type":"SearchAction","target":{"@type":"EntryPoint","urlTemplate":"https:\/\/micasa.lv\/lv\/?s={search_term_string}"},"query-input":{"@type":"PropertyValueSpecification","valueRequired":true,"valueName":"search_term_string"}}],"inLanguage":"lv-LV"}]}},"wcpa_form_fields":null,"_links":{"self":[{"href":"https:\/\/micasa.lv\/lv\/wp-json\/wp\/v2\/product\/48571","targetHints":{"allow":["GET"]}}],"collection":[{"href":"https:\/\/micasa.lv\/lv\/wp-json\/wp\/v2\/product"}],"about":[{"href":"https:\/\/micasa.lv\/lv\/wp-json\/wp\/v2\/types\/product"}],"version-history":[{"count":1,"href":"https:\/\/micasa.lv\/lv\/wp-json\/wp\/v2\/product\/48571\/revisions"}],"predecessor-version":[{"id":48601,"href":"https:\/\/micasa.lv\/lv\/wp-json\/wp\/v2\/product\/48571\/revisions\/48601"}],"wp:featuredmedia":[{"embeddable":true,"href":"https:\/\/micasa.lv\/lv\/wp-json\/wp\/v2\/media\/47984"}],"wp:attachment":[{"href":"https:\/\/micasa.lv\/lv\/wp-json\/wp\/v2\/media?parent=48571"}],"wp:term":[{"taxonomy":"product_brand","embeddable":true,"href":"https:\/\/micasa.lv\/lv\/wp-json\/wp\/v2\/product_brand?post=48571"},{"taxonomy":"product_cat","embeddable":true,"href":"https:\/\/micasa.lv\/lv\/wp-json\/wp\/v2\/product_cat?post=48571"},{"taxonomy":"product_tag","embeddable":true,"href":"https:\/\/micasa.lv\/lv\/wp-json\/wp\/v2\/product_tag?post=48571"}],"curies":[{"name":"wp","href":"https:\/\/api.w.org\/{rel}","templated":true}]}}