{"id":48582,"date":"2025-05-15T17:39:33","date_gmt":"2025-05-15T14:39:33","guid":{"rendered":"https:\/\/test.micasa.lv\/?post_type=product&#038;p=48582"},"modified":"2025-06-13T10:42:53","modified_gmt":"2025-06-13T07:42:53","slug":"organic-black-dubultais-dvielu-turetajs-grozams-445-mm","status":"publish","type":"product","link":"https:\/\/micasa.lv\/lv\/organic-black-dubultais-dvielu-turetajs-grozams-445-mm\/","title":{"rendered":"ORGANIC BLACK: Dubultais dvie\u013cu tur\u0113t\u0101js, groz\u0101ms, 445 mm"},"content":{"rendered":"<p>ORGANIC produktu l\u012bnija meln\u0101 kr\u0101s\u0101! Iepaz\u012bstieties ar vannas istabas aksesu\u0101ru pasauli, kas iedvesmota no organisk\u0101m dabas form\u0101m. Jaunums ar\u012b hroma apdar\u0113 ar melnu kr\u0101sojumu. Oblig\u0101ts pirkums visiem augst\u0101k\u0101s klases dizaina cien\u012bt\u0101jiem!<\/p>\n","protected":false},"excerpt":{"rendered":"<p>ORGANIC produktu l\u012bnija meln\u0101 kr\u0101s\u0101! Iepaz\u012bstieties ar vannas istabas aksesu\u0101ru pasauli, kas iedvesmota no organisk\u0101m dabas form\u0101m. Jaunums ar\u012b hroma<\/p>\n","protected":false},"featured_media":48047,"template":"","meta":[],"product_brand":[],"product_cat":[1859,1528],"product_tag":[],"class_list":{"0":"post-48582","1":"product","2":"type-product","3":"status-publish","4":"has-post-thumbnail","6":"product_cat-dvielu-turetaji","7":"product_cat-vannas-istabas-aksesuari","8":"pa_brand-bemeta-lv","10":"first","11":"instock","12":"taxable","13":"shipping-taxable","14":"purchasable","15":"product-type-simple"},"yoast_head":"<!-- This site is optimized with the Yoast SEO plugin v27.4 - https:\/\/yoast.com\/product\/yoast-seo-wordpress\/ -->\n<title>ORGANIC BLACK: Dubultais dvie\u013cu tur\u0113t\u0101js, groz\u0101ms, 445 mm - Micasa<\/title>\n<meta name=\"robots\" content=\"index, follow, max-snippet:-1, max-image-preview:large, max-video-preview:-1\" \/>\n<link rel=\"canonical\" href=\"https:\/\/micasa.lv\/lv\/organic-black-dubultais-dvielu-turetajs-grozams-445-mm\/\" \/>\n<meta property=\"og:locale\" content=\"lv_LV\" \/>\n<meta property=\"og:type\" content=\"article\" \/>\n<meta property=\"og:title\" content=\"ORGANIC BLACK: Dubultais dvie\u013cu tur\u0113t\u0101js, groz\u0101ms, 445 mm - Micasa\" \/>\n<meta property=\"og:description\" content=\"ORGANIC produktu l\u012bnija meln\u0101 kr\u0101s\u0101! Iepaz\u012bstieties ar vannas istabas aksesu\u0101ru pasauli, kas iedvesmota no organisk\u0101m dabas form\u0101m. Jaunums ar\u012b hroma\" \/>\n<meta property=\"og:url\" content=\"https:\/\/micasa.lv\/lv\/organic-black-dubultais-dvielu-turetajs-grozams-445-mm\/\" \/>\n<meta property=\"og:site_name\" content=\"Micasa\" \/>\n<meta property=\"article:modified_time\" content=\"2025-06-13T07:42:53+00:00\" \/>\n<meta property=\"og:image\" content=\"https:\/\/micasa.lv\/wp-content\/uploads\/2025\/05\/450b81adb4e9842287c73cde575b65c0_167004100-velky.jpg\" \/>\n\t<meta property=\"og:image:width\" content=\"500\" \/>\n\t<meta property=\"og:image:height\" content=\"500\" \/>\n\t<meta property=\"og:image:type\" content=\"image\/jpeg\" \/>\n<meta name=\"twitter:card\" content=\"summary_large_image\" \/>\n<script type=\"application\/ld+json\" class=\"yoast-schema-graph\">{\"@context\":\"https:\\\/\\\/schema.org\",\"@graph\":[{\"@type\":\"WebPage\",\"@id\":\"https:\\\/\\\/micasa.lv\\\/lv\\\/organic-black-dubultais-dvielu-turetajs-grozams-445-mm\\\/\",\"url\":\"https:\\\/\\\/micasa.lv\\\/lv\\\/organic-black-dubultais-dvielu-turetajs-grozams-445-mm\\\/\",\"name\":\"ORGANIC BLACK: Dubultais dvie\u013cu tur\u0113t\u0101js, groz\u0101ms, 445 mm - Micasa\",\"isPartOf\":{\"@id\":\"https:\\\/\\\/micasa.lv\\\/lv\\\/#website\"},\"primaryImageOfPage\":{\"@id\":\"https:\\\/\\\/micasa.lv\\\/lv\\\/organic-black-dubultais-dvielu-turetajs-grozams-445-mm\\\/#primaryimage\"},\"image\":{\"@id\":\"https:\\\/\\\/micasa.lv\\\/lv\\\/organic-black-dubultais-dvielu-turetajs-grozams-445-mm\\\/#primaryimage\"},\"thumbnailUrl\":\"https:\\\/\\\/micasa.lv\\\/wp-content\\\/uploads\\\/2025\\\/05\\\/450b81adb4e9842287c73cde575b65c0_167004100-velky.jpg\",\"datePublished\":\"2025-05-15T14:39:33+00:00\",\"dateModified\":\"2025-06-13T07:42:53+00:00\",\"breadcrumb\":{\"@id\":\"https:\\\/\\\/micasa.lv\\\/lv\\\/organic-black-dubultais-dvielu-turetajs-grozams-445-mm\\\/#breadcrumb\"},\"inLanguage\":\"lv-LV\",\"potentialAction\":[{\"@type\":\"ReadAction\",\"target\":[\"https:\\\/\\\/micasa.lv\\\/lv\\\/organic-black-dubultais-dvielu-turetajs-grozams-445-mm\\\/\"]}]},{\"@type\":\"ImageObject\",\"inLanguage\":\"lv-LV\",\"@id\":\"https:\\\/\\\/micasa.lv\\\/lv\\\/organic-black-dubultais-dvielu-turetajs-grozams-445-mm\\\/#primaryimage\",\"url\":\"https:\\\/\\\/micasa.lv\\\/wp-content\\\/uploads\\\/2025\\\/05\\\/450b81adb4e9842287c73cde575b65c0_167004100-velky.jpg\",\"contentUrl\":\"https:\\\/\\\/micasa.lv\\\/wp-content\\\/uploads\\\/2025\\\/05\\\/450b81adb4e9842287c73cde575b65c0_167004100-velky.jpg\",\"width\":500,\"height\":500},{\"@type\":\"BreadcrumbList\",\"@id\":\"https:\\\/\\\/micasa.lv\\\/lv\\\/organic-black-dubultais-dvielu-turetajs-grozams-445-mm\\\/#breadcrumb\",\"itemListElement\":[{\"@type\":\"ListItem\",\"position\":1,\"name\":\"S\u0101kums\",\"item\":\"https:\\\/\\\/micasa.lv\\\/lv\\\/micasa\\\/\"},{\"@type\":\"ListItem\",\"position\":2,\"name\":\"Shop\",\"item\":\"https:\\\/\\\/micasa.lv\\\/lv\\\/shop\\\/\"},{\"@type\":\"ListItem\",\"position\":3,\"name\":\"ORGANIC BLACK: Dubultais dvie\u013cu tur\u0113t\u0101js, groz\u0101ms, 445 mm\"}]},{\"@type\":\"WebSite\",\"@id\":\"https:\\\/\\\/micasa.lv\\\/lv\\\/#website\",\"url\":\"https:\\\/\\\/micasa.lv\\\/lv\\\/\",\"name\":\"Micasa\",\"description\":\"\",\"potentialAction\":[{\"@type\":\"SearchAction\",\"target\":{\"@type\":\"EntryPoint\",\"urlTemplate\":\"https:\\\/\\\/micasa.lv\\\/lv\\\/?s={search_term_string}\"},\"query-input\":{\"@type\":\"PropertyValueSpecification\",\"valueRequired\":true,\"valueName\":\"search_term_string\"}}],\"inLanguage\":\"lv-LV\"}]}<\/script>\n<!-- \/ Yoast SEO plugin. -->","yoast_head_json":{"title":"ORGANIC BLACK: Dubultais dvie\u013cu tur\u0113t\u0101js, groz\u0101ms, 445 mm - Micasa","robots":{"index":"index","follow":"follow","max-snippet":"max-snippet:-1","max-image-preview":"max-image-preview:large","max-video-preview":"max-video-preview:-1"},"canonical":"https:\/\/micasa.lv\/lv\/organic-black-dubultais-dvielu-turetajs-grozams-445-mm\/","og_locale":"lv_LV","og_type":"article","og_title":"ORGANIC BLACK: Dubultais dvie\u013cu tur\u0113t\u0101js, groz\u0101ms, 445 mm - Micasa","og_description":"ORGANIC produktu l\u012bnija meln\u0101 kr\u0101s\u0101! Iepaz\u012bstieties ar vannas istabas aksesu\u0101ru pasauli, kas iedvesmota no organisk\u0101m dabas form\u0101m. Jaunums ar\u012b hroma","og_url":"https:\/\/micasa.lv\/lv\/organic-black-dubultais-dvielu-turetajs-grozams-445-mm\/","og_site_name":"Micasa","article_modified_time":"2025-06-13T07:42:53+00:00","og_image":[{"width":500,"height":500,"url":"https:\/\/micasa.lv\/wp-content\/uploads\/2025\/05\/450b81adb4e9842287c73cde575b65c0_167004100-velky.jpg","type":"image\/jpeg"}],"twitter_card":"summary_large_image","schema":{"@context":"https:\/\/schema.org","@graph":[{"@type":"WebPage","@id":"https:\/\/micasa.lv\/lv\/organic-black-dubultais-dvielu-turetajs-grozams-445-mm\/","url":"https:\/\/micasa.lv\/lv\/organic-black-dubultais-dvielu-turetajs-grozams-445-mm\/","name":"ORGANIC BLACK: Dubultais dvie\u013cu tur\u0113t\u0101js, groz\u0101ms, 445 mm - Micasa","isPartOf":{"@id":"https:\/\/micasa.lv\/lv\/#website"},"primaryImageOfPage":{"@id":"https:\/\/micasa.lv\/lv\/organic-black-dubultais-dvielu-turetajs-grozams-445-mm\/#primaryimage"},"image":{"@id":"https:\/\/micasa.lv\/lv\/organic-black-dubultais-dvielu-turetajs-grozams-445-mm\/#primaryimage"},"thumbnailUrl":"https:\/\/micasa.lv\/wp-content\/uploads\/2025\/05\/450b81adb4e9842287c73cde575b65c0_167004100-velky.jpg","datePublished":"2025-05-15T14:39:33+00:00","dateModified":"2025-06-13T07:42:53+00:00","breadcrumb":{"@id":"https:\/\/micasa.lv\/lv\/organic-black-dubultais-dvielu-turetajs-grozams-445-mm\/#breadcrumb"},"inLanguage":"lv-LV","potentialAction":[{"@type":"ReadAction","target":["https:\/\/micasa.lv\/lv\/organic-black-dubultais-dvielu-turetajs-grozams-445-mm\/"]}]},{"@type":"ImageObject","inLanguage":"lv-LV","@id":"https:\/\/micasa.lv\/lv\/organic-black-dubultais-dvielu-turetajs-grozams-445-mm\/#primaryimage","url":"https:\/\/micasa.lv\/wp-content\/uploads\/2025\/05\/450b81adb4e9842287c73cde575b65c0_167004100-velky.jpg","contentUrl":"https:\/\/micasa.lv\/wp-content\/uploads\/2025\/05\/450b81adb4e9842287c73cde575b65c0_167004100-velky.jpg","width":500,"height":500},{"@type":"BreadcrumbList","@id":"https:\/\/micasa.lv\/lv\/organic-black-dubultais-dvielu-turetajs-grozams-445-mm\/#breadcrumb","itemListElement":[{"@type":"ListItem","position":1,"name":"S\u0101kums","item":"https:\/\/micasa.lv\/lv\/micasa\/"},{"@type":"ListItem","position":2,"name":"Shop","item":"https:\/\/micasa.lv\/lv\/shop\/"},{"@type":"ListItem","position":3,"name":"ORGANIC BLACK: Dubultais dvie\u013cu tur\u0113t\u0101js, groz\u0101ms, 445 mm"}]},{"@type":"WebSite","@id":"https:\/\/micasa.lv\/lv\/#website","url":"https:\/\/micasa.lv\/lv\/","name":"Micasa","description":"","potentialAction":[{"@type":"SearchAction","target":{"@type":"EntryPoint","urlTemplate":"https:\/\/micasa.lv\/lv\/?s={search_term_string}"},"query-input":{"@type":"PropertyValueSpecification","valueRequired":true,"valueName":"search_term_string"}}],"inLanguage":"lv-LV"}]}},"wcpa_form_fields":null,"_links":{"self":[{"href":"https:\/\/micasa.lv\/lv\/wp-json\/wp\/v2\/product\/48582","targetHints":{"allow":["GET"]}}],"collection":[{"href":"https:\/\/micasa.lv\/lv\/wp-json\/wp\/v2\/product"}],"about":[{"href":"https:\/\/micasa.lv\/lv\/wp-json\/wp\/v2\/types\/product"}],"version-history":[{"count":1,"href":"https:\/\/micasa.lv\/lv\/wp-json\/wp\/v2\/product\/48582\/revisions"}],"predecessor-version":[{"id":48612,"href":"https:\/\/micasa.lv\/lv\/wp-json\/wp\/v2\/product\/48582\/revisions\/48612"}],"wp:featuredmedia":[{"embeddable":true,"href":"https:\/\/micasa.lv\/lv\/wp-json\/wp\/v2\/media\/48047"}],"wp:attachment":[{"href":"https:\/\/micasa.lv\/lv\/wp-json\/wp\/v2\/media?parent=48582"}],"wp:term":[{"taxonomy":"product_brand","embeddable":true,"href":"https:\/\/micasa.lv\/lv\/wp-json\/wp\/v2\/product_brand?post=48582"},{"taxonomy":"product_cat","embeddable":true,"href":"https:\/\/micasa.lv\/lv\/wp-json\/wp\/v2\/product_cat?post=48582"},{"taxonomy":"product_tag","embeddable":true,"href":"https:\/\/micasa.lv\/lv\/wp-json\/wp\/v2\/product_tag?post=48582"}],"curies":[{"name":"wp","href":"https:\/\/api.w.org\/{rel}","templated":true}]}}