{"id":50186,"date":"2025-05-16T11:54:28","date_gmt":"2025-05-16T08:54:28","guid":{"rendered":"https:\/\/test.micasa.lv\/?post_type=product&#038;p=50186"},"modified":"2025-06-13T10:45:17","modified_gmt":"2025-06-13T07:45:17","slug":"circum-zobu-birstes-turetajs","status":"publish","type":"product","link":"https:\/\/micasa.lv\/lv\/circum-zobu-birstes-turetajs\/","title":{"rendered":"CIRCUM: Zobu birstes tur\u0113t\u0101js"},"content":{"rendered":"<p>Prec\u012bza apa\u013co un izliekto formu kombin\u0101cija rada rota\u013c\u012bgumu un m\u0101j\u012bgumu. CIRCUM kl\u0101sts ir ide\u0101la izv\u0113le jebkuram modernam vannas istabas stilam ar svaigu piesk\u0101rienu, kas to apvieno ar vizu\u0101lo vienk\u0101r\u0161\u012bbu. T\u012bras l\u012bnijas ar skaistu virsmas sp\u012bdumu, kas neb\u016bt nav virspus\u0113js \u2013 t\u0101 ir CIRCUM l\u012bnija!<\/p>\n","protected":false},"excerpt":{"rendered":"<p>Prec\u012bza apa\u013co un izliekto formu kombin\u0101cija rada rota\u013c\u012bgumu un m\u0101j\u012bgumu. CIRCUM kl\u0101sts ir ide\u0101la izv\u0113le jebkuram modernam vannas istabas stilam<\/p>\n","protected":false},"featured_media":49017,"template":"","meta":[],"product_brand":[],"product_cat":[1528,1857],"product_tag":[],"class_list":{"0":"post-50186","1":"product","2":"type-product","3":"status-publish","4":"has-post-thumbnail","6":"product_cat-vannas-istabas-aksesuari","7":"product_cat-zobu-birstes-turetaji","8":"pa_brand-bemeta-lv","10":"first","11":"instock","12":"taxable","13":"shipping-taxable","14":"purchasable","15":"product-type-simple"},"yoast_head":"<!-- This site is optimized with the Yoast SEO plugin v27.4 - https:\/\/yoast.com\/product\/yoast-seo-wordpress\/ -->\n<title>CIRCUM: Zobu birstes tur\u0113t\u0101js - Micasa<\/title>\n<meta name=\"robots\" content=\"index, follow, max-snippet:-1, max-image-preview:large, max-video-preview:-1\" \/>\n<link rel=\"canonical\" href=\"https:\/\/micasa.lv\/lv\/circum-zobu-birstes-turetajs\/\" \/>\n<meta property=\"og:locale\" content=\"lv_LV\" \/>\n<meta property=\"og:type\" content=\"article\" \/>\n<meta property=\"og:title\" content=\"CIRCUM: Zobu birstes tur\u0113t\u0101js - Micasa\" \/>\n<meta property=\"og:description\" content=\"Prec\u012bza apa\u013co un izliekto formu kombin\u0101cija rada rota\u013c\u012bgumu un m\u0101j\u012bgumu. CIRCUM kl\u0101sts ir ide\u0101la izv\u0113le jebkuram modernam vannas istabas stilam\" \/>\n<meta property=\"og:url\" content=\"https:\/\/micasa.lv\/lv\/circum-zobu-birstes-turetajs\/\" \/>\n<meta property=\"og:site_name\" content=\"Micasa\" \/>\n<meta property=\"article:modified_time\" content=\"2025-06-13T07:45:17+00:00\" \/>\n<meta property=\"og:image\" content=\"https:\/\/micasa.lv\/wp-content\/uploads\/2025\/05\/a2a6832161d85acf5981a4f66cf81f29_168110012-velky.jpg\" \/>\n\t<meta property=\"og:image:width\" content=\"500\" \/>\n\t<meta property=\"og:image:height\" content=\"500\" \/>\n\t<meta property=\"og:image:type\" content=\"image\/jpeg\" \/>\n<meta name=\"twitter:card\" content=\"summary_large_image\" \/>\n<script type=\"application\/ld+json\" class=\"yoast-schema-graph\">{\"@context\":\"https:\\\/\\\/schema.org\",\"@graph\":[{\"@type\":\"WebPage\",\"@id\":\"https:\\\/\\\/micasa.lv\\\/lv\\\/circum-zobu-birstes-turetajs\\\/\",\"url\":\"https:\\\/\\\/micasa.lv\\\/lv\\\/circum-zobu-birstes-turetajs\\\/\",\"name\":\"CIRCUM: Zobu birstes tur\u0113t\u0101js - Micasa\",\"isPartOf\":{\"@id\":\"https:\\\/\\\/micasa.lv\\\/lv\\\/#website\"},\"primaryImageOfPage\":{\"@id\":\"https:\\\/\\\/micasa.lv\\\/lv\\\/circum-zobu-birstes-turetajs\\\/#primaryimage\"},\"image\":{\"@id\":\"https:\\\/\\\/micasa.lv\\\/lv\\\/circum-zobu-birstes-turetajs\\\/#primaryimage\"},\"thumbnailUrl\":\"https:\\\/\\\/micasa.lv\\\/wp-content\\\/uploads\\\/2025\\\/05\\\/a2a6832161d85acf5981a4f66cf81f29_168110012-velky.jpg\",\"datePublished\":\"2025-05-16T08:54:28+00:00\",\"dateModified\":\"2025-06-13T07:45:17+00:00\",\"breadcrumb\":{\"@id\":\"https:\\\/\\\/micasa.lv\\\/lv\\\/circum-zobu-birstes-turetajs\\\/#breadcrumb\"},\"inLanguage\":\"lv-LV\",\"potentialAction\":[{\"@type\":\"ReadAction\",\"target\":[\"https:\\\/\\\/micasa.lv\\\/lv\\\/circum-zobu-birstes-turetajs\\\/\"]}]},{\"@type\":\"ImageObject\",\"inLanguage\":\"lv-LV\",\"@id\":\"https:\\\/\\\/micasa.lv\\\/lv\\\/circum-zobu-birstes-turetajs\\\/#primaryimage\",\"url\":\"https:\\\/\\\/micasa.lv\\\/wp-content\\\/uploads\\\/2025\\\/05\\\/a2a6832161d85acf5981a4f66cf81f29_168110012-velky.jpg\",\"contentUrl\":\"https:\\\/\\\/micasa.lv\\\/wp-content\\\/uploads\\\/2025\\\/05\\\/a2a6832161d85acf5981a4f66cf81f29_168110012-velky.jpg\",\"width\":500,\"height\":500},{\"@type\":\"BreadcrumbList\",\"@id\":\"https:\\\/\\\/micasa.lv\\\/lv\\\/circum-zobu-birstes-turetajs\\\/#breadcrumb\",\"itemListElement\":[{\"@type\":\"ListItem\",\"position\":1,\"name\":\"S\u0101kums\",\"item\":\"https:\\\/\\\/micasa.lv\\\/lv\\\/micasa\\\/\"},{\"@type\":\"ListItem\",\"position\":2,\"name\":\"Shop\",\"item\":\"https:\\\/\\\/micasa.lv\\\/lv\\\/shop\\\/\"},{\"@type\":\"ListItem\",\"position\":3,\"name\":\"CIRCUM: Zobu birstes tur\u0113t\u0101js\"}]},{\"@type\":\"WebSite\",\"@id\":\"https:\\\/\\\/micasa.lv\\\/lv\\\/#website\",\"url\":\"https:\\\/\\\/micasa.lv\\\/lv\\\/\",\"name\":\"Micasa\",\"description\":\"\",\"potentialAction\":[{\"@type\":\"SearchAction\",\"target\":{\"@type\":\"EntryPoint\",\"urlTemplate\":\"https:\\\/\\\/micasa.lv\\\/lv\\\/?s={search_term_string}\"},\"query-input\":{\"@type\":\"PropertyValueSpecification\",\"valueRequired\":true,\"valueName\":\"search_term_string\"}}],\"inLanguage\":\"lv-LV\"}]}<\/script>\n<!-- \/ Yoast SEO plugin. -->","yoast_head_json":{"title":"CIRCUM: Zobu birstes tur\u0113t\u0101js - Micasa","robots":{"index":"index","follow":"follow","max-snippet":"max-snippet:-1","max-image-preview":"max-image-preview:large","max-video-preview":"max-video-preview:-1"},"canonical":"https:\/\/micasa.lv\/lv\/circum-zobu-birstes-turetajs\/","og_locale":"lv_LV","og_type":"article","og_title":"CIRCUM: Zobu birstes tur\u0113t\u0101js - Micasa","og_description":"Prec\u012bza apa\u013co un izliekto formu kombin\u0101cija rada rota\u013c\u012bgumu un m\u0101j\u012bgumu. CIRCUM kl\u0101sts ir ide\u0101la izv\u0113le jebkuram modernam vannas istabas stilam","og_url":"https:\/\/micasa.lv\/lv\/circum-zobu-birstes-turetajs\/","og_site_name":"Micasa","article_modified_time":"2025-06-13T07:45:17+00:00","og_image":[{"width":500,"height":500,"url":"https:\/\/micasa.lv\/wp-content\/uploads\/2025\/05\/a2a6832161d85acf5981a4f66cf81f29_168110012-velky.jpg","type":"image\/jpeg"}],"twitter_card":"summary_large_image","schema":{"@context":"https:\/\/schema.org","@graph":[{"@type":"WebPage","@id":"https:\/\/micasa.lv\/lv\/circum-zobu-birstes-turetajs\/","url":"https:\/\/micasa.lv\/lv\/circum-zobu-birstes-turetajs\/","name":"CIRCUM: Zobu birstes tur\u0113t\u0101js - Micasa","isPartOf":{"@id":"https:\/\/micasa.lv\/lv\/#website"},"primaryImageOfPage":{"@id":"https:\/\/micasa.lv\/lv\/circum-zobu-birstes-turetajs\/#primaryimage"},"image":{"@id":"https:\/\/micasa.lv\/lv\/circum-zobu-birstes-turetajs\/#primaryimage"},"thumbnailUrl":"https:\/\/micasa.lv\/wp-content\/uploads\/2025\/05\/a2a6832161d85acf5981a4f66cf81f29_168110012-velky.jpg","datePublished":"2025-05-16T08:54:28+00:00","dateModified":"2025-06-13T07:45:17+00:00","breadcrumb":{"@id":"https:\/\/micasa.lv\/lv\/circum-zobu-birstes-turetajs\/#breadcrumb"},"inLanguage":"lv-LV","potentialAction":[{"@type":"ReadAction","target":["https:\/\/micasa.lv\/lv\/circum-zobu-birstes-turetajs\/"]}]},{"@type":"ImageObject","inLanguage":"lv-LV","@id":"https:\/\/micasa.lv\/lv\/circum-zobu-birstes-turetajs\/#primaryimage","url":"https:\/\/micasa.lv\/wp-content\/uploads\/2025\/05\/a2a6832161d85acf5981a4f66cf81f29_168110012-velky.jpg","contentUrl":"https:\/\/micasa.lv\/wp-content\/uploads\/2025\/05\/a2a6832161d85acf5981a4f66cf81f29_168110012-velky.jpg","width":500,"height":500},{"@type":"BreadcrumbList","@id":"https:\/\/micasa.lv\/lv\/circum-zobu-birstes-turetajs\/#breadcrumb","itemListElement":[{"@type":"ListItem","position":1,"name":"S\u0101kums","item":"https:\/\/micasa.lv\/lv\/micasa\/"},{"@type":"ListItem","position":2,"name":"Shop","item":"https:\/\/micasa.lv\/lv\/shop\/"},{"@type":"ListItem","position":3,"name":"CIRCUM: Zobu birstes tur\u0113t\u0101js"}]},{"@type":"WebSite","@id":"https:\/\/micasa.lv\/lv\/#website","url":"https:\/\/micasa.lv\/lv\/","name":"Micasa","description":"","potentialAction":[{"@type":"SearchAction","target":{"@type":"EntryPoint","urlTemplate":"https:\/\/micasa.lv\/lv\/?s={search_term_string}"},"query-input":{"@type":"PropertyValueSpecification","valueRequired":true,"valueName":"search_term_string"}}],"inLanguage":"lv-LV"}]}},"wcpa_form_fields":null,"_links":{"self":[{"href":"https:\/\/micasa.lv\/lv\/wp-json\/wp\/v2\/product\/50186","targetHints":{"allow":["GET"]}}],"collection":[{"href":"https:\/\/micasa.lv\/lv\/wp-json\/wp\/v2\/product"}],"about":[{"href":"https:\/\/micasa.lv\/lv\/wp-json\/wp\/v2\/types\/product"}],"version-history":[{"count":1,"href":"https:\/\/micasa.lv\/lv\/wp-json\/wp\/v2\/product\/50186\/revisions"}],"predecessor-version":[{"id":50216,"href":"https:\/\/micasa.lv\/lv\/wp-json\/wp\/v2\/product\/50186\/revisions\/50216"}],"wp:featuredmedia":[{"embeddable":true,"href":"https:\/\/micasa.lv\/lv\/wp-json\/wp\/v2\/media\/49017"}],"wp:attachment":[{"href":"https:\/\/micasa.lv\/lv\/wp-json\/wp\/v2\/media?parent=50186"}],"wp:term":[{"taxonomy":"product_brand","embeddable":true,"href":"https:\/\/micasa.lv\/lv\/wp-json\/wp\/v2\/product_brand?post=50186"},{"taxonomy":"product_cat","embeddable":true,"href":"https:\/\/micasa.lv\/lv\/wp-json\/wp\/v2\/product_cat?post=50186"},{"taxonomy":"product_tag","embeddable":true,"href":"https:\/\/micasa.lv\/lv\/wp-json\/wp\/v2\/product_tag?post=50186"}],"curies":[{"name":"wp","href":"https:\/\/api.w.org\/{rel}","templated":true}]}}