{"id":50247,"date":"2025-05-16T11:54:46","date_gmt":"2025-05-16T08:54:46","guid":{"rendered":"https:\/\/test.micasa.lv\/?post_type=product&#038;p=50247"},"modified":"2025-06-13T10:45:27","modified_gmt":"2025-06-13T07:45:27","slug":"dusas-noteka-plus-500-mm-nerusejosa-terauda","status":"publish","type":"product","link":"https:\/\/micasa.lv\/lv\/dusas-noteka-plus-500-mm-nerusejosa-terauda\/","title":{"rendered":"Du\u0161as noteka PLUS 500 mm, ner\u016bs\u0113jo\u0161\u0101 t\u0113rauda"},"content":{"rendered":"<p>Ner\u016bs\u0113jo\u0161\u0101 t\u0113rauda notekas ir ide\u0101la izv\u0113le modern\u0101m vannas istab\u0101m, pateicoties to iztur\u012bbai pret koroziju un elegantajam dizainam. T\u0101s ir izgatavotas no augstas kvalit\u0101tes ner\u016bs\u0113jo\u0161\u0101 t\u0113rauda, kas nodro\u0161ina ilgu kalpo\u0161anas laiku un dro\u0161u \u016bdens novad\u012b\u0161anu. To viegl\u0101 apkope un est\u0113tiskais izskats veicina paaugstin\u0101tu komfortu un funkcionalit\u0101ti j\u016bsu vannas istab\u0101. Galven\u0101s iez\u012bmes: Augstas kvalit\u0101tes materi\u0101ls: noteka ir izgatavota no augstas kvalit\u0101tes t\u0113rauda, kas garant\u0113 iztur\u012bbu pret koroziju un ilgu kalpo\u0161anas laiku. Efekt\u012bva dren\u0101\u017ea. Vienk\u0101r\u0161a uzst\u0101d\u012b\u0161ana un apkope: Regul\u0113jam\u0101s un no\u0146emam\u0101s k\u0101ji\u0146as \u013cauj prec\u012bzi novietot notekas, savuk\u0101rt no\u0146emamais net\u012brumu siets un piestiprin\u0101tais \u0101\u0137is atvieglo t\u012br\u012b\u0161anu. Re\u017e\u0123is nav iek\u013cauts komplekt\u0101, ta\u010du j\u016bs varat izv\u0113l\u0113ties no trim stil\u012bgiem dizainiem atbilsto\u0161i savai gaumei. Ide\u0101la funkcionalit\u0101tes un est\u0113tisk\u0101s pievilc\u012bbas kombin\u0101cija! Specifik\u0101cijas: Izgatavotas no augstas kvalit\u0101tes ner\u016bs\u0113jo\u0161\u0101 t\u0113rauda \/ dren\u0101\u017eas sifons plastmasas 360\u00b0 rot\u0113jo\u0161s dren\u0101\u017eas sifons Notekas diametrs: 50 mm Pl\u016bsmas \u0101trums: l\u012bdz 40 l\/min R\u0101mja augstums PLUS: 16\u201320 mm Konstrukcijas augstums: 92\u2013107 mm Garantija: 12 gadi<\/p>\n","protected":false},"excerpt":{"rendered":"<p>Ner\u016bs\u0113jo\u0161\u0101 t\u0113rauda notekas ir ide\u0101la izv\u0113le modern\u0101m vannas istab\u0101m, pateicoties to iztur\u012bbai pret koroziju un elegantajam dizainam. T\u0101s ir izgatavotas<\/p>\n","protected":false},"featured_media":49023,"template":"","meta":[],"product_brand":[],"product_cat":[1845,1528],"product_tag":[],"class_list":{"0":"post-50247","1":"product","2":"type-product","3":"status-publish","4":"has-post-thumbnail","6":"product_cat-dusas-notekas","7":"product_cat-vannas-istabas-aksesuari","8":"pa_brand-bemeta-lv","10":"first","11":"instock","12":"taxable","13":"shipping-taxable","14":"purchasable","15":"product-type-simple"},"yoast_head":"<!-- This site is optimized with the Yoast SEO plugin v27.4 - https:\/\/yoast.com\/product\/yoast-seo-wordpress\/ -->\n<title>Du\u0161as noteka PLUS 500 mm, ner\u016bs\u0113jo\u0161\u0101 t\u0113rauda - Micasa<\/title>\n<meta name=\"robots\" content=\"index, follow, max-snippet:-1, max-image-preview:large, max-video-preview:-1\" \/>\n<link rel=\"canonical\" href=\"https:\/\/micasa.lv\/lv\/dusas-noteka-plus-500-mm-nerusejosa-terauda\/\" \/>\n<meta property=\"og:locale\" content=\"lv_LV\" \/>\n<meta property=\"og:type\" content=\"article\" \/>\n<meta property=\"og:title\" content=\"Du\u0161as noteka PLUS 500 mm, ner\u016bs\u0113jo\u0161\u0101 t\u0113rauda - Micasa\" \/>\n<meta property=\"og:description\" content=\"Ner\u016bs\u0113jo\u0161\u0101 t\u0113rauda notekas ir ide\u0101la izv\u0113le modern\u0101m vannas istab\u0101m, pateicoties to iztur\u012bbai pret koroziju un elegantajam dizainam. T\u0101s ir izgatavotas\" \/>\n<meta property=\"og:url\" content=\"https:\/\/micasa.lv\/lv\/dusas-noteka-plus-500-mm-nerusejosa-terauda\/\" \/>\n<meta property=\"og:site_name\" content=\"Micasa\" \/>\n<meta property=\"article:modified_time\" content=\"2025-06-13T07:45:27+00:00\" \/>\n<meta property=\"og:image\" content=\"https:\/\/micasa.lv\/wp-content\/uploads\/2025\/05\/a55da468212b7e382888f6b98600b0cd_254653011-velky.jpg\" \/>\n\t<meta property=\"og:image:width\" content=\"500\" \/>\n\t<meta property=\"og:image:height\" content=\"500\" \/>\n\t<meta property=\"og:image:type\" content=\"image\/jpeg\" \/>\n<meta name=\"twitter:card\" content=\"summary_large_image\" \/>\n<meta name=\"twitter:label1\" content=\"Est. reading time\" \/>\n\t<meta name=\"twitter:data1\" content=\"1 minute\" \/>\n<script type=\"application\/ld+json\" class=\"yoast-schema-graph\">{\"@context\":\"https:\\\/\\\/schema.org\",\"@graph\":[{\"@type\":\"WebPage\",\"@id\":\"https:\\\/\\\/micasa.lv\\\/lv\\\/dusas-noteka-plus-500-mm-nerusejosa-terauda\\\/\",\"url\":\"https:\\\/\\\/micasa.lv\\\/lv\\\/dusas-noteka-plus-500-mm-nerusejosa-terauda\\\/\",\"name\":\"Du\u0161as noteka PLUS 500 mm, ner\u016bs\u0113jo\u0161\u0101 t\u0113rauda - Micasa\",\"isPartOf\":{\"@id\":\"https:\\\/\\\/micasa.lv\\\/lv\\\/#website\"},\"primaryImageOfPage\":{\"@id\":\"https:\\\/\\\/micasa.lv\\\/lv\\\/dusas-noteka-plus-500-mm-nerusejosa-terauda\\\/#primaryimage\"},\"image\":{\"@id\":\"https:\\\/\\\/micasa.lv\\\/lv\\\/dusas-noteka-plus-500-mm-nerusejosa-terauda\\\/#primaryimage\"},\"thumbnailUrl\":\"https:\\\/\\\/micasa.lv\\\/wp-content\\\/uploads\\\/2025\\\/05\\\/a55da468212b7e382888f6b98600b0cd_254653011-velky.jpg\",\"datePublished\":\"2025-05-16T08:54:46+00:00\",\"dateModified\":\"2025-06-13T07:45:27+00:00\",\"breadcrumb\":{\"@id\":\"https:\\\/\\\/micasa.lv\\\/lv\\\/dusas-noteka-plus-500-mm-nerusejosa-terauda\\\/#breadcrumb\"},\"inLanguage\":\"lv-LV\",\"potentialAction\":[{\"@type\":\"ReadAction\",\"target\":[\"https:\\\/\\\/micasa.lv\\\/lv\\\/dusas-noteka-plus-500-mm-nerusejosa-terauda\\\/\"]}]},{\"@type\":\"ImageObject\",\"inLanguage\":\"lv-LV\",\"@id\":\"https:\\\/\\\/micasa.lv\\\/lv\\\/dusas-noteka-plus-500-mm-nerusejosa-terauda\\\/#primaryimage\",\"url\":\"https:\\\/\\\/micasa.lv\\\/wp-content\\\/uploads\\\/2025\\\/05\\\/a55da468212b7e382888f6b98600b0cd_254653011-velky.jpg\",\"contentUrl\":\"https:\\\/\\\/micasa.lv\\\/wp-content\\\/uploads\\\/2025\\\/05\\\/a55da468212b7e382888f6b98600b0cd_254653011-velky.jpg\",\"width\":500,\"height\":500},{\"@type\":\"BreadcrumbList\",\"@id\":\"https:\\\/\\\/micasa.lv\\\/lv\\\/dusas-noteka-plus-500-mm-nerusejosa-terauda\\\/#breadcrumb\",\"itemListElement\":[{\"@type\":\"ListItem\",\"position\":1,\"name\":\"S\u0101kums\",\"item\":\"https:\\\/\\\/micasa.lv\\\/lv\\\/micasa\\\/\"},{\"@type\":\"ListItem\",\"position\":2,\"name\":\"Shop\",\"item\":\"https:\\\/\\\/micasa.lv\\\/lv\\\/shop\\\/\"},{\"@type\":\"ListItem\",\"position\":3,\"name\":\"Du\u0161as noteka PLUS 500 mm, ner\u016bs\u0113jo\u0161\u0101 t\u0113rauda\"}]},{\"@type\":\"WebSite\",\"@id\":\"https:\\\/\\\/micasa.lv\\\/lv\\\/#website\",\"url\":\"https:\\\/\\\/micasa.lv\\\/lv\\\/\",\"name\":\"Micasa\",\"description\":\"\",\"potentialAction\":[{\"@type\":\"SearchAction\",\"target\":{\"@type\":\"EntryPoint\",\"urlTemplate\":\"https:\\\/\\\/micasa.lv\\\/lv\\\/?s={search_term_string}\"},\"query-input\":{\"@type\":\"PropertyValueSpecification\",\"valueRequired\":true,\"valueName\":\"search_term_string\"}}],\"inLanguage\":\"lv-LV\"}]}<\/script>\n<!-- \/ Yoast SEO plugin. -->","yoast_head_json":{"title":"Du\u0161as noteka PLUS 500 mm, ner\u016bs\u0113jo\u0161\u0101 t\u0113rauda - Micasa","robots":{"index":"index","follow":"follow","max-snippet":"max-snippet:-1","max-image-preview":"max-image-preview:large","max-video-preview":"max-video-preview:-1"},"canonical":"https:\/\/micasa.lv\/lv\/dusas-noteka-plus-500-mm-nerusejosa-terauda\/","og_locale":"lv_LV","og_type":"article","og_title":"Du\u0161as noteka PLUS 500 mm, ner\u016bs\u0113jo\u0161\u0101 t\u0113rauda - Micasa","og_description":"Ner\u016bs\u0113jo\u0161\u0101 t\u0113rauda notekas ir ide\u0101la izv\u0113le modern\u0101m vannas istab\u0101m, pateicoties to iztur\u012bbai pret koroziju un elegantajam dizainam. T\u0101s ir izgatavotas","og_url":"https:\/\/micasa.lv\/lv\/dusas-noteka-plus-500-mm-nerusejosa-terauda\/","og_site_name":"Micasa","article_modified_time":"2025-06-13T07:45:27+00:00","og_image":[{"width":500,"height":500,"url":"https:\/\/micasa.lv\/wp-content\/uploads\/2025\/05\/a55da468212b7e382888f6b98600b0cd_254653011-velky.jpg","type":"image\/jpeg"}],"twitter_card":"summary_large_image","twitter_misc":{"Est. reading time":"1 minute"},"schema":{"@context":"https:\/\/schema.org","@graph":[{"@type":"WebPage","@id":"https:\/\/micasa.lv\/lv\/dusas-noteka-plus-500-mm-nerusejosa-terauda\/","url":"https:\/\/micasa.lv\/lv\/dusas-noteka-plus-500-mm-nerusejosa-terauda\/","name":"Du\u0161as noteka PLUS 500 mm, ner\u016bs\u0113jo\u0161\u0101 t\u0113rauda - Micasa","isPartOf":{"@id":"https:\/\/micasa.lv\/lv\/#website"},"primaryImageOfPage":{"@id":"https:\/\/micasa.lv\/lv\/dusas-noteka-plus-500-mm-nerusejosa-terauda\/#primaryimage"},"image":{"@id":"https:\/\/micasa.lv\/lv\/dusas-noteka-plus-500-mm-nerusejosa-terauda\/#primaryimage"},"thumbnailUrl":"https:\/\/micasa.lv\/wp-content\/uploads\/2025\/05\/a55da468212b7e382888f6b98600b0cd_254653011-velky.jpg","datePublished":"2025-05-16T08:54:46+00:00","dateModified":"2025-06-13T07:45:27+00:00","breadcrumb":{"@id":"https:\/\/micasa.lv\/lv\/dusas-noteka-plus-500-mm-nerusejosa-terauda\/#breadcrumb"},"inLanguage":"lv-LV","potentialAction":[{"@type":"ReadAction","target":["https:\/\/micasa.lv\/lv\/dusas-noteka-plus-500-mm-nerusejosa-terauda\/"]}]},{"@type":"ImageObject","inLanguage":"lv-LV","@id":"https:\/\/micasa.lv\/lv\/dusas-noteka-plus-500-mm-nerusejosa-terauda\/#primaryimage","url":"https:\/\/micasa.lv\/wp-content\/uploads\/2025\/05\/a55da468212b7e382888f6b98600b0cd_254653011-velky.jpg","contentUrl":"https:\/\/micasa.lv\/wp-content\/uploads\/2025\/05\/a55da468212b7e382888f6b98600b0cd_254653011-velky.jpg","width":500,"height":500},{"@type":"BreadcrumbList","@id":"https:\/\/micasa.lv\/lv\/dusas-noteka-plus-500-mm-nerusejosa-terauda\/#breadcrumb","itemListElement":[{"@type":"ListItem","position":1,"name":"S\u0101kums","item":"https:\/\/micasa.lv\/lv\/micasa\/"},{"@type":"ListItem","position":2,"name":"Shop","item":"https:\/\/micasa.lv\/lv\/shop\/"},{"@type":"ListItem","position":3,"name":"Du\u0161as noteka PLUS 500 mm, ner\u016bs\u0113jo\u0161\u0101 t\u0113rauda"}]},{"@type":"WebSite","@id":"https:\/\/micasa.lv\/lv\/#website","url":"https:\/\/micasa.lv\/lv\/","name":"Micasa","description":"","potentialAction":[{"@type":"SearchAction","target":{"@type":"EntryPoint","urlTemplate":"https:\/\/micasa.lv\/lv\/?s={search_term_string}"},"query-input":{"@type":"PropertyValueSpecification","valueRequired":true,"valueName":"search_term_string"}}],"inLanguage":"lv-LV"}]}},"wcpa_form_fields":null,"_links":{"self":[{"href":"https:\/\/micasa.lv\/lv\/wp-json\/wp\/v2\/product\/50247","targetHints":{"allow":["GET"]}}],"collection":[{"href":"https:\/\/micasa.lv\/lv\/wp-json\/wp\/v2\/product"}],"about":[{"href":"https:\/\/micasa.lv\/lv\/wp-json\/wp\/v2\/types\/product"}],"version-history":[{"count":1,"href":"https:\/\/micasa.lv\/lv\/wp-json\/wp\/v2\/product\/50247\/revisions"}],"predecessor-version":[{"id":50277,"href":"https:\/\/micasa.lv\/lv\/wp-json\/wp\/v2\/product\/50247\/revisions\/50277"}],"wp:featuredmedia":[{"embeddable":true,"href":"https:\/\/micasa.lv\/lv\/wp-json\/wp\/v2\/media\/49023"}],"wp:attachment":[{"href":"https:\/\/micasa.lv\/lv\/wp-json\/wp\/v2\/media?parent=50247"}],"wp:term":[{"taxonomy":"product_brand","embeddable":true,"href":"https:\/\/micasa.lv\/lv\/wp-json\/wp\/v2\/product_brand?post=50247"},{"taxonomy":"product_cat","embeddable":true,"href":"https:\/\/micasa.lv\/lv\/wp-json\/wp\/v2\/product_cat?post=50247"},{"taxonomy":"product_tag","embeddable":true,"href":"https:\/\/micasa.lv\/lv\/wp-json\/wp\/v2\/product_tag?post=50247"}],"curies":[{"name":"wp","href":"https:\/\/api.w.org\/{rel}","templated":true}]}}