{"id":50251,"date":"2025-05-16T11:54:47","date_gmt":"2025-05-16T08:54:47","guid":{"rendered":"https:\/\/test.micasa.lv\/?post_type=product&#038;p=50251"},"modified":"2025-06-13T10:45:29","modified_gmt":"2025-06-13T07:45:29","slug":"dusas-notekas-rezgis-600-mm-254653121-254653021-kare","status":"publish","type":"product","link":"https:\/\/micasa.lv\/lv\/dusas-notekas-rezgis-600-mm-254653121-254653021-kare\/","title":{"rendered":"Du\u0161as notekas re\u017e\u0123is 600 mm 254653121, 254653021, KARE"},"content":{"rendered":"<p>Du\u0161as notekas re\u017e\u0123is &#8211; ner\u016bs\u0113jo\u0161\u0101 t\u0113rauda kvalit\u0101te un elegants dizains. \u0160is re\u017e\u0123is ir izgatavots no augstas kvalit\u0101tes ner\u016bs\u0113jo\u0161\u0101 t\u0113rauda, kas nodro\u0161ina t\u0101 iztur\u012bbu pret koroziju un ilgm\u016b\u017e\u012bbu. Tas ir paredz\u0113ts efekt\u012bvai \u016bdens novad\u012b\u0161anai, vienlaikus pie\u0161\u0137irot du\u0161as kab\u012bnei modernu izskatu. T\u0101 viegl\u0101 apkope un t\u012brais dizains padara to par ide\u0101lu papildin\u0101jumu jebkurai notekai. Izv\u0113lieties stil\u012bgu un funkcion\u0101lu re\u017e\u0123i, kas lieliski papildin\u0101s j\u016bsu du\u0161as telpu.<\/p>\n","protected":false},"excerpt":{"rendered":"<p>Du\u0161as notekas re\u017e\u0123is &#8211; ner\u016bs\u0113jo\u0161\u0101 t\u0113rauda kvalit\u0101te un elegants dizains. \u0160is re\u017e\u0123is ir izgatavots no augstas kvalit\u0101tes ner\u016bs\u0113jo\u0161\u0101 t\u0113rauda, kas<\/p>\n","protected":false},"featured_media":48849,"template":"","meta":[],"product_brand":[],"product_cat":[1845,1528],"product_tag":[],"class_list":{"0":"post-50251","1":"product","2":"type-product","3":"status-publish","4":"has-post-thumbnail","6":"product_cat-dusas-notekas","7":"product_cat-vannas-istabas-aksesuari","8":"pa_brand-bemeta-lv","10":"first","11":"instock","12":"taxable","13":"shipping-taxable","14":"purchasable","15":"product-type-simple"},"yoast_head":"<!-- This site is optimized with the Yoast SEO plugin v27.4 - https:\/\/yoast.com\/product\/yoast-seo-wordpress\/ -->\n<title>Du\u0161as notekas re\u017e\u0123is 600 mm 254653121, 254653021, KARE - Micasa<\/title>\n<meta name=\"robots\" content=\"index, follow, max-snippet:-1, max-image-preview:large, max-video-preview:-1\" \/>\n<link rel=\"canonical\" href=\"https:\/\/micasa.lv\/lv\/dusas-notekas-rezgis-600-mm-254653121-254653021-kare\/\" \/>\n<meta property=\"og:locale\" content=\"lv_LV\" \/>\n<meta property=\"og:type\" content=\"article\" \/>\n<meta property=\"og:title\" content=\"Du\u0161as notekas re\u017e\u0123is 600 mm 254653121, 254653021, KARE - Micasa\" \/>\n<meta property=\"og:description\" content=\"Du\u0161as notekas re\u017e\u0123is &#8211; ner\u016bs\u0113jo\u0161\u0101 t\u0113rauda kvalit\u0101te un elegants dizains. \u0160is re\u017e\u0123is ir izgatavots no augstas kvalit\u0101tes ner\u016bs\u0113jo\u0161\u0101 t\u0113rauda, kas\" \/>\n<meta property=\"og:url\" content=\"https:\/\/micasa.lv\/lv\/dusas-notekas-rezgis-600-mm-254653121-254653021-kare\/\" \/>\n<meta property=\"og:site_name\" content=\"Micasa\" \/>\n<meta property=\"article:modified_time\" content=\"2025-06-13T07:45:29+00:00\" \/>\n<meta property=\"og:image\" content=\"https:\/\/micasa.lv\/wp-content\/uploads\/2025\/05\/1e472bba6d6efa89031accb02c10b725_254657025-velky.jpg\" \/>\n\t<meta property=\"og:image:width\" content=\"500\" \/>\n\t<meta property=\"og:image:height\" content=\"500\" \/>\n\t<meta property=\"og:image:type\" content=\"image\/jpeg\" \/>\n<meta name=\"twitter:card\" content=\"summary_large_image\" \/>\n<script type=\"application\/ld+json\" class=\"yoast-schema-graph\">{\"@context\":\"https:\\\/\\\/schema.org\",\"@graph\":[{\"@type\":\"WebPage\",\"@id\":\"https:\\\/\\\/micasa.lv\\\/lv\\\/dusas-notekas-rezgis-600-mm-254653121-254653021-kare\\\/\",\"url\":\"https:\\\/\\\/micasa.lv\\\/lv\\\/dusas-notekas-rezgis-600-mm-254653121-254653021-kare\\\/\",\"name\":\"Du\u0161as notekas re\u017e\u0123is 600 mm 254653121, 254653021, KARE - Micasa\",\"isPartOf\":{\"@id\":\"https:\\\/\\\/micasa.lv\\\/lv\\\/#website\"},\"primaryImageOfPage\":{\"@id\":\"https:\\\/\\\/micasa.lv\\\/lv\\\/dusas-notekas-rezgis-600-mm-254653121-254653021-kare\\\/#primaryimage\"},\"image\":{\"@id\":\"https:\\\/\\\/micasa.lv\\\/lv\\\/dusas-notekas-rezgis-600-mm-254653121-254653021-kare\\\/#primaryimage\"},\"thumbnailUrl\":\"https:\\\/\\\/micasa.lv\\\/wp-content\\\/uploads\\\/2025\\\/05\\\/1e472bba6d6efa89031accb02c10b725_254657025-velky.jpg\",\"datePublished\":\"2025-05-16T08:54:47+00:00\",\"dateModified\":\"2025-06-13T07:45:29+00:00\",\"breadcrumb\":{\"@id\":\"https:\\\/\\\/micasa.lv\\\/lv\\\/dusas-notekas-rezgis-600-mm-254653121-254653021-kare\\\/#breadcrumb\"},\"inLanguage\":\"lv-LV\",\"potentialAction\":[{\"@type\":\"ReadAction\",\"target\":[\"https:\\\/\\\/micasa.lv\\\/lv\\\/dusas-notekas-rezgis-600-mm-254653121-254653021-kare\\\/\"]}]},{\"@type\":\"ImageObject\",\"inLanguage\":\"lv-LV\",\"@id\":\"https:\\\/\\\/micasa.lv\\\/lv\\\/dusas-notekas-rezgis-600-mm-254653121-254653021-kare\\\/#primaryimage\",\"url\":\"https:\\\/\\\/micasa.lv\\\/wp-content\\\/uploads\\\/2025\\\/05\\\/1e472bba6d6efa89031accb02c10b725_254657025-velky.jpg\",\"contentUrl\":\"https:\\\/\\\/micasa.lv\\\/wp-content\\\/uploads\\\/2025\\\/05\\\/1e472bba6d6efa89031accb02c10b725_254657025-velky.jpg\",\"width\":500,\"height\":500},{\"@type\":\"BreadcrumbList\",\"@id\":\"https:\\\/\\\/micasa.lv\\\/lv\\\/dusas-notekas-rezgis-600-mm-254653121-254653021-kare\\\/#breadcrumb\",\"itemListElement\":[{\"@type\":\"ListItem\",\"position\":1,\"name\":\"S\u0101kums\",\"item\":\"https:\\\/\\\/micasa.lv\\\/lv\\\/micasa\\\/\"},{\"@type\":\"ListItem\",\"position\":2,\"name\":\"Shop\",\"item\":\"https:\\\/\\\/micasa.lv\\\/lv\\\/shop\\\/\"},{\"@type\":\"ListItem\",\"position\":3,\"name\":\"Du\u0161as notekas re\u017e\u0123is 600 mm 254653121, 254653021, KARE\"}]},{\"@type\":\"WebSite\",\"@id\":\"https:\\\/\\\/micasa.lv\\\/lv\\\/#website\",\"url\":\"https:\\\/\\\/micasa.lv\\\/lv\\\/\",\"name\":\"Micasa\",\"description\":\"\",\"potentialAction\":[{\"@type\":\"SearchAction\",\"target\":{\"@type\":\"EntryPoint\",\"urlTemplate\":\"https:\\\/\\\/micasa.lv\\\/lv\\\/?s={search_term_string}\"},\"query-input\":{\"@type\":\"PropertyValueSpecification\",\"valueRequired\":true,\"valueName\":\"search_term_string\"}}],\"inLanguage\":\"lv-LV\"}]}<\/script>\n<!-- \/ Yoast SEO plugin. -->","yoast_head_json":{"title":"Du\u0161as notekas re\u017e\u0123is 600 mm 254653121, 254653021, KARE - Micasa","robots":{"index":"index","follow":"follow","max-snippet":"max-snippet:-1","max-image-preview":"max-image-preview:large","max-video-preview":"max-video-preview:-1"},"canonical":"https:\/\/micasa.lv\/lv\/dusas-notekas-rezgis-600-mm-254653121-254653021-kare\/","og_locale":"lv_LV","og_type":"article","og_title":"Du\u0161as notekas re\u017e\u0123is 600 mm 254653121, 254653021, KARE - Micasa","og_description":"Du\u0161as notekas re\u017e\u0123is &#8211; ner\u016bs\u0113jo\u0161\u0101 t\u0113rauda kvalit\u0101te un elegants dizains. \u0160is re\u017e\u0123is ir izgatavots no augstas kvalit\u0101tes ner\u016bs\u0113jo\u0161\u0101 t\u0113rauda, kas","og_url":"https:\/\/micasa.lv\/lv\/dusas-notekas-rezgis-600-mm-254653121-254653021-kare\/","og_site_name":"Micasa","article_modified_time":"2025-06-13T07:45:29+00:00","og_image":[{"width":500,"height":500,"url":"https:\/\/micasa.lv\/wp-content\/uploads\/2025\/05\/1e472bba6d6efa89031accb02c10b725_254657025-velky.jpg","type":"image\/jpeg"}],"twitter_card":"summary_large_image","schema":{"@context":"https:\/\/schema.org","@graph":[{"@type":"WebPage","@id":"https:\/\/micasa.lv\/lv\/dusas-notekas-rezgis-600-mm-254653121-254653021-kare\/","url":"https:\/\/micasa.lv\/lv\/dusas-notekas-rezgis-600-mm-254653121-254653021-kare\/","name":"Du\u0161as notekas re\u017e\u0123is 600 mm 254653121, 254653021, KARE - Micasa","isPartOf":{"@id":"https:\/\/micasa.lv\/lv\/#website"},"primaryImageOfPage":{"@id":"https:\/\/micasa.lv\/lv\/dusas-notekas-rezgis-600-mm-254653121-254653021-kare\/#primaryimage"},"image":{"@id":"https:\/\/micasa.lv\/lv\/dusas-notekas-rezgis-600-mm-254653121-254653021-kare\/#primaryimage"},"thumbnailUrl":"https:\/\/micasa.lv\/wp-content\/uploads\/2025\/05\/1e472bba6d6efa89031accb02c10b725_254657025-velky.jpg","datePublished":"2025-05-16T08:54:47+00:00","dateModified":"2025-06-13T07:45:29+00:00","breadcrumb":{"@id":"https:\/\/micasa.lv\/lv\/dusas-notekas-rezgis-600-mm-254653121-254653021-kare\/#breadcrumb"},"inLanguage":"lv-LV","potentialAction":[{"@type":"ReadAction","target":["https:\/\/micasa.lv\/lv\/dusas-notekas-rezgis-600-mm-254653121-254653021-kare\/"]}]},{"@type":"ImageObject","inLanguage":"lv-LV","@id":"https:\/\/micasa.lv\/lv\/dusas-notekas-rezgis-600-mm-254653121-254653021-kare\/#primaryimage","url":"https:\/\/micasa.lv\/wp-content\/uploads\/2025\/05\/1e472bba6d6efa89031accb02c10b725_254657025-velky.jpg","contentUrl":"https:\/\/micasa.lv\/wp-content\/uploads\/2025\/05\/1e472bba6d6efa89031accb02c10b725_254657025-velky.jpg","width":500,"height":500},{"@type":"BreadcrumbList","@id":"https:\/\/micasa.lv\/lv\/dusas-notekas-rezgis-600-mm-254653121-254653021-kare\/#breadcrumb","itemListElement":[{"@type":"ListItem","position":1,"name":"S\u0101kums","item":"https:\/\/micasa.lv\/lv\/micasa\/"},{"@type":"ListItem","position":2,"name":"Shop","item":"https:\/\/micasa.lv\/lv\/shop\/"},{"@type":"ListItem","position":3,"name":"Du\u0161as notekas re\u017e\u0123is 600 mm 254653121, 254653021, KARE"}]},{"@type":"WebSite","@id":"https:\/\/micasa.lv\/lv\/#website","url":"https:\/\/micasa.lv\/lv\/","name":"Micasa","description":"","potentialAction":[{"@type":"SearchAction","target":{"@type":"EntryPoint","urlTemplate":"https:\/\/micasa.lv\/lv\/?s={search_term_string}"},"query-input":{"@type":"PropertyValueSpecification","valueRequired":true,"valueName":"search_term_string"}}],"inLanguage":"lv-LV"}]}},"wcpa_form_fields":null,"_links":{"self":[{"href":"https:\/\/micasa.lv\/lv\/wp-json\/wp\/v2\/product\/50251","targetHints":{"allow":["GET"]}}],"collection":[{"href":"https:\/\/micasa.lv\/lv\/wp-json\/wp\/v2\/product"}],"about":[{"href":"https:\/\/micasa.lv\/lv\/wp-json\/wp\/v2\/types\/product"}],"version-history":[{"count":1,"href":"https:\/\/micasa.lv\/lv\/wp-json\/wp\/v2\/product\/50251\/revisions"}],"predecessor-version":[{"id":50281,"href":"https:\/\/micasa.lv\/lv\/wp-json\/wp\/v2\/product\/50251\/revisions\/50281"}],"wp:featuredmedia":[{"embeddable":true,"href":"https:\/\/micasa.lv\/lv\/wp-json\/wp\/v2\/media\/48849"}],"wp:attachment":[{"href":"https:\/\/micasa.lv\/lv\/wp-json\/wp\/v2\/media?parent=50251"}],"wp:term":[{"taxonomy":"product_brand","embeddable":true,"href":"https:\/\/micasa.lv\/lv\/wp-json\/wp\/v2\/product_brand?post=50251"},{"taxonomy":"product_cat","embeddable":true,"href":"https:\/\/micasa.lv\/lv\/wp-json\/wp\/v2\/product_cat?post=50251"},{"taxonomy":"product_tag","embeddable":true,"href":"https:\/\/micasa.lv\/lv\/wp-json\/wp\/v2\/product_tag?post=50251"}],"curies":[{"name":"wp","href":"https:\/\/api.w.org\/{rel}","templated":true}]}}