{"id":50309,"date":"2025-05-16T11:55:05","date_gmt":"2025-05-16T08:55:05","guid":{"rendered":"https:\/\/test.micasa.lv\/?post_type=product&#038;p=50309"},"modified":"2025-06-13T10:45:38","modified_gmt":"2025-06-13T07:45:38","slug":"stella-ziepju-dozators","status":"publish","type":"product","link":"https:\/\/micasa.lv\/lv\/stella-ziepju-dozators\/","title":{"rendered":"STELLA: Ziepju dozators"},"content":{"rendered":"<p>Jums noteikti patiks STELLA kl\u0101sts! T\u0101 smalk\u0101s formas bez as\u0101m mal\u0101m. Lai gan tai piem\u012bt smalku l\u012bniju gars, t\u0101s unikalit\u0101te balst\u0101s uz \u012bpa\u0161aj\u0101m griezuma deta\u013c\u0101m, kas pie\u0161\u0137ir tai vieglu industri\u0101lu piesk\u0101rienu. Ide\u0101la stila kombin\u0101cija tiem, kas nev\u0113las kompromisu starp harmoniju un modernu dizainu.<\/p>\n","protected":false},"excerpt":{"rendered":"<p>Jums noteikti patiks STELLA kl\u0101sts! T\u0101 smalk\u0101s formas bez as\u0101m mal\u0101m. Lai gan tai piem\u012bt smalku l\u012bniju gars, t\u0101s unikalit\u0101te<\/p>\n","protected":false},"featured_media":49398,"template":"","meta":[],"product_brand":[],"product_cat":[1851,1528],"product_tag":[],"class_list":{"0":"post-50309","1":"product","2":"type-product","3":"status-publish","4":"has-post-thumbnail","6":"product_cat-skidro-ziepju-dozatori","7":"product_cat-vannas-istabas-aksesuari","8":"pa_brand-bemeta-lv","10":"first","11":"instock","12":"taxable","13":"shipping-taxable","14":"purchasable","15":"product-type-simple"},"yoast_head":"<!-- This site is optimized with the Yoast SEO plugin v27.4 - https:\/\/yoast.com\/product\/yoast-seo-wordpress\/ -->\n<title>STELLA: Ziepju dozators - Micasa<\/title>\n<meta name=\"robots\" content=\"index, follow, max-snippet:-1, max-image-preview:large, max-video-preview:-1\" \/>\n<link rel=\"canonical\" href=\"https:\/\/micasa.lv\/lv\/stella-ziepju-dozators\/\" \/>\n<meta property=\"og:locale\" content=\"lv_LV\" \/>\n<meta property=\"og:type\" content=\"article\" \/>\n<meta property=\"og:title\" content=\"STELLA: Ziepju dozators - Micasa\" \/>\n<meta property=\"og:description\" content=\"Jums noteikti patiks STELLA kl\u0101sts! T\u0101 smalk\u0101s formas bez as\u0101m mal\u0101m. Lai gan tai piem\u012bt smalku l\u012bniju gars, t\u0101s unikalit\u0101te\" \/>\n<meta property=\"og:url\" content=\"https:\/\/micasa.lv\/lv\/stella-ziepju-dozators\/\" \/>\n<meta property=\"og:site_name\" content=\"Micasa\" \/>\n<meta property=\"article:modified_time\" content=\"2025-06-13T07:45:38+00:00\" \/>\n<meta property=\"og:image\" content=\"https:\/\/micasa.lv\/wp-content\/uploads\/2025\/05\/e0dde24a0dc8c560a4f3987fffabe413_166109017w-velky.jpg\" \/>\n\t<meta property=\"og:image:width\" content=\"500\" \/>\n\t<meta property=\"og:image:height\" content=\"500\" \/>\n\t<meta property=\"og:image:type\" content=\"image\/jpeg\" \/>\n<meta name=\"twitter:card\" content=\"summary_large_image\" \/>\n<script type=\"application\/ld+json\" class=\"yoast-schema-graph\">{\"@context\":\"https:\\\/\\\/schema.org\",\"@graph\":[{\"@type\":\"WebPage\",\"@id\":\"https:\\\/\\\/micasa.lv\\\/lv\\\/stella-ziepju-dozators\\\/\",\"url\":\"https:\\\/\\\/micasa.lv\\\/lv\\\/stella-ziepju-dozators\\\/\",\"name\":\"STELLA: Ziepju dozators - Micasa\",\"isPartOf\":{\"@id\":\"https:\\\/\\\/micasa.lv\\\/lv\\\/#website\"},\"primaryImageOfPage\":{\"@id\":\"https:\\\/\\\/micasa.lv\\\/lv\\\/stella-ziepju-dozators\\\/#primaryimage\"},\"image\":{\"@id\":\"https:\\\/\\\/micasa.lv\\\/lv\\\/stella-ziepju-dozators\\\/#primaryimage\"},\"thumbnailUrl\":\"https:\\\/\\\/micasa.lv\\\/wp-content\\\/uploads\\\/2025\\\/05\\\/e0dde24a0dc8c560a4f3987fffabe413_166109017w-velky.jpg\",\"datePublished\":\"2025-05-16T08:55:05+00:00\",\"dateModified\":\"2025-06-13T07:45:38+00:00\",\"breadcrumb\":{\"@id\":\"https:\\\/\\\/micasa.lv\\\/lv\\\/stella-ziepju-dozators\\\/#breadcrumb\"},\"inLanguage\":\"lv-LV\",\"potentialAction\":[{\"@type\":\"ReadAction\",\"target\":[\"https:\\\/\\\/micasa.lv\\\/lv\\\/stella-ziepju-dozators\\\/\"]}]},{\"@type\":\"ImageObject\",\"inLanguage\":\"lv-LV\",\"@id\":\"https:\\\/\\\/micasa.lv\\\/lv\\\/stella-ziepju-dozators\\\/#primaryimage\",\"url\":\"https:\\\/\\\/micasa.lv\\\/wp-content\\\/uploads\\\/2025\\\/05\\\/e0dde24a0dc8c560a4f3987fffabe413_166109017w-velky.jpg\",\"contentUrl\":\"https:\\\/\\\/micasa.lv\\\/wp-content\\\/uploads\\\/2025\\\/05\\\/e0dde24a0dc8c560a4f3987fffabe413_166109017w-velky.jpg\",\"width\":500,\"height\":500},{\"@type\":\"BreadcrumbList\",\"@id\":\"https:\\\/\\\/micasa.lv\\\/lv\\\/stella-ziepju-dozators\\\/#breadcrumb\",\"itemListElement\":[{\"@type\":\"ListItem\",\"position\":1,\"name\":\"S\u0101kums\",\"item\":\"https:\\\/\\\/micasa.lv\\\/lv\\\/micasa\\\/\"},{\"@type\":\"ListItem\",\"position\":2,\"name\":\"Shop\",\"item\":\"https:\\\/\\\/micasa.lv\\\/lv\\\/shop\\\/\"},{\"@type\":\"ListItem\",\"position\":3,\"name\":\"STELLA: Ziepju dozators\"}]},{\"@type\":\"WebSite\",\"@id\":\"https:\\\/\\\/micasa.lv\\\/lv\\\/#website\",\"url\":\"https:\\\/\\\/micasa.lv\\\/lv\\\/\",\"name\":\"Micasa\",\"description\":\"\",\"potentialAction\":[{\"@type\":\"SearchAction\",\"target\":{\"@type\":\"EntryPoint\",\"urlTemplate\":\"https:\\\/\\\/micasa.lv\\\/lv\\\/?s={search_term_string}\"},\"query-input\":{\"@type\":\"PropertyValueSpecification\",\"valueRequired\":true,\"valueName\":\"search_term_string\"}}],\"inLanguage\":\"lv-LV\"}]}<\/script>\n<!-- \/ Yoast SEO plugin. -->","yoast_head_json":{"title":"STELLA: Ziepju dozators - Micasa","robots":{"index":"index","follow":"follow","max-snippet":"max-snippet:-1","max-image-preview":"max-image-preview:large","max-video-preview":"max-video-preview:-1"},"canonical":"https:\/\/micasa.lv\/lv\/stella-ziepju-dozators\/","og_locale":"lv_LV","og_type":"article","og_title":"STELLA: Ziepju dozators - Micasa","og_description":"Jums noteikti patiks STELLA kl\u0101sts! T\u0101 smalk\u0101s formas bez as\u0101m mal\u0101m. Lai gan tai piem\u012bt smalku l\u012bniju gars, t\u0101s unikalit\u0101te","og_url":"https:\/\/micasa.lv\/lv\/stella-ziepju-dozators\/","og_site_name":"Micasa","article_modified_time":"2025-06-13T07:45:38+00:00","og_image":[{"width":500,"height":500,"url":"https:\/\/micasa.lv\/wp-content\/uploads\/2025\/05\/e0dde24a0dc8c560a4f3987fffabe413_166109017w-velky.jpg","type":"image\/jpeg"}],"twitter_card":"summary_large_image","schema":{"@context":"https:\/\/schema.org","@graph":[{"@type":"WebPage","@id":"https:\/\/micasa.lv\/lv\/stella-ziepju-dozators\/","url":"https:\/\/micasa.lv\/lv\/stella-ziepju-dozators\/","name":"STELLA: Ziepju dozators - Micasa","isPartOf":{"@id":"https:\/\/micasa.lv\/lv\/#website"},"primaryImageOfPage":{"@id":"https:\/\/micasa.lv\/lv\/stella-ziepju-dozators\/#primaryimage"},"image":{"@id":"https:\/\/micasa.lv\/lv\/stella-ziepju-dozators\/#primaryimage"},"thumbnailUrl":"https:\/\/micasa.lv\/wp-content\/uploads\/2025\/05\/e0dde24a0dc8c560a4f3987fffabe413_166109017w-velky.jpg","datePublished":"2025-05-16T08:55:05+00:00","dateModified":"2025-06-13T07:45:38+00:00","breadcrumb":{"@id":"https:\/\/micasa.lv\/lv\/stella-ziepju-dozators\/#breadcrumb"},"inLanguage":"lv-LV","potentialAction":[{"@type":"ReadAction","target":["https:\/\/micasa.lv\/lv\/stella-ziepju-dozators\/"]}]},{"@type":"ImageObject","inLanguage":"lv-LV","@id":"https:\/\/micasa.lv\/lv\/stella-ziepju-dozators\/#primaryimage","url":"https:\/\/micasa.lv\/wp-content\/uploads\/2025\/05\/e0dde24a0dc8c560a4f3987fffabe413_166109017w-velky.jpg","contentUrl":"https:\/\/micasa.lv\/wp-content\/uploads\/2025\/05\/e0dde24a0dc8c560a4f3987fffabe413_166109017w-velky.jpg","width":500,"height":500},{"@type":"BreadcrumbList","@id":"https:\/\/micasa.lv\/lv\/stella-ziepju-dozators\/#breadcrumb","itemListElement":[{"@type":"ListItem","position":1,"name":"S\u0101kums","item":"https:\/\/micasa.lv\/lv\/micasa\/"},{"@type":"ListItem","position":2,"name":"Shop","item":"https:\/\/micasa.lv\/lv\/shop\/"},{"@type":"ListItem","position":3,"name":"STELLA: Ziepju dozators"}]},{"@type":"WebSite","@id":"https:\/\/micasa.lv\/lv\/#website","url":"https:\/\/micasa.lv\/lv\/","name":"Micasa","description":"","potentialAction":[{"@type":"SearchAction","target":{"@type":"EntryPoint","urlTemplate":"https:\/\/micasa.lv\/lv\/?s={search_term_string}"},"query-input":{"@type":"PropertyValueSpecification","valueRequired":true,"valueName":"search_term_string"}}],"inLanguage":"lv-LV"}]}},"wcpa_form_fields":null,"_links":{"self":[{"href":"https:\/\/micasa.lv\/lv\/wp-json\/wp\/v2\/product\/50309","targetHints":{"allow":["GET"]}}],"collection":[{"href":"https:\/\/micasa.lv\/lv\/wp-json\/wp\/v2\/product"}],"about":[{"href":"https:\/\/micasa.lv\/lv\/wp-json\/wp\/v2\/types\/product"}],"version-history":[{"count":1,"href":"https:\/\/micasa.lv\/lv\/wp-json\/wp\/v2\/product\/50309\/revisions"}],"predecessor-version":[{"id":50337,"href":"https:\/\/micasa.lv\/lv\/wp-json\/wp\/v2\/product\/50309\/revisions\/50337"}],"wp:featuredmedia":[{"embeddable":true,"href":"https:\/\/micasa.lv\/lv\/wp-json\/wp\/v2\/media\/49398"}],"wp:attachment":[{"href":"https:\/\/micasa.lv\/lv\/wp-json\/wp\/v2\/media?parent=50309"}],"wp:term":[{"taxonomy":"product_brand","embeddable":true,"href":"https:\/\/micasa.lv\/lv\/wp-json\/wp\/v2\/product_brand?post=50309"},{"taxonomy":"product_cat","embeddable":true,"href":"https:\/\/micasa.lv\/lv\/wp-json\/wp\/v2\/product_cat?post=50309"},{"taxonomy":"product_tag","embeddable":true,"href":"https:\/\/micasa.lv\/lv\/wp-json\/wp\/v2\/product_tag?post=50309"}],"curies":[{"name":"wp","href":"https:\/\/api.w.org\/{rel}","templated":true}]}}