{"id":50316,"date":"2025-05-16T11:55:19","date_gmt":"2025-05-16T08:55:19","guid":{"rendered":"https:\/\/test.micasa.lv\/?post_type=product&#038;p=50316"},"modified":"2025-06-13T10:45:40","modified_gmt":"2025-06-13T07:45:40","slug":"apsildams-dvielu-zavetajs-450x960-mm-130-w-nerusejosa-terauda-balts","status":"publish","type":"product","link":"https:\/\/micasa.lv\/lv\/apsildams-dvielu-zavetajs-450x960-mm-130-w-nerusejosa-terauda-balts\/","title":{"rendered":"Apsild\u0101ms dvie\u013cu \u017e\u0101v\u0113t\u0101js 450&#215;960 mm, 130 W, ner\u016bs\u0113jo\u0161\u0101 t\u0113rauda, balts"},"content":{"rendered":"<p>Pie\u0161\u0137iriet savai vannas istabai stilu un funkcionalit\u0101ti ar m\u016bsu klasiskaj\u0101m apsild\u0101maj\u0101m dvie\u013cu \u017e\u0101v\u0113t\u0101j\u0101m, kas pieejamas tr\u012bs izm\u0113ros un tr\u012bs elegant\u0101s kr\u0101s\u0101s. \u0160\u012bs \u017e\u0101v\u0113t\u0101jas ne tikai efekt\u012bvi \u017e\u0101v\u0113 dvie\u013cus, bet ar\u012b pat\u012bkami sasilda telpu, uzlabojot ikdienas komfortu. TEHNISK\u0100S SPECIFIK\u0100CIJAS Pied\u0101v\u0101tie izm\u0113ri, veiktsp\u0113ja: 450 x 960 mm, 130 W 450 x 1320 mm, 180 W 600 x 1680 mm, 285 W Dzi\u013cums: 110 mm Materi\u0101ls: ner\u016bs\u0113jo\u0161ais t\u0113rauds Pieejam\u0101s kr\u0101sas: sudraba, balta, melna Aizsardz\u012bbas pak\u0101pe (IP): IPx4 Baro\u0161anas kabe\u013ca garums: aptuveni 1300 mm UZST\u0100D\u012a\u0160ANA UN PIESL\u0112G\u0160ANA Mont\u0101\u017eas metode: mont\u0101\u017ea pie sienas Savienojuma veids: \u017e\u0101v\u0113t\u0101js ir apr\u012bkots ar baro\u0161anas kabeli ar spraudni pievieno\u0161anai kontaktligzdai un vienlaikus ar redukciju fiks\u0113tam savienojumam ar sienas vadu. VAD\u012aBAS ELEMENTI UN FUNKCIJAS Digit\u0101lais termostats Temperat\u016bras kontrole: 45 \u00b0C, 50 \u00b0C un 55 \u00b0C Taimeris: 1\u20139 stundas (regul\u0113jams pa stund\u0101m) Ilgi nospie\u017eot iesl\u0113g\u0161anas\/izsl\u0113g\u0161anas pogu, ier\u012bce tiek iesl\u0113gta vai izsl\u0113gta GARANTIJAS NOSAC\u012aJUMI 2 gadu funkcion\u0101l\u0101 garantija 2 gadi no apdares datuma<\/p>\n","protected":false},"excerpt":{"rendered":"<p>Pie\u0161\u0137iriet savai vannas istabai stilu un funkcionalit\u0101ti ar m\u016bsu klasiskaj\u0101m apsild\u0101maj\u0101m dvie\u013cu \u017e\u0101v\u0113t\u0101j\u0101m, kas pieejamas tr\u012bs izm\u0113ros un tr\u012bs elegant\u0101s<\/p>\n","protected":false},"featured_media":49275,"template":"","meta":[],"product_brand":[],"product_cat":[1833,1528],"product_tag":[],"class_list":{"0":"post-50316","1":"product","2":"type-product","3":"status-publish","4":"has-post-thumbnail","6":"product_cat-elektriskais-dvielu-zavetajs","7":"product_cat-vannas-istabas-aksesuari","8":"pa_brand-bemeta-lv","10":"first","11":"instock","12":"taxable","13":"shipping-taxable","14":"purchasable","15":"product-type-simple"},"yoast_head":"<!-- This site is optimized with the Yoast SEO plugin v27.4 - https:\/\/yoast.com\/product\/yoast-seo-wordpress\/ -->\n<title>Apsild\u0101ms dvie\u013cu \u017e\u0101v\u0113t\u0101js 450x960 mm, 130 W, ner\u016bs\u0113jo\u0161\u0101 t\u0113rauda, balts - Micasa<\/title>\n<meta name=\"robots\" content=\"index, follow, max-snippet:-1, max-image-preview:large, max-video-preview:-1\" \/>\n<link rel=\"canonical\" href=\"https:\/\/micasa.lv\/lv\/apsildams-dvielu-zavetajs-450x960-mm-130-w-nerusejosa-terauda-balts\/\" \/>\n<meta property=\"og:locale\" content=\"lv_LV\" \/>\n<meta property=\"og:type\" content=\"article\" \/>\n<meta property=\"og:title\" content=\"Apsild\u0101ms dvie\u013cu \u017e\u0101v\u0113t\u0101js 450x960 mm, 130 W, ner\u016bs\u0113jo\u0161\u0101 t\u0113rauda, balts - Micasa\" \/>\n<meta property=\"og:description\" content=\"Pie\u0161\u0137iriet savai vannas istabai stilu un funkcionalit\u0101ti ar m\u016bsu klasiskaj\u0101m apsild\u0101maj\u0101m dvie\u013cu \u017e\u0101v\u0113t\u0101j\u0101m, kas pieejamas tr\u012bs izm\u0113ros un tr\u012bs elegant\u0101s\" \/>\n<meta property=\"og:url\" content=\"https:\/\/micasa.lv\/lv\/apsildams-dvielu-zavetajs-450x960-mm-130-w-nerusejosa-terauda-balts\/\" \/>\n<meta property=\"og:site_name\" content=\"Micasa\" \/>\n<meta property=\"article:modified_time\" content=\"2025-06-13T07:45:40+00:00\" \/>\n<meta property=\"og:image\" content=\"https:\/\/micasa.lv\/wp-content\/uploads\/2025\/05\/7184c67f1e9f4b20e450023660411dd3_704151044-velky.jpg\" \/>\n\t<meta property=\"og:image:width\" content=\"500\" \/>\n\t<meta property=\"og:image:height\" content=\"500\" \/>\n\t<meta property=\"og:image:type\" content=\"image\/jpeg\" \/>\n<meta name=\"twitter:card\" content=\"summary_large_image\" \/>\n<meta name=\"twitter:label1\" content=\"Est. reading time\" \/>\n\t<meta name=\"twitter:data1\" content=\"1 minute\" \/>\n<script type=\"application\/ld+json\" class=\"yoast-schema-graph\">{\"@context\":\"https:\\\/\\\/schema.org\",\"@graph\":[{\"@type\":\"WebPage\",\"@id\":\"https:\\\/\\\/micasa.lv\\\/lv\\\/apsildams-dvielu-zavetajs-450x960-mm-130-w-nerusejosa-terauda-balts\\\/\",\"url\":\"https:\\\/\\\/micasa.lv\\\/lv\\\/apsildams-dvielu-zavetajs-450x960-mm-130-w-nerusejosa-terauda-balts\\\/\",\"name\":\"Apsild\u0101ms dvie\u013cu \u017e\u0101v\u0113t\u0101js 450x960 mm, 130 W, ner\u016bs\u0113jo\u0161\u0101 t\u0113rauda, balts - Micasa\",\"isPartOf\":{\"@id\":\"https:\\\/\\\/micasa.lv\\\/lv\\\/#website\"},\"primaryImageOfPage\":{\"@id\":\"https:\\\/\\\/micasa.lv\\\/lv\\\/apsildams-dvielu-zavetajs-450x960-mm-130-w-nerusejosa-terauda-balts\\\/#primaryimage\"},\"image\":{\"@id\":\"https:\\\/\\\/micasa.lv\\\/lv\\\/apsildams-dvielu-zavetajs-450x960-mm-130-w-nerusejosa-terauda-balts\\\/#primaryimage\"},\"thumbnailUrl\":\"https:\\\/\\\/micasa.lv\\\/wp-content\\\/uploads\\\/2025\\\/05\\\/7184c67f1e9f4b20e450023660411dd3_704151044-velky.jpg\",\"datePublished\":\"2025-05-16T08:55:19+00:00\",\"dateModified\":\"2025-06-13T07:45:40+00:00\",\"breadcrumb\":{\"@id\":\"https:\\\/\\\/micasa.lv\\\/lv\\\/apsildams-dvielu-zavetajs-450x960-mm-130-w-nerusejosa-terauda-balts\\\/#breadcrumb\"},\"inLanguage\":\"lv-LV\",\"potentialAction\":[{\"@type\":\"ReadAction\",\"target\":[\"https:\\\/\\\/micasa.lv\\\/lv\\\/apsildams-dvielu-zavetajs-450x960-mm-130-w-nerusejosa-terauda-balts\\\/\"]}]},{\"@type\":\"ImageObject\",\"inLanguage\":\"lv-LV\",\"@id\":\"https:\\\/\\\/micasa.lv\\\/lv\\\/apsildams-dvielu-zavetajs-450x960-mm-130-w-nerusejosa-terauda-balts\\\/#primaryimage\",\"url\":\"https:\\\/\\\/micasa.lv\\\/wp-content\\\/uploads\\\/2025\\\/05\\\/7184c67f1e9f4b20e450023660411dd3_704151044-velky.jpg\",\"contentUrl\":\"https:\\\/\\\/micasa.lv\\\/wp-content\\\/uploads\\\/2025\\\/05\\\/7184c67f1e9f4b20e450023660411dd3_704151044-velky.jpg\",\"width\":500,\"height\":500},{\"@type\":\"BreadcrumbList\",\"@id\":\"https:\\\/\\\/micasa.lv\\\/lv\\\/apsildams-dvielu-zavetajs-450x960-mm-130-w-nerusejosa-terauda-balts\\\/#breadcrumb\",\"itemListElement\":[{\"@type\":\"ListItem\",\"position\":1,\"name\":\"S\u0101kums\",\"item\":\"https:\\\/\\\/micasa.lv\\\/lv\\\/micasa\\\/\"},{\"@type\":\"ListItem\",\"position\":2,\"name\":\"Shop\",\"item\":\"https:\\\/\\\/micasa.lv\\\/lv\\\/shop\\\/\"},{\"@type\":\"ListItem\",\"position\":3,\"name\":\"Apsild\u0101ms dvie\u013cu \u017e\u0101v\u0113t\u0101js 450&#215;960 mm, 130 W, ner\u016bs\u0113jo\u0161\u0101 t\u0113rauda, balts\"}]},{\"@type\":\"WebSite\",\"@id\":\"https:\\\/\\\/micasa.lv\\\/lv\\\/#website\",\"url\":\"https:\\\/\\\/micasa.lv\\\/lv\\\/\",\"name\":\"Micasa\",\"description\":\"\",\"potentialAction\":[{\"@type\":\"SearchAction\",\"target\":{\"@type\":\"EntryPoint\",\"urlTemplate\":\"https:\\\/\\\/micasa.lv\\\/lv\\\/?s={search_term_string}\"},\"query-input\":{\"@type\":\"PropertyValueSpecification\",\"valueRequired\":true,\"valueName\":\"search_term_string\"}}],\"inLanguage\":\"lv-LV\"}]}<\/script>\n<!-- \/ Yoast SEO plugin. -->","yoast_head_json":{"title":"Apsild\u0101ms dvie\u013cu \u017e\u0101v\u0113t\u0101js 450x960 mm, 130 W, ner\u016bs\u0113jo\u0161\u0101 t\u0113rauda, balts - Micasa","robots":{"index":"index","follow":"follow","max-snippet":"max-snippet:-1","max-image-preview":"max-image-preview:large","max-video-preview":"max-video-preview:-1"},"canonical":"https:\/\/micasa.lv\/lv\/apsildams-dvielu-zavetajs-450x960-mm-130-w-nerusejosa-terauda-balts\/","og_locale":"lv_LV","og_type":"article","og_title":"Apsild\u0101ms dvie\u013cu \u017e\u0101v\u0113t\u0101js 450x960 mm, 130 W, ner\u016bs\u0113jo\u0161\u0101 t\u0113rauda, balts - Micasa","og_description":"Pie\u0161\u0137iriet savai vannas istabai stilu un funkcionalit\u0101ti ar m\u016bsu klasiskaj\u0101m apsild\u0101maj\u0101m dvie\u013cu \u017e\u0101v\u0113t\u0101j\u0101m, kas pieejamas tr\u012bs izm\u0113ros un tr\u012bs elegant\u0101s","og_url":"https:\/\/micasa.lv\/lv\/apsildams-dvielu-zavetajs-450x960-mm-130-w-nerusejosa-terauda-balts\/","og_site_name":"Micasa","article_modified_time":"2025-06-13T07:45:40+00:00","og_image":[{"width":500,"height":500,"url":"https:\/\/micasa.lv\/wp-content\/uploads\/2025\/05\/7184c67f1e9f4b20e450023660411dd3_704151044-velky.jpg","type":"image\/jpeg"}],"twitter_card":"summary_large_image","twitter_misc":{"Est. reading time":"1 minute"},"schema":{"@context":"https:\/\/schema.org","@graph":[{"@type":"WebPage","@id":"https:\/\/micasa.lv\/lv\/apsildams-dvielu-zavetajs-450x960-mm-130-w-nerusejosa-terauda-balts\/","url":"https:\/\/micasa.lv\/lv\/apsildams-dvielu-zavetajs-450x960-mm-130-w-nerusejosa-terauda-balts\/","name":"Apsild\u0101ms dvie\u013cu \u017e\u0101v\u0113t\u0101js 450x960 mm, 130 W, ner\u016bs\u0113jo\u0161\u0101 t\u0113rauda, balts - Micasa","isPartOf":{"@id":"https:\/\/micasa.lv\/lv\/#website"},"primaryImageOfPage":{"@id":"https:\/\/micasa.lv\/lv\/apsildams-dvielu-zavetajs-450x960-mm-130-w-nerusejosa-terauda-balts\/#primaryimage"},"image":{"@id":"https:\/\/micasa.lv\/lv\/apsildams-dvielu-zavetajs-450x960-mm-130-w-nerusejosa-terauda-balts\/#primaryimage"},"thumbnailUrl":"https:\/\/micasa.lv\/wp-content\/uploads\/2025\/05\/7184c67f1e9f4b20e450023660411dd3_704151044-velky.jpg","datePublished":"2025-05-16T08:55:19+00:00","dateModified":"2025-06-13T07:45:40+00:00","breadcrumb":{"@id":"https:\/\/micasa.lv\/lv\/apsildams-dvielu-zavetajs-450x960-mm-130-w-nerusejosa-terauda-balts\/#breadcrumb"},"inLanguage":"lv-LV","potentialAction":[{"@type":"ReadAction","target":["https:\/\/micasa.lv\/lv\/apsildams-dvielu-zavetajs-450x960-mm-130-w-nerusejosa-terauda-balts\/"]}]},{"@type":"ImageObject","inLanguage":"lv-LV","@id":"https:\/\/micasa.lv\/lv\/apsildams-dvielu-zavetajs-450x960-mm-130-w-nerusejosa-terauda-balts\/#primaryimage","url":"https:\/\/micasa.lv\/wp-content\/uploads\/2025\/05\/7184c67f1e9f4b20e450023660411dd3_704151044-velky.jpg","contentUrl":"https:\/\/micasa.lv\/wp-content\/uploads\/2025\/05\/7184c67f1e9f4b20e450023660411dd3_704151044-velky.jpg","width":500,"height":500},{"@type":"BreadcrumbList","@id":"https:\/\/micasa.lv\/lv\/apsildams-dvielu-zavetajs-450x960-mm-130-w-nerusejosa-terauda-balts\/#breadcrumb","itemListElement":[{"@type":"ListItem","position":1,"name":"S\u0101kums","item":"https:\/\/micasa.lv\/lv\/micasa\/"},{"@type":"ListItem","position":2,"name":"Shop","item":"https:\/\/micasa.lv\/lv\/shop\/"},{"@type":"ListItem","position":3,"name":"Apsild\u0101ms dvie\u013cu \u017e\u0101v\u0113t\u0101js 450&#215;960 mm, 130 W, ner\u016bs\u0113jo\u0161\u0101 t\u0113rauda, balts"}]},{"@type":"WebSite","@id":"https:\/\/micasa.lv\/lv\/#website","url":"https:\/\/micasa.lv\/lv\/","name":"Micasa","description":"","potentialAction":[{"@type":"SearchAction","target":{"@type":"EntryPoint","urlTemplate":"https:\/\/micasa.lv\/lv\/?s={search_term_string}"},"query-input":{"@type":"PropertyValueSpecification","valueRequired":true,"valueName":"search_term_string"}}],"inLanguage":"lv-LV"}]}},"wcpa_form_fields":null,"_links":{"self":[{"href":"https:\/\/micasa.lv\/lv\/wp-json\/wp\/v2\/product\/50316","targetHints":{"allow":["GET"]}}],"collection":[{"href":"https:\/\/micasa.lv\/lv\/wp-json\/wp\/v2\/product"}],"about":[{"href":"https:\/\/micasa.lv\/lv\/wp-json\/wp\/v2\/types\/product"}],"version-history":[{"count":1,"href":"https:\/\/micasa.lv\/lv\/wp-json\/wp\/v2\/product\/50316\/revisions"}],"predecessor-version":[{"id":50344,"href":"https:\/\/micasa.lv\/lv\/wp-json\/wp\/v2\/product\/50316\/revisions\/50344"}],"wp:featuredmedia":[{"embeddable":true,"href":"https:\/\/micasa.lv\/lv\/wp-json\/wp\/v2\/media\/49275"}],"wp:attachment":[{"href":"https:\/\/micasa.lv\/lv\/wp-json\/wp\/v2\/media?parent=50316"}],"wp:term":[{"taxonomy":"product_brand","embeddable":true,"href":"https:\/\/micasa.lv\/lv\/wp-json\/wp\/v2\/product_brand?post=50316"},{"taxonomy":"product_cat","embeddable":true,"href":"https:\/\/micasa.lv\/lv\/wp-json\/wp\/v2\/product_cat?post=50316"},{"taxonomy":"product_tag","embeddable":true,"href":"https:\/\/micasa.lv\/lv\/wp-json\/wp\/v2\/product_tag?post=50316"}],"curies":[{"name":"wp","href":"https:\/\/api.w.org\/{rel}","templated":true}]}}