{"id":50353,"date":"2025-05-16T11:55:21","date_gmt":"2025-05-16T08:55:21","guid":{"rendered":"https:\/\/test.micasa.lv\/?post_type=product&#038;p=50353"},"modified":"2025-06-13T10:45:43","modified_gmt":"2025-06-13T07:45:43","slug":"apsildams-dvielu-zavetajs-560x370x90-mm-63w-nerusejosa-terauda-melns","status":"publish","type":"product","link":"https:\/\/micasa.lv\/lv\/apsildams-dvielu-zavetajs-560x370x90-mm-63w-nerusejosa-terauda-melns\/","title":{"rendered":"Apsild\u0101ms dvie\u013cu \u017e\u0101v\u0113t\u0101js 560x370x90 mm, 63W, ner\u016bs\u0113jo\u0161\u0101 t\u0113rauda, melns"},"content":{"rendered":"<p>Maz\u0101k\u0101m telp\u0101m ide\u0101li piem\u0113roti ir m\u016bsu kompaktie 560&#215;370 mm apsild\u0101mie dvie\u013cu \u017e\u0101v\u0113t\u0101ji, kas pieejami vair\u0101k\u0101s kr\u0101s\u0101s un gan sp\u012bd\u012bg\u0101, gan mat\u0113t\u0101 apdar\u0113. \u0160ie dizaina izstr\u0101d\u0101jumi efekt\u012bvi \u017e\u0101v\u0113 j\u016bsu dvie\u013cus un pie\u0161\u0137ir telpai modernu piesk\u0101rienu. Tos var iespraust tie\u0161i kontaktligzd\u0101 vai gl\u012bti integr\u0113t sien\u0101, izmantojot adapteri, nodro\u0161inot elast\u012bgu un t\u012bru uzst\u0101d\u012b\u0161anu. TEHNISK\u0100S SPECIFIK\u0100CIJAS Izm\u0113ri: 560 x 370 mm Jauda: 63 W Dzi\u013cums: 90 mm Svars: 5 kg Materi\u0101ls: ner\u016bs\u0113jo\u0161ais t\u0113rauds Pieejam\u0101s kr\u0101sas: pul\u0113ts sudrabs, balta, pul\u0113ts zelts, mat\u0113ts zelts, pul\u0113ts var\u0161 zelts, mat\u0113ts var\u0161 zelts, graf\u012bts, melna Aizsardz\u012bbas pak\u0101pe (IP): IPx4 Kabe\u013ca garums: aptuveni 1300 mm UZST\u0100D\u012a\u0160ANA UN PIESL\u0112G\u0160ANA Mont\u0101\u017eas metode: mont\u0101\u017ea pie sienas Savienojuma veids: pie elektr\u012bbas kontaktligzdas &#8211; \u017e\u0101v\u0113t\u0101js ir apr\u012bkots ar 130 cm garu baro\u0161anas kabeli ar spraudni iesprau\u0161anai kontaktligzd\u0101 Fiks\u0113ts savienojums ar sienas elektroinstal\u0101ciju &#8211; izmantojot adapteri, ir iesp\u0113jams fiks\u0113ts savienojums ar sienas elektroinstal\u0101ciju. Adapteris nav iek\u013cauts komplekt\u0101 un ir j\u0101ieg\u0101d\u0101jas atsevi\u0161\u0137i. Adapteris ir pieejams t\u0101d\u0101s pa\u0161\u0101s kr\u0101s\u0101s k\u0101 elektriskie \u017e\u0101v\u0113t\u0101ji. VAD\u012aBAS ELEMENTI UN FUNKCIJAS Digit\u0101lais termostats Temperat\u016bras kontrole: 45 \u00b0C, 50 \u00b0C un 55 \u00b0C Taimeris: 1\u20139 stundas (regul\u0113jams pa stund\u0101m) Ilgi nospie\u017eot iesl\u0113g\u0161anas\/izsl\u0113g\u0161anas pogu, ier\u012bce tiek iesl\u0113gta vai izsl\u0113gta GARANTIJAS NOSAC\u012aJUMI 2 gadu funkcion\u0101l\u0101 garantija 2 gadi apdarei<\/p>\n","protected":false},"excerpt":{"rendered":"<p>Maz\u0101k\u0101m telp\u0101m ide\u0101li piem\u0113roti ir m\u016bsu kompaktie 560&#215;370 mm apsild\u0101mie dvie\u013cu \u017e\u0101v\u0113t\u0101ji, kas pieejami vair\u0101k\u0101s kr\u0101s\u0101s un gan sp\u012bd\u012bg\u0101, gan<\/p>\n","protected":false},"featured_media":49248,"template":"","meta":[],"product_brand":[],"product_cat":[1833,1528],"product_tag":[],"class_list":{"0":"post-50353","1":"product","2":"type-product","3":"status-publish","4":"has-post-thumbnail","6":"product_cat-elektriskais-dvielu-zavetajs","7":"product_cat-vannas-istabas-aksesuari","8":"pa_brand-bemeta-lv","10":"first","11":"instock","12":"taxable","13":"shipping-taxable","14":"purchasable","15":"product-type-simple"},"yoast_head":"<!-- This site is optimized with the Yoast SEO plugin v27.4 - https:\/\/yoast.com\/product\/yoast-seo-wordpress\/ -->\n<title>Apsild\u0101ms dvie\u013cu \u017e\u0101v\u0113t\u0101js 560x370x90 mm, 63W, ner\u016bs\u0113jo\u0161\u0101 t\u0113rauda, melns - Micasa<\/title>\n<meta name=\"robots\" content=\"index, follow, max-snippet:-1, max-image-preview:large, max-video-preview:-1\" \/>\n<link rel=\"canonical\" href=\"https:\/\/micasa.lv\/lv\/apsildams-dvielu-zavetajs-560x370x90-mm-63w-nerusejosa-terauda-melns\/\" \/>\n<meta property=\"og:locale\" content=\"lv_LV\" \/>\n<meta property=\"og:type\" content=\"article\" \/>\n<meta property=\"og:title\" content=\"Apsild\u0101ms dvie\u013cu \u017e\u0101v\u0113t\u0101js 560x370x90 mm, 63W, ner\u016bs\u0113jo\u0161\u0101 t\u0113rauda, melns - Micasa\" \/>\n<meta property=\"og:description\" content=\"Maz\u0101k\u0101m telp\u0101m ide\u0101li piem\u0113roti ir m\u016bsu kompaktie 560&#215;370 mm apsild\u0101mie dvie\u013cu \u017e\u0101v\u0113t\u0101ji, kas pieejami vair\u0101k\u0101s kr\u0101s\u0101s un gan sp\u012bd\u012bg\u0101, gan\" \/>\n<meta property=\"og:url\" content=\"https:\/\/micasa.lv\/lv\/apsildams-dvielu-zavetajs-560x370x90-mm-63w-nerusejosa-terauda-melns\/\" \/>\n<meta property=\"og:site_name\" content=\"Micasa\" \/>\n<meta property=\"article:modified_time\" content=\"2025-06-13T07:45:43+00:00\" \/>\n<meta property=\"og:image\" content=\"https:\/\/micasa.lv\/wp-content\/uploads\/2025\/05\/956a0ec77d8cf657c7858f030ae4c608_704151080-velky.jpg\" \/>\n\t<meta property=\"og:image:width\" content=\"500\" \/>\n\t<meta property=\"og:image:height\" content=\"500\" \/>\n\t<meta property=\"og:image:type\" content=\"image\/jpeg\" \/>\n<meta name=\"twitter:card\" content=\"summary_large_image\" \/>\n<meta name=\"twitter:label1\" content=\"Est. reading time\" \/>\n\t<meta name=\"twitter:data1\" content=\"1 minute\" \/>\n<script type=\"application\/ld+json\" class=\"yoast-schema-graph\">{\"@context\":\"https:\\\/\\\/schema.org\",\"@graph\":[{\"@type\":\"WebPage\",\"@id\":\"https:\\\/\\\/micasa.lv\\\/lv\\\/apsildams-dvielu-zavetajs-560x370x90-mm-63w-nerusejosa-terauda-melns\\\/\",\"url\":\"https:\\\/\\\/micasa.lv\\\/lv\\\/apsildams-dvielu-zavetajs-560x370x90-mm-63w-nerusejosa-terauda-melns\\\/\",\"name\":\"Apsild\u0101ms dvie\u013cu \u017e\u0101v\u0113t\u0101js 560x370x90 mm, 63W, ner\u016bs\u0113jo\u0161\u0101 t\u0113rauda, melns - Micasa\",\"isPartOf\":{\"@id\":\"https:\\\/\\\/micasa.lv\\\/lv\\\/#website\"},\"primaryImageOfPage\":{\"@id\":\"https:\\\/\\\/micasa.lv\\\/lv\\\/apsildams-dvielu-zavetajs-560x370x90-mm-63w-nerusejosa-terauda-melns\\\/#primaryimage\"},\"image\":{\"@id\":\"https:\\\/\\\/micasa.lv\\\/lv\\\/apsildams-dvielu-zavetajs-560x370x90-mm-63w-nerusejosa-terauda-melns\\\/#primaryimage\"},\"thumbnailUrl\":\"https:\\\/\\\/micasa.lv\\\/wp-content\\\/uploads\\\/2025\\\/05\\\/956a0ec77d8cf657c7858f030ae4c608_704151080-velky.jpg\",\"datePublished\":\"2025-05-16T08:55:21+00:00\",\"dateModified\":\"2025-06-13T07:45:43+00:00\",\"breadcrumb\":{\"@id\":\"https:\\\/\\\/micasa.lv\\\/lv\\\/apsildams-dvielu-zavetajs-560x370x90-mm-63w-nerusejosa-terauda-melns\\\/#breadcrumb\"},\"inLanguage\":\"lv-LV\",\"potentialAction\":[{\"@type\":\"ReadAction\",\"target\":[\"https:\\\/\\\/micasa.lv\\\/lv\\\/apsildams-dvielu-zavetajs-560x370x90-mm-63w-nerusejosa-terauda-melns\\\/\"]}]},{\"@type\":\"ImageObject\",\"inLanguage\":\"lv-LV\",\"@id\":\"https:\\\/\\\/micasa.lv\\\/lv\\\/apsildams-dvielu-zavetajs-560x370x90-mm-63w-nerusejosa-terauda-melns\\\/#primaryimage\",\"url\":\"https:\\\/\\\/micasa.lv\\\/wp-content\\\/uploads\\\/2025\\\/05\\\/956a0ec77d8cf657c7858f030ae4c608_704151080-velky.jpg\",\"contentUrl\":\"https:\\\/\\\/micasa.lv\\\/wp-content\\\/uploads\\\/2025\\\/05\\\/956a0ec77d8cf657c7858f030ae4c608_704151080-velky.jpg\",\"width\":500,\"height\":500},{\"@type\":\"BreadcrumbList\",\"@id\":\"https:\\\/\\\/micasa.lv\\\/lv\\\/apsildams-dvielu-zavetajs-560x370x90-mm-63w-nerusejosa-terauda-melns\\\/#breadcrumb\",\"itemListElement\":[{\"@type\":\"ListItem\",\"position\":1,\"name\":\"S\u0101kums\",\"item\":\"https:\\\/\\\/micasa.lv\\\/lv\\\/micasa\\\/\"},{\"@type\":\"ListItem\",\"position\":2,\"name\":\"Shop\",\"item\":\"https:\\\/\\\/micasa.lv\\\/lv\\\/shop\\\/\"},{\"@type\":\"ListItem\",\"position\":3,\"name\":\"Apsild\u0101ms dvie\u013cu \u017e\u0101v\u0113t\u0101js 560x370x90 mm, 63W, ner\u016bs\u0113jo\u0161\u0101 t\u0113rauda, melns\"}]},{\"@type\":\"WebSite\",\"@id\":\"https:\\\/\\\/micasa.lv\\\/lv\\\/#website\",\"url\":\"https:\\\/\\\/micasa.lv\\\/lv\\\/\",\"name\":\"Micasa\",\"description\":\"\",\"potentialAction\":[{\"@type\":\"SearchAction\",\"target\":{\"@type\":\"EntryPoint\",\"urlTemplate\":\"https:\\\/\\\/micasa.lv\\\/lv\\\/?s={search_term_string}\"},\"query-input\":{\"@type\":\"PropertyValueSpecification\",\"valueRequired\":true,\"valueName\":\"search_term_string\"}}],\"inLanguage\":\"lv-LV\"}]}<\/script>\n<!-- \/ Yoast SEO plugin. -->","yoast_head_json":{"title":"Apsild\u0101ms dvie\u013cu \u017e\u0101v\u0113t\u0101js 560x370x90 mm, 63W, ner\u016bs\u0113jo\u0161\u0101 t\u0113rauda, melns - Micasa","robots":{"index":"index","follow":"follow","max-snippet":"max-snippet:-1","max-image-preview":"max-image-preview:large","max-video-preview":"max-video-preview:-1"},"canonical":"https:\/\/micasa.lv\/lv\/apsildams-dvielu-zavetajs-560x370x90-mm-63w-nerusejosa-terauda-melns\/","og_locale":"lv_LV","og_type":"article","og_title":"Apsild\u0101ms dvie\u013cu \u017e\u0101v\u0113t\u0101js 560x370x90 mm, 63W, ner\u016bs\u0113jo\u0161\u0101 t\u0113rauda, melns - Micasa","og_description":"Maz\u0101k\u0101m telp\u0101m ide\u0101li piem\u0113roti ir m\u016bsu kompaktie 560&#215;370 mm apsild\u0101mie dvie\u013cu \u017e\u0101v\u0113t\u0101ji, kas pieejami vair\u0101k\u0101s kr\u0101s\u0101s un gan sp\u012bd\u012bg\u0101, gan","og_url":"https:\/\/micasa.lv\/lv\/apsildams-dvielu-zavetajs-560x370x90-mm-63w-nerusejosa-terauda-melns\/","og_site_name":"Micasa","article_modified_time":"2025-06-13T07:45:43+00:00","og_image":[{"width":500,"height":500,"url":"https:\/\/micasa.lv\/wp-content\/uploads\/2025\/05\/956a0ec77d8cf657c7858f030ae4c608_704151080-velky.jpg","type":"image\/jpeg"}],"twitter_card":"summary_large_image","twitter_misc":{"Est. reading time":"1 minute"},"schema":{"@context":"https:\/\/schema.org","@graph":[{"@type":"WebPage","@id":"https:\/\/micasa.lv\/lv\/apsildams-dvielu-zavetajs-560x370x90-mm-63w-nerusejosa-terauda-melns\/","url":"https:\/\/micasa.lv\/lv\/apsildams-dvielu-zavetajs-560x370x90-mm-63w-nerusejosa-terauda-melns\/","name":"Apsild\u0101ms dvie\u013cu \u017e\u0101v\u0113t\u0101js 560x370x90 mm, 63W, ner\u016bs\u0113jo\u0161\u0101 t\u0113rauda, melns - Micasa","isPartOf":{"@id":"https:\/\/micasa.lv\/lv\/#website"},"primaryImageOfPage":{"@id":"https:\/\/micasa.lv\/lv\/apsildams-dvielu-zavetajs-560x370x90-mm-63w-nerusejosa-terauda-melns\/#primaryimage"},"image":{"@id":"https:\/\/micasa.lv\/lv\/apsildams-dvielu-zavetajs-560x370x90-mm-63w-nerusejosa-terauda-melns\/#primaryimage"},"thumbnailUrl":"https:\/\/micasa.lv\/wp-content\/uploads\/2025\/05\/956a0ec77d8cf657c7858f030ae4c608_704151080-velky.jpg","datePublished":"2025-05-16T08:55:21+00:00","dateModified":"2025-06-13T07:45:43+00:00","breadcrumb":{"@id":"https:\/\/micasa.lv\/lv\/apsildams-dvielu-zavetajs-560x370x90-mm-63w-nerusejosa-terauda-melns\/#breadcrumb"},"inLanguage":"lv-LV","potentialAction":[{"@type":"ReadAction","target":["https:\/\/micasa.lv\/lv\/apsildams-dvielu-zavetajs-560x370x90-mm-63w-nerusejosa-terauda-melns\/"]}]},{"@type":"ImageObject","inLanguage":"lv-LV","@id":"https:\/\/micasa.lv\/lv\/apsildams-dvielu-zavetajs-560x370x90-mm-63w-nerusejosa-terauda-melns\/#primaryimage","url":"https:\/\/micasa.lv\/wp-content\/uploads\/2025\/05\/956a0ec77d8cf657c7858f030ae4c608_704151080-velky.jpg","contentUrl":"https:\/\/micasa.lv\/wp-content\/uploads\/2025\/05\/956a0ec77d8cf657c7858f030ae4c608_704151080-velky.jpg","width":500,"height":500},{"@type":"BreadcrumbList","@id":"https:\/\/micasa.lv\/lv\/apsildams-dvielu-zavetajs-560x370x90-mm-63w-nerusejosa-terauda-melns\/#breadcrumb","itemListElement":[{"@type":"ListItem","position":1,"name":"S\u0101kums","item":"https:\/\/micasa.lv\/lv\/micasa\/"},{"@type":"ListItem","position":2,"name":"Shop","item":"https:\/\/micasa.lv\/lv\/shop\/"},{"@type":"ListItem","position":3,"name":"Apsild\u0101ms dvie\u013cu \u017e\u0101v\u0113t\u0101js 560x370x90 mm, 63W, ner\u016bs\u0113jo\u0161\u0101 t\u0113rauda, melns"}]},{"@type":"WebSite","@id":"https:\/\/micasa.lv\/lv\/#website","url":"https:\/\/micasa.lv\/lv\/","name":"Micasa","description":"","potentialAction":[{"@type":"SearchAction","target":{"@type":"EntryPoint","urlTemplate":"https:\/\/micasa.lv\/lv\/?s={search_term_string}"},"query-input":{"@type":"PropertyValueSpecification","valueRequired":true,"valueName":"search_term_string"}}],"inLanguage":"lv-LV"}]}},"wcpa_form_fields":null,"_links":{"self":[{"href":"https:\/\/micasa.lv\/lv\/wp-json\/wp\/v2\/product\/50353","targetHints":{"allow":["GET"]}}],"collection":[{"href":"https:\/\/micasa.lv\/lv\/wp-json\/wp\/v2\/product"}],"about":[{"href":"https:\/\/micasa.lv\/lv\/wp-json\/wp\/v2\/types\/product"}],"version-history":[{"count":1,"href":"https:\/\/micasa.lv\/lv\/wp-json\/wp\/v2\/product\/50353\/revisions"}],"predecessor-version":[{"id":50383,"href":"https:\/\/micasa.lv\/lv\/wp-json\/wp\/v2\/product\/50353\/revisions\/50383"}],"wp:featuredmedia":[{"embeddable":true,"href":"https:\/\/micasa.lv\/lv\/wp-json\/wp\/v2\/media\/49248"}],"wp:attachment":[{"href":"https:\/\/micasa.lv\/lv\/wp-json\/wp\/v2\/media?parent=50353"}],"wp:term":[{"taxonomy":"product_brand","embeddable":true,"href":"https:\/\/micasa.lv\/lv\/wp-json\/wp\/v2\/product_brand?post=50353"},{"taxonomy":"product_cat","embeddable":true,"href":"https:\/\/micasa.lv\/lv\/wp-json\/wp\/v2\/product_cat?post=50353"},{"taxonomy":"product_tag","embeddable":true,"href":"https:\/\/micasa.lv\/lv\/wp-json\/wp\/v2\/product_tag?post=50353"}],"curies":[{"name":"wp","href":"https:\/\/api.w.org\/{rel}","templated":true}]}}