{"id":50355,"date":"2025-05-16T11:55:21","date_gmt":"2025-05-16T08:55:21","guid":{"rendered":"https:\/\/test.micasa.lv\/?post_type=product&#038;p=50355"},"modified":"2025-06-13T10:45:43","modified_gmt":"2025-06-13T07:45:43","slug":"apsildams-dvielu-zavetajs-1720-mm-stienis-46-w-nerusejosais-terauds-balts","status":"publish","type":"product","link":"https:\/\/micasa.lv\/lv\/apsildams-dvielu-zavetajs-1720-mm-stienis-46-w-nerusejosais-terauds-balts\/","title":{"rendered":"Apsild\u0101ms dvie\u013cu \u017e\u0101v\u0113t\u0101js 1720 mm, stienis, 46 W, ner\u016bs\u0113jo\u0161ais t\u0113rauds, balts"},"content":{"rendered":"<p>Tiem, kas mekl\u0113 elegances un praktiskuma apvienojumu, pied\u0101v\u0101jam augstus sild\u012b\u0161anas stie\u0146us ar garumu 172 cm. \u0160ie pl\u0101nie un modernie stie\u0146i efekt\u012bvi \u017e\u0101v\u0113 j\u016bsu dvie\u013cus, vienlaikus pie\u0161\u0137irot j\u016bsu vannas istabai izsmalcin\u0101tu izskatu. Ide\u0101li piem\u0113roti pla\u0161\u0101k\u0101m vannas istab\u0101m, kur tie k\u013c\u016bst ne tikai par funkcion\u0101lu, bet ar\u012b par dizaina elementu. Tos var iespraust tie\u0161i sienas kontaktligzd\u0101 vai gl\u012bti integr\u0113t sien\u0101, izmantojot adapteri, nodro\u0161inot elast\u012bgu un t\u012bru uzst\u0101d\u012b\u0161anu. TEHNISK\u0100S SPECIFIK\u0100CIJAS Izm\u0113ri: 1720 mm Jauda: 46 W Dzi\u013cums: 155 mm Svars: 1,8 kg Materi\u0101ls: ner\u016bs\u0113jo\u0161ais t\u0113rauds Pieejam\u0101s kr\u0101sas: sudraba, balta, melna Aizsardz\u012bbas pak\u0101pe (IP): IPx4 Kabe\u013ca garums: 1300 mm UZST\u0100D\u012a\u0160ANA UN PIESL\u0112G\u0160ANA Mont\u0101\u017eas metode: mont\u0101\u017ea pie sienas Savienojuma veids: \u2013 Pie elektr\u012bbas kontaktligzdas: \u017e\u0101v\u0113t\u0101js ir apr\u012bkots ar baro\u0161anas kabeli ar spraudni iesprau\u0161anai kontaktligzd\u0101 (130 cm gar\u0161) \u2013 Fiks\u0113ts savienojums ar sienas vadu: izmantojot adapteri, ir iesp\u0113jams piesl\u0113gties sienas vadam. Adapteris nav iek\u013cauts komplekt\u0101 un j\u0101ieg\u0101d\u0101jas atsevi\u0161\u0137i. Tas ir pieejams t\u0101d\u0101s pa\u0161\u0101s kr\u0101s\u0101s k\u0101 elektriskie \u017e\u0101v\u0113t\u0101ji. VAD\u012aBAS ELEMENTI UN FUNKCIJAS Digit\u0101lais termostats Temperat\u016bras kontrole: 45 \u00b0C, 50 \u00b0C un 55 \u00b0C Taimeris: 1\u20139 stundas (regul\u0113jams pa stund\u0101m) Ilgi nospie\u017eot iesl\u0113g\u0161anas\/izsl\u0113g\u0161anas pogu, ier\u012bce tiek iesl\u0113gta vai izsl\u0113gta GARANTIJAS NOSAC\u012aJUMI 2 gadu funkcion\u0101l\u0101 garantija 2 gadi apdarei<\/p>\n","protected":false},"excerpt":{"rendered":"<p>Tiem, kas mekl\u0113 elegances un praktiskuma apvienojumu, pied\u0101v\u0101jam augstus sild\u012b\u0161anas stie\u0146us ar garumu 172 cm. \u0160ie pl\u0101nie un modernie stie\u0146i<\/p>\n","protected":false},"featured_media":49176,"template":"","meta":[],"product_brand":[],"product_cat":[1833,1528],"product_tag":[],"class_list":{"0":"post-50355","1":"product","2":"type-product","3":"status-publish","4":"has-post-thumbnail","6":"product_cat-elektriskais-dvielu-zavetajs","7":"product_cat-vannas-istabas-aksesuari","8":"pa_brand-bemeta-lv","10":"first","11":"instock","12":"taxable","13":"shipping-taxable","14":"purchasable","15":"product-type-simple"},"yoast_head":"<!-- This site is optimized with the Yoast SEO plugin v27.4 - https:\/\/yoast.com\/product\/yoast-seo-wordpress\/ -->\n<title>Apsild\u0101ms dvie\u013cu \u017e\u0101v\u0113t\u0101js 1720 mm, stienis, 46 W, ner\u016bs\u0113jo\u0161ais t\u0113rauds, balts - Micasa<\/title>\n<meta name=\"robots\" content=\"index, follow, max-snippet:-1, max-image-preview:large, max-video-preview:-1\" \/>\n<link rel=\"canonical\" href=\"https:\/\/micasa.lv\/lv\/apsildams-dvielu-zavetajs-1720-mm-stienis-46-w-nerusejosais-terauds-balts\/\" \/>\n<meta property=\"og:locale\" content=\"lv_LV\" \/>\n<meta property=\"og:type\" content=\"article\" \/>\n<meta property=\"og:title\" content=\"Apsild\u0101ms dvie\u013cu \u017e\u0101v\u0113t\u0101js 1720 mm, stienis, 46 W, ner\u016bs\u0113jo\u0161ais t\u0113rauds, balts - Micasa\" \/>\n<meta property=\"og:description\" content=\"Tiem, kas mekl\u0113 elegances un praktiskuma apvienojumu, pied\u0101v\u0101jam augstus sild\u012b\u0161anas stie\u0146us ar garumu 172 cm. \u0160ie pl\u0101nie un modernie stie\u0146i\" \/>\n<meta property=\"og:url\" content=\"https:\/\/micasa.lv\/lv\/apsildams-dvielu-zavetajs-1720-mm-stienis-46-w-nerusejosais-terauds-balts\/\" \/>\n<meta property=\"og:site_name\" content=\"Micasa\" \/>\n<meta property=\"article:modified_time\" content=\"2025-06-13T07:45:43+00:00\" \/>\n<meta property=\"og:image\" content=\"https:\/\/micasa.lv\/wp-content\/uploads\/2025\/05\/5a0d707d6ff344e4b4ecd475087d2e4c_704151004-velky.jpg\" \/>\n\t<meta property=\"og:image:width\" content=\"500\" \/>\n\t<meta property=\"og:image:height\" content=\"500\" \/>\n\t<meta property=\"og:image:type\" content=\"image\/jpeg\" \/>\n<meta name=\"twitter:card\" content=\"summary_large_image\" \/>\n<meta name=\"twitter:label1\" content=\"Est. reading time\" \/>\n\t<meta name=\"twitter:data1\" content=\"1 minute\" \/>\n<script type=\"application\/ld+json\" class=\"yoast-schema-graph\">{\"@context\":\"https:\\\/\\\/schema.org\",\"@graph\":[{\"@type\":\"WebPage\",\"@id\":\"https:\\\/\\\/micasa.lv\\\/lv\\\/apsildams-dvielu-zavetajs-1720-mm-stienis-46-w-nerusejosais-terauds-balts\\\/\",\"url\":\"https:\\\/\\\/micasa.lv\\\/lv\\\/apsildams-dvielu-zavetajs-1720-mm-stienis-46-w-nerusejosais-terauds-balts\\\/\",\"name\":\"Apsild\u0101ms dvie\u013cu \u017e\u0101v\u0113t\u0101js 1720 mm, stienis, 46 W, ner\u016bs\u0113jo\u0161ais t\u0113rauds, balts - Micasa\",\"isPartOf\":{\"@id\":\"https:\\\/\\\/micasa.lv\\\/lv\\\/#website\"},\"primaryImageOfPage\":{\"@id\":\"https:\\\/\\\/micasa.lv\\\/lv\\\/apsildams-dvielu-zavetajs-1720-mm-stienis-46-w-nerusejosais-terauds-balts\\\/#primaryimage\"},\"image\":{\"@id\":\"https:\\\/\\\/micasa.lv\\\/lv\\\/apsildams-dvielu-zavetajs-1720-mm-stienis-46-w-nerusejosais-terauds-balts\\\/#primaryimage\"},\"thumbnailUrl\":\"https:\\\/\\\/micasa.lv\\\/wp-content\\\/uploads\\\/2025\\\/05\\\/5a0d707d6ff344e4b4ecd475087d2e4c_704151004-velky.jpg\",\"datePublished\":\"2025-05-16T08:55:21+00:00\",\"dateModified\":\"2025-06-13T07:45:43+00:00\",\"breadcrumb\":{\"@id\":\"https:\\\/\\\/micasa.lv\\\/lv\\\/apsildams-dvielu-zavetajs-1720-mm-stienis-46-w-nerusejosais-terauds-balts\\\/#breadcrumb\"},\"inLanguage\":\"lv-LV\",\"potentialAction\":[{\"@type\":\"ReadAction\",\"target\":[\"https:\\\/\\\/micasa.lv\\\/lv\\\/apsildams-dvielu-zavetajs-1720-mm-stienis-46-w-nerusejosais-terauds-balts\\\/\"]}]},{\"@type\":\"ImageObject\",\"inLanguage\":\"lv-LV\",\"@id\":\"https:\\\/\\\/micasa.lv\\\/lv\\\/apsildams-dvielu-zavetajs-1720-mm-stienis-46-w-nerusejosais-terauds-balts\\\/#primaryimage\",\"url\":\"https:\\\/\\\/micasa.lv\\\/wp-content\\\/uploads\\\/2025\\\/05\\\/5a0d707d6ff344e4b4ecd475087d2e4c_704151004-velky.jpg\",\"contentUrl\":\"https:\\\/\\\/micasa.lv\\\/wp-content\\\/uploads\\\/2025\\\/05\\\/5a0d707d6ff344e4b4ecd475087d2e4c_704151004-velky.jpg\",\"width\":500,\"height\":500},{\"@type\":\"BreadcrumbList\",\"@id\":\"https:\\\/\\\/micasa.lv\\\/lv\\\/apsildams-dvielu-zavetajs-1720-mm-stienis-46-w-nerusejosais-terauds-balts\\\/#breadcrumb\",\"itemListElement\":[{\"@type\":\"ListItem\",\"position\":1,\"name\":\"S\u0101kums\",\"item\":\"https:\\\/\\\/micasa.lv\\\/lv\\\/micasa\\\/\"},{\"@type\":\"ListItem\",\"position\":2,\"name\":\"Shop\",\"item\":\"https:\\\/\\\/micasa.lv\\\/lv\\\/shop\\\/\"},{\"@type\":\"ListItem\",\"position\":3,\"name\":\"Apsild\u0101ms dvie\u013cu \u017e\u0101v\u0113t\u0101js 1720 mm, stienis, 46 W, ner\u016bs\u0113jo\u0161ais t\u0113rauds, balts\"}]},{\"@type\":\"WebSite\",\"@id\":\"https:\\\/\\\/micasa.lv\\\/lv\\\/#website\",\"url\":\"https:\\\/\\\/micasa.lv\\\/lv\\\/\",\"name\":\"Micasa\",\"description\":\"\",\"potentialAction\":[{\"@type\":\"SearchAction\",\"target\":{\"@type\":\"EntryPoint\",\"urlTemplate\":\"https:\\\/\\\/micasa.lv\\\/lv\\\/?s={search_term_string}\"},\"query-input\":{\"@type\":\"PropertyValueSpecification\",\"valueRequired\":true,\"valueName\":\"search_term_string\"}}],\"inLanguage\":\"lv-LV\"}]}<\/script>\n<!-- \/ Yoast SEO plugin. -->","yoast_head_json":{"title":"Apsild\u0101ms dvie\u013cu \u017e\u0101v\u0113t\u0101js 1720 mm, stienis, 46 W, ner\u016bs\u0113jo\u0161ais t\u0113rauds, balts - Micasa","robots":{"index":"index","follow":"follow","max-snippet":"max-snippet:-1","max-image-preview":"max-image-preview:large","max-video-preview":"max-video-preview:-1"},"canonical":"https:\/\/micasa.lv\/lv\/apsildams-dvielu-zavetajs-1720-mm-stienis-46-w-nerusejosais-terauds-balts\/","og_locale":"lv_LV","og_type":"article","og_title":"Apsild\u0101ms dvie\u013cu \u017e\u0101v\u0113t\u0101js 1720 mm, stienis, 46 W, ner\u016bs\u0113jo\u0161ais t\u0113rauds, balts - Micasa","og_description":"Tiem, kas mekl\u0113 elegances un praktiskuma apvienojumu, pied\u0101v\u0101jam augstus sild\u012b\u0161anas stie\u0146us ar garumu 172 cm. \u0160ie pl\u0101nie un modernie stie\u0146i","og_url":"https:\/\/micasa.lv\/lv\/apsildams-dvielu-zavetajs-1720-mm-stienis-46-w-nerusejosais-terauds-balts\/","og_site_name":"Micasa","article_modified_time":"2025-06-13T07:45:43+00:00","og_image":[{"width":500,"height":500,"url":"https:\/\/micasa.lv\/wp-content\/uploads\/2025\/05\/5a0d707d6ff344e4b4ecd475087d2e4c_704151004-velky.jpg","type":"image\/jpeg"}],"twitter_card":"summary_large_image","twitter_misc":{"Est. reading time":"1 minute"},"schema":{"@context":"https:\/\/schema.org","@graph":[{"@type":"WebPage","@id":"https:\/\/micasa.lv\/lv\/apsildams-dvielu-zavetajs-1720-mm-stienis-46-w-nerusejosais-terauds-balts\/","url":"https:\/\/micasa.lv\/lv\/apsildams-dvielu-zavetajs-1720-mm-stienis-46-w-nerusejosais-terauds-balts\/","name":"Apsild\u0101ms dvie\u013cu \u017e\u0101v\u0113t\u0101js 1720 mm, stienis, 46 W, ner\u016bs\u0113jo\u0161ais t\u0113rauds, balts - Micasa","isPartOf":{"@id":"https:\/\/micasa.lv\/lv\/#website"},"primaryImageOfPage":{"@id":"https:\/\/micasa.lv\/lv\/apsildams-dvielu-zavetajs-1720-mm-stienis-46-w-nerusejosais-terauds-balts\/#primaryimage"},"image":{"@id":"https:\/\/micasa.lv\/lv\/apsildams-dvielu-zavetajs-1720-mm-stienis-46-w-nerusejosais-terauds-balts\/#primaryimage"},"thumbnailUrl":"https:\/\/micasa.lv\/wp-content\/uploads\/2025\/05\/5a0d707d6ff344e4b4ecd475087d2e4c_704151004-velky.jpg","datePublished":"2025-05-16T08:55:21+00:00","dateModified":"2025-06-13T07:45:43+00:00","breadcrumb":{"@id":"https:\/\/micasa.lv\/lv\/apsildams-dvielu-zavetajs-1720-mm-stienis-46-w-nerusejosais-terauds-balts\/#breadcrumb"},"inLanguage":"lv-LV","potentialAction":[{"@type":"ReadAction","target":["https:\/\/micasa.lv\/lv\/apsildams-dvielu-zavetajs-1720-mm-stienis-46-w-nerusejosais-terauds-balts\/"]}]},{"@type":"ImageObject","inLanguage":"lv-LV","@id":"https:\/\/micasa.lv\/lv\/apsildams-dvielu-zavetajs-1720-mm-stienis-46-w-nerusejosais-terauds-balts\/#primaryimage","url":"https:\/\/micasa.lv\/wp-content\/uploads\/2025\/05\/5a0d707d6ff344e4b4ecd475087d2e4c_704151004-velky.jpg","contentUrl":"https:\/\/micasa.lv\/wp-content\/uploads\/2025\/05\/5a0d707d6ff344e4b4ecd475087d2e4c_704151004-velky.jpg","width":500,"height":500},{"@type":"BreadcrumbList","@id":"https:\/\/micasa.lv\/lv\/apsildams-dvielu-zavetajs-1720-mm-stienis-46-w-nerusejosais-terauds-balts\/#breadcrumb","itemListElement":[{"@type":"ListItem","position":1,"name":"S\u0101kums","item":"https:\/\/micasa.lv\/lv\/micasa\/"},{"@type":"ListItem","position":2,"name":"Shop","item":"https:\/\/micasa.lv\/lv\/shop\/"},{"@type":"ListItem","position":3,"name":"Apsild\u0101ms dvie\u013cu \u017e\u0101v\u0113t\u0101js 1720 mm, stienis, 46 W, ner\u016bs\u0113jo\u0161ais t\u0113rauds, balts"}]},{"@type":"WebSite","@id":"https:\/\/micasa.lv\/lv\/#website","url":"https:\/\/micasa.lv\/lv\/","name":"Micasa","description":"","potentialAction":[{"@type":"SearchAction","target":{"@type":"EntryPoint","urlTemplate":"https:\/\/micasa.lv\/lv\/?s={search_term_string}"},"query-input":{"@type":"PropertyValueSpecification","valueRequired":true,"valueName":"search_term_string"}}],"inLanguage":"lv-LV"}]}},"wcpa_form_fields":null,"_links":{"self":[{"href":"https:\/\/micasa.lv\/lv\/wp-json\/wp\/v2\/product\/50355","targetHints":{"allow":["GET"]}}],"collection":[{"href":"https:\/\/micasa.lv\/lv\/wp-json\/wp\/v2\/product"}],"about":[{"href":"https:\/\/micasa.lv\/lv\/wp-json\/wp\/v2\/types\/product"}],"version-history":[{"count":1,"href":"https:\/\/micasa.lv\/lv\/wp-json\/wp\/v2\/product\/50355\/revisions"}],"predecessor-version":[{"id":50385,"href":"https:\/\/micasa.lv\/lv\/wp-json\/wp\/v2\/product\/50355\/revisions\/50385"}],"wp:featuredmedia":[{"embeddable":true,"href":"https:\/\/micasa.lv\/lv\/wp-json\/wp\/v2\/media\/49176"}],"wp:attachment":[{"href":"https:\/\/micasa.lv\/lv\/wp-json\/wp\/v2\/media?parent=50355"}],"wp:term":[{"taxonomy":"product_brand","embeddable":true,"href":"https:\/\/micasa.lv\/lv\/wp-json\/wp\/v2\/product_brand?post=50355"},{"taxonomy":"product_cat","embeddable":true,"href":"https:\/\/micasa.lv\/lv\/wp-json\/wp\/v2\/product_cat?post=50355"},{"taxonomy":"product_tag","embeddable":true,"href":"https:\/\/micasa.lv\/lv\/wp-json\/wp\/v2\/product_tag?post=50355"}],"curies":[{"name":"wp","href":"https:\/\/api.w.org\/{rel}","templated":true}]}}