{"id":50362,"date":"2025-05-16T11:55:23","date_gmt":"2025-05-16T08:55:23","guid":{"rendered":"https:\/\/test.micasa.lv\/?post_type=product&#038;p=50362"},"modified":"2025-06-13T10:45:46","modified_gmt":"2025-06-13T07:45:46","slug":"help-sienas-atbalsta-rokturis-pa-labi-890-mm-melns-ar-vaku","status":"publish","type":"product","link":"https:\/\/micasa.lv\/lv\/help-sienas-atbalsta-rokturis-pa-labi-890-mm-melns-ar-vaku\/","title":{"rendered":"HELP: Sienas atbalsta rokturis, pa labi, 890 mm, melns, ar v\u0101ku"},"content":{"rendered":"<p>Vannas istabas dizains bez robe\u017e\u0101m un ierobe\u017eojumiem! HELP s\u0113rija sniedz pal\u012bdz\u012bgu roku visiem, kas v\u0113las vannas istabu bez barjer\u0101m, kur\u0101 katra kust\u012bba ir p\u0101rliecin\u0101t\u012bbas pilna. Ja t\u0101m ir ar\u012b antibakteri\u0101ls pulverkr\u0101sojums, t\u0101s atbilst pat visstingr\u0101kaj\u0101m higi\u0113nas pras\u012bb\u0101m. \u0160eit sevi\u0161\u0137i noder\u0113s seniori un cilv\u0113ki ar invalidit\u0101ti.<\/p>\n","protected":false},"excerpt":{"rendered":"<p>Vannas istabas dizains bez robe\u017e\u0101m un ierobe\u017eojumiem! HELP s\u0113rija sniedz pal\u012bdz\u012bgu roku visiem, kas v\u0113las vannas istabu bez barjer\u0101m, kur\u0101<\/p>\n","protected":false},"featured_media":49305,"template":"","meta":[],"product_brand":[],"product_cat":[1528],"product_tag":[],"class_list":{"0":"post-50362","1":"product","2":"type-product","3":"status-publish","4":"has-post-thumbnail","6":"product_cat-vannas-istabas-aksesuari","7":"pa_brand-bemeta-lv","9":"first","10":"instock","11":"taxable","12":"shipping-taxable","13":"purchasable","14":"product-type-simple"},"yoast_head":"<!-- This site is optimized with the Yoast SEO plugin v27.4 - https:\/\/yoast.com\/product\/yoast-seo-wordpress\/ -->\n<title>HELP: Sienas atbalsta rokturis, pa labi, 890 mm, melns, ar v\u0101ku - Micasa<\/title>\n<meta name=\"robots\" content=\"index, follow, max-snippet:-1, max-image-preview:large, max-video-preview:-1\" \/>\n<link rel=\"canonical\" href=\"https:\/\/micasa.lv\/lv\/help-sienas-atbalsta-rokturis-pa-labi-890-mm-melns-ar-vaku\/\" \/>\n<meta property=\"og:locale\" content=\"lv_LV\" \/>\n<meta property=\"og:type\" content=\"article\" \/>\n<meta property=\"og:title\" content=\"HELP: Sienas atbalsta rokturis, pa labi, 890 mm, melns, ar v\u0101ku - Micasa\" \/>\n<meta property=\"og:description\" content=\"Vannas istabas dizains bez robe\u017e\u0101m un ierobe\u017eojumiem! HELP s\u0113rija sniedz pal\u012bdz\u012bgu roku visiem, kas v\u0113las vannas istabu bez barjer\u0101m, kur\u0101\" \/>\n<meta property=\"og:url\" content=\"https:\/\/micasa.lv\/lv\/help-sienas-atbalsta-rokturis-pa-labi-890-mm-melns-ar-vaku\/\" \/>\n<meta property=\"og:site_name\" content=\"Micasa\" \/>\n<meta property=\"article:modified_time\" content=\"2025-06-13T07:45:46+00:00\" \/>\n<meta property=\"og:image\" content=\"https:\/\/micasa.lv\/wp-content\/uploads\/2025\/05\/75724354bc1fa8e03042525c9583af0b_301122040-velky.jpg\" \/>\n\t<meta property=\"og:image:width\" content=\"500\" \/>\n\t<meta property=\"og:image:height\" content=\"500\" \/>\n\t<meta property=\"og:image:type\" content=\"image\/jpeg\" \/>\n<meta name=\"twitter:card\" content=\"summary_large_image\" \/>\n<script type=\"application\/ld+json\" class=\"yoast-schema-graph\">{\"@context\":\"https:\\\/\\\/schema.org\",\"@graph\":[{\"@type\":\"WebPage\",\"@id\":\"https:\\\/\\\/micasa.lv\\\/lv\\\/help-sienas-atbalsta-rokturis-pa-labi-890-mm-melns-ar-vaku\\\/\",\"url\":\"https:\\\/\\\/micasa.lv\\\/lv\\\/help-sienas-atbalsta-rokturis-pa-labi-890-mm-melns-ar-vaku\\\/\",\"name\":\"HELP: Sienas atbalsta rokturis, pa labi, 890 mm, melns, ar v\u0101ku - Micasa\",\"isPartOf\":{\"@id\":\"https:\\\/\\\/micasa.lv\\\/lv\\\/#website\"},\"primaryImageOfPage\":{\"@id\":\"https:\\\/\\\/micasa.lv\\\/lv\\\/help-sienas-atbalsta-rokturis-pa-labi-890-mm-melns-ar-vaku\\\/#primaryimage\"},\"image\":{\"@id\":\"https:\\\/\\\/micasa.lv\\\/lv\\\/help-sienas-atbalsta-rokturis-pa-labi-890-mm-melns-ar-vaku\\\/#primaryimage\"},\"thumbnailUrl\":\"https:\\\/\\\/micasa.lv\\\/wp-content\\\/uploads\\\/2025\\\/05\\\/75724354bc1fa8e03042525c9583af0b_301122040-velky.jpg\",\"datePublished\":\"2025-05-16T08:55:23+00:00\",\"dateModified\":\"2025-06-13T07:45:46+00:00\",\"breadcrumb\":{\"@id\":\"https:\\\/\\\/micasa.lv\\\/lv\\\/help-sienas-atbalsta-rokturis-pa-labi-890-mm-melns-ar-vaku\\\/#breadcrumb\"},\"inLanguage\":\"lv-LV\",\"potentialAction\":[{\"@type\":\"ReadAction\",\"target\":[\"https:\\\/\\\/micasa.lv\\\/lv\\\/help-sienas-atbalsta-rokturis-pa-labi-890-mm-melns-ar-vaku\\\/\"]}]},{\"@type\":\"ImageObject\",\"inLanguage\":\"lv-LV\",\"@id\":\"https:\\\/\\\/micasa.lv\\\/lv\\\/help-sienas-atbalsta-rokturis-pa-labi-890-mm-melns-ar-vaku\\\/#primaryimage\",\"url\":\"https:\\\/\\\/micasa.lv\\\/wp-content\\\/uploads\\\/2025\\\/05\\\/75724354bc1fa8e03042525c9583af0b_301122040-velky.jpg\",\"contentUrl\":\"https:\\\/\\\/micasa.lv\\\/wp-content\\\/uploads\\\/2025\\\/05\\\/75724354bc1fa8e03042525c9583af0b_301122040-velky.jpg\",\"width\":500,\"height\":500},{\"@type\":\"BreadcrumbList\",\"@id\":\"https:\\\/\\\/micasa.lv\\\/lv\\\/help-sienas-atbalsta-rokturis-pa-labi-890-mm-melns-ar-vaku\\\/#breadcrumb\",\"itemListElement\":[{\"@type\":\"ListItem\",\"position\":1,\"name\":\"S\u0101kums\",\"item\":\"https:\\\/\\\/micasa.lv\\\/lv\\\/micasa\\\/\"},{\"@type\":\"ListItem\",\"position\":2,\"name\":\"Shop\",\"item\":\"https:\\\/\\\/micasa.lv\\\/lv\\\/shop\\\/\"},{\"@type\":\"ListItem\",\"position\":3,\"name\":\"HELP: Sienas atbalsta rokturis, pa labi, 890 mm, melns, ar v\u0101ku\"}]},{\"@type\":\"WebSite\",\"@id\":\"https:\\\/\\\/micasa.lv\\\/lv\\\/#website\",\"url\":\"https:\\\/\\\/micasa.lv\\\/lv\\\/\",\"name\":\"Micasa\",\"description\":\"\",\"potentialAction\":[{\"@type\":\"SearchAction\",\"target\":{\"@type\":\"EntryPoint\",\"urlTemplate\":\"https:\\\/\\\/micasa.lv\\\/lv\\\/?s={search_term_string}\"},\"query-input\":{\"@type\":\"PropertyValueSpecification\",\"valueRequired\":true,\"valueName\":\"search_term_string\"}}],\"inLanguage\":\"lv-LV\"}]}<\/script>\n<!-- \/ Yoast SEO plugin. -->","yoast_head_json":{"title":"HELP: Sienas atbalsta rokturis, pa labi, 890 mm, melns, ar v\u0101ku - Micasa","robots":{"index":"index","follow":"follow","max-snippet":"max-snippet:-1","max-image-preview":"max-image-preview:large","max-video-preview":"max-video-preview:-1"},"canonical":"https:\/\/micasa.lv\/lv\/help-sienas-atbalsta-rokturis-pa-labi-890-mm-melns-ar-vaku\/","og_locale":"lv_LV","og_type":"article","og_title":"HELP: Sienas atbalsta rokturis, pa labi, 890 mm, melns, ar v\u0101ku - Micasa","og_description":"Vannas istabas dizains bez robe\u017e\u0101m un ierobe\u017eojumiem! HELP s\u0113rija sniedz pal\u012bdz\u012bgu roku visiem, kas v\u0113las vannas istabu bez barjer\u0101m, kur\u0101","og_url":"https:\/\/micasa.lv\/lv\/help-sienas-atbalsta-rokturis-pa-labi-890-mm-melns-ar-vaku\/","og_site_name":"Micasa","article_modified_time":"2025-06-13T07:45:46+00:00","og_image":[{"width":500,"height":500,"url":"https:\/\/micasa.lv\/wp-content\/uploads\/2025\/05\/75724354bc1fa8e03042525c9583af0b_301122040-velky.jpg","type":"image\/jpeg"}],"twitter_card":"summary_large_image","schema":{"@context":"https:\/\/schema.org","@graph":[{"@type":"WebPage","@id":"https:\/\/micasa.lv\/lv\/help-sienas-atbalsta-rokturis-pa-labi-890-mm-melns-ar-vaku\/","url":"https:\/\/micasa.lv\/lv\/help-sienas-atbalsta-rokturis-pa-labi-890-mm-melns-ar-vaku\/","name":"HELP: Sienas atbalsta rokturis, pa labi, 890 mm, melns, ar v\u0101ku - Micasa","isPartOf":{"@id":"https:\/\/micasa.lv\/lv\/#website"},"primaryImageOfPage":{"@id":"https:\/\/micasa.lv\/lv\/help-sienas-atbalsta-rokturis-pa-labi-890-mm-melns-ar-vaku\/#primaryimage"},"image":{"@id":"https:\/\/micasa.lv\/lv\/help-sienas-atbalsta-rokturis-pa-labi-890-mm-melns-ar-vaku\/#primaryimage"},"thumbnailUrl":"https:\/\/micasa.lv\/wp-content\/uploads\/2025\/05\/75724354bc1fa8e03042525c9583af0b_301122040-velky.jpg","datePublished":"2025-05-16T08:55:23+00:00","dateModified":"2025-06-13T07:45:46+00:00","breadcrumb":{"@id":"https:\/\/micasa.lv\/lv\/help-sienas-atbalsta-rokturis-pa-labi-890-mm-melns-ar-vaku\/#breadcrumb"},"inLanguage":"lv-LV","potentialAction":[{"@type":"ReadAction","target":["https:\/\/micasa.lv\/lv\/help-sienas-atbalsta-rokturis-pa-labi-890-mm-melns-ar-vaku\/"]}]},{"@type":"ImageObject","inLanguage":"lv-LV","@id":"https:\/\/micasa.lv\/lv\/help-sienas-atbalsta-rokturis-pa-labi-890-mm-melns-ar-vaku\/#primaryimage","url":"https:\/\/micasa.lv\/wp-content\/uploads\/2025\/05\/75724354bc1fa8e03042525c9583af0b_301122040-velky.jpg","contentUrl":"https:\/\/micasa.lv\/wp-content\/uploads\/2025\/05\/75724354bc1fa8e03042525c9583af0b_301122040-velky.jpg","width":500,"height":500},{"@type":"BreadcrumbList","@id":"https:\/\/micasa.lv\/lv\/help-sienas-atbalsta-rokturis-pa-labi-890-mm-melns-ar-vaku\/#breadcrumb","itemListElement":[{"@type":"ListItem","position":1,"name":"S\u0101kums","item":"https:\/\/micasa.lv\/lv\/micasa\/"},{"@type":"ListItem","position":2,"name":"Shop","item":"https:\/\/micasa.lv\/lv\/shop\/"},{"@type":"ListItem","position":3,"name":"HELP: Sienas atbalsta rokturis, pa labi, 890 mm, melns, ar v\u0101ku"}]},{"@type":"WebSite","@id":"https:\/\/micasa.lv\/lv\/#website","url":"https:\/\/micasa.lv\/lv\/","name":"Micasa","description":"","potentialAction":[{"@type":"SearchAction","target":{"@type":"EntryPoint","urlTemplate":"https:\/\/micasa.lv\/lv\/?s={search_term_string}"},"query-input":{"@type":"PropertyValueSpecification","valueRequired":true,"valueName":"search_term_string"}}],"inLanguage":"lv-LV"}]}},"wcpa_form_fields":null,"_links":{"self":[{"href":"https:\/\/micasa.lv\/lv\/wp-json\/wp\/v2\/product\/50362","targetHints":{"allow":["GET"]}}],"collection":[{"href":"https:\/\/micasa.lv\/lv\/wp-json\/wp\/v2\/product"}],"about":[{"href":"https:\/\/micasa.lv\/lv\/wp-json\/wp\/v2\/types\/product"}],"version-history":[{"count":1,"href":"https:\/\/micasa.lv\/lv\/wp-json\/wp\/v2\/product\/50362\/revisions"}],"predecessor-version":[{"id":50392,"href":"https:\/\/micasa.lv\/lv\/wp-json\/wp\/v2\/product\/50362\/revisions\/50392"}],"wp:featuredmedia":[{"embeddable":true,"href":"https:\/\/micasa.lv\/lv\/wp-json\/wp\/v2\/media\/49305"}],"wp:attachment":[{"href":"https:\/\/micasa.lv\/lv\/wp-json\/wp\/v2\/media?parent=50362"}],"wp:term":[{"taxonomy":"product_brand","embeddable":true,"href":"https:\/\/micasa.lv\/lv\/wp-json\/wp\/v2\/product_brand?post=50362"},{"taxonomy":"product_cat","embeddable":true,"href":"https:\/\/micasa.lv\/lv\/wp-json\/wp\/v2\/product_cat?post=50362"},{"taxonomy":"product_tag","embeddable":true,"href":"https:\/\/micasa.lv\/lv\/wp-json\/wp\/v2\/product_tag?post=50362"}],"curies":[{"name":"wp","href":"https:\/\/api.w.org\/{rel}","templated":true}]}}